{"id":14887,"date":"2021-09-14T16:03:38","date_gmt":"2021-09-14T16:03:38","guid":{"rendered":"https:\/\/www.lupatomeccanica.com\/prodotto\/sem%20categoria\/protezione-utensili-o-150-mm-con-guida-m14\/"},"modified":"2024-12-06T08:37:33","modified_gmt":"2024-12-06T08:37:33","slug":"protecao-ferramentas-o-150-mm-com-guia-m14","status":"publish","type":"product","link":"https:\/\/www.lupatomeccanica.com\/pt-pt\/produto\/ferramentas\/ferramentas-setor-pedra\/tanga-4-pt-pt\/protecao-ferramentas-o-150-mm-com-guia-m14\/","title":{"rendered":"Prote\u00e7\u00e3o ferramentas \u00d8 150 mm com guia M14"},"content":{"rendered":"","protected":false},"excerpt":{"rendered":"<p>A prote\u00e7\u00e3o de ferramentas \u00f8 150 mm com guia \u00e9 uma prote\u00e7\u00e3o de metal com pega para rebarbadora angular, no interior da qual podem ser instaladas as ferramentas Tanga 4.<br \/>\nEst\u00e1 equipada com uma guia regul\u00e1vel para realizar os frisos antiderrapantes, mesmo em degraus j\u00e1 assentados.<\/p>\n","protected":false},"featured_media":14888,"template":"","meta":{"_acf_changed":false,"inline_featured_image":false},"product_brand":[],"product_cat":[778],"product_tag":[],"class_list":{"0":"post-14887","1":"product","2":"type-product","3":"status-publish","4":"has-post-thumbnail","6":"product_cat-tanga-4-pt-pt","8":"first","9":"instock","10":"product-type-simple"},"acf":[],"yoast_head":"<!-- This site is optimized with the Yoast SEO plugin v27.3 - https:\/\/yoast.com\/product\/yoast-seo-wordpress\/ -->\n<title>Prote\u00e7\u00e3o ferramentas \u00d8 150 mm com guia M14 - Lupato Meccanica<\/title>\n<meta name=\"description\" content=\"A prote\u00e7\u00e3o de ferramentas \u00f8 150 mm com guia \u00e9 uma prote\u00e7\u00e3o de metal com pega para rebarbadora angular, no interior da qual podem ser instaladas as ferramentas Tanga 4. Est\u00e1 equipada com uma guia regul\u00e1vel para realizar os frisos antiderrapantes, mesmo em degraus j\u00e1 assentados.\" \/>\n<meta name=\"robots\" content=\"index, follow, max-snippet:-1, max-image-preview:large, max-video-preview:-1\" \/>\n<link rel=\"canonical\" href=\"https:\/\/www.lupatomeccanica.com\/pt-pt\/produto\/ferramentas\/ferramentas-setor-pedra\/tanga-4-pt-pt\/protecao-ferramentas-o-150-mm-com-guia-m14\/\" \/>\n<meta property=\"og:locale\" content=\"pt_PT\" \/>\n<meta property=\"og:type\" content=\"article\" \/>\n<meta property=\"og:title\" content=\"Prote\u00e7\u00e3o ferramentas \u00d8 150 mm com guia M14 - Lupato Meccanica\" \/>\n<meta property=\"og:description\" content=\"A prote\u00e7\u00e3o de ferramentas \u00f8 150 mm com guia \u00e9 uma prote\u00e7\u00e3o de metal com pega para rebarbadora angular, no interior da qual podem ser instaladas as ferramentas Tanga 4. Est\u00e1 equipada com uma guia regul\u00e1vel para realizar os frisos antiderrapantes, mesmo em degraus j\u00e1 assentados.\" \/>\n<meta property=\"og:url\" content=\"https:\/\/www.lupatomeccanica.com\/pt-pt\/produto\/ferramentas\/ferramentas-setor-pedra\/tanga-4-pt-pt\/protecao-ferramentas-o-150-mm-com-guia-m14\/\" \/>\n<meta property=\"og:site_name\" content=\"Lupato Meccanica\" \/>\n<meta property=\"article:modified_time\" content=\"2024-12-06T08:37:33+00:00\" \/>\n<meta property=\"og:image\" content=\"https:\/\/www.lupatomeccanica.com\/wp-content\/uploads\/lupato-meccanica-protezione-utensile-o150-con-guida.jpg\" \/>\n\t<meta property=\"og:image:width\" content=\"800\" \/>\n\t<meta property=\"og:image:height\" content=\"800\" \/>\n\t<meta property=\"og:image:type\" content=\"image\/jpeg\" \/>\n<meta name=\"twitter:card\" content=\"summary_large_image\" \/>\n<script type=\"application\/ld+json\" class=\"yoast-schema-graph\">{\"@context\":\"https:\\\/\\\/schema.org\",\"@graph\":[{\"@type\":\"WebPage\",\"@id\":\"https:\\\/\\\/www.lupatomeccanica.com\\\/pt-pt\\\/produto\\\/ferramentas\\\/ferramentas-setor-pedra\\\/tanga-4-pt-pt\\\/protecao-ferramentas-o-150-mm-com-guia-m14\\\/\",\"url\":\"https:\\\/\\\/www.lupatomeccanica.com\\\/pt-pt\\\/produto\\\/ferramentas\\\/ferramentas-setor-pedra\\\/tanga-4-pt-pt\\\/protecao-ferramentas-o-150-mm-com-guia-m14\\\/\",\"name\":\"Prote\u00e7\u00e3o ferramentas \u00d8 150 mm com guia M14 - Lupato Meccanica\",\"isPartOf\":{\"@id\":\"https:\\\/\\\/www.lupatomeccanica.com\\\/pt-pt\\\/#website\"},\"primaryImageOfPage\":{\"@id\":\"https:\\\/\\\/www.lupatomeccanica.com\\\/pt-pt\\\/produto\\\/ferramentas\\\/ferramentas-setor-pedra\\\/tanga-4-pt-pt\\\/protecao-ferramentas-o-150-mm-com-guia-m14\\\/#primaryimage\"},\"image\":{\"@id\":\"https:\\\/\\\/www.lupatomeccanica.com\\\/pt-pt\\\/produto\\\/ferramentas\\\/ferramentas-setor-pedra\\\/tanga-4-pt-pt\\\/protecao-ferramentas-o-150-mm-com-guia-m14\\\/#primaryimage\"},\"thumbnailUrl\":\"https:\\\/\\\/www.lupatomeccanica.com\\\/wp-content\\\/uploads\\\/lupato-meccanica-protezione-utensile-o150-con-guida.jpg\",\"datePublished\":\"2021-09-14T16:03:38+00:00\",\"dateModified\":\"2024-12-06T08:37:33+00:00\",\"description\":\"A prote\u00e7\u00e3o de ferramentas \u00f8 150 mm com guia \u00e9 uma prote\u00e7\u00e3o de metal com pega para rebarbadora angular, no interior da qual podem ser instaladas as ferramentas Tanga 4. Est\u00e1 equipada com uma guia regul\u00e1vel para realizar os frisos antiderrapantes, mesmo em degraus j\u00e1 assentados.\",\"breadcrumb\":{\"@id\":\"https:\\\/\\\/www.lupatomeccanica.com\\\/pt-pt\\\/produto\\\/ferramentas\\\/ferramentas-setor-pedra\\\/tanga-4-pt-pt\\\/protecao-ferramentas-o-150-mm-com-guia-m14\\\/#breadcrumb\"},\"inLanguage\":\"pt-PT\",\"potentialAction\":[{\"@type\":\"ReadAction\",\"target\":[\"https:\\\/\\\/www.lupatomeccanica.com\\\/pt-pt\\\/produto\\\/ferramentas\\\/ferramentas-setor-pedra\\\/tanga-4-pt-pt\\\/protecao-ferramentas-o-150-mm-com-guia-m14\\\/\"]}]},{\"@type\":\"ImageObject\",\"inLanguage\":\"pt-PT\",\"@id\":\"https:\\\/\\\/www.lupatomeccanica.com\\\/pt-pt\\\/produto\\\/ferramentas\\\/ferramentas-setor-pedra\\\/tanga-4-pt-pt\\\/protecao-ferramentas-o-150-mm-com-guia-m14\\\/#primaryimage\",\"url\":\"https:\\\/\\\/www.lupatomeccanica.com\\\/wp-content\\\/uploads\\\/lupato-meccanica-protezione-utensile-o150-con-guida.jpg\",\"contentUrl\":\"https:\\\/\\\/www.lupatomeccanica.com\\\/wp-content\\\/uploads\\\/lupato-meccanica-protezione-utensile-o150-con-guida.jpg\",\"width\":800,\"height\":800},{\"@type\":\"BreadcrumbList\",\"@id\":\"https:\\\/\\\/www.lupatomeccanica.com\\\/pt-pt\\\/produto\\\/ferramentas\\\/ferramentas-setor-pedra\\\/tanga-4-pt-pt\\\/protecao-ferramentas-o-150-mm-com-guia-m14\\\/#breadcrumb\",\"itemListElement\":[{\"@type\":\"ListItem\",\"position\":1,\"name\":\"Home\",\"item\":\"https:\\\/\\\/www.lupatomeccanica.com\\\/pt-pt\\\/\"},{\"@type\":\"ListItem\",\"position\":2,\"name\":\"Shop\",\"item\":\"https:\\\/\\\/www.lupatomeccanica.com\\\/pt-pt\\\/shop\\\/\"},{\"@type\":\"ListItem\",\"position\":3,\"name\":\"Prote\u00e7\u00e3o ferramentas \u00d8 150 mm com guia M14\"}]},{\"@type\":\"WebSite\",\"@id\":\"https:\\\/\\\/www.lupatomeccanica.com\\\/pt-pt\\\/#website\",\"url\":\"https:\\\/\\\/www.lupatomeccanica.com\\\/pt-pt\\\/\",\"name\":\"Lupato Meccanica\",\"description\":\"Utensili per finiture grezze su pietra e calcestruzzo\",\"publisher\":{\"@id\":\"https:\\\/\\\/www.lupatomeccanica.com\\\/pt-pt\\\/#organization\"},\"potentialAction\":[{\"@type\":\"SearchAction\",\"target\":{\"@type\":\"EntryPoint\",\"urlTemplate\":\"https:\\\/\\\/www.lupatomeccanica.com\\\/pt-pt\\\/?s={search_term_string}\"},\"query-input\":{\"@type\":\"PropertyValueSpecification\",\"valueRequired\":true,\"valueName\":\"search_term_string\"}}],\"inLanguage\":\"pt-PT\"},{\"@type\":\"Organization\",\"@id\":\"https:\\\/\\\/www.lupatomeccanica.com\\\/pt-pt\\\/#organization\",\"name\":\"Lupato Meccanica\",\"url\":\"https:\\\/\\\/www.lupatomeccanica.com\\\/pt-pt\\\/\",\"logo\":{\"@type\":\"ImageObject\",\"inLanguage\":\"pt-PT\",\"@id\":\"https:\\\/\\\/www.lupatomeccanica.com\\\/pt-pt\\\/#\\\/schema\\\/logo\\\/image\\\/\",\"url\":\"https:\\\/\\\/lupatomeccanica.com\\\/wp-content\\\/uploads\\\/logo-admin.png\",\"contentUrl\":\"https:\\\/\\\/lupatomeccanica.com\\\/wp-content\\\/uploads\\\/logo-admin.png\",\"width\":300,\"height\":59,\"caption\":\"Lupato Meccanica\"},\"image\":{\"@id\":\"https:\\\/\\\/www.lupatomeccanica.com\\\/pt-pt\\\/#\\\/schema\\\/logo\\\/image\\\/\"},\"sameAs\":[\"https:\\\/\\\/www.linkedin.com\\\/company\\\/26996783\\\/\",\"https:\\\/\\\/www.youtube.com\\\/user\\\/LupatoMeccanica\"]}]}<\/script>\n<!-- \/ Yoast SEO plugin. -->","yoast_head_json":{"title":"Prote\u00e7\u00e3o ferramentas \u00d8 150 mm com guia M14 - Lupato Meccanica","description":"A prote\u00e7\u00e3o de ferramentas \u00f8 150 mm com guia \u00e9 uma prote\u00e7\u00e3o de metal com pega para rebarbadora angular, no interior da qual podem ser instaladas as ferramentas Tanga 4. Est\u00e1 equipada com uma guia regul\u00e1vel para realizar os frisos antiderrapantes, mesmo em degraus j\u00e1 assentados.","robots":{"index":"index","follow":"follow","max-snippet":"max-snippet:-1","max-image-preview":"max-image-preview:large","max-video-preview":"max-video-preview:-1"},"canonical":"https:\/\/www.lupatomeccanica.com\/pt-pt\/produto\/ferramentas\/ferramentas-setor-pedra\/tanga-4-pt-pt\/protecao-ferramentas-o-150-mm-com-guia-m14\/","og_locale":"pt_PT","og_type":"article","og_title":"Prote\u00e7\u00e3o ferramentas \u00d8 150 mm com guia M14 - Lupato Meccanica","og_description":"A prote\u00e7\u00e3o de ferramentas \u00f8 150 mm com guia \u00e9 uma prote\u00e7\u00e3o de metal com pega para rebarbadora angular, no interior da qual podem ser instaladas as ferramentas Tanga 4. Est\u00e1 equipada com uma guia regul\u00e1vel para realizar os frisos antiderrapantes, mesmo em degraus j\u00e1 assentados.","og_url":"https:\/\/www.lupatomeccanica.com\/pt-pt\/produto\/ferramentas\/ferramentas-setor-pedra\/tanga-4-pt-pt\/protecao-ferramentas-o-150-mm-com-guia-m14\/","og_site_name":"Lupato Meccanica","article_modified_time":"2024-12-06T08:37:33+00:00","og_image":[{"width":800,"height":800,"url":"https:\/\/www.lupatomeccanica.com\/wp-content\/uploads\/lupato-meccanica-protezione-utensile-o150-con-guida.jpg","type":"image\/jpeg"}],"twitter_card":"summary_large_image","schema":{"@context":"https:\/\/schema.org","@graph":[{"@type":"WebPage","@id":"https:\/\/www.lupatomeccanica.com\/pt-pt\/produto\/ferramentas\/ferramentas-setor-pedra\/tanga-4-pt-pt\/protecao-ferramentas-o-150-mm-com-guia-m14\/","url":"https:\/\/www.lupatomeccanica.com\/pt-pt\/produto\/ferramentas\/ferramentas-setor-pedra\/tanga-4-pt-pt\/protecao-ferramentas-o-150-mm-com-guia-m14\/","name":"Prote\u00e7\u00e3o ferramentas \u00d8 150 mm com guia M14 - Lupato Meccanica","isPartOf":{"@id":"https:\/\/www.lupatomeccanica.com\/pt-pt\/#website"},"primaryImageOfPage":{"@id":"https:\/\/www.lupatomeccanica.com\/pt-pt\/produto\/ferramentas\/ferramentas-setor-pedra\/tanga-4-pt-pt\/protecao-ferramentas-o-150-mm-com-guia-m14\/#primaryimage"},"image":{"@id":"https:\/\/www.lupatomeccanica.com\/pt-pt\/produto\/ferramentas\/ferramentas-setor-pedra\/tanga-4-pt-pt\/protecao-ferramentas-o-150-mm-com-guia-m14\/#primaryimage"},"thumbnailUrl":"https:\/\/www.lupatomeccanica.com\/wp-content\/uploads\/lupato-meccanica-protezione-utensile-o150-con-guida.jpg","datePublished":"2021-09-14T16:03:38+00:00","dateModified":"2024-12-06T08:37:33+00:00","description":"A prote\u00e7\u00e3o de ferramentas \u00f8 150 mm com guia \u00e9 uma prote\u00e7\u00e3o de metal com pega para rebarbadora angular, no interior da qual podem ser instaladas as ferramentas Tanga 4. Est\u00e1 equipada com uma guia regul\u00e1vel para realizar os frisos antiderrapantes, mesmo em degraus j\u00e1 assentados.","breadcrumb":{"@id":"https:\/\/www.lupatomeccanica.com\/pt-pt\/produto\/ferramentas\/ferramentas-setor-pedra\/tanga-4-pt-pt\/protecao-ferramentas-o-150-mm-com-guia-m14\/#breadcrumb"},"inLanguage":"pt-PT","potentialAction":[{"@type":"ReadAction","target":["https:\/\/www.lupatomeccanica.com\/pt-pt\/produto\/ferramentas\/ferramentas-setor-pedra\/tanga-4-pt-pt\/protecao-ferramentas-o-150-mm-com-guia-m14\/"]}]},{"@type":"ImageObject","inLanguage":"pt-PT","@id":"https:\/\/www.lupatomeccanica.com\/pt-pt\/produto\/ferramentas\/ferramentas-setor-pedra\/tanga-4-pt-pt\/protecao-ferramentas-o-150-mm-com-guia-m14\/#primaryimage","url":"https:\/\/www.lupatomeccanica.com\/wp-content\/uploads\/lupato-meccanica-protezione-utensile-o150-con-guida.jpg","contentUrl":"https:\/\/www.lupatomeccanica.com\/wp-content\/uploads\/lupato-meccanica-protezione-utensile-o150-con-guida.jpg","width":800,"height":800},{"@type":"BreadcrumbList","@id":"https:\/\/www.lupatomeccanica.com\/pt-pt\/produto\/ferramentas\/ferramentas-setor-pedra\/tanga-4-pt-pt\/protecao-ferramentas-o-150-mm-com-guia-m14\/#breadcrumb","itemListElement":[{"@type":"ListItem","position":1,"name":"Home","item":"https:\/\/www.lupatomeccanica.com\/pt-pt\/"},{"@type":"ListItem","position":2,"name":"Shop","item":"https:\/\/www.lupatomeccanica.com\/pt-pt\/shop\/"},{"@type":"ListItem","position":3,"name":"Prote\u00e7\u00e3o ferramentas \u00d8 150 mm com guia M14"}]},{"@type":"WebSite","@id":"https:\/\/www.lupatomeccanica.com\/pt-pt\/#website","url":"https:\/\/www.lupatomeccanica.com\/pt-pt\/","name":"Lupato Meccanica","description":"Utensili per finiture grezze su pietra e calcestruzzo","publisher":{"@id":"https:\/\/www.lupatomeccanica.com\/pt-pt\/#organization"},"potentialAction":[{"@type":"SearchAction","target":{"@type":"EntryPoint","urlTemplate":"https:\/\/www.lupatomeccanica.com\/pt-pt\/?s={search_term_string}"},"query-input":{"@type":"PropertyValueSpecification","valueRequired":true,"valueName":"search_term_string"}}],"inLanguage":"pt-PT"},{"@type":"Organization","@id":"https:\/\/www.lupatomeccanica.com\/pt-pt\/#organization","name":"Lupato Meccanica","url":"https:\/\/www.lupatomeccanica.com\/pt-pt\/","logo":{"@type":"ImageObject","inLanguage":"pt-PT","@id":"https:\/\/www.lupatomeccanica.com\/pt-pt\/#\/schema\/logo\/image\/","url":"https:\/\/lupatomeccanica.com\/wp-content\/uploads\/logo-admin.png","contentUrl":"https:\/\/lupatomeccanica.com\/wp-content\/uploads\/logo-admin.png","width":300,"height":59,"caption":"Lupato Meccanica"},"image":{"@id":"https:\/\/www.lupatomeccanica.com\/pt-pt\/#\/schema\/logo\/image\/"},"sameAs":["https:\/\/www.linkedin.com\/company\/26996783\/","https:\/\/www.youtube.com\/user\/LupatoMeccanica"]}]}},"_links":{"self":[{"href":"https:\/\/www.lupatomeccanica.com\/pt-pt\/wp-json\/wp\/v2\/product\/14887","targetHints":{"allow":["GET"]}}],"collection":[{"href":"https:\/\/www.lupatomeccanica.com\/pt-pt\/wp-json\/wp\/v2\/product"}],"about":[{"href":"https:\/\/www.lupatomeccanica.com\/pt-pt\/wp-json\/wp\/v2\/types\/product"}],"wp:featuredmedia":[{"embeddable":true,"href":"https:\/\/www.lupatomeccanica.com\/pt-pt\/wp-json\/wp\/v2\/media\/14888"}],"wp:attachment":[{"href":"https:\/\/www.lupatomeccanica.com\/pt-pt\/wp-json\/wp\/v2\/media?parent=14887"}],"wp:term":[{"taxonomy":"product_brand","embeddable":true,"href":"https:\/\/www.lupatomeccanica.com\/pt-pt\/wp-json\/wp\/v2\/product_brand?post=14887"},{"taxonomy":"product_cat","embeddable":true,"href":"https:\/\/www.lupatomeccanica.com\/pt-pt\/wp-json\/wp\/v2\/product_cat?post=14887"},{"taxonomy":"product_tag","embeddable":true,"href":"https:\/\/www.lupatomeccanica.com\/pt-pt\/wp-json\/wp\/v2\/product_tag?post=14887"}],"curies":[{"name":"wp","href":"https:\/\/api.w.org\/{rel}","templated":true}]}}