{"id":14652,"date":"2021-09-14T16:09:43","date_gmt":"2021-09-14T16:09:43","guid":{"rendered":"https:\/\/www.lupatomeccanica.com\/prodotto\/sem%20categoria\/concreta-dia-abrax-6-800-o340-mm\/"},"modified":"2024-12-06T08:38:14","modified_gmt":"2024-12-06T08:38:14","slug":"concreta-dia-abrax-6-800-o-340-mm","status":"publish","type":"product","link":"https:\/\/www.lupatomeccanica.com\/pt-pt\/produto\/ferramentas\/ferramentas-setor-pavimentos\/concreta-6-pt-pt\/concreta-dia-abrax-6-800-o-340-mm\/","title":{"rendered":"Concreta Dia-Abrax 6\/800 \u00f8 340 mm"},"content":{"rendered":"","protected":false},"excerpt":{"rendered":"<p>Concreta Dia-Abrax 6\/800 \u00f8340 \u00e9 uma ferramenta com 340 mm de di\u00e2metro para m\u00e1quinas de polir pavimentos, constitu\u00edda por 6 rolos com gr\u00e3o de diamante com granulometria de 800, para o acabamento areado de pavimentos em bet\u00e3o, aglomerado e pedra.<br \/>\nO acabamento areado realizado com Dia-Abrax 6\/800 permite obter \u00f3timos requisitos de seguran\u00e7a antiderrapante e resist\u00eancia ao escorregamento, mesmo com condi\u00e7\u00f5es climat\u00e9ricas adversas.<br \/>\nEst\u00e1 dispon\u00edvel com diferentes tipos de encaixes, consoante a m\u00e1quina de polir em que deve ser montada.<\/p>\n","protected":false},"featured_media":14650,"template":"","meta":{"_acf_changed":false,"inline_featured_image":false},"product_brand":[],"product_cat":[751],"product_tag":[],"class_list":{"0":"post-14652","1":"product","2":"type-product","3":"status-publish","4":"has-post-thumbnail","6":"product_cat-concreta-6-pt-pt","8":"first","9":"instock","10":"product-type-simple"},"acf":[],"yoast_head":"<!-- This site is optimized with the Yoast SEO plugin v27.3 - https:\/\/yoast.com\/product\/yoast-seo-wordpress\/ -->\n<title>Concreta Dia-Abrax 6\/800 \u00f8 340 mm - Lupato Meccanica<\/title>\n<meta name=\"description\" content=\"Concreta Dia-Abrax 6\/800 \u00f8340 \u00e9 uma ferramenta com 340 mm de di\u00e2metro para m\u00e1quinas de polir pavimentos, constitu\u00edda por 6 rolos com gr\u00e3o de diamante com granulometria de 800, para o acabamento areado de pavimentos em bet\u00e3o, aglomerado e pedra. O acabamento areado realizado com Dia-Abrax 6\/800 permite obter \u00f3timos requisitos de seguran\u00e7a antiderrapante e resist\u00eancia ao escorregamento, mesmo com condi\u00e7\u00f5es climat\u00e9ricas adversas. Est\u00e1 dispon\u00edvel com diferentes tipos de encaixes, consoante a m\u00e1quina de polir em que deve ser montada.\" \/>\n<meta name=\"robots\" content=\"index, follow, max-snippet:-1, max-image-preview:large, max-video-preview:-1\" \/>\n<link rel=\"canonical\" href=\"https:\/\/www.lupatomeccanica.com\/pt-pt\/produto\/ferramentas\/ferramentas-setor-pavimentos\/concreta-6-pt-pt\/concreta-dia-abrax-6-800-o-340-mm\/\" \/>\n<meta property=\"og:locale\" content=\"pt_PT\" \/>\n<meta property=\"og:type\" content=\"article\" \/>\n<meta property=\"og:title\" content=\"Concreta Dia-Abrax 6\/800 \u00f8 340 mm - Lupato Meccanica\" \/>\n<meta property=\"og:description\" content=\"Concreta Dia-Abrax 6\/800 \u00f8340 \u00e9 uma ferramenta com 340 mm de di\u00e2metro para m\u00e1quinas de polir pavimentos, constitu\u00edda por 6 rolos com gr\u00e3o de diamante com granulometria de 800, para o acabamento areado de pavimentos em bet\u00e3o, aglomerado e pedra. O acabamento areado realizado com Dia-Abrax 6\/800 permite obter \u00f3timos requisitos de seguran\u00e7a antiderrapante e resist\u00eancia ao escorregamento, mesmo com condi\u00e7\u00f5es climat\u00e9ricas adversas. Est\u00e1 dispon\u00edvel com diferentes tipos de encaixes, consoante a m\u00e1quina de polir em que deve ser montada.\" \/>\n<meta property=\"og:url\" content=\"https:\/\/www.lupatomeccanica.com\/pt-pt\/produto\/ferramentas\/ferramentas-setor-pavimentos\/concreta-6-pt-pt\/concreta-dia-abrax-6-800-o-340-mm\/\" \/>\n<meta property=\"og:site_name\" content=\"Lupato Meccanica\" \/>\n<meta property=\"article:modified_time\" content=\"2024-12-06T08:38:14+00:00\" \/>\n<meta property=\"og:image\" content=\"https:\/\/www.lupatomeccanica.com\/wp-content\/uploads\/lupato-meccanica-concreta-6-dia-abrax-800.jpg\" \/>\n\t<meta property=\"og:image:width\" content=\"1000\" \/>\n\t<meta property=\"og:image:height\" content=\"860\" \/>\n\t<meta property=\"og:image:type\" content=\"image\/jpeg\" \/>\n<meta name=\"twitter:card\" content=\"summary_large_image\" \/>\n<script type=\"application\/ld+json\" class=\"yoast-schema-graph\">{\"@context\":\"https:\\\/\\\/schema.org\",\"@graph\":[{\"@type\":\"WebPage\",\"@id\":\"https:\\\/\\\/www.lupatomeccanica.com\\\/pt-pt\\\/produto\\\/ferramentas\\\/ferramentas-setor-pavimentos\\\/concreta-6-pt-pt\\\/concreta-dia-abrax-6-800-o-340-mm\\\/\",\"url\":\"https:\\\/\\\/www.lupatomeccanica.com\\\/pt-pt\\\/produto\\\/ferramentas\\\/ferramentas-setor-pavimentos\\\/concreta-6-pt-pt\\\/concreta-dia-abrax-6-800-o-340-mm\\\/\",\"name\":\"Concreta Dia-Abrax 6\\\/800 \u00f8 340 mm - Lupato Meccanica\",\"isPartOf\":{\"@id\":\"https:\\\/\\\/www.lupatomeccanica.com\\\/pt-pt\\\/#website\"},\"primaryImageOfPage\":{\"@id\":\"https:\\\/\\\/www.lupatomeccanica.com\\\/pt-pt\\\/produto\\\/ferramentas\\\/ferramentas-setor-pavimentos\\\/concreta-6-pt-pt\\\/concreta-dia-abrax-6-800-o-340-mm\\\/#primaryimage\"},\"image\":{\"@id\":\"https:\\\/\\\/www.lupatomeccanica.com\\\/pt-pt\\\/produto\\\/ferramentas\\\/ferramentas-setor-pavimentos\\\/concreta-6-pt-pt\\\/concreta-dia-abrax-6-800-o-340-mm\\\/#primaryimage\"},\"thumbnailUrl\":\"https:\\\/\\\/www.lupatomeccanica.com\\\/wp-content\\\/uploads\\\/lupato-meccanica-concreta-6-dia-abrax-800.jpg\",\"datePublished\":\"2021-09-14T16:09:43+00:00\",\"dateModified\":\"2024-12-06T08:38:14+00:00\",\"description\":\"Concreta Dia-Abrax 6\\\/800 \u00f8340 \u00e9 uma ferramenta com 340 mm de di\u00e2metro para m\u00e1quinas de polir pavimentos, constitu\u00edda por 6 rolos com gr\u00e3o de diamante com granulometria de 800, para o acabamento areado de pavimentos em bet\u00e3o, aglomerado e pedra. O acabamento areado realizado com Dia-Abrax 6\\\/800 permite obter \u00f3timos requisitos de seguran\u00e7a antiderrapante e resist\u00eancia ao escorregamento, mesmo com condi\u00e7\u00f5es climat\u00e9ricas adversas. Est\u00e1 dispon\u00edvel com diferentes tipos de encaixes, consoante a m\u00e1quina de polir em que deve ser montada.\",\"breadcrumb\":{\"@id\":\"https:\\\/\\\/www.lupatomeccanica.com\\\/pt-pt\\\/produto\\\/ferramentas\\\/ferramentas-setor-pavimentos\\\/concreta-6-pt-pt\\\/concreta-dia-abrax-6-800-o-340-mm\\\/#breadcrumb\"},\"inLanguage\":\"pt-PT\",\"potentialAction\":[{\"@type\":\"ReadAction\",\"target\":[\"https:\\\/\\\/www.lupatomeccanica.com\\\/pt-pt\\\/produto\\\/ferramentas\\\/ferramentas-setor-pavimentos\\\/concreta-6-pt-pt\\\/concreta-dia-abrax-6-800-o-340-mm\\\/\"]}]},{\"@type\":\"ImageObject\",\"inLanguage\":\"pt-PT\",\"@id\":\"https:\\\/\\\/www.lupatomeccanica.com\\\/pt-pt\\\/produto\\\/ferramentas\\\/ferramentas-setor-pavimentos\\\/concreta-6-pt-pt\\\/concreta-dia-abrax-6-800-o-340-mm\\\/#primaryimage\",\"url\":\"https:\\\/\\\/www.lupatomeccanica.com\\\/wp-content\\\/uploads\\\/lupato-meccanica-concreta-6-dia-abrax-800.jpg\",\"contentUrl\":\"https:\\\/\\\/www.lupatomeccanica.com\\\/wp-content\\\/uploads\\\/lupato-meccanica-concreta-6-dia-abrax-800.jpg\",\"width\":1000,\"height\":860},{\"@type\":\"BreadcrumbList\",\"@id\":\"https:\\\/\\\/www.lupatomeccanica.com\\\/pt-pt\\\/produto\\\/ferramentas\\\/ferramentas-setor-pavimentos\\\/concreta-6-pt-pt\\\/concreta-dia-abrax-6-800-o-340-mm\\\/#breadcrumb\",\"itemListElement\":[{\"@type\":\"ListItem\",\"position\":1,\"name\":\"Home\",\"item\":\"https:\\\/\\\/www.lupatomeccanica.com\\\/pt-pt\\\/\"},{\"@type\":\"ListItem\",\"position\":2,\"name\":\"Shop\",\"item\":\"https:\\\/\\\/www.lupatomeccanica.com\\\/pt-pt\\\/shop\\\/\"},{\"@type\":\"ListItem\",\"position\":3,\"name\":\"Concreta Dia-Abrax 6\\\/800 \u00f8 340 mm\"}]},{\"@type\":\"WebSite\",\"@id\":\"https:\\\/\\\/www.lupatomeccanica.com\\\/pt-pt\\\/#website\",\"url\":\"https:\\\/\\\/www.lupatomeccanica.com\\\/pt-pt\\\/\",\"name\":\"Lupato Meccanica\",\"description\":\"Utensili per finiture grezze su pietra e calcestruzzo\",\"publisher\":{\"@id\":\"https:\\\/\\\/www.lupatomeccanica.com\\\/pt-pt\\\/#organization\"},\"potentialAction\":[{\"@type\":\"SearchAction\",\"target\":{\"@type\":\"EntryPoint\",\"urlTemplate\":\"https:\\\/\\\/www.lupatomeccanica.com\\\/pt-pt\\\/?s={search_term_string}\"},\"query-input\":{\"@type\":\"PropertyValueSpecification\",\"valueRequired\":true,\"valueName\":\"search_term_string\"}}],\"inLanguage\":\"pt-PT\"},{\"@type\":\"Organization\",\"@id\":\"https:\\\/\\\/www.lupatomeccanica.com\\\/pt-pt\\\/#organization\",\"name\":\"Lupato Meccanica\",\"url\":\"https:\\\/\\\/www.lupatomeccanica.com\\\/pt-pt\\\/\",\"logo\":{\"@type\":\"ImageObject\",\"inLanguage\":\"pt-PT\",\"@id\":\"https:\\\/\\\/www.lupatomeccanica.com\\\/pt-pt\\\/#\\\/schema\\\/logo\\\/image\\\/\",\"url\":\"https:\\\/\\\/lupatomeccanica.com\\\/wp-content\\\/uploads\\\/logo-admin.png\",\"contentUrl\":\"https:\\\/\\\/lupatomeccanica.com\\\/wp-content\\\/uploads\\\/logo-admin.png\",\"width\":300,\"height\":59,\"caption\":\"Lupato Meccanica\"},\"image\":{\"@id\":\"https:\\\/\\\/www.lupatomeccanica.com\\\/pt-pt\\\/#\\\/schema\\\/logo\\\/image\\\/\"},\"sameAs\":[\"https:\\\/\\\/www.linkedin.com\\\/company\\\/26996783\\\/\",\"https:\\\/\\\/www.youtube.com\\\/user\\\/LupatoMeccanica\"]}]}<\/script>\n<!-- \/ Yoast SEO plugin. -->","yoast_head_json":{"title":"Concreta Dia-Abrax 6\/800 \u00f8 340 mm - Lupato Meccanica","description":"Concreta Dia-Abrax 6\/800 \u00f8340 \u00e9 uma ferramenta com 340 mm de di\u00e2metro para m\u00e1quinas de polir pavimentos, constitu\u00edda por 6 rolos com gr\u00e3o de diamante com granulometria de 800, para o acabamento areado de pavimentos em bet\u00e3o, aglomerado e pedra. O acabamento areado realizado com Dia-Abrax 6\/800 permite obter \u00f3timos requisitos de seguran\u00e7a antiderrapante e resist\u00eancia ao escorregamento, mesmo com condi\u00e7\u00f5es climat\u00e9ricas adversas. Est\u00e1 dispon\u00edvel com diferentes tipos de encaixes, consoante a m\u00e1quina de polir em que deve ser montada.","robots":{"index":"index","follow":"follow","max-snippet":"max-snippet:-1","max-image-preview":"max-image-preview:large","max-video-preview":"max-video-preview:-1"},"canonical":"https:\/\/www.lupatomeccanica.com\/pt-pt\/produto\/ferramentas\/ferramentas-setor-pavimentos\/concreta-6-pt-pt\/concreta-dia-abrax-6-800-o-340-mm\/","og_locale":"pt_PT","og_type":"article","og_title":"Concreta Dia-Abrax 6\/800 \u00f8 340 mm - Lupato Meccanica","og_description":"Concreta Dia-Abrax 6\/800 \u00f8340 \u00e9 uma ferramenta com 340 mm de di\u00e2metro para m\u00e1quinas de polir pavimentos, constitu\u00edda por 6 rolos com gr\u00e3o de diamante com granulometria de 800, para o acabamento areado de pavimentos em bet\u00e3o, aglomerado e pedra. O acabamento areado realizado com Dia-Abrax 6\/800 permite obter \u00f3timos requisitos de seguran\u00e7a antiderrapante e resist\u00eancia ao escorregamento, mesmo com condi\u00e7\u00f5es climat\u00e9ricas adversas. Est\u00e1 dispon\u00edvel com diferentes tipos de encaixes, consoante a m\u00e1quina de polir em que deve ser montada.","og_url":"https:\/\/www.lupatomeccanica.com\/pt-pt\/produto\/ferramentas\/ferramentas-setor-pavimentos\/concreta-6-pt-pt\/concreta-dia-abrax-6-800-o-340-mm\/","og_site_name":"Lupato Meccanica","article_modified_time":"2024-12-06T08:38:14+00:00","og_image":[{"width":1000,"height":860,"url":"https:\/\/www.lupatomeccanica.com\/wp-content\/uploads\/lupato-meccanica-concreta-6-dia-abrax-800.jpg","type":"image\/jpeg"}],"twitter_card":"summary_large_image","schema":{"@context":"https:\/\/schema.org","@graph":[{"@type":"WebPage","@id":"https:\/\/www.lupatomeccanica.com\/pt-pt\/produto\/ferramentas\/ferramentas-setor-pavimentos\/concreta-6-pt-pt\/concreta-dia-abrax-6-800-o-340-mm\/","url":"https:\/\/www.lupatomeccanica.com\/pt-pt\/produto\/ferramentas\/ferramentas-setor-pavimentos\/concreta-6-pt-pt\/concreta-dia-abrax-6-800-o-340-mm\/","name":"Concreta Dia-Abrax 6\/800 \u00f8 340 mm - Lupato Meccanica","isPartOf":{"@id":"https:\/\/www.lupatomeccanica.com\/pt-pt\/#website"},"primaryImageOfPage":{"@id":"https:\/\/www.lupatomeccanica.com\/pt-pt\/produto\/ferramentas\/ferramentas-setor-pavimentos\/concreta-6-pt-pt\/concreta-dia-abrax-6-800-o-340-mm\/#primaryimage"},"image":{"@id":"https:\/\/www.lupatomeccanica.com\/pt-pt\/produto\/ferramentas\/ferramentas-setor-pavimentos\/concreta-6-pt-pt\/concreta-dia-abrax-6-800-o-340-mm\/#primaryimage"},"thumbnailUrl":"https:\/\/www.lupatomeccanica.com\/wp-content\/uploads\/lupato-meccanica-concreta-6-dia-abrax-800.jpg","datePublished":"2021-09-14T16:09:43+00:00","dateModified":"2024-12-06T08:38:14+00:00","description":"Concreta Dia-Abrax 6\/800 \u00f8340 \u00e9 uma ferramenta com 340 mm de di\u00e2metro para m\u00e1quinas de polir pavimentos, constitu\u00edda por 6 rolos com gr\u00e3o de diamante com granulometria de 800, para o acabamento areado de pavimentos em bet\u00e3o, aglomerado e pedra. O acabamento areado realizado com Dia-Abrax 6\/800 permite obter \u00f3timos requisitos de seguran\u00e7a antiderrapante e resist\u00eancia ao escorregamento, mesmo com condi\u00e7\u00f5es climat\u00e9ricas adversas. Est\u00e1 dispon\u00edvel com diferentes tipos de encaixes, consoante a m\u00e1quina de polir em que deve ser montada.","breadcrumb":{"@id":"https:\/\/www.lupatomeccanica.com\/pt-pt\/produto\/ferramentas\/ferramentas-setor-pavimentos\/concreta-6-pt-pt\/concreta-dia-abrax-6-800-o-340-mm\/#breadcrumb"},"inLanguage":"pt-PT","potentialAction":[{"@type":"ReadAction","target":["https:\/\/www.lupatomeccanica.com\/pt-pt\/produto\/ferramentas\/ferramentas-setor-pavimentos\/concreta-6-pt-pt\/concreta-dia-abrax-6-800-o-340-mm\/"]}]},{"@type":"ImageObject","inLanguage":"pt-PT","@id":"https:\/\/www.lupatomeccanica.com\/pt-pt\/produto\/ferramentas\/ferramentas-setor-pavimentos\/concreta-6-pt-pt\/concreta-dia-abrax-6-800-o-340-mm\/#primaryimage","url":"https:\/\/www.lupatomeccanica.com\/wp-content\/uploads\/lupato-meccanica-concreta-6-dia-abrax-800.jpg","contentUrl":"https:\/\/www.lupatomeccanica.com\/wp-content\/uploads\/lupato-meccanica-concreta-6-dia-abrax-800.jpg","width":1000,"height":860},{"@type":"BreadcrumbList","@id":"https:\/\/www.lupatomeccanica.com\/pt-pt\/produto\/ferramentas\/ferramentas-setor-pavimentos\/concreta-6-pt-pt\/concreta-dia-abrax-6-800-o-340-mm\/#breadcrumb","itemListElement":[{"@type":"ListItem","position":1,"name":"Home","item":"https:\/\/www.lupatomeccanica.com\/pt-pt\/"},{"@type":"ListItem","position":2,"name":"Shop","item":"https:\/\/www.lupatomeccanica.com\/pt-pt\/shop\/"},{"@type":"ListItem","position":3,"name":"Concreta Dia-Abrax 6\/800 \u00f8 340 mm"}]},{"@type":"WebSite","@id":"https:\/\/www.lupatomeccanica.com\/pt-pt\/#website","url":"https:\/\/www.lupatomeccanica.com\/pt-pt\/","name":"Lupato Meccanica","description":"Utensili per finiture grezze su pietra e calcestruzzo","publisher":{"@id":"https:\/\/www.lupatomeccanica.com\/pt-pt\/#organization"},"potentialAction":[{"@type":"SearchAction","target":{"@type":"EntryPoint","urlTemplate":"https:\/\/www.lupatomeccanica.com\/pt-pt\/?s={search_term_string}"},"query-input":{"@type":"PropertyValueSpecification","valueRequired":true,"valueName":"search_term_string"}}],"inLanguage":"pt-PT"},{"@type":"Organization","@id":"https:\/\/www.lupatomeccanica.com\/pt-pt\/#organization","name":"Lupato Meccanica","url":"https:\/\/www.lupatomeccanica.com\/pt-pt\/","logo":{"@type":"ImageObject","inLanguage":"pt-PT","@id":"https:\/\/www.lupatomeccanica.com\/pt-pt\/#\/schema\/logo\/image\/","url":"https:\/\/lupatomeccanica.com\/wp-content\/uploads\/logo-admin.png","contentUrl":"https:\/\/lupatomeccanica.com\/wp-content\/uploads\/logo-admin.png","width":300,"height":59,"caption":"Lupato Meccanica"},"image":{"@id":"https:\/\/www.lupatomeccanica.com\/pt-pt\/#\/schema\/logo\/image\/"},"sameAs":["https:\/\/www.linkedin.com\/company\/26996783\/","https:\/\/www.youtube.com\/user\/LupatoMeccanica"]}]}},"_links":{"self":[{"href":"https:\/\/www.lupatomeccanica.com\/pt-pt\/wp-json\/wp\/v2\/product\/14652","targetHints":{"allow":["GET"]}}],"collection":[{"href":"https:\/\/www.lupatomeccanica.com\/pt-pt\/wp-json\/wp\/v2\/product"}],"about":[{"href":"https:\/\/www.lupatomeccanica.com\/pt-pt\/wp-json\/wp\/v2\/types\/product"}],"wp:featuredmedia":[{"embeddable":true,"href":"https:\/\/www.lupatomeccanica.com\/pt-pt\/wp-json\/wp\/v2\/media\/14650"}],"wp:attachment":[{"href":"https:\/\/www.lupatomeccanica.com\/pt-pt\/wp-json\/wp\/v2\/media?parent=14652"}],"wp:term":[{"taxonomy":"product_brand","embeddable":true,"href":"https:\/\/www.lupatomeccanica.com\/pt-pt\/wp-json\/wp\/v2\/product_brand?post=14652"},{"taxonomy":"product_cat","embeddable":true,"href":"https:\/\/www.lupatomeccanica.com\/pt-pt\/wp-json\/wp\/v2\/product_cat?post=14652"},{"taxonomy":"product_tag","embeddable":true,"href":"https:\/\/www.lupatomeccanica.com\/pt-pt\/wp-json\/wp\/v2\/product_tag?post=14652"}],"curies":[{"name":"wp","href":"https:\/\/api.w.org\/{rel}","templated":true}]}}