{"id":14523,"date":"2024-08-28T15:44:42","date_gmt":"2024-08-28T15:44:42","guid":{"rendered":"https:\/\/www.lupatomeccanica.com\/prodotto\/sem%20categoria\/frankroll-plus-abrax-1400-doppio\/"},"modified":"2024-12-06T08:38:34","modified_gmt":"2024-12-06T08:38:34","slug":"frankroll-plus-abrax-1400-dupla","status":"publish","type":"product","link":"https:\/\/www.lupatomeccanica.com\/pt-pt\/produto\/ferramentas\/ferramentas-setor-pedra\/frankroll-plus-pt-pt\/frankroll-plus-abrax-1400-dupla\/","title":{"rendered":"Frankroll plus Abrax 1400 dupla"},"content":{"rendered":"","protected":false},"excerpt":{"rendered":"<p>Frankroll Abrax \/1400 com prato \u00e9 uma ferramenta com base do tipo Frankfurt que monta rolos com gr\u00e3o de carboneto de tungst\u00e9nio com granulometria de 1400, para acabamento areado em lajes de m\u00e1rmore e calc\u00e1rio.<br \/>\nA forma do suporte inclui um prato que melhora o processamento das bordas da laje.<br \/>\nSendo um compromisso entre versatilidade e desempenho, para altas taxas de produ\u00e7\u00e3o \u00e9 recomendada a utiliza\u00e7\u00e3o de ferramentas Abrax.<\/p>\n","protected":false},"featured_media":14524,"template":"","meta":{"_acf_changed":false,"inline_featured_image":false},"product_brand":[],"product_cat":[765],"product_tag":[],"class_list":{"0":"post-14523","1":"product","2":"type-product","3":"status-publish","4":"has-post-thumbnail","6":"product_cat-frankroll-plus-pt-pt","8":"first","9":"instock","10":"product-type-simple"},"acf":[],"yoast_head":"<!-- This site is optimized with the Yoast SEO plugin v27.3 - https:\/\/yoast.com\/product\/yoast-seo-wordpress\/ -->\n<title>Frankroll plus Abrax 1400 dupla - Lupato Meccanica<\/title>\n<meta name=\"description\" content=\"Frankroll Abrax \/1400 com prato \u00e9 uma ferramenta com base do tipo Frankfurt que monta rolos com gr\u00e3o de carboneto de tungst\u00e9nio com granulometria de 1400, para acabamento areado em lajes de m\u00e1rmore e calc\u00e1rio. A forma do suporte inclui um prato que melhora o processamento das bordas da laje. Sendo um compromisso entre versatilidade e desempenho, para altas taxas de produ\u00e7\u00e3o \u00e9 recomendada a utiliza\u00e7\u00e3o de ferramentas Abrax.\" \/>\n<meta name=\"robots\" content=\"index, follow, max-snippet:-1, max-image-preview:large, max-video-preview:-1\" \/>\n<link rel=\"canonical\" href=\"https:\/\/www.lupatomeccanica.com\/pt-pt\/produto\/ferramentas\/ferramentas-setor-pedra\/frankroll-plus-pt-pt\/frankroll-plus-abrax-1400-dupla\/\" \/>\n<meta property=\"og:locale\" content=\"pt_PT\" \/>\n<meta property=\"og:type\" content=\"article\" \/>\n<meta property=\"og:title\" content=\"Frankroll plus Abrax 1400 dupla - Lupato Meccanica\" \/>\n<meta property=\"og:description\" content=\"Frankroll Abrax \/1400 com prato \u00e9 uma ferramenta com base do tipo Frankfurt que monta rolos com gr\u00e3o de carboneto de tungst\u00e9nio com granulometria de 1400, para acabamento areado em lajes de m\u00e1rmore e calc\u00e1rio. A forma do suporte inclui um prato que melhora o processamento das bordas da laje. Sendo um compromisso entre versatilidade e desempenho, para altas taxas de produ\u00e7\u00e3o \u00e9 recomendada a utiliza\u00e7\u00e3o de ferramentas Abrax.\" \/>\n<meta property=\"og:url\" content=\"https:\/\/www.lupatomeccanica.com\/pt-pt\/produto\/ferramentas\/ferramentas-setor-pedra\/frankroll-plus-pt-pt\/frankroll-plus-abrax-1400-dupla\/\" \/>\n<meta property=\"og:site_name\" content=\"Lupato Meccanica\" \/>\n<meta property=\"article:modified_time\" content=\"2024-12-06T08:38:34+00:00\" \/>\n<meta property=\"og:image\" content=\"https:\/\/www.lupatomeccanica.com\/wp-content\/uploads\/lupato-meccanica-frankroll-plus-FKRA2MG.jpg\" \/>\n\t<meta property=\"og:image:width\" content=\"800\" \/>\n\t<meta property=\"og:image:height\" content=\"800\" \/>\n\t<meta property=\"og:image:type\" content=\"image\/jpeg\" \/>\n<meta name=\"twitter:card\" content=\"summary_large_image\" \/>\n<script type=\"application\/ld+json\" class=\"yoast-schema-graph\">{\"@context\":\"https:\\\/\\\/schema.org\",\"@graph\":[{\"@type\":\"WebPage\",\"@id\":\"https:\\\/\\\/www.lupatomeccanica.com\\\/pt-pt\\\/produto\\\/ferramentas\\\/ferramentas-setor-pedra\\\/frankroll-plus-pt-pt\\\/frankroll-plus-abrax-1400-dupla\\\/\",\"url\":\"https:\\\/\\\/www.lupatomeccanica.com\\\/pt-pt\\\/produto\\\/ferramentas\\\/ferramentas-setor-pedra\\\/frankroll-plus-pt-pt\\\/frankroll-plus-abrax-1400-dupla\\\/\",\"name\":\"Frankroll plus Abrax 1400 dupla - Lupato Meccanica\",\"isPartOf\":{\"@id\":\"https:\\\/\\\/www.lupatomeccanica.com\\\/pt-pt\\\/#website\"},\"primaryImageOfPage\":{\"@id\":\"https:\\\/\\\/www.lupatomeccanica.com\\\/pt-pt\\\/produto\\\/ferramentas\\\/ferramentas-setor-pedra\\\/frankroll-plus-pt-pt\\\/frankroll-plus-abrax-1400-dupla\\\/#primaryimage\"},\"image\":{\"@id\":\"https:\\\/\\\/www.lupatomeccanica.com\\\/pt-pt\\\/produto\\\/ferramentas\\\/ferramentas-setor-pedra\\\/frankroll-plus-pt-pt\\\/frankroll-plus-abrax-1400-dupla\\\/#primaryimage\"},\"thumbnailUrl\":\"https:\\\/\\\/www.lupatomeccanica.com\\\/wp-content\\\/uploads\\\/lupato-meccanica-frankroll-plus-FKRA2MG.jpg\",\"datePublished\":\"2024-08-28T15:44:42+00:00\",\"dateModified\":\"2024-12-06T08:38:34+00:00\",\"description\":\"Frankroll Abrax \\\/1400 com prato \u00e9 uma ferramenta com base do tipo Frankfurt que monta rolos com gr\u00e3o de carboneto de tungst\u00e9nio com granulometria de 1400, para acabamento areado em lajes de m\u00e1rmore e calc\u00e1rio. A forma do suporte inclui um prato que melhora o processamento das bordas da laje. Sendo um compromisso entre versatilidade e desempenho, para altas taxas de produ\u00e7\u00e3o \u00e9 recomendada a utiliza\u00e7\u00e3o de ferramentas Abrax.\",\"breadcrumb\":{\"@id\":\"https:\\\/\\\/www.lupatomeccanica.com\\\/pt-pt\\\/produto\\\/ferramentas\\\/ferramentas-setor-pedra\\\/frankroll-plus-pt-pt\\\/frankroll-plus-abrax-1400-dupla\\\/#breadcrumb\"},\"inLanguage\":\"pt-PT\",\"potentialAction\":[{\"@type\":\"ReadAction\",\"target\":[\"https:\\\/\\\/www.lupatomeccanica.com\\\/pt-pt\\\/produto\\\/ferramentas\\\/ferramentas-setor-pedra\\\/frankroll-plus-pt-pt\\\/frankroll-plus-abrax-1400-dupla\\\/\"]}]},{\"@type\":\"ImageObject\",\"inLanguage\":\"pt-PT\",\"@id\":\"https:\\\/\\\/www.lupatomeccanica.com\\\/pt-pt\\\/produto\\\/ferramentas\\\/ferramentas-setor-pedra\\\/frankroll-plus-pt-pt\\\/frankroll-plus-abrax-1400-dupla\\\/#primaryimage\",\"url\":\"https:\\\/\\\/www.lupatomeccanica.com\\\/wp-content\\\/uploads\\\/lupato-meccanica-frankroll-plus-FKRA2MG.jpg\",\"contentUrl\":\"https:\\\/\\\/www.lupatomeccanica.com\\\/wp-content\\\/uploads\\\/lupato-meccanica-frankroll-plus-FKRA2MG.jpg\",\"width\":800,\"height\":800},{\"@type\":\"BreadcrumbList\",\"@id\":\"https:\\\/\\\/www.lupatomeccanica.com\\\/pt-pt\\\/produto\\\/ferramentas\\\/ferramentas-setor-pedra\\\/frankroll-plus-pt-pt\\\/frankroll-plus-abrax-1400-dupla\\\/#breadcrumb\",\"itemListElement\":[{\"@type\":\"ListItem\",\"position\":1,\"name\":\"Home\",\"item\":\"https:\\\/\\\/www.lupatomeccanica.com\\\/pt-pt\\\/\"},{\"@type\":\"ListItem\",\"position\":2,\"name\":\"Shop\",\"item\":\"https:\\\/\\\/www.lupatomeccanica.com\\\/pt-pt\\\/shop\\\/\"},{\"@type\":\"ListItem\",\"position\":3,\"name\":\"Frankroll plus Abrax 1400 dupla\"}]},{\"@type\":\"WebSite\",\"@id\":\"https:\\\/\\\/www.lupatomeccanica.com\\\/pt-pt\\\/#website\",\"url\":\"https:\\\/\\\/www.lupatomeccanica.com\\\/pt-pt\\\/\",\"name\":\"Lupato Meccanica\",\"description\":\"Utensili per finiture grezze su pietra e calcestruzzo\",\"publisher\":{\"@id\":\"https:\\\/\\\/www.lupatomeccanica.com\\\/pt-pt\\\/#organization\"},\"potentialAction\":[{\"@type\":\"SearchAction\",\"target\":{\"@type\":\"EntryPoint\",\"urlTemplate\":\"https:\\\/\\\/www.lupatomeccanica.com\\\/pt-pt\\\/?s={search_term_string}\"},\"query-input\":{\"@type\":\"PropertyValueSpecification\",\"valueRequired\":true,\"valueName\":\"search_term_string\"}}],\"inLanguage\":\"pt-PT\"},{\"@type\":\"Organization\",\"@id\":\"https:\\\/\\\/www.lupatomeccanica.com\\\/pt-pt\\\/#organization\",\"name\":\"Lupato Meccanica\",\"url\":\"https:\\\/\\\/www.lupatomeccanica.com\\\/pt-pt\\\/\",\"logo\":{\"@type\":\"ImageObject\",\"inLanguage\":\"pt-PT\",\"@id\":\"https:\\\/\\\/www.lupatomeccanica.com\\\/pt-pt\\\/#\\\/schema\\\/logo\\\/image\\\/\",\"url\":\"https:\\\/\\\/lupatomeccanica.com\\\/wp-content\\\/uploads\\\/logo-admin.png\",\"contentUrl\":\"https:\\\/\\\/lupatomeccanica.com\\\/wp-content\\\/uploads\\\/logo-admin.png\",\"width\":300,\"height\":59,\"caption\":\"Lupato Meccanica\"},\"image\":{\"@id\":\"https:\\\/\\\/www.lupatomeccanica.com\\\/pt-pt\\\/#\\\/schema\\\/logo\\\/image\\\/\"},\"sameAs\":[\"https:\\\/\\\/www.linkedin.com\\\/company\\\/26996783\\\/\",\"https:\\\/\\\/www.youtube.com\\\/user\\\/LupatoMeccanica\"]}]}<\/script>\n<!-- \/ Yoast SEO plugin. -->","yoast_head_json":{"title":"Frankroll plus Abrax 1400 dupla - Lupato Meccanica","description":"Frankroll Abrax \/1400 com prato \u00e9 uma ferramenta com base do tipo Frankfurt que monta rolos com gr\u00e3o de carboneto de tungst\u00e9nio com granulometria de 1400, para acabamento areado em lajes de m\u00e1rmore e calc\u00e1rio. A forma do suporte inclui um prato que melhora o processamento das bordas da laje. Sendo um compromisso entre versatilidade e desempenho, para altas taxas de produ\u00e7\u00e3o \u00e9 recomendada a utiliza\u00e7\u00e3o de ferramentas Abrax.","robots":{"index":"index","follow":"follow","max-snippet":"max-snippet:-1","max-image-preview":"max-image-preview:large","max-video-preview":"max-video-preview:-1"},"canonical":"https:\/\/www.lupatomeccanica.com\/pt-pt\/produto\/ferramentas\/ferramentas-setor-pedra\/frankroll-plus-pt-pt\/frankroll-plus-abrax-1400-dupla\/","og_locale":"pt_PT","og_type":"article","og_title":"Frankroll plus Abrax 1400 dupla - Lupato Meccanica","og_description":"Frankroll Abrax \/1400 com prato \u00e9 uma ferramenta com base do tipo Frankfurt que monta rolos com gr\u00e3o de carboneto de tungst\u00e9nio com granulometria de 1400, para acabamento areado em lajes de m\u00e1rmore e calc\u00e1rio. A forma do suporte inclui um prato que melhora o processamento das bordas da laje. Sendo um compromisso entre versatilidade e desempenho, para altas taxas de produ\u00e7\u00e3o \u00e9 recomendada a utiliza\u00e7\u00e3o de ferramentas Abrax.","og_url":"https:\/\/www.lupatomeccanica.com\/pt-pt\/produto\/ferramentas\/ferramentas-setor-pedra\/frankroll-plus-pt-pt\/frankroll-plus-abrax-1400-dupla\/","og_site_name":"Lupato Meccanica","article_modified_time":"2024-12-06T08:38:34+00:00","og_image":[{"width":800,"height":800,"url":"https:\/\/www.lupatomeccanica.com\/wp-content\/uploads\/lupato-meccanica-frankroll-plus-FKRA2MG.jpg","type":"image\/jpeg"}],"twitter_card":"summary_large_image","schema":{"@context":"https:\/\/schema.org","@graph":[{"@type":"WebPage","@id":"https:\/\/www.lupatomeccanica.com\/pt-pt\/produto\/ferramentas\/ferramentas-setor-pedra\/frankroll-plus-pt-pt\/frankroll-plus-abrax-1400-dupla\/","url":"https:\/\/www.lupatomeccanica.com\/pt-pt\/produto\/ferramentas\/ferramentas-setor-pedra\/frankroll-plus-pt-pt\/frankroll-plus-abrax-1400-dupla\/","name":"Frankroll plus Abrax 1400 dupla - Lupato Meccanica","isPartOf":{"@id":"https:\/\/www.lupatomeccanica.com\/pt-pt\/#website"},"primaryImageOfPage":{"@id":"https:\/\/www.lupatomeccanica.com\/pt-pt\/produto\/ferramentas\/ferramentas-setor-pedra\/frankroll-plus-pt-pt\/frankroll-plus-abrax-1400-dupla\/#primaryimage"},"image":{"@id":"https:\/\/www.lupatomeccanica.com\/pt-pt\/produto\/ferramentas\/ferramentas-setor-pedra\/frankroll-plus-pt-pt\/frankroll-plus-abrax-1400-dupla\/#primaryimage"},"thumbnailUrl":"https:\/\/www.lupatomeccanica.com\/wp-content\/uploads\/lupato-meccanica-frankroll-plus-FKRA2MG.jpg","datePublished":"2024-08-28T15:44:42+00:00","dateModified":"2024-12-06T08:38:34+00:00","description":"Frankroll Abrax \/1400 com prato \u00e9 uma ferramenta com base do tipo Frankfurt que monta rolos com gr\u00e3o de carboneto de tungst\u00e9nio com granulometria de 1400, para acabamento areado em lajes de m\u00e1rmore e calc\u00e1rio. A forma do suporte inclui um prato que melhora o processamento das bordas da laje. Sendo um compromisso entre versatilidade e desempenho, para altas taxas de produ\u00e7\u00e3o \u00e9 recomendada a utiliza\u00e7\u00e3o de ferramentas Abrax.","breadcrumb":{"@id":"https:\/\/www.lupatomeccanica.com\/pt-pt\/produto\/ferramentas\/ferramentas-setor-pedra\/frankroll-plus-pt-pt\/frankroll-plus-abrax-1400-dupla\/#breadcrumb"},"inLanguage":"pt-PT","potentialAction":[{"@type":"ReadAction","target":["https:\/\/www.lupatomeccanica.com\/pt-pt\/produto\/ferramentas\/ferramentas-setor-pedra\/frankroll-plus-pt-pt\/frankroll-plus-abrax-1400-dupla\/"]}]},{"@type":"ImageObject","inLanguage":"pt-PT","@id":"https:\/\/www.lupatomeccanica.com\/pt-pt\/produto\/ferramentas\/ferramentas-setor-pedra\/frankroll-plus-pt-pt\/frankroll-plus-abrax-1400-dupla\/#primaryimage","url":"https:\/\/www.lupatomeccanica.com\/wp-content\/uploads\/lupato-meccanica-frankroll-plus-FKRA2MG.jpg","contentUrl":"https:\/\/www.lupatomeccanica.com\/wp-content\/uploads\/lupato-meccanica-frankroll-plus-FKRA2MG.jpg","width":800,"height":800},{"@type":"BreadcrumbList","@id":"https:\/\/www.lupatomeccanica.com\/pt-pt\/produto\/ferramentas\/ferramentas-setor-pedra\/frankroll-plus-pt-pt\/frankroll-plus-abrax-1400-dupla\/#breadcrumb","itemListElement":[{"@type":"ListItem","position":1,"name":"Home","item":"https:\/\/www.lupatomeccanica.com\/pt-pt\/"},{"@type":"ListItem","position":2,"name":"Shop","item":"https:\/\/www.lupatomeccanica.com\/pt-pt\/shop\/"},{"@type":"ListItem","position":3,"name":"Frankroll plus Abrax 1400 dupla"}]},{"@type":"WebSite","@id":"https:\/\/www.lupatomeccanica.com\/pt-pt\/#website","url":"https:\/\/www.lupatomeccanica.com\/pt-pt\/","name":"Lupato Meccanica","description":"Utensili per finiture grezze su pietra e calcestruzzo","publisher":{"@id":"https:\/\/www.lupatomeccanica.com\/pt-pt\/#organization"},"potentialAction":[{"@type":"SearchAction","target":{"@type":"EntryPoint","urlTemplate":"https:\/\/www.lupatomeccanica.com\/pt-pt\/?s={search_term_string}"},"query-input":{"@type":"PropertyValueSpecification","valueRequired":true,"valueName":"search_term_string"}}],"inLanguage":"pt-PT"},{"@type":"Organization","@id":"https:\/\/www.lupatomeccanica.com\/pt-pt\/#organization","name":"Lupato Meccanica","url":"https:\/\/www.lupatomeccanica.com\/pt-pt\/","logo":{"@type":"ImageObject","inLanguage":"pt-PT","@id":"https:\/\/www.lupatomeccanica.com\/pt-pt\/#\/schema\/logo\/image\/","url":"https:\/\/lupatomeccanica.com\/wp-content\/uploads\/logo-admin.png","contentUrl":"https:\/\/lupatomeccanica.com\/wp-content\/uploads\/logo-admin.png","width":300,"height":59,"caption":"Lupato Meccanica"},"image":{"@id":"https:\/\/www.lupatomeccanica.com\/pt-pt\/#\/schema\/logo\/image\/"},"sameAs":["https:\/\/www.linkedin.com\/company\/26996783\/","https:\/\/www.youtube.com\/user\/LupatoMeccanica"]}]}},"_links":{"self":[{"href":"https:\/\/www.lupatomeccanica.com\/pt-pt\/wp-json\/wp\/v2\/product\/14523","targetHints":{"allow":["GET"]}}],"collection":[{"href":"https:\/\/www.lupatomeccanica.com\/pt-pt\/wp-json\/wp\/v2\/product"}],"about":[{"href":"https:\/\/www.lupatomeccanica.com\/pt-pt\/wp-json\/wp\/v2\/types\/product"}],"wp:featuredmedia":[{"embeddable":true,"href":"https:\/\/www.lupatomeccanica.com\/pt-pt\/wp-json\/wp\/v2\/media\/14524"}],"wp:attachment":[{"href":"https:\/\/www.lupatomeccanica.com\/pt-pt\/wp-json\/wp\/v2\/media?parent=14523"}],"wp:term":[{"taxonomy":"product_brand","embeddable":true,"href":"https:\/\/www.lupatomeccanica.com\/pt-pt\/wp-json\/wp\/v2\/product_brand?post=14523"},{"taxonomy":"product_cat","embeddable":true,"href":"https:\/\/www.lupatomeccanica.com\/pt-pt\/wp-json\/wp\/v2\/product_cat?post=14523"},{"taxonomy":"product_tag","embeddable":true,"href":"https:\/\/www.lupatomeccanica.com\/pt-pt\/wp-json\/wp\/v2\/product_tag?post=14523"}],"curies":[{"name":"wp","href":"https:\/\/api.w.org\/{rel}","templated":true}]}}