{"id":14442,"date":"2021-09-23T13:19:24","date_gmt":"2021-09-23T13:19:24","guid":{"rendered":"https:\/\/www.lupatomeccanica.com\/chi-siamo\/"},"modified":"2024-11-27T09:46:58","modified_gmt":"2024-11-27T09:46:58","slug":"sobre-nos","status":"publish","type":"page","link":"https:\/\/www.lupatomeccanica.com\/pt-pt\/sobre-nos\/","title":{"rendered":"Sobre n\u00f3s"},"content":{"rendered":"<div class=\"wpb-content-wrapper\"><p>[vc_row full_width=&#8221;stretch_row_content_no_spaces&#8221;][vc_column][vc_row_inner equal_height=&#8221;yes&#8221; content_placement=&#8221;middle&#8221; el_id=&#8221;lupato-how-row-1&#8243;][vc_column_inner offset=&#8221;vc_col-lg-6 vc_col-md-6&#8243;][vc_column_text el_class=&#8221;force-right&#8221;]<\/p>\n<h1><strong>Inova\u00e7\u00e3o<\/strong> e <strong>oferta<\/strong> profundamente enraizadas na <strong>experi\u00eancia<\/strong> e no <strong>conhecimento<\/strong> do setor.<\/h1>\n<p>[\/vc_column_text][\/vc_column_inner][vc_column_inner offset=&#8221;vc_col-lg-6 vc_col-md-6&#8243;][vc_column_text]Desde 1989, concebemos, projetamos e fabricamos ferramentas para m\u00e1quinas fixas e port\u00e1teis para realizar acabamentos rugosos em m\u00e1rmore, granito, calc\u00e1rio e arenito, pedra sinterizada e bet\u00e3o.<\/p>\n<p>O nascimento da empresa deve-se ao talento do seu fundador, <strong>Gian Siro Lupato, inventor da m\u00e1quina de bujardar rotativa<\/strong>, uma ferramenta que revolucionou o setor (gra\u00e7as a esta, a produtividade de bujardamento aumentou de 3 m2\/h em 1988 para os atuais 100 m2\/h com apenas uma ferramenta), este foi o ponto de partida de um intenso processo de desenvolvimento t\u00e9cnico que nos levou a registar posteriormente muitas outras patentes igualmente inovadoras.[\/vc_column_text][\/vc_column_inner][\/vc_row_inner][\/vc_column][\/vc_row][vc_row full_width=&#8221;stretch_row_content_no_spaces&#8221;][vc_column css=&#8221;.vc_custom_1632412651814{padding-top: 0px !important;background-position: center !important;background-repeat: no-repeat !important;background-size: cover !important;}&#8221;][vc_row_inner equal_height=&#8221;yes&#8221; content_placement=&#8221;middle&#8221; el_id=&#8221;lupato-how-row-2&#8243;][vc_column_inner el_class=&#8221;force-right&#8221; offset=&#8221;vc_col-lg-6 vc_col-md-6&#8243;][vc_column_text]A montante, o saber-fazer e o <strong>conhecimento profundo dos materiais<\/strong> da Lupato Marmi, empresa familiar especializada na transforma\u00e7\u00e3o do m\u00e1rmore h\u00e1 cinco gera\u00e7\u00f5es, gra\u00e7as \u00e0 qual podemos testar os nossos produtos e experimentar \u00abno terreno\u00bb todas as melhorias poss\u00edveis.<\/p>\n<p>O que distingue a nossa atividade \u00e9 o <strong>desejo constante de evoluir<\/strong>, estabelecer sempre novos objetivos e aceitar desafios cada vez mais exigentes, confiando ao nosso departamento de I&amp;D a tarefa de os transformar em solu\u00e7\u00f5es espec\u00edficas. Isto tamb\u00e9m atrav\u00e9s da colabora\u00e7\u00e3o com arquitetos e marmoristas, apoiando os seus projetos atrav\u00e9s da conce\u00e7\u00e3o de ferramentas para acabamentos inovadoras e desenvolvidas e totalmente \u00e0 medida.[\/vc_column_text][\/vc_column_inner][vc_column_inner offset=&#8221;vc_col-lg-6 vc_col-md-6&#8243;][vc_single_image image=&#8221;2551&#8243; img_size=&#8221;FULL&#8221; css=&#8221;.vc_custom_1632401286688{margin-top: 0px !important;margin-bottom: 0px !important;}&#8221;][\/vc_column_inner][\/vc_row_inner][\/vc_column][\/vc_row][vc_row el_id=&#8221;lupato-how-row-3&#8243;][vc_column width=&#8221;2\/3&#8243; offset=&#8221;vc_col-sm-offset-2&#8243;][vc_column_text]<\/p>\n<p style=\"text-align: center;\"><strong>O nosso cat\u00e1logo inclui 307 artigos para mais de 60 tipos de acabamento em materiais de pedra e bet\u00e3o<\/strong>, incluindo bujardado, picado, areado, esponteirado, riscado, rolado e estriado, o que nos torna a empresa mais representativa do setor em termos de oferta abrangente. A nossa compet\u00eancia \u00e9 reconhecida por um nicho de mercado muito exigente, que cobrimos extensivamente com uma rede de importadores e revendedores que abrange os cinco continentes.<\/p>\n<p style=\"text-align: center;\">Para al\u00e9m da assist\u00eancia pontual, o nosso servi\u00e7o inclui a consultoria, que no caso dos gabinetes de design e arquitetura \u00e9 acompanhada por sugest\u00f5es \u00fateis para a escolha do acabamento mais adequado \u00e0 obra a realizar.<\/p>\n<p>[\/vc_column_text][\/vc_column][\/vc_row][vc_row el_id=&#8221;hp-contattaci&#8221;][vc_column width=&#8221;5\/6&#8243; offset=&#8221;vc_col-lg-offset-2 vc_col-lg-8 vc_col-md-offset-2 vc_col-md-8 vc_col-sm-offset-1&#8243;][vc_column_text]<\/p>\n<h3 style=\"text-align: center;\">CONTACTE-NOS<\/h3>\n<p style=\"text-align: center;\">Para qualquer informa\u00e7\u00e3o sobre as nossas ferramentas, sobre os pontos de venda e os nossos servi\u00e7os, incluindo o servi\u00e7o de assist\u00eancia, pode contactar-nos a qualquer momento, preenchendo o formul\u00e1rio abaixo e enviando-o para n\u00f3s.<\/p>\n<p>[\/vc_column_text]\n<div class=\"wpcf7 no-js\" id=\"wpcf7-f14435-o1\" lang=\"pt-PT\" dir=\"ltr\" data-wpcf7-id=\"14435\">\n<div class=\"screen-reader-response\"><p role=\"status\" aria-live=\"polite\" aria-atomic=\"true\"><\/p> <ul><\/ul><\/div>\n<form action=\"\/pt-pt\/wp-json\/wp\/v2\/pages\/14442#wpcf7-f14435-o1\" method=\"post\" class=\"wpcf7-form init\" aria-label=\"Contact form\" novalidate=\"novalidate\" data-status=\"init\">\n<fieldset class=\"hidden-fields-container\"><input type=\"hidden\" name=\"_wpcf7\" value=\"14435\" \/><input type=\"hidden\" name=\"_wpcf7_version\" value=\"6.1.5\" \/><input type=\"hidden\" name=\"_wpcf7_locale\" value=\"pt_PT\" \/><input type=\"hidden\" name=\"_wpcf7_unit_tag\" value=\"wpcf7-f14435-o1\" \/><input type=\"hidden\" name=\"_wpcf7_container_post\" value=\"0\" \/><input type=\"hidden\" name=\"_wpcf7_posted_data_hash\" value=\"\" \/><input type=\"hidden\" name=\"_wpcf7_recaptcha_response\" value=\"\" \/>\n<\/fieldset>\n<div class=\"form-hp\">\n\t<div class=\"row\">\n\t\t<div class=\"col-2\">\n\t\t\t<p><span class=\"wpcf7-form-control-wrap\" data-name=\"form-name\"><input size=\"40\" maxlength=\"400\" class=\"wpcf7-form-control wpcf7-text wpcf7-validates-as-required\" aria-required=\"true\" aria-invalid=\"false\" placeholder=\"Nome *\" value=\"\" type=\"text\" name=\"form-name\" \/><\/span>\n\t\t\t<\/p>\n\t\t<\/div>\n\t\t<div class=\"col-2\">\n\t\t\t<p><span class=\"wpcf7-form-control-wrap\" data-name=\"form-surname\"><input size=\"40\" maxlength=\"400\" class=\"wpcf7-form-control wpcf7-text wpcf7-validates-as-required\" aria-required=\"true\" aria-invalid=\"false\" placeholder=\"Apelido *\" value=\"\" type=\"text\" name=\"form-surname\" \/><\/span>\n\t\t\t<\/p>\n\t\t<\/div>\n\t<\/div>\n\t<div class=\"row\">\n\t\t<div class=\"col-2\">\n\t\t\t<p><span class=\"wpcf7-form-control-wrap\" data-name=\"form-email\"><input size=\"40\" maxlength=\"400\" class=\"wpcf7-form-control wpcf7-email wpcf7-validates-as-required wpcf7-text wpcf7-validates-as-email\" aria-required=\"true\" aria-invalid=\"false\" placeholder=\"Endere\u00e7o e-email *\" value=\"\" type=\"email\" name=\"form-email\" \/><\/span>\n\t\t\t<\/p>\n\t\t<\/div>\n\t\t<div class=\"col-2\">\n\t\t\t<p><span class=\"wpcf7-form-control-wrap\" data-name=\"form-phone\"><input size=\"40\" maxlength=\"400\" class=\"wpcf7-form-control wpcf7-text\" aria-invalid=\"false\" placeholder=\"N\u00famero de telefone\" value=\"\" type=\"text\" name=\"form-phone\" \/><\/span>\n\t\t\t<\/p>\n\t\t<\/div>\n\t<\/div>\n\t<div class=\"row\">\n\t\t<div class=\"col-1\">\n\t\t\t<p><span class=\"wpcf7-form-control-wrap\" data-name=\"form-region\"><input size=\"40\" maxlength=\"400\" class=\"wpcf7-form-control wpcf7-text wpcf7-validates-as-required\" aria-required=\"true\" aria-invalid=\"false\" placeholder=\"Cidades *\" value=\"\" type=\"text\" name=\"form-region\" \/><\/span>\n\t\t\t<\/p>\n\t\t<\/div>\n\t<\/div>\n\t<div class=\"row\">\n\t\t<div class=\"col-1\">\n\t\t\t<p><span class=\"wpcf7-form-control-wrap\" data-name=\"form-message\"><textarea cols=\"40\" rows=\"10\" maxlength=\"2000\" class=\"wpcf7-form-control wpcf7-textarea wpcf7-validates-as-required\" aria-required=\"true\" aria-invalid=\"false\" placeholder=\"Como podemos ajudar?\" name=\"form-message\"><\/textarea><\/span>\n\t\t\t<\/p>\n\t\t<\/div>\n\t<\/div>\n\t<div class=\"row\">\n\t\t<div class=\"col-1 privacy\">\n\t\t\t<p><span class=\"wpcf7-form-control-wrap\" data-name=\"form-privacy\"><span class=\"wpcf7-form-control wpcf7-acceptance\"><span class=\"wpcf7-list-item\"><label><input type=\"checkbox\" name=\"form-privacy\" value=\"1\" aria-invalid=\"false\" \/><span class=\"wpcf7-list-item-label\">Autorizo o tratamento dos meus dados pessoais tal como definido no documento <a href=\"\/pt-pt\/privacy-policy\/\" target=\"_blank\">aqui apresentado<\/a>.<\/span><\/label><\/span><\/span><\/span>\n\t\t\t<\/p>\n\t\t<\/div>\n\t<\/div>\n\t<div class=\"row avviso\">\n\t\t<p>Este site est\u00e1 protegido por reCAPTCHA e aplicam-se a Pol\u00edtica de <a href=\"https:\/\/policies.google.com\/privacy\" target=\"_blank\">Privacidade<\/a> e os <a href=\"https:\/\/policies.google.com\/terms\" target=\"_blank\">Termos de Servi\u00e7o<\/a> da Google.\n\t\t<\/p>\n\t<\/div>\n\t<div class=\"row\">\n\t\t<div class=\"col-1 btn-submit\">\n\t\t\t<p><input class=\"wpcf7-form-control wpcf7-submit has-spinner\" type=\"submit\" value=\"Enviar\" \/>\n\t\t\t<\/p>\n\t\t<\/div>\n\t<\/div>\n<\/div><div class=\"wpcf7-response-output\" aria-hidden=\"true\"><\/div>\n<\/form>\n<\/div>\n[\/vc_column][\/vc_row]<\/p>\n<\/div>","protected":false},"excerpt":{"rendered":"<p>[vc_row full_width=&#8221;stretch_row_content_no_spaces&#8221;][vc_column][vc_row_inner equal_height=&#8221;yes&#8221; content_placement=&#8221;middle&#8221; el_id=&#8221;lupato-how-row-1&#8243;][vc_column_inner offset=&#8221;vc_col-lg-6 vc_col-md-6&#8243;][vc_column_text el_class=&#8221;force-right&#8221;] Inova\u00e7\u00e3o e oferta profundamente enraizadas na experi\u00eancia e no conhecimento do setor. [\/vc_column_text][\/vc_column_inner][vc_column_inner offset=&#8221;vc_col-lg-6 vc_col-md-6&#8243;][vc_column_text]Desde 1989, concebemos, projetamos e fabricamos ferramentas para m\u00e1quinas fixas e port\u00e1teis para realizar acabamentos rugosos em m\u00e1rmore, granito, calc\u00e1rio e arenito, pedra sinterizada e bet\u00e3o. O nascimento da empresa deve-se ao talento [&hellip;]<\/p>\n","protected":false},"author":1,"featured_media":0,"parent":0,"menu_order":0,"comment_status":"closed","ping_status":"closed","template":"template-fullwidth2.php","meta":{"_acf_changed":false,"inline_featured_image":false,"footnotes":""},"class_list":["post-14442","page","type-page","status-publish","hentry"],"acf":[],"yoast_head":"<!-- This site is optimized with the Yoast SEO plugin v27.3 - https:\/\/yoast.com\/product\/yoast-seo-wordpress\/ -->\n<title>Sobre n\u00f3s - Lupato Meccanica<\/title>\n<meta name=\"description\" content=\"Desde 1989, concebemos, projetamos e fabricamos ferramentas para m\u00e1quinas fixas e port\u00e1teis para realizar acabamentos rugosos em m\u00e1rmore\" \/>\n<meta name=\"robots\" content=\"index, follow, max-snippet:-1, max-image-preview:large, max-video-preview:-1\" \/>\n<link rel=\"canonical\" href=\"https:\/\/www.lupatomeccanica.com\/pt-pt\/sobre-nos\/\" \/>\n<meta property=\"og:locale\" content=\"pt_PT\" \/>\n<meta property=\"og:type\" content=\"article\" \/>\n<meta property=\"og:title\" content=\"Sobre n\u00f3s - Lupato Meccanica\" \/>\n<meta property=\"og:description\" content=\"Desde 1989, concebemos, projetamos e fabricamos ferramentas para m\u00e1quinas fixas e port\u00e1teis para realizar acabamentos rugosos em m\u00e1rmore\" \/>\n<meta property=\"og:url\" content=\"https:\/\/www.lupatomeccanica.com\/pt-pt\/sobre-nos\/\" \/>\n<meta property=\"og:site_name\" content=\"Lupato Meccanica\" \/>\n<meta property=\"article:modified_time\" content=\"2024-11-27T09:46:58+00:00\" \/>\n<meta name=\"twitter:card\" content=\"summary_large_image\" \/>\n<meta name=\"twitter:label1\" content=\"Est. reading time\" \/>\n\t<meta name=\"twitter:data1\" content=\"2 minutes\" \/>\n<script type=\"application\/ld+json\" class=\"yoast-schema-graph\">{\"@context\":\"https:\\\/\\\/schema.org\",\"@graph\":[{\"@type\":\"WebPage\",\"@id\":\"https:\\\/\\\/www.lupatomeccanica.com\\\/pt-pt\\\/sobre-nos\\\/\",\"url\":\"https:\\\/\\\/www.lupatomeccanica.com\\\/pt-pt\\\/sobre-nos\\\/\",\"name\":\"Sobre n\u00f3s - Lupato Meccanica\",\"isPartOf\":{\"@id\":\"https:\\\/\\\/www.lupatomeccanica.com\\\/pt-pt\\\/#website\"},\"datePublished\":\"2021-09-23T13:19:24+00:00\",\"dateModified\":\"2024-11-27T09:46:58+00:00\",\"description\":\"Desde 1989, concebemos, projetamos e fabricamos ferramentas para m\u00e1quinas fixas e port\u00e1teis para realizar acabamentos rugosos em m\u00e1rmore\",\"breadcrumb\":{\"@id\":\"https:\\\/\\\/www.lupatomeccanica.com\\\/pt-pt\\\/sobre-nos\\\/#breadcrumb\"},\"inLanguage\":\"pt-PT\",\"potentialAction\":[{\"@type\":\"ReadAction\",\"target\":[\"https:\\\/\\\/www.lupatomeccanica.com\\\/pt-pt\\\/sobre-nos\\\/\"]}]},{\"@type\":\"BreadcrumbList\",\"@id\":\"https:\\\/\\\/www.lupatomeccanica.com\\\/pt-pt\\\/sobre-nos\\\/#breadcrumb\",\"itemListElement\":[{\"@type\":\"ListItem\",\"position\":1,\"name\":\"Home\",\"item\":\"https:\\\/\\\/www.lupatomeccanica.com\\\/pt-pt\\\/\"},{\"@type\":\"ListItem\",\"position\":2,\"name\":\"Sobre n\u00f3s\"}]},{\"@type\":\"WebSite\",\"@id\":\"https:\\\/\\\/www.lupatomeccanica.com\\\/pt-pt\\\/#website\",\"url\":\"https:\\\/\\\/www.lupatomeccanica.com\\\/pt-pt\\\/\",\"name\":\"Lupato Meccanica\",\"description\":\"Utensili per finiture grezze su pietra e calcestruzzo\",\"publisher\":{\"@id\":\"https:\\\/\\\/www.lupatomeccanica.com\\\/pt-pt\\\/#organization\"},\"potentialAction\":[{\"@type\":\"SearchAction\",\"target\":{\"@type\":\"EntryPoint\",\"urlTemplate\":\"https:\\\/\\\/www.lupatomeccanica.com\\\/pt-pt\\\/?s={search_term_string}\"},\"query-input\":{\"@type\":\"PropertyValueSpecification\",\"valueRequired\":true,\"valueName\":\"search_term_string\"}}],\"inLanguage\":\"pt-PT\"},{\"@type\":\"Organization\",\"@id\":\"https:\\\/\\\/www.lupatomeccanica.com\\\/pt-pt\\\/#organization\",\"name\":\"Lupato Meccanica\",\"url\":\"https:\\\/\\\/www.lupatomeccanica.com\\\/pt-pt\\\/\",\"logo\":{\"@type\":\"ImageObject\",\"inLanguage\":\"pt-PT\",\"@id\":\"https:\\\/\\\/www.lupatomeccanica.com\\\/pt-pt\\\/#\\\/schema\\\/logo\\\/image\\\/\",\"url\":\"https:\\\/\\\/lupatomeccanica.com\\\/wp-content\\\/uploads\\\/logo-admin.png\",\"contentUrl\":\"https:\\\/\\\/lupatomeccanica.com\\\/wp-content\\\/uploads\\\/logo-admin.png\",\"width\":300,\"height\":59,\"caption\":\"Lupato Meccanica\"},\"image\":{\"@id\":\"https:\\\/\\\/www.lupatomeccanica.com\\\/pt-pt\\\/#\\\/schema\\\/logo\\\/image\\\/\"},\"sameAs\":[\"https:\\\/\\\/www.linkedin.com\\\/company\\\/26996783\\\/\",\"https:\\\/\\\/www.youtube.com\\\/user\\\/LupatoMeccanica\"]}]}<\/script>\n<!-- \/ Yoast SEO plugin. -->","yoast_head_json":{"title":"Sobre n\u00f3s - Lupato Meccanica","description":"Desde 1989, concebemos, projetamos e fabricamos ferramentas para m\u00e1quinas fixas e port\u00e1teis para realizar acabamentos rugosos em m\u00e1rmore","robots":{"index":"index","follow":"follow","max-snippet":"max-snippet:-1","max-image-preview":"max-image-preview:large","max-video-preview":"max-video-preview:-1"},"canonical":"https:\/\/www.lupatomeccanica.com\/pt-pt\/sobre-nos\/","og_locale":"pt_PT","og_type":"article","og_title":"Sobre n\u00f3s - Lupato Meccanica","og_description":"Desde 1989, concebemos, projetamos e fabricamos ferramentas para m\u00e1quinas fixas e port\u00e1teis para realizar acabamentos rugosos em m\u00e1rmore","og_url":"https:\/\/www.lupatomeccanica.com\/pt-pt\/sobre-nos\/","og_site_name":"Lupato Meccanica","article_modified_time":"2024-11-27T09:46:58+00:00","twitter_card":"summary_large_image","twitter_misc":{"Est. reading time":"2 minutes"},"schema":{"@context":"https:\/\/schema.org","@graph":[{"@type":"WebPage","@id":"https:\/\/www.lupatomeccanica.com\/pt-pt\/sobre-nos\/","url":"https:\/\/www.lupatomeccanica.com\/pt-pt\/sobre-nos\/","name":"Sobre n\u00f3s - Lupato Meccanica","isPartOf":{"@id":"https:\/\/www.lupatomeccanica.com\/pt-pt\/#website"},"datePublished":"2021-09-23T13:19:24+00:00","dateModified":"2024-11-27T09:46:58+00:00","description":"Desde 1989, concebemos, projetamos e fabricamos ferramentas para m\u00e1quinas fixas e port\u00e1teis para realizar acabamentos rugosos em m\u00e1rmore","breadcrumb":{"@id":"https:\/\/www.lupatomeccanica.com\/pt-pt\/sobre-nos\/#breadcrumb"},"inLanguage":"pt-PT","potentialAction":[{"@type":"ReadAction","target":["https:\/\/www.lupatomeccanica.com\/pt-pt\/sobre-nos\/"]}]},{"@type":"BreadcrumbList","@id":"https:\/\/www.lupatomeccanica.com\/pt-pt\/sobre-nos\/#breadcrumb","itemListElement":[{"@type":"ListItem","position":1,"name":"Home","item":"https:\/\/www.lupatomeccanica.com\/pt-pt\/"},{"@type":"ListItem","position":2,"name":"Sobre n\u00f3s"}]},{"@type":"WebSite","@id":"https:\/\/www.lupatomeccanica.com\/pt-pt\/#website","url":"https:\/\/www.lupatomeccanica.com\/pt-pt\/","name":"Lupato Meccanica","description":"Utensili per finiture grezze su pietra e calcestruzzo","publisher":{"@id":"https:\/\/www.lupatomeccanica.com\/pt-pt\/#organization"},"potentialAction":[{"@type":"SearchAction","target":{"@type":"EntryPoint","urlTemplate":"https:\/\/www.lupatomeccanica.com\/pt-pt\/?s={search_term_string}"},"query-input":{"@type":"PropertyValueSpecification","valueRequired":true,"valueName":"search_term_string"}}],"inLanguage":"pt-PT"},{"@type":"Organization","@id":"https:\/\/www.lupatomeccanica.com\/pt-pt\/#organization","name":"Lupato Meccanica","url":"https:\/\/www.lupatomeccanica.com\/pt-pt\/","logo":{"@type":"ImageObject","inLanguage":"pt-PT","@id":"https:\/\/www.lupatomeccanica.com\/pt-pt\/#\/schema\/logo\/image\/","url":"https:\/\/lupatomeccanica.com\/wp-content\/uploads\/logo-admin.png","contentUrl":"https:\/\/lupatomeccanica.com\/wp-content\/uploads\/logo-admin.png","width":300,"height":59,"caption":"Lupato Meccanica"},"image":{"@id":"https:\/\/www.lupatomeccanica.com\/pt-pt\/#\/schema\/logo\/image\/"},"sameAs":["https:\/\/www.linkedin.com\/company\/26996783\/","https:\/\/www.youtube.com\/user\/LupatoMeccanica"]}]}},"_links":{"self":[{"href":"https:\/\/www.lupatomeccanica.com\/pt-pt\/wp-json\/wp\/v2\/pages\/14442","targetHints":{"allow":["GET"]}}],"collection":[{"href":"https:\/\/www.lupatomeccanica.com\/pt-pt\/wp-json\/wp\/v2\/pages"}],"about":[{"href":"https:\/\/www.lupatomeccanica.com\/pt-pt\/wp-json\/wp\/v2\/types\/page"}],"author":[{"embeddable":true,"href":"https:\/\/www.lupatomeccanica.com\/pt-pt\/wp-json\/wp\/v2\/users\/1"}],"replies":[{"embeddable":true,"href":"https:\/\/www.lupatomeccanica.com\/pt-pt\/wp-json\/wp\/v2\/comments?post=14442"}],"version-history":[{"count":1,"href":"https:\/\/www.lupatomeccanica.com\/pt-pt\/wp-json\/wp\/v2\/pages\/14442\/revisions"}],"predecessor-version":[{"id":14445,"href":"https:\/\/www.lupatomeccanica.com\/pt-pt\/wp-json\/wp\/v2\/pages\/14442\/revisions\/14445"}],"wp:attachment":[{"href":"https:\/\/www.lupatomeccanica.com\/pt-pt\/wp-json\/wp\/v2\/media?parent=14442"}],"curies":[{"name":"wp","href":"https:\/\/api.w.org\/{rel}","templated":true}]}}