{"id":1635,"date":"2021-09-14T16:03:38","date_gmt":"2021-09-14T16:03:38","guid":{"rendered":"http:\/\/lupatomeccanica.com\/prodotto\/senza-categoria\/protezione-utensili-o150-mm-con-guida-2\/"},"modified":"2026-03-31T09:28:37","modified_gmt":"2026-03-31T07:28:37","slug":"protezione-utensili-o-150-mm-con-guida-5-8","status":"publish","type":"product","link":"https:\/\/www.lupatomeccanica.com\/it\/prodotto\/utensili\/utensili-per-pietra\/tanga-4\/protezione-utensili-o-150-mm-con-guida-5-8\/","title":{"rendered":"Protezione utensili \u00d8 150 mm con guida 5\/8&#8243;"},"content":{"rendered":"","protected":false},"excerpt":{"rendered":"<p>Protezione utensili \u00f8 150 mm con guida \u00e8 una protezione metallica con impugnatura per smerigliatrice angolare, all&#8217;interno della quale \u00e8 possibile applicare gli utensili Tanga 4.<br \/>\nE&#8217; dotata di una guida regolabile per l&#8217;esecuzione delle fascette antiscivolo, anche su scalini gi\u00e0 posati.<\/p>\n","protected":false},"featured_media":1633,"template":"","meta":{"_acf_changed":false,"inline_featured_image":false},"product_brand":[],"product_cat":[113],"product_tag":[],"class_list":{"0":"post-1635","1":"product","2":"type-product","3":"status-publish","4":"has-post-thumbnail","6":"product_cat-tanga-4","8":"first","9":"instock","10":"product-type-simple"},"acf":[],"yoast_head":"<!-- This site is optimized with the Yoast SEO plugin v27.3 - https:\/\/yoast.com\/product\/yoast-seo-wordpress\/ -->\n<title>Protezione utensili \u00d8 150 mm con guida 5\/8&quot; - Lupato Meccanica<\/title>\n<meta name=\"description\" content=\"Protezione utensili \u00f8 150 mm con guida \u00e8 una protezione metallica con impugnatura per smerigliatrice angolare, all&#039;interno della quale \u00e8 possibile applicare gli utensili Tanga 4. E&#039; dotata di una guida regolabile per l&#039;esecuzione delle fascette antiscivolo, anche su scalini gi\u00e0 posati.\" \/>\n<meta name=\"robots\" content=\"index, follow, max-snippet:-1, max-image-preview:large, max-video-preview:-1\" \/>\n<link rel=\"canonical\" href=\"https:\/\/www.lupatomeccanica.com\/it\/prodotto\/utensili\/utensili-per-pietra\/tanga-4\/protezione-utensili-o-150-mm-con-guida-5-8\/\" \/>\n<meta property=\"og:locale\" content=\"it_IT\" \/>\n<meta property=\"og:type\" content=\"article\" \/>\n<meta property=\"og:title\" content=\"Protezione utensili \u00d8 150 mm con guida 5\/8&quot; - Lupato Meccanica\" \/>\n<meta property=\"og:description\" content=\"Protezione utensili \u00f8 150 mm con guida \u00e8 una protezione metallica con impugnatura per smerigliatrice angolare, all&#039;interno della quale \u00e8 possibile applicare gli utensili Tanga 4. E&#039; dotata di una guida regolabile per l&#039;esecuzione delle fascette antiscivolo, anche su scalini gi\u00e0 posati.\" \/>\n<meta property=\"og:url\" content=\"https:\/\/www.lupatomeccanica.com\/it\/prodotto\/utensili\/utensili-per-pietra\/tanga-4\/protezione-utensili-o-150-mm-con-guida-5-8\/\" \/>\n<meta property=\"og:site_name\" content=\"Lupato Meccanica\" \/>\n<meta property=\"article:modified_time\" content=\"2026-03-31T07:28:37+00:00\" \/>\n<meta property=\"og:image\" content=\"https:\/\/www.lupatomeccanica.com\/wp-content\/uploads\/lupato-meccanica-protezione-utensile-o150-con-guida.jpg\" \/>\n\t<meta property=\"og:image:width\" content=\"800\" \/>\n\t<meta property=\"og:image:height\" content=\"800\" \/>\n\t<meta property=\"og:image:type\" content=\"image\/jpeg\" \/>\n<meta name=\"twitter:card\" content=\"summary_large_image\" \/>\n<script type=\"application\/ld+json\" class=\"yoast-schema-graph\">{\"@context\":\"https:\\\/\\\/schema.org\",\"@graph\":[{\"@type\":\"WebPage\",\"@id\":\"https:\\\/\\\/www.lupatomeccanica.com\\\/it\\\/prodotto\\\/utensili\\\/utensili-per-pietra\\\/tanga-4\\\/protezione-utensili-o-150-mm-con-guida-5-8\\\/\",\"url\":\"https:\\\/\\\/www.lupatomeccanica.com\\\/it\\\/prodotto\\\/utensili\\\/utensili-per-pietra\\\/tanga-4\\\/protezione-utensili-o-150-mm-con-guida-5-8\\\/\",\"name\":\"Protezione utensili \u00d8 150 mm con guida 5\\\/8\\\" - Lupato Meccanica\",\"isPartOf\":{\"@id\":\"https:\\\/\\\/www.lupatomeccanica.com\\\/it\\\/#website\"},\"primaryImageOfPage\":{\"@id\":\"https:\\\/\\\/www.lupatomeccanica.com\\\/it\\\/prodotto\\\/utensili\\\/utensili-per-pietra\\\/tanga-4\\\/protezione-utensili-o-150-mm-con-guida-5-8\\\/#primaryimage\"},\"image\":{\"@id\":\"https:\\\/\\\/www.lupatomeccanica.com\\\/it\\\/prodotto\\\/utensili\\\/utensili-per-pietra\\\/tanga-4\\\/protezione-utensili-o-150-mm-con-guida-5-8\\\/#primaryimage\"},\"thumbnailUrl\":\"https:\\\/\\\/www.lupatomeccanica.com\\\/wp-content\\\/uploads\\\/lupato-meccanica-protezione-utensile-o150-con-guida.jpg\",\"datePublished\":\"2021-09-14T16:03:38+00:00\",\"dateModified\":\"2026-03-31T07:28:37+00:00\",\"description\":\"Protezione utensili \u00f8 150 mm con guida \u00e8 una protezione metallica con impugnatura per smerigliatrice angolare, all'interno della quale \u00e8 possibile applicare gli utensili Tanga 4. E' dotata di una guida regolabile per l'esecuzione delle fascette antiscivolo, anche su scalini gi\u00e0 posati.\",\"breadcrumb\":{\"@id\":\"https:\\\/\\\/www.lupatomeccanica.com\\\/it\\\/prodotto\\\/utensili\\\/utensili-per-pietra\\\/tanga-4\\\/protezione-utensili-o-150-mm-con-guida-5-8\\\/#breadcrumb\"},\"inLanguage\":\"it-IT\",\"potentialAction\":[{\"@type\":\"ReadAction\",\"target\":[\"https:\\\/\\\/www.lupatomeccanica.com\\\/it\\\/prodotto\\\/utensili\\\/utensili-per-pietra\\\/tanga-4\\\/protezione-utensili-o-150-mm-con-guida-5-8\\\/\"]}]},{\"@type\":\"ImageObject\",\"inLanguage\":\"it-IT\",\"@id\":\"https:\\\/\\\/www.lupatomeccanica.com\\\/it\\\/prodotto\\\/utensili\\\/utensili-per-pietra\\\/tanga-4\\\/protezione-utensili-o-150-mm-con-guida-5-8\\\/#primaryimage\",\"url\":\"https:\\\/\\\/www.lupatomeccanica.com\\\/wp-content\\\/uploads\\\/lupato-meccanica-protezione-utensile-o150-con-guida.jpg\",\"contentUrl\":\"https:\\\/\\\/www.lupatomeccanica.com\\\/wp-content\\\/uploads\\\/lupato-meccanica-protezione-utensile-o150-con-guida.jpg\",\"width\":800,\"height\":800},{\"@type\":\"BreadcrumbList\",\"@id\":\"https:\\\/\\\/www.lupatomeccanica.com\\\/it\\\/prodotto\\\/utensili\\\/utensili-per-pietra\\\/tanga-4\\\/protezione-utensili-o-150-mm-con-guida-5-8\\\/#breadcrumb\",\"itemListElement\":[{\"@type\":\"ListItem\",\"position\":1,\"name\":\"Home\",\"item\":\"https:\\\/\\\/www.lupatomeccanica.com\\\/it\\\/\"},{\"@type\":\"ListItem\",\"position\":2,\"name\":\"Shop\",\"item\":\"https:\\\/\\\/www.lupatomeccanica.com\\\/it\\\/shop\\\/\"},{\"@type\":\"ListItem\",\"position\":3,\"name\":\"Protezione utensili \u00d8 150 mm con guida 5\\\/8&#8243;\"}]},{\"@type\":\"WebSite\",\"@id\":\"https:\\\/\\\/www.lupatomeccanica.com\\\/it\\\/#website\",\"url\":\"https:\\\/\\\/www.lupatomeccanica.com\\\/it\\\/\",\"name\":\"Lupato Meccanica\",\"description\":\"Utensili per finiture grezze su pietra e calcestruzzo\",\"publisher\":{\"@id\":\"https:\\\/\\\/www.lupatomeccanica.com\\\/it\\\/#organization\"},\"potentialAction\":[{\"@type\":\"SearchAction\",\"target\":{\"@type\":\"EntryPoint\",\"urlTemplate\":\"https:\\\/\\\/www.lupatomeccanica.com\\\/it\\\/?s={search_term_string}\"},\"query-input\":{\"@type\":\"PropertyValueSpecification\",\"valueRequired\":true,\"valueName\":\"search_term_string\"}}],\"inLanguage\":\"it-IT\"},{\"@type\":\"Organization\",\"@id\":\"https:\\\/\\\/www.lupatomeccanica.com\\\/it\\\/#organization\",\"name\":\"Lupato Meccanica\",\"url\":\"https:\\\/\\\/www.lupatomeccanica.com\\\/it\\\/\",\"logo\":{\"@type\":\"ImageObject\",\"inLanguage\":\"it-IT\",\"@id\":\"https:\\\/\\\/www.lupatomeccanica.com\\\/it\\\/#\\\/schema\\\/logo\\\/image\\\/\",\"url\":\"https:\\\/\\\/lupatomeccanica.com\\\/wp-content\\\/uploads\\\/logo-admin.png\",\"contentUrl\":\"https:\\\/\\\/lupatomeccanica.com\\\/wp-content\\\/uploads\\\/logo-admin.png\",\"width\":300,\"height\":59,\"caption\":\"Lupato Meccanica\"},\"image\":{\"@id\":\"https:\\\/\\\/www.lupatomeccanica.com\\\/it\\\/#\\\/schema\\\/logo\\\/image\\\/\"},\"sameAs\":[\"https:\\\/\\\/www.linkedin.com\\\/company\\\/26996783\\\/\",\"https:\\\/\\\/www.youtube.com\\\/user\\\/LupatoMeccanica\"]}]}<\/script>\n<!-- \/ Yoast SEO plugin. -->","yoast_head_json":{"title":"Protezione utensili \u00d8 150 mm con guida 5\/8\" - Lupato Meccanica","description":"Protezione utensili \u00f8 150 mm con guida \u00e8 una protezione metallica con impugnatura per smerigliatrice angolare, all'interno della quale \u00e8 possibile applicare gli utensili Tanga 4. E' dotata di una guida regolabile per l'esecuzione delle fascette antiscivolo, anche su scalini gi\u00e0 posati.","robots":{"index":"index","follow":"follow","max-snippet":"max-snippet:-1","max-image-preview":"max-image-preview:large","max-video-preview":"max-video-preview:-1"},"canonical":"https:\/\/www.lupatomeccanica.com\/it\/prodotto\/utensili\/utensili-per-pietra\/tanga-4\/protezione-utensili-o-150-mm-con-guida-5-8\/","og_locale":"it_IT","og_type":"article","og_title":"Protezione utensili \u00d8 150 mm con guida 5\/8\" - Lupato Meccanica","og_description":"Protezione utensili \u00f8 150 mm con guida \u00e8 una protezione metallica con impugnatura per smerigliatrice angolare, all'interno della quale \u00e8 possibile applicare gli utensili Tanga 4. E' dotata di una guida regolabile per l'esecuzione delle fascette antiscivolo, anche su scalini gi\u00e0 posati.","og_url":"https:\/\/www.lupatomeccanica.com\/it\/prodotto\/utensili\/utensili-per-pietra\/tanga-4\/protezione-utensili-o-150-mm-con-guida-5-8\/","og_site_name":"Lupato Meccanica","article_modified_time":"2026-03-31T07:28:37+00:00","og_image":[{"width":800,"height":800,"url":"https:\/\/www.lupatomeccanica.com\/wp-content\/uploads\/lupato-meccanica-protezione-utensile-o150-con-guida.jpg","type":"image\/jpeg"}],"twitter_card":"summary_large_image","schema":{"@context":"https:\/\/schema.org","@graph":[{"@type":"WebPage","@id":"https:\/\/www.lupatomeccanica.com\/it\/prodotto\/utensili\/utensili-per-pietra\/tanga-4\/protezione-utensili-o-150-mm-con-guida-5-8\/","url":"https:\/\/www.lupatomeccanica.com\/it\/prodotto\/utensili\/utensili-per-pietra\/tanga-4\/protezione-utensili-o-150-mm-con-guida-5-8\/","name":"Protezione utensili \u00d8 150 mm con guida 5\/8\" - Lupato Meccanica","isPartOf":{"@id":"https:\/\/www.lupatomeccanica.com\/it\/#website"},"primaryImageOfPage":{"@id":"https:\/\/www.lupatomeccanica.com\/it\/prodotto\/utensili\/utensili-per-pietra\/tanga-4\/protezione-utensili-o-150-mm-con-guida-5-8\/#primaryimage"},"image":{"@id":"https:\/\/www.lupatomeccanica.com\/it\/prodotto\/utensili\/utensili-per-pietra\/tanga-4\/protezione-utensili-o-150-mm-con-guida-5-8\/#primaryimage"},"thumbnailUrl":"https:\/\/www.lupatomeccanica.com\/wp-content\/uploads\/lupato-meccanica-protezione-utensile-o150-con-guida.jpg","datePublished":"2021-09-14T16:03:38+00:00","dateModified":"2026-03-31T07:28:37+00:00","description":"Protezione utensili \u00f8 150 mm con guida \u00e8 una protezione metallica con impugnatura per smerigliatrice angolare, all'interno della quale \u00e8 possibile applicare gli utensili Tanga 4. E' dotata di una guida regolabile per l'esecuzione delle fascette antiscivolo, anche su scalini gi\u00e0 posati.","breadcrumb":{"@id":"https:\/\/www.lupatomeccanica.com\/it\/prodotto\/utensili\/utensili-per-pietra\/tanga-4\/protezione-utensili-o-150-mm-con-guida-5-8\/#breadcrumb"},"inLanguage":"it-IT","potentialAction":[{"@type":"ReadAction","target":["https:\/\/www.lupatomeccanica.com\/it\/prodotto\/utensili\/utensili-per-pietra\/tanga-4\/protezione-utensili-o-150-mm-con-guida-5-8\/"]}]},{"@type":"ImageObject","inLanguage":"it-IT","@id":"https:\/\/www.lupatomeccanica.com\/it\/prodotto\/utensili\/utensili-per-pietra\/tanga-4\/protezione-utensili-o-150-mm-con-guida-5-8\/#primaryimage","url":"https:\/\/www.lupatomeccanica.com\/wp-content\/uploads\/lupato-meccanica-protezione-utensile-o150-con-guida.jpg","contentUrl":"https:\/\/www.lupatomeccanica.com\/wp-content\/uploads\/lupato-meccanica-protezione-utensile-o150-con-guida.jpg","width":800,"height":800},{"@type":"BreadcrumbList","@id":"https:\/\/www.lupatomeccanica.com\/it\/prodotto\/utensili\/utensili-per-pietra\/tanga-4\/protezione-utensili-o-150-mm-con-guida-5-8\/#breadcrumb","itemListElement":[{"@type":"ListItem","position":1,"name":"Home","item":"https:\/\/www.lupatomeccanica.com\/it\/"},{"@type":"ListItem","position":2,"name":"Shop","item":"https:\/\/www.lupatomeccanica.com\/it\/shop\/"},{"@type":"ListItem","position":3,"name":"Protezione utensili \u00d8 150 mm con guida 5\/8&#8243;"}]},{"@type":"WebSite","@id":"https:\/\/www.lupatomeccanica.com\/it\/#website","url":"https:\/\/www.lupatomeccanica.com\/it\/","name":"Lupato Meccanica","description":"Utensili per finiture grezze su pietra e calcestruzzo","publisher":{"@id":"https:\/\/www.lupatomeccanica.com\/it\/#organization"},"potentialAction":[{"@type":"SearchAction","target":{"@type":"EntryPoint","urlTemplate":"https:\/\/www.lupatomeccanica.com\/it\/?s={search_term_string}"},"query-input":{"@type":"PropertyValueSpecification","valueRequired":true,"valueName":"search_term_string"}}],"inLanguage":"it-IT"},{"@type":"Organization","@id":"https:\/\/www.lupatomeccanica.com\/it\/#organization","name":"Lupato Meccanica","url":"https:\/\/www.lupatomeccanica.com\/it\/","logo":{"@type":"ImageObject","inLanguage":"it-IT","@id":"https:\/\/www.lupatomeccanica.com\/it\/#\/schema\/logo\/image\/","url":"https:\/\/lupatomeccanica.com\/wp-content\/uploads\/logo-admin.png","contentUrl":"https:\/\/lupatomeccanica.com\/wp-content\/uploads\/logo-admin.png","width":300,"height":59,"caption":"Lupato Meccanica"},"image":{"@id":"https:\/\/www.lupatomeccanica.com\/it\/#\/schema\/logo\/image\/"},"sameAs":["https:\/\/www.linkedin.com\/company\/26996783\/","https:\/\/www.youtube.com\/user\/LupatoMeccanica"]}]}},"_links":{"self":[{"href":"https:\/\/www.lupatomeccanica.com\/it\/wp-json\/wp\/v2\/product\/1635","targetHints":{"allow":["GET"]}}],"collection":[{"href":"https:\/\/www.lupatomeccanica.com\/it\/wp-json\/wp\/v2\/product"}],"about":[{"href":"https:\/\/www.lupatomeccanica.com\/it\/wp-json\/wp\/v2\/types\/product"}],"wp:featuredmedia":[{"embeddable":true,"href":"https:\/\/www.lupatomeccanica.com\/it\/wp-json\/wp\/v2\/media\/1633"}],"wp:attachment":[{"href":"https:\/\/www.lupatomeccanica.com\/it\/wp-json\/wp\/v2\/media?parent=1635"}],"wp:term":[{"taxonomy":"product_brand","embeddable":true,"href":"https:\/\/www.lupatomeccanica.com\/it\/wp-json\/wp\/v2\/product_brand?post=1635"},{"taxonomy":"product_cat","embeddable":true,"href":"https:\/\/www.lupatomeccanica.com\/it\/wp-json\/wp\/v2\/product_cat?post=1635"},{"taxonomy":"product_tag","embeddable":true,"href":"https:\/\/www.lupatomeccanica.com\/it\/wp-json\/wp\/v2\/product_tag?post=1635"}],"curies":[{"name":"wp","href":"https:\/\/api.w.org\/{rel}","templated":true}]}}