{"id":16537,"date":"2021-09-14T15:57:59","date_gmt":"2021-09-14T15:57:59","guid":{"rendered":"https:\/\/www.lupatomeccanica.com\/prodotto\/uncategorized\/costa-abrax-3-400-o-110-mm\/"},"modified":"2025-07-04T07:09:50","modified_gmt":"2025-07-04T07:09:50","slug":"costa-abrax-3-400-o-110-mm","status":"publish","type":"product","link":"https:\/\/www.lupatomeccanica.com\/fr\/produit\/utensili\/outils-pour-pierre\/costa\/costa-abrax-3-400-o-110-mm\/","title":{"rendered":"Costa Abrax 3\/400 \u00d8 110 mm"},"content":{"rendered":"","protected":false},"excerpt":{"rendered":"<p>Costa Abrax 3\/400 est un outil de 110\u00a0mm de diam\u00e8tre constitu\u00e9 de 3\u00a0rouleaux avec un grain de 400 en carbure de tungst\u00e8ne, pour le sablage d&#8217;antid\u00e9rapant et de bords sur le marbre et la pierre calcaire.<br \/>\nLes rouleaux peuvent \u00eatre r\u00e9gl\u00e9s sur diff\u00e9rents diam\u00e8tres de travail pour permettre l&#8217;ex\u00e9cution d&#8217;antid\u00e9rapant et de bords de largeurs comprises entre 3 et 10\u00a0cm.<\/p>\n","protected":false},"featured_media":16538,"template":"","meta":{"_acf_changed":false,"inline_featured_image":false},"product_brand":[],"product_cat":[971],"product_tag":[],"class_list":{"0":"post-16537","1":"product","2":"type-product","3":"status-publish","4":"has-post-thumbnail","6":"product_cat-costa","8":"first","9":"instock","10":"product-type-simple"},"acf":[],"yoast_head":"<!-- This site is optimized with the Yoast SEO plugin v27.3 - https:\/\/yoast.com\/product\/yoast-seo-wordpress\/ -->\n<title>Costa Abrax 3\/400 \u00d8 110 mm - Lupato Meccanica<\/title>\n<meta name=\"description\" content=\"Costa Abrax 3\/400 est un outil de 110\u00a0mm de diam\u00e8tre constitu\u00e9 de 3\u00a0rouleaux avec un grain de 400 en carbure de tungst\u00e8ne, pour le sablage d&#039;antid\u00e9rapant et de bords sur le marbre et la pierre calcaire. Les rouleaux peuvent \u00eatre r\u00e9gl\u00e9s sur diff\u00e9rents diam\u00e8tres de travail pour permettre l&#039;ex\u00e9cution d&#039;antid\u00e9rapant et de bords de largeurs comprises entre 3 et 10\u00a0cm.\" \/>\n<meta name=\"robots\" content=\"index, follow, max-snippet:-1, max-image-preview:large, max-video-preview:-1\" \/>\n<link rel=\"canonical\" href=\"https:\/\/www.lupatomeccanica.com\/fr\/produit\/utensili\/outils-pour-pierre\/costa\/costa-abrax-3-400-o-110-mm\/\" \/>\n<meta property=\"og:locale\" content=\"fr_FR\" \/>\n<meta property=\"og:type\" content=\"article\" \/>\n<meta property=\"og:title\" content=\"Costa Abrax 3\/400 \u00d8 110 mm - Lupato Meccanica\" \/>\n<meta property=\"og:description\" content=\"Costa Abrax 3\/400 est un outil de 110\u00a0mm de diam\u00e8tre constitu\u00e9 de 3\u00a0rouleaux avec un grain de 400 en carbure de tungst\u00e8ne, pour le sablage d&#039;antid\u00e9rapant et de bords sur le marbre et la pierre calcaire. Les rouleaux peuvent \u00eatre r\u00e9gl\u00e9s sur diff\u00e9rents diam\u00e8tres de travail pour permettre l&#039;ex\u00e9cution d&#039;antid\u00e9rapant et de bords de largeurs comprises entre 3 et 10\u00a0cm.\" \/>\n<meta property=\"og:url\" content=\"https:\/\/www.lupatomeccanica.com\/fr\/produit\/utensili\/outils-pour-pierre\/costa\/costa-abrax-3-400-o-110-mm\/\" \/>\n<meta property=\"og:site_name\" content=\"Lupato Meccanica\" \/>\n<meta property=\"article:modified_time\" content=\"2025-07-04T07:09:50+00:00\" \/>\n<meta property=\"og:image\" content=\"https:\/\/www.lupatomeccanica.com\/wp-content\/uploads\/lupato-meccanica-costa-3-abrax-400.jpg\" \/>\n\t<meta property=\"og:image:width\" content=\"800\" \/>\n\t<meta property=\"og:image:height\" content=\"800\" \/>\n\t<meta property=\"og:image:type\" content=\"image\/jpeg\" \/>\n<meta name=\"twitter:card\" content=\"summary_large_image\" \/>\n<script type=\"application\/ld+json\" class=\"yoast-schema-graph\">{\"@context\":\"https:\\\/\\\/schema.org\",\"@graph\":[{\"@type\":\"WebPage\",\"@id\":\"https:\\\/\\\/www.lupatomeccanica.com\\\/fr\\\/produit\\\/utensili\\\/outils-pour-pierre\\\/costa\\\/costa-abrax-3-400-o-110-mm\\\/\",\"url\":\"https:\\\/\\\/www.lupatomeccanica.com\\\/fr\\\/produit\\\/utensili\\\/outils-pour-pierre\\\/costa\\\/costa-abrax-3-400-o-110-mm\\\/\",\"name\":\"Costa Abrax 3\\\/400 \u00d8 110 mm - Lupato Meccanica\",\"isPartOf\":{\"@id\":\"https:\\\/\\\/www.lupatomeccanica.com\\\/fr\\\/#website\"},\"primaryImageOfPage\":{\"@id\":\"https:\\\/\\\/www.lupatomeccanica.com\\\/fr\\\/produit\\\/utensili\\\/outils-pour-pierre\\\/costa\\\/costa-abrax-3-400-o-110-mm\\\/#primaryimage\"},\"image\":{\"@id\":\"https:\\\/\\\/www.lupatomeccanica.com\\\/fr\\\/produit\\\/utensili\\\/outils-pour-pierre\\\/costa\\\/costa-abrax-3-400-o-110-mm\\\/#primaryimage\"},\"thumbnailUrl\":\"https:\\\/\\\/www.lupatomeccanica.com\\\/wp-content\\\/uploads\\\/lupato-meccanica-costa-3-abrax-400.jpg\",\"datePublished\":\"2021-09-14T15:57:59+00:00\",\"dateModified\":\"2025-07-04T07:09:50+00:00\",\"description\":\"Costa Abrax 3\\\/400 est un outil de 110\u00a0mm de diam\u00e8tre constitu\u00e9 de 3\u00a0rouleaux avec un grain de 400 en carbure de tungst\u00e8ne, pour le sablage d'antid\u00e9rapant et de bords sur le marbre et la pierre calcaire. Les rouleaux peuvent \u00eatre r\u00e9gl\u00e9s sur diff\u00e9rents diam\u00e8tres de travail pour permettre l'ex\u00e9cution d'antid\u00e9rapant et de bords de largeurs comprises entre 3 et 10\u00a0cm.\",\"breadcrumb\":{\"@id\":\"https:\\\/\\\/www.lupatomeccanica.com\\\/fr\\\/produit\\\/utensili\\\/outils-pour-pierre\\\/costa\\\/costa-abrax-3-400-o-110-mm\\\/#breadcrumb\"},\"inLanguage\":\"fr-FR\",\"potentialAction\":[{\"@type\":\"ReadAction\",\"target\":[\"https:\\\/\\\/www.lupatomeccanica.com\\\/fr\\\/produit\\\/utensili\\\/outils-pour-pierre\\\/costa\\\/costa-abrax-3-400-o-110-mm\\\/\"]}]},{\"@type\":\"ImageObject\",\"inLanguage\":\"fr-FR\",\"@id\":\"https:\\\/\\\/www.lupatomeccanica.com\\\/fr\\\/produit\\\/utensili\\\/outils-pour-pierre\\\/costa\\\/costa-abrax-3-400-o-110-mm\\\/#primaryimage\",\"url\":\"https:\\\/\\\/www.lupatomeccanica.com\\\/wp-content\\\/uploads\\\/lupato-meccanica-costa-3-abrax-400.jpg\",\"contentUrl\":\"https:\\\/\\\/www.lupatomeccanica.com\\\/wp-content\\\/uploads\\\/lupato-meccanica-costa-3-abrax-400.jpg\",\"width\":800,\"height\":800},{\"@type\":\"BreadcrumbList\",\"@id\":\"https:\\\/\\\/www.lupatomeccanica.com\\\/fr\\\/produit\\\/utensili\\\/outils-pour-pierre\\\/costa\\\/costa-abrax-3-400-o-110-mm\\\/#breadcrumb\",\"itemListElement\":[{\"@type\":\"ListItem\",\"position\":1,\"name\":\"Home\",\"item\":\"https:\\\/\\\/www.lupatomeccanica.com\\\/fr\\\/\"},{\"@type\":\"ListItem\",\"position\":2,\"name\":\"Shop\",\"item\":\"https:\\\/\\\/www.lupatomeccanica.com\\\/fr\\\/shop\\\/\"},{\"@type\":\"ListItem\",\"position\":3,\"name\":\"Costa Abrax 3\\\/400 \u00d8 110 mm\"}]},{\"@type\":\"WebSite\",\"@id\":\"https:\\\/\\\/www.lupatomeccanica.com\\\/fr\\\/#website\",\"url\":\"https:\\\/\\\/www.lupatomeccanica.com\\\/fr\\\/\",\"name\":\"Lupato Meccanica\",\"description\":\"Utensili per finiture grezze su pietra e calcestruzzo\",\"publisher\":{\"@id\":\"https:\\\/\\\/www.lupatomeccanica.com\\\/fr\\\/#organization\"},\"potentialAction\":[{\"@type\":\"SearchAction\",\"target\":{\"@type\":\"EntryPoint\",\"urlTemplate\":\"https:\\\/\\\/www.lupatomeccanica.com\\\/fr\\\/?s={search_term_string}\"},\"query-input\":{\"@type\":\"PropertyValueSpecification\",\"valueRequired\":true,\"valueName\":\"search_term_string\"}}],\"inLanguage\":\"fr-FR\"},{\"@type\":\"Organization\",\"@id\":\"https:\\\/\\\/www.lupatomeccanica.com\\\/fr\\\/#organization\",\"name\":\"Lupato Meccanica\",\"url\":\"https:\\\/\\\/www.lupatomeccanica.com\\\/fr\\\/\",\"logo\":{\"@type\":\"ImageObject\",\"inLanguage\":\"fr-FR\",\"@id\":\"https:\\\/\\\/www.lupatomeccanica.com\\\/fr\\\/#\\\/schema\\\/logo\\\/image\\\/\",\"url\":\"https:\\\/\\\/lupatomeccanica.com\\\/wp-content\\\/uploads\\\/logo-admin.png\",\"contentUrl\":\"https:\\\/\\\/lupatomeccanica.com\\\/wp-content\\\/uploads\\\/logo-admin.png\",\"width\":300,\"height\":59,\"caption\":\"Lupato Meccanica\"},\"image\":{\"@id\":\"https:\\\/\\\/www.lupatomeccanica.com\\\/fr\\\/#\\\/schema\\\/logo\\\/image\\\/\"},\"sameAs\":[\"https:\\\/\\\/www.linkedin.com\\\/company\\\/26996783\\\/\",\"https:\\\/\\\/www.youtube.com\\\/user\\\/LupatoMeccanica\"]}]}<\/script>\n<!-- \/ Yoast SEO plugin. -->","yoast_head_json":{"title":"Costa Abrax 3\/400 \u00d8 110 mm - Lupato Meccanica","description":"Costa Abrax 3\/400 est un outil de 110\u00a0mm de diam\u00e8tre constitu\u00e9 de 3\u00a0rouleaux avec un grain de 400 en carbure de tungst\u00e8ne, pour le sablage d'antid\u00e9rapant et de bords sur le marbre et la pierre calcaire. Les rouleaux peuvent \u00eatre r\u00e9gl\u00e9s sur diff\u00e9rents diam\u00e8tres de travail pour permettre l'ex\u00e9cution d'antid\u00e9rapant et de bords de largeurs comprises entre 3 et 10\u00a0cm.","robots":{"index":"index","follow":"follow","max-snippet":"max-snippet:-1","max-image-preview":"max-image-preview:large","max-video-preview":"max-video-preview:-1"},"canonical":"https:\/\/www.lupatomeccanica.com\/fr\/produit\/utensili\/outils-pour-pierre\/costa\/costa-abrax-3-400-o-110-mm\/","og_locale":"fr_FR","og_type":"article","og_title":"Costa Abrax 3\/400 \u00d8 110 mm - Lupato Meccanica","og_description":"Costa Abrax 3\/400 est un outil de 110\u00a0mm de diam\u00e8tre constitu\u00e9 de 3\u00a0rouleaux avec un grain de 400 en carbure de tungst\u00e8ne, pour le sablage d'antid\u00e9rapant et de bords sur le marbre et la pierre calcaire. Les rouleaux peuvent \u00eatre r\u00e9gl\u00e9s sur diff\u00e9rents diam\u00e8tres de travail pour permettre l'ex\u00e9cution d'antid\u00e9rapant et de bords de largeurs comprises entre 3 et 10\u00a0cm.","og_url":"https:\/\/www.lupatomeccanica.com\/fr\/produit\/utensili\/outils-pour-pierre\/costa\/costa-abrax-3-400-o-110-mm\/","og_site_name":"Lupato Meccanica","article_modified_time":"2025-07-04T07:09:50+00:00","og_image":[{"width":800,"height":800,"url":"https:\/\/www.lupatomeccanica.com\/wp-content\/uploads\/lupato-meccanica-costa-3-abrax-400.jpg","type":"image\/jpeg"}],"twitter_card":"summary_large_image","schema":{"@context":"https:\/\/schema.org","@graph":[{"@type":"WebPage","@id":"https:\/\/www.lupatomeccanica.com\/fr\/produit\/utensili\/outils-pour-pierre\/costa\/costa-abrax-3-400-o-110-mm\/","url":"https:\/\/www.lupatomeccanica.com\/fr\/produit\/utensili\/outils-pour-pierre\/costa\/costa-abrax-3-400-o-110-mm\/","name":"Costa Abrax 3\/400 \u00d8 110 mm - Lupato Meccanica","isPartOf":{"@id":"https:\/\/www.lupatomeccanica.com\/fr\/#website"},"primaryImageOfPage":{"@id":"https:\/\/www.lupatomeccanica.com\/fr\/produit\/utensili\/outils-pour-pierre\/costa\/costa-abrax-3-400-o-110-mm\/#primaryimage"},"image":{"@id":"https:\/\/www.lupatomeccanica.com\/fr\/produit\/utensili\/outils-pour-pierre\/costa\/costa-abrax-3-400-o-110-mm\/#primaryimage"},"thumbnailUrl":"https:\/\/www.lupatomeccanica.com\/wp-content\/uploads\/lupato-meccanica-costa-3-abrax-400.jpg","datePublished":"2021-09-14T15:57:59+00:00","dateModified":"2025-07-04T07:09:50+00:00","description":"Costa Abrax 3\/400 est un outil de 110\u00a0mm de diam\u00e8tre constitu\u00e9 de 3\u00a0rouleaux avec un grain de 400 en carbure de tungst\u00e8ne, pour le sablage d'antid\u00e9rapant et de bords sur le marbre et la pierre calcaire. Les rouleaux peuvent \u00eatre r\u00e9gl\u00e9s sur diff\u00e9rents diam\u00e8tres de travail pour permettre l'ex\u00e9cution d'antid\u00e9rapant et de bords de largeurs comprises entre 3 et 10\u00a0cm.","breadcrumb":{"@id":"https:\/\/www.lupatomeccanica.com\/fr\/produit\/utensili\/outils-pour-pierre\/costa\/costa-abrax-3-400-o-110-mm\/#breadcrumb"},"inLanguage":"fr-FR","potentialAction":[{"@type":"ReadAction","target":["https:\/\/www.lupatomeccanica.com\/fr\/produit\/utensili\/outils-pour-pierre\/costa\/costa-abrax-3-400-o-110-mm\/"]}]},{"@type":"ImageObject","inLanguage":"fr-FR","@id":"https:\/\/www.lupatomeccanica.com\/fr\/produit\/utensili\/outils-pour-pierre\/costa\/costa-abrax-3-400-o-110-mm\/#primaryimage","url":"https:\/\/www.lupatomeccanica.com\/wp-content\/uploads\/lupato-meccanica-costa-3-abrax-400.jpg","contentUrl":"https:\/\/www.lupatomeccanica.com\/wp-content\/uploads\/lupato-meccanica-costa-3-abrax-400.jpg","width":800,"height":800},{"@type":"BreadcrumbList","@id":"https:\/\/www.lupatomeccanica.com\/fr\/produit\/utensili\/outils-pour-pierre\/costa\/costa-abrax-3-400-o-110-mm\/#breadcrumb","itemListElement":[{"@type":"ListItem","position":1,"name":"Home","item":"https:\/\/www.lupatomeccanica.com\/fr\/"},{"@type":"ListItem","position":2,"name":"Shop","item":"https:\/\/www.lupatomeccanica.com\/fr\/shop\/"},{"@type":"ListItem","position":3,"name":"Costa Abrax 3\/400 \u00d8 110 mm"}]},{"@type":"WebSite","@id":"https:\/\/www.lupatomeccanica.com\/fr\/#website","url":"https:\/\/www.lupatomeccanica.com\/fr\/","name":"Lupato Meccanica","description":"Utensili per finiture grezze su pietra e calcestruzzo","publisher":{"@id":"https:\/\/www.lupatomeccanica.com\/fr\/#organization"},"potentialAction":[{"@type":"SearchAction","target":{"@type":"EntryPoint","urlTemplate":"https:\/\/www.lupatomeccanica.com\/fr\/?s={search_term_string}"},"query-input":{"@type":"PropertyValueSpecification","valueRequired":true,"valueName":"search_term_string"}}],"inLanguage":"fr-FR"},{"@type":"Organization","@id":"https:\/\/www.lupatomeccanica.com\/fr\/#organization","name":"Lupato Meccanica","url":"https:\/\/www.lupatomeccanica.com\/fr\/","logo":{"@type":"ImageObject","inLanguage":"fr-FR","@id":"https:\/\/www.lupatomeccanica.com\/fr\/#\/schema\/logo\/image\/","url":"https:\/\/lupatomeccanica.com\/wp-content\/uploads\/logo-admin.png","contentUrl":"https:\/\/lupatomeccanica.com\/wp-content\/uploads\/logo-admin.png","width":300,"height":59,"caption":"Lupato Meccanica"},"image":{"@id":"https:\/\/www.lupatomeccanica.com\/fr\/#\/schema\/logo\/image\/"},"sameAs":["https:\/\/www.linkedin.com\/company\/26996783\/","https:\/\/www.youtube.com\/user\/LupatoMeccanica"]}]}},"_links":{"self":[{"href":"https:\/\/www.lupatomeccanica.com\/fr\/wp-json\/wp\/v2\/product\/16537","targetHints":{"allow":["GET"]}}],"collection":[{"href":"https:\/\/www.lupatomeccanica.com\/fr\/wp-json\/wp\/v2\/product"}],"about":[{"href":"https:\/\/www.lupatomeccanica.com\/fr\/wp-json\/wp\/v2\/types\/product"}],"wp:featuredmedia":[{"embeddable":true,"href":"https:\/\/www.lupatomeccanica.com\/fr\/wp-json\/wp\/v2\/media\/16538"}],"wp:attachment":[{"href":"https:\/\/www.lupatomeccanica.com\/fr\/wp-json\/wp\/v2\/media?parent=16537"}],"wp:term":[{"taxonomy":"product_brand","embeddable":true,"href":"https:\/\/www.lupatomeccanica.com\/fr\/wp-json\/wp\/v2\/product_brand?post=16537"},{"taxonomy":"product_cat","embeddable":true,"href":"https:\/\/www.lupatomeccanica.com\/fr\/wp-json\/wp\/v2\/product_cat?post=16537"},{"taxonomy":"product_tag","embeddable":true,"href":"https:\/\/www.lupatomeccanica.com\/fr\/wp-json\/wp\/v2\/product_tag?post=16537"}],"curies":[{"name":"wp","href":"https:\/\/api.w.org\/{rel}","templated":true}]}}