{"id":16323,"date":"2021-09-14T15:55:52","date_gmt":"2021-09-14T15:55:52","guid":{"rendered":"https:\/\/www.lupatomeccanica.com\/prodotto\/uncategorized\/hammer-12-20-o-460-mm\/"},"modified":"2025-07-04T07:13:37","modified_gmt":"2025-07-04T07:13:37","slug":"hammer-12-20-o-460-mm","status":"publish","type":"product","link":"https:\/\/www.lupatomeccanica.com\/fr\/produit\/utensili\/outils-pour-pierre\/hammer\/hammer-12-20-o-460-mm\/","title":{"rendered":"Hammer 12\/20 \u00d8 460 mm"},"content":{"rendered":"","protected":false},"excerpt":{"rendered":"<p>Hammer 12\/20 est un outil de 460\u00a0mm de diam\u00e8tre constitu\u00e9 de 12\u00a0rouleaux \u00e0 20\u00a0pointes chacun, pour le bouchardage moyen sur les plaques de granit et de pierre abrasive.<br \/>\nLa longue dur\u00e9e de vie de l&#8217;outil sur les pierres dures et abrasives est garantie par le syst\u00e8me de compensation de l&#8217;usure de la pointe par l&#8217;usure du rouleau, de sorte que les pointes restent parfaitement aff\u00fbt\u00e9es jusqu&#8217;\u00e0 ce que le rouleau soit compl\u00e8tement us\u00e9.<\/p>\n","protected":false},"featured_media":17208,"template":"","meta":{"_acf_changed":false,"inline_featured_image":false},"product_brand":[],"product_cat":[980],"product_tag":[],"class_list":{"0":"post-16323","1":"product","2":"type-product","3":"status-publish","4":"has-post-thumbnail","6":"product_cat-hammer","7":"pa_diametro-del-piatto-macchina-o-400mm500mm-fr","9":"first","10":"instock","11":"product-type-simple"},"acf":[],"yoast_head":"<!-- This site is optimized with the Yoast SEO plugin v27.3 - https:\/\/yoast.com\/product\/yoast-seo-wordpress\/ -->\n<title>Hammer 12\/20 \u00d8 460 mm - Lupato Meccanica<\/title>\n<meta name=\"description\" content=\"Hammer 12\/20 est un outil de 460\u00a0mm de diam\u00e8tre constitu\u00e9 de 12\u00a0rouleaux \u00e0 20\u00a0pointes chacun, pour le bouchardage moyen sur les plaques de granit et de pierre abrasive. La longue dur\u00e9e de vie de l&#039;outil sur les pierres dures et abrasives est garantie par le syst\u00e8me de compensation de l&#039;usure de la pointe par l&#039;usure du rouleau, de sorte que les pointes restent parfaitement aff\u00fbt\u00e9es jusqu&#039;\u00e0 ce que le rouleau soit compl\u00e8tement us\u00e9.\" \/>\n<meta name=\"robots\" content=\"index, follow, max-snippet:-1, max-image-preview:large, max-video-preview:-1\" \/>\n<link rel=\"canonical\" href=\"https:\/\/www.lupatomeccanica.com\/fr\/produit\/utensili\/outils-pour-pierre\/hammer\/hammer-12-20-o-460-mm\/\" \/>\n<meta property=\"og:locale\" content=\"fr_FR\" \/>\n<meta property=\"og:type\" content=\"article\" \/>\n<meta property=\"og:title\" content=\"Hammer 12\/20 \u00d8 460 mm - Lupato Meccanica\" \/>\n<meta property=\"og:description\" content=\"Hammer 12\/20 est un outil de 460\u00a0mm de diam\u00e8tre constitu\u00e9 de 12\u00a0rouleaux \u00e0 20\u00a0pointes chacun, pour le bouchardage moyen sur les plaques de granit et de pierre abrasive. La longue dur\u00e9e de vie de l&#039;outil sur les pierres dures et abrasives est garantie par le syst\u00e8me de compensation de l&#039;usure de la pointe par l&#039;usure du rouleau, de sorte que les pointes restent parfaitement aff\u00fbt\u00e9es jusqu&#039;\u00e0 ce que le rouleau soit compl\u00e8tement us\u00e9.\" \/>\n<meta property=\"og:url\" content=\"https:\/\/www.lupatomeccanica.com\/fr\/produit\/utensili\/outils-pour-pierre\/hammer\/hammer-12-20-o-460-mm\/\" \/>\n<meta property=\"og:site_name\" content=\"Lupato Meccanica\" \/>\n<meta property=\"article:modified_time\" content=\"2025-07-04T07:13:37+00:00\" \/>\n<meta property=\"og:image\" content=\"https:\/\/www.lupatomeccanica.com\/wp-content\/uploads\/lupato-meccanica-hammer-12-20.jpg\" \/>\n\t<meta property=\"og:image:width\" content=\"800\" \/>\n\t<meta property=\"og:image:height\" content=\"800\" \/>\n\t<meta property=\"og:image:type\" content=\"image\/jpeg\" \/>\n<meta name=\"twitter:card\" content=\"summary_large_image\" \/>\n<script type=\"application\/ld+json\" class=\"yoast-schema-graph\">{\"@context\":\"https:\\\/\\\/schema.org\",\"@graph\":[{\"@type\":\"WebPage\",\"@id\":\"https:\\\/\\\/www.lupatomeccanica.com\\\/fr\\\/produit\\\/utensili\\\/outils-pour-pierre\\\/hammer\\\/hammer-12-20-o-460-mm\\\/\",\"url\":\"https:\\\/\\\/www.lupatomeccanica.com\\\/fr\\\/produit\\\/utensili\\\/outils-pour-pierre\\\/hammer\\\/hammer-12-20-o-460-mm\\\/\",\"name\":\"Hammer 12\\\/20 \u00d8 460 mm - Lupato Meccanica\",\"isPartOf\":{\"@id\":\"https:\\\/\\\/www.lupatomeccanica.com\\\/fr\\\/#website\"},\"primaryImageOfPage\":{\"@id\":\"https:\\\/\\\/www.lupatomeccanica.com\\\/fr\\\/produit\\\/utensili\\\/outils-pour-pierre\\\/hammer\\\/hammer-12-20-o-460-mm\\\/#primaryimage\"},\"image\":{\"@id\":\"https:\\\/\\\/www.lupatomeccanica.com\\\/fr\\\/produit\\\/utensili\\\/outils-pour-pierre\\\/hammer\\\/hammer-12-20-o-460-mm\\\/#primaryimage\"},\"thumbnailUrl\":\"https:\\\/\\\/www.lupatomeccanica.com\\\/wp-content\\\/uploads\\\/lupato-meccanica-hammer-12-20.jpg\",\"datePublished\":\"2021-09-14T15:55:52+00:00\",\"dateModified\":\"2025-07-04T07:13:37+00:00\",\"description\":\"Hammer 12\\\/20 est un outil de 460\u00a0mm de diam\u00e8tre constitu\u00e9 de 12\u00a0rouleaux \u00e0 20\u00a0pointes chacun, pour le bouchardage moyen sur les plaques de granit et de pierre abrasive. La longue dur\u00e9e de vie de l'outil sur les pierres dures et abrasives est garantie par le syst\u00e8me de compensation de l'usure de la pointe par l'usure du rouleau, de sorte que les pointes restent parfaitement aff\u00fbt\u00e9es jusqu'\u00e0 ce que le rouleau soit compl\u00e8tement us\u00e9.\",\"breadcrumb\":{\"@id\":\"https:\\\/\\\/www.lupatomeccanica.com\\\/fr\\\/produit\\\/utensili\\\/outils-pour-pierre\\\/hammer\\\/hammer-12-20-o-460-mm\\\/#breadcrumb\"},\"inLanguage\":\"fr-FR\",\"potentialAction\":[{\"@type\":\"ReadAction\",\"target\":[\"https:\\\/\\\/www.lupatomeccanica.com\\\/fr\\\/produit\\\/utensili\\\/outils-pour-pierre\\\/hammer\\\/hammer-12-20-o-460-mm\\\/\"]}]},{\"@type\":\"ImageObject\",\"inLanguage\":\"fr-FR\",\"@id\":\"https:\\\/\\\/www.lupatomeccanica.com\\\/fr\\\/produit\\\/utensili\\\/outils-pour-pierre\\\/hammer\\\/hammer-12-20-o-460-mm\\\/#primaryimage\",\"url\":\"https:\\\/\\\/www.lupatomeccanica.com\\\/wp-content\\\/uploads\\\/lupato-meccanica-hammer-12-20.jpg\",\"contentUrl\":\"https:\\\/\\\/www.lupatomeccanica.com\\\/wp-content\\\/uploads\\\/lupato-meccanica-hammer-12-20.jpg\",\"width\":800,\"height\":800},{\"@type\":\"BreadcrumbList\",\"@id\":\"https:\\\/\\\/www.lupatomeccanica.com\\\/fr\\\/produit\\\/utensili\\\/outils-pour-pierre\\\/hammer\\\/hammer-12-20-o-460-mm\\\/#breadcrumb\",\"itemListElement\":[{\"@type\":\"ListItem\",\"position\":1,\"name\":\"Home\",\"item\":\"https:\\\/\\\/www.lupatomeccanica.com\\\/fr\\\/\"},{\"@type\":\"ListItem\",\"position\":2,\"name\":\"Shop\",\"item\":\"https:\\\/\\\/www.lupatomeccanica.com\\\/fr\\\/shop\\\/\"},{\"@type\":\"ListItem\",\"position\":3,\"name\":\"Hammer 12\\\/20 \u00d8 460 mm\"}]},{\"@type\":\"WebSite\",\"@id\":\"https:\\\/\\\/www.lupatomeccanica.com\\\/fr\\\/#website\",\"url\":\"https:\\\/\\\/www.lupatomeccanica.com\\\/fr\\\/\",\"name\":\"Lupato Meccanica\",\"description\":\"Utensili per finiture grezze su pietra e calcestruzzo\",\"publisher\":{\"@id\":\"https:\\\/\\\/www.lupatomeccanica.com\\\/fr\\\/#organization\"},\"potentialAction\":[{\"@type\":\"SearchAction\",\"target\":{\"@type\":\"EntryPoint\",\"urlTemplate\":\"https:\\\/\\\/www.lupatomeccanica.com\\\/fr\\\/?s={search_term_string}\"},\"query-input\":{\"@type\":\"PropertyValueSpecification\",\"valueRequired\":true,\"valueName\":\"search_term_string\"}}],\"inLanguage\":\"fr-FR\"},{\"@type\":\"Organization\",\"@id\":\"https:\\\/\\\/www.lupatomeccanica.com\\\/fr\\\/#organization\",\"name\":\"Lupato Meccanica\",\"url\":\"https:\\\/\\\/www.lupatomeccanica.com\\\/fr\\\/\",\"logo\":{\"@type\":\"ImageObject\",\"inLanguage\":\"fr-FR\",\"@id\":\"https:\\\/\\\/www.lupatomeccanica.com\\\/fr\\\/#\\\/schema\\\/logo\\\/image\\\/\",\"url\":\"https:\\\/\\\/lupatomeccanica.com\\\/wp-content\\\/uploads\\\/logo-admin.png\",\"contentUrl\":\"https:\\\/\\\/lupatomeccanica.com\\\/wp-content\\\/uploads\\\/logo-admin.png\",\"width\":300,\"height\":59,\"caption\":\"Lupato Meccanica\"},\"image\":{\"@id\":\"https:\\\/\\\/www.lupatomeccanica.com\\\/fr\\\/#\\\/schema\\\/logo\\\/image\\\/\"},\"sameAs\":[\"https:\\\/\\\/www.linkedin.com\\\/company\\\/26996783\\\/\",\"https:\\\/\\\/www.youtube.com\\\/user\\\/LupatoMeccanica\"]}]}<\/script>\n<!-- \/ Yoast SEO plugin. -->","yoast_head_json":{"title":"Hammer 12\/20 \u00d8 460 mm - Lupato Meccanica","description":"Hammer 12\/20 est un outil de 460\u00a0mm de diam\u00e8tre constitu\u00e9 de 12\u00a0rouleaux \u00e0 20\u00a0pointes chacun, pour le bouchardage moyen sur les plaques de granit et de pierre abrasive. La longue dur\u00e9e de vie de l'outil sur les pierres dures et abrasives est garantie par le syst\u00e8me de compensation de l'usure de la pointe par l'usure du rouleau, de sorte que les pointes restent parfaitement aff\u00fbt\u00e9es jusqu'\u00e0 ce que le rouleau soit compl\u00e8tement us\u00e9.","robots":{"index":"index","follow":"follow","max-snippet":"max-snippet:-1","max-image-preview":"max-image-preview:large","max-video-preview":"max-video-preview:-1"},"canonical":"https:\/\/www.lupatomeccanica.com\/fr\/produit\/utensili\/outils-pour-pierre\/hammer\/hammer-12-20-o-460-mm\/","og_locale":"fr_FR","og_type":"article","og_title":"Hammer 12\/20 \u00d8 460 mm - Lupato Meccanica","og_description":"Hammer 12\/20 est un outil de 460\u00a0mm de diam\u00e8tre constitu\u00e9 de 12\u00a0rouleaux \u00e0 20\u00a0pointes chacun, pour le bouchardage moyen sur les plaques de granit et de pierre abrasive. La longue dur\u00e9e de vie de l'outil sur les pierres dures et abrasives est garantie par le syst\u00e8me de compensation de l'usure de la pointe par l'usure du rouleau, de sorte que les pointes restent parfaitement aff\u00fbt\u00e9es jusqu'\u00e0 ce que le rouleau soit compl\u00e8tement us\u00e9.","og_url":"https:\/\/www.lupatomeccanica.com\/fr\/produit\/utensili\/outils-pour-pierre\/hammer\/hammer-12-20-o-460-mm\/","og_site_name":"Lupato Meccanica","article_modified_time":"2025-07-04T07:13:37+00:00","og_image":[{"width":800,"height":800,"url":"https:\/\/www.lupatomeccanica.com\/wp-content\/uploads\/lupato-meccanica-hammer-12-20.jpg","type":"image\/jpeg"}],"twitter_card":"summary_large_image","schema":{"@context":"https:\/\/schema.org","@graph":[{"@type":"WebPage","@id":"https:\/\/www.lupatomeccanica.com\/fr\/produit\/utensili\/outils-pour-pierre\/hammer\/hammer-12-20-o-460-mm\/","url":"https:\/\/www.lupatomeccanica.com\/fr\/produit\/utensili\/outils-pour-pierre\/hammer\/hammer-12-20-o-460-mm\/","name":"Hammer 12\/20 \u00d8 460 mm - Lupato Meccanica","isPartOf":{"@id":"https:\/\/www.lupatomeccanica.com\/fr\/#website"},"primaryImageOfPage":{"@id":"https:\/\/www.lupatomeccanica.com\/fr\/produit\/utensili\/outils-pour-pierre\/hammer\/hammer-12-20-o-460-mm\/#primaryimage"},"image":{"@id":"https:\/\/www.lupatomeccanica.com\/fr\/produit\/utensili\/outils-pour-pierre\/hammer\/hammer-12-20-o-460-mm\/#primaryimage"},"thumbnailUrl":"https:\/\/www.lupatomeccanica.com\/wp-content\/uploads\/lupato-meccanica-hammer-12-20.jpg","datePublished":"2021-09-14T15:55:52+00:00","dateModified":"2025-07-04T07:13:37+00:00","description":"Hammer 12\/20 est un outil de 460\u00a0mm de diam\u00e8tre constitu\u00e9 de 12\u00a0rouleaux \u00e0 20\u00a0pointes chacun, pour le bouchardage moyen sur les plaques de granit et de pierre abrasive. La longue dur\u00e9e de vie de l'outil sur les pierres dures et abrasives est garantie par le syst\u00e8me de compensation de l'usure de la pointe par l'usure du rouleau, de sorte que les pointes restent parfaitement aff\u00fbt\u00e9es jusqu'\u00e0 ce que le rouleau soit compl\u00e8tement us\u00e9.","breadcrumb":{"@id":"https:\/\/www.lupatomeccanica.com\/fr\/produit\/utensili\/outils-pour-pierre\/hammer\/hammer-12-20-o-460-mm\/#breadcrumb"},"inLanguage":"fr-FR","potentialAction":[{"@type":"ReadAction","target":["https:\/\/www.lupatomeccanica.com\/fr\/produit\/utensili\/outils-pour-pierre\/hammer\/hammer-12-20-o-460-mm\/"]}]},{"@type":"ImageObject","inLanguage":"fr-FR","@id":"https:\/\/www.lupatomeccanica.com\/fr\/produit\/utensili\/outils-pour-pierre\/hammer\/hammer-12-20-o-460-mm\/#primaryimage","url":"https:\/\/www.lupatomeccanica.com\/wp-content\/uploads\/lupato-meccanica-hammer-12-20.jpg","contentUrl":"https:\/\/www.lupatomeccanica.com\/wp-content\/uploads\/lupato-meccanica-hammer-12-20.jpg","width":800,"height":800},{"@type":"BreadcrumbList","@id":"https:\/\/www.lupatomeccanica.com\/fr\/produit\/utensili\/outils-pour-pierre\/hammer\/hammer-12-20-o-460-mm\/#breadcrumb","itemListElement":[{"@type":"ListItem","position":1,"name":"Home","item":"https:\/\/www.lupatomeccanica.com\/fr\/"},{"@type":"ListItem","position":2,"name":"Shop","item":"https:\/\/www.lupatomeccanica.com\/fr\/shop\/"},{"@type":"ListItem","position":3,"name":"Hammer 12\/20 \u00d8 460 mm"}]},{"@type":"WebSite","@id":"https:\/\/www.lupatomeccanica.com\/fr\/#website","url":"https:\/\/www.lupatomeccanica.com\/fr\/","name":"Lupato Meccanica","description":"Utensili per finiture grezze su pietra e calcestruzzo","publisher":{"@id":"https:\/\/www.lupatomeccanica.com\/fr\/#organization"},"potentialAction":[{"@type":"SearchAction","target":{"@type":"EntryPoint","urlTemplate":"https:\/\/www.lupatomeccanica.com\/fr\/?s={search_term_string}"},"query-input":{"@type":"PropertyValueSpecification","valueRequired":true,"valueName":"search_term_string"}}],"inLanguage":"fr-FR"},{"@type":"Organization","@id":"https:\/\/www.lupatomeccanica.com\/fr\/#organization","name":"Lupato Meccanica","url":"https:\/\/www.lupatomeccanica.com\/fr\/","logo":{"@type":"ImageObject","inLanguage":"fr-FR","@id":"https:\/\/www.lupatomeccanica.com\/fr\/#\/schema\/logo\/image\/","url":"https:\/\/lupatomeccanica.com\/wp-content\/uploads\/logo-admin.png","contentUrl":"https:\/\/lupatomeccanica.com\/wp-content\/uploads\/logo-admin.png","width":300,"height":59,"caption":"Lupato Meccanica"},"image":{"@id":"https:\/\/www.lupatomeccanica.com\/fr\/#\/schema\/logo\/image\/"},"sameAs":["https:\/\/www.linkedin.com\/company\/26996783\/","https:\/\/www.youtube.com\/user\/LupatoMeccanica"]}]}},"_links":{"self":[{"href":"https:\/\/www.lupatomeccanica.com\/fr\/wp-json\/wp\/v2\/product\/16323","targetHints":{"allow":["GET"]}}],"collection":[{"href":"https:\/\/www.lupatomeccanica.com\/fr\/wp-json\/wp\/v2\/product"}],"about":[{"href":"https:\/\/www.lupatomeccanica.com\/fr\/wp-json\/wp\/v2\/types\/product"}],"wp:featuredmedia":[{"embeddable":true,"href":"https:\/\/www.lupatomeccanica.com\/fr\/wp-json\/wp\/v2\/media\/17208"}],"wp:attachment":[{"href":"https:\/\/www.lupatomeccanica.com\/fr\/wp-json\/wp\/v2\/media?parent=16323"}],"wp:term":[{"taxonomy":"product_brand","embeddable":true,"href":"https:\/\/www.lupatomeccanica.com\/fr\/wp-json\/wp\/v2\/product_brand?post=16323"},{"taxonomy":"product_cat","embeddable":true,"href":"https:\/\/www.lupatomeccanica.com\/fr\/wp-json\/wp\/v2\/product_cat?post=16323"},{"taxonomy":"product_tag","embeddable":true,"href":"https:\/\/www.lupatomeccanica.com\/fr\/wp-json\/wp\/v2\/product_tag?post=16323"}],"curies":[{"name":"wp","href":"https:\/\/api.w.org\/{rel}","templated":true}]}}