{"id":16214,"date":"2021-09-14T16:00:51","date_gmt":"2021-09-14T16:00:51","guid":{"rendered":"https:\/\/www.lupatomeccanica.com\/prodotto\/uncategorized\/drago-m14\/"},"modified":"2025-07-04T07:10:18","modified_gmt":"2025-07-04T07:10:18","slug":"drago-m14","status":"publish","type":"product","link":"https:\/\/www.lupatomeccanica.com\/fr\/produit\/utensili\/outils-pour-pierre\/drago\/drago-m14\/","title":{"rendered":"Drago M14"},"content":{"rendered":"","protected":false},"excerpt":{"rendered":"<p>Drago est un outil pour machine automatique, qui peut \u00eatre \u00e9quip\u00e9 de 8\u00a0types de rouleaux pour une finition au rouleau ou peign\u00e9e sur le marbre, la pierre et le granit. Il travaille en appui sur la plaque et, en fonction du rouleau dont il est \u00e9quip\u00e9, il peut effectuer diff\u00e9rents types de roulage et de peignage sur diff\u00e9rents types de mat\u00e9riaux. Gr\u00e2ce au rapport id\u00e9al entre le nombre de tours et la vitesse d&#8217;avance du tapis, l&#8217;usinage conserve toutes les caract\u00e9ristiques du traitement manuel<\/p>\n","protected":false},"featured_media":16215,"template":"","meta":{"_acf_changed":false,"inline_featured_image":false},"product_brand":[],"product_cat":[975],"product_tag":[],"class_list":{"0":"post-16214","1":"product","2":"type-product","3":"status-publish","4":"has-post-thumbnail","6":"product_cat-drago","8":"first","9":"instock","10":"product-type-simple"},"acf":[],"yoast_head":"<!-- This site is optimized with the Yoast SEO plugin v27.3 - https:\/\/yoast.com\/product\/yoast-seo-wordpress\/ -->\n<title>Drago M14 - Lupato Meccanica<\/title>\n<meta name=\"description\" content=\"Drago est un outil pour machine automatique, qui peut \u00eatre \u00e9quip\u00e9 de 8\u00a0types de rouleaux pour une finition au rouleau ou peign\u00e9e sur le marbre, la pierre et le granit. Il travaille en appui sur la plaque et, en fonction du rouleau dont il est \u00e9quip\u00e9, il peut effectuer diff\u00e9rents types de roulage et de peignage sur diff\u00e9rents types de mat\u00e9riaux. Gr\u00e2ce au rapport id\u00e9al entre le nombre de tours et la vitesse d&#039;avance du tapis, l&#039;usinage conserve toutes les caract\u00e9ristiques du traitement manuel\" \/>\n<meta name=\"robots\" content=\"index, follow, max-snippet:-1, max-image-preview:large, max-video-preview:-1\" \/>\n<link rel=\"canonical\" href=\"https:\/\/www.lupatomeccanica.com\/fr\/produit\/utensili\/outils-pour-pierre\/drago\/drago-m14\/\" \/>\n<meta property=\"og:locale\" content=\"fr_FR\" \/>\n<meta property=\"og:type\" content=\"article\" \/>\n<meta property=\"og:title\" content=\"Drago M14 - Lupato Meccanica\" \/>\n<meta property=\"og:description\" content=\"Drago est un outil pour machine automatique, qui peut \u00eatre \u00e9quip\u00e9 de 8\u00a0types de rouleaux pour une finition au rouleau ou peign\u00e9e sur le marbre, la pierre et le granit. Il travaille en appui sur la plaque et, en fonction du rouleau dont il est \u00e9quip\u00e9, il peut effectuer diff\u00e9rents types de roulage et de peignage sur diff\u00e9rents types de mat\u00e9riaux. Gr\u00e2ce au rapport id\u00e9al entre le nombre de tours et la vitesse d&#039;avance du tapis, l&#039;usinage conserve toutes les caract\u00e9ristiques du traitement manuel\" \/>\n<meta property=\"og:url\" content=\"https:\/\/www.lupatomeccanica.com\/fr\/produit\/utensili\/outils-pour-pierre\/drago\/drago-m14\/\" \/>\n<meta property=\"og:site_name\" content=\"Lupato Meccanica\" \/>\n<meta property=\"article:modified_time\" content=\"2025-07-04T07:10:18+00:00\" \/>\n<meta property=\"og:image\" content=\"https:\/\/www.lupatomeccanica.com\/wp-content\/uploads\/lupato-meccanica-drago-1.jpg\" \/>\n\t<meta property=\"og:image:width\" content=\"800\" \/>\n\t<meta property=\"og:image:height\" content=\"800\" \/>\n\t<meta property=\"og:image:type\" content=\"image\/jpeg\" \/>\n<meta name=\"twitter:card\" content=\"summary_large_image\" \/>\n<script type=\"application\/ld+json\" class=\"yoast-schema-graph\">{\"@context\":\"https:\\\/\\\/schema.org\",\"@graph\":[{\"@type\":\"WebPage\",\"@id\":\"https:\\\/\\\/www.lupatomeccanica.com\\\/fr\\\/produit\\\/utensili\\\/outils-pour-pierre\\\/drago\\\/drago-m14\\\/\",\"url\":\"https:\\\/\\\/www.lupatomeccanica.com\\\/fr\\\/produit\\\/utensili\\\/outils-pour-pierre\\\/drago\\\/drago-m14\\\/\",\"name\":\"Drago M14 - Lupato Meccanica\",\"isPartOf\":{\"@id\":\"https:\\\/\\\/www.lupatomeccanica.com\\\/fr\\\/#website\"},\"primaryImageOfPage\":{\"@id\":\"https:\\\/\\\/www.lupatomeccanica.com\\\/fr\\\/produit\\\/utensili\\\/outils-pour-pierre\\\/drago\\\/drago-m14\\\/#primaryimage\"},\"image\":{\"@id\":\"https:\\\/\\\/www.lupatomeccanica.com\\\/fr\\\/produit\\\/utensili\\\/outils-pour-pierre\\\/drago\\\/drago-m14\\\/#primaryimage\"},\"thumbnailUrl\":\"https:\\\/\\\/www.lupatomeccanica.com\\\/wp-content\\\/uploads\\\/lupato-meccanica-drago-1.jpg\",\"datePublished\":\"2021-09-14T16:00:51+00:00\",\"dateModified\":\"2025-07-04T07:10:18+00:00\",\"description\":\"Drago est un outil pour machine automatique, qui peut \u00eatre \u00e9quip\u00e9 de 8\u00a0types de rouleaux pour une finition au rouleau ou peign\u00e9e sur le marbre, la pierre et le granit. Il travaille en appui sur la plaque et, en fonction du rouleau dont il est \u00e9quip\u00e9, il peut effectuer diff\u00e9rents types de roulage et de peignage sur diff\u00e9rents types de mat\u00e9riaux. Gr\u00e2ce au rapport id\u00e9al entre le nombre de tours et la vitesse d'avance du tapis, l'usinage conserve toutes les caract\u00e9ristiques du traitement manuel\",\"breadcrumb\":{\"@id\":\"https:\\\/\\\/www.lupatomeccanica.com\\\/fr\\\/produit\\\/utensili\\\/outils-pour-pierre\\\/drago\\\/drago-m14\\\/#breadcrumb\"},\"inLanguage\":\"fr-FR\",\"potentialAction\":[{\"@type\":\"ReadAction\",\"target\":[\"https:\\\/\\\/www.lupatomeccanica.com\\\/fr\\\/produit\\\/utensili\\\/outils-pour-pierre\\\/drago\\\/drago-m14\\\/\"]}]},{\"@type\":\"ImageObject\",\"inLanguage\":\"fr-FR\",\"@id\":\"https:\\\/\\\/www.lupatomeccanica.com\\\/fr\\\/produit\\\/utensili\\\/outils-pour-pierre\\\/drago\\\/drago-m14\\\/#primaryimage\",\"url\":\"https:\\\/\\\/www.lupatomeccanica.com\\\/wp-content\\\/uploads\\\/lupato-meccanica-drago-1.jpg\",\"contentUrl\":\"https:\\\/\\\/www.lupatomeccanica.com\\\/wp-content\\\/uploads\\\/lupato-meccanica-drago-1.jpg\",\"width\":800,\"height\":800},{\"@type\":\"BreadcrumbList\",\"@id\":\"https:\\\/\\\/www.lupatomeccanica.com\\\/fr\\\/produit\\\/utensili\\\/outils-pour-pierre\\\/drago\\\/drago-m14\\\/#breadcrumb\",\"itemListElement\":[{\"@type\":\"ListItem\",\"position\":1,\"name\":\"Home\",\"item\":\"https:\\\/\\\/www.lupatomeccanica.com\\\/fr\\\/\"},{\"@type\":\"ListItem\",\"position\":2,\"name\":\"Shop\",\"item\":\"https:\\\/\\\/www.lupatomeccanica.com\\\/fr\\\/shop\\\/\"},{\"@type\":\"ListItem\",\"position\":3,\"name\":\"Drago M14\"}]},{\"@type\":\"WebSite\",\"@id\":\"https:\\\/\\\/www.lupatomeccanica.com\\\/fr\\\/#website\",\"url\":\"https:\\\/\\\/www.lupatomeccanica.com\\\/fr\\\/\",\"name\":\"Lupato Meccanica\",\"description\":\"Utensili per finiture grezze su pietra e calcestruzzo\",\"publisher\":{\"@id\":\"https:\\\/\\\/www.lupatomeccanica.com\\\/fr\\\/#organization\"},\"potentialAction\":[{\"@type\":\"SearchAction\",\"target\":{\"@type\":\"EntryPoint\",\"urlTemplate\":\"https:\\\/\\\/www.lupatomeccanica.com\\\/fr\\\/?s={search_term_string}\"},\"query-input\":{\"@type\":\"PropertyValueSpecification\",\"valueRequired\":true,\"valueName\":\"search_term_string\"}}],\"inLanguage\":\"fr-FR\"},{\"@type\":\"Organization\",\"@id\":\"https:\\\/\\\/www.lupatomeccanica.com\\\/fr\\\/#organization\",\"name\":\"Lupato Meccanica\",\"url\":\"https:\\\/\\\/www.lupatomeccanica.com\\\/fr\\\/\",\"logo\":{\"@type\":\"ImageObject\",\"inLanguage\":\"fr-FR\",\"@id\":\"https:\\\/\\\/www.lupatomeccanica.com\\\/fr\\\/#\\\/schema\\\/logo\\\/image\\\/\",\"url\":\"https:\\\/\\\/lupatomeccanica.com\\\/wp-content\\\/uploads\\\/logo-admin.png\",\"contentUrl\":\"https:\\\/\\\/lupatomeccanica.com\\\/wp-content\\\/uploads\\\/logo-admin.png\",\"width\":300,\"height\":59,\"caption\":\"Lupato Meccanica\"},\"image\":{\"@id\":\"https:\\\/\\\/www.lupatomeccanica.com\\\/fr\\\/#\\\/schema\\\/logo\\\/image\\\/\"},\"sameAs\":[\"https:\\\/\\\/www.linkedin.com\\\/company\\\/26996783\\\/\",\"https:\\\/\\\/www.youtube.com\\\/user\\\/LupatoMeccanica\"]}]}<\/script>\n<!-- \/ Yoast SEO plugin. -->","yoast_head_json":{"title":"Drago M14 - Lupato Meccanica","description":"Drago est un outil pour machine automatique, qui peut \u00eatre \u00e9quip\u00e9 de 8\u00a0types de rouleaux pour une finition au rouleau ou peign\u00e9e sur le marbre, la pierre et le granit. Il travaille en appui sur la plaque et, en fonction du rouleau dont il est \u00e9quip\u00e9, il peut effectuer diff\u00e9rents types de roulage et de peignage sur diff\u00e9rents types de mat\u00e9riaux. Gr\u00e2ce au rapport id\u00e9al entre le nombre de tours et la vitesse d'avance du tapis, l'usinage conserve toutes les caract\u00e9ristiques du traitement manuel","robots":{"index":"index","follow":"follow","max-snippet":"max-snippet:-1","max-image-preview":"max-image-preview:large","max-video-preview":"max-video-preview:-1"},"canonical":"https:\/\/www.lupatomeccanica.com\/fr\/produit\/utensili\/outils-pour-pierre\/drago\/drago-m14\/","og_locale":"fr_FR","og_type":"article","og_title":"Drago M14 - Lupato Meccanica","og_description":"Drago est un outil pour machine automatique, qui peut \u00eatre \u00e9quip\u00e9 de 8\u00a0types de rouleaux pour une finition au rouleau ou peign\u00e9e sur le marbre, la pierre et le granit. Il travaille en appui sur la plaque et, en fonction du rouleau dont il est \u00e9quip\u00e9, il peut effectuer diff\u00e9rents types de roulage et de peignage sur diff\u00e9rents types de mat\u00e9riaux. Gr\u00e2ce au rapport id\u00e9al entre le nombre de tours et la vitesse d'avance du tapis, l'usinage conserve toutes les caract\u00e9ristiques du traitement manuel","og_url":"https:\/\/www.lupatomeccanica.com\/fr\/produit\/utensili\/outils-pour-pierre\/drago\/drago-m14\/","og_site_name":"Lupato Meccanica","article_modified_time":"2025-07-04T07:10:18+00:00","og_image":[{"width":800,"height":800,"url":"https:\/\/www.lupatomeccanica.com\/wp-content\/uploads\/lupato-meccanica-drago-1.jpg","type":"image\/jpeg"}],"twitter_card":"summary_large_image","schema":{"@context":"https:\/\/schema.org","@graph":[{"@type":"WebPage","@id":"https:\/\/www.lupatomeccanica.com\/fr\/produit\/utensili\/outils-pour-pierre\/drago\/drago-m14\/","url":"https:\/\/www.lupatomeccanica.com\/fr\/produit\/utensili\/outils-pour-pierre\/drago\/drago-m14\/","name":"Drago M14 - Lupato Meccanica","isPartOf":{"@id":"https:\/\/www.lupatomeccanica.com\/fr\/#website"},"primaryImageOfPage":{"@id":"https:\/\/www.lupatomeccanica.com\/fr\/produit\/utensili\/outils-pour-pierre\/drago\/drago-m14\/#primaryimage"},"image":{"@id":"https:\/\/www.lupatomeccanica.com\/fr\/produit\/utensili\/outils-pour-pierre\/drago\/drago-m14\/#primaryimage"},"thumbnailUrl":"https:\/\/www.lupatomeccanica.com\/wp-content\/uploads\/lupato-meccanica-drago-1.jpg","datePublished":"2021-09-14T16:00:51+00:00","dateModified":"2025-07-04T07:10:18+00:00","description":"Drago est un outil pour machine automatique, qui peut \u00eatre \u00e9quip\u00e9 de 8\u00a0types de rouleaux pour une finition au rouleau ou peign\u00e9e sur le marbre, la pierre et le granit. Il travaille en appui sur la plaque et, en fonction du rouleau dont il est \u00e9quip\u00e9, il peut effectuer diff\u00e9rents types de roulage et de peignage sur diff\u00e9rents types de mat\u00e9riaux. Gr\u00e2ce au rapport id\u00e9al entre le nombre de tours et la vitesse d'avance du tapis, l'usinage conserve toutes les caract\u00e9ristiques du traitement manuel","breadcrumb":{"@id":"https:\/\/www.lupatomeccanica.com\/fr\/produit\/utensili\/outils-pour-pierre\/drago\/drago-m14\/#breadcrumb"},"inLanguage":"fr-FR","potentialAction":[{"@type":"ReadAction","target":["https:\/\/www.lupatomeccanica.com\/fr\/produit\/utensili\/outils-pour-pierre\/drago\/drago-m14\/"]}]},{"@type":"ImageObject","inLanguage":"fr-FR","@id":"https:\/\/www.lupatomeccanica.com\/fr\/produit\/utensili\/outils-pour-pierre\/drago\/drago-m14\/#primaryimage","url":"https:\/\/www.lupatomeccanica.com\/wp-content\/uploads\/lupato-meccanica-drago-1.jpg","contentUrl":"https:\/\/www.lupatomeccanica.com\/wp-content\/uploads\/lupato-meccanica-drago-1.jpg","width":800,"height":800},{"@type":"BreadcrumbList","@id":"https:\/\/www.lupatomeccanica.com\/fr\/produit\/utensili\/outils-pour-pierre\/drago\/drago-m14\/#breadcrumb","itemListElement":[{"@type":"ListItem","position":1,"name":"Home","item":"https:\/\/www.lupatomeccanica.com\/fr\/"},{"@type":"ListItem","position":2,"name":"Shop","item":"https:\/\/www.lupatomeccanica.com\/fr\/shop\/"},{"@type":"ListItem","position":3,"name":"Drago M14"}]},{"@type":"WebSite","@id":"https:\/\/www.lupatomeccanica.com\/fr\/#website","url":"https:\/\/www.lupatomeccanica.com\/fr\/","name":"Lupato Meccanica","description":"Utensili per finiture grezze su pietra e calcestruzzo","publisher":{"@id":"https:\/\/www.lupatomeccanica.com\/fr\/#organization"},"potentialAction":[{"@type":"SearchAction","target":{"@type":"EntryPoint","urlTemplate":"https:\/\/www.lupatomeccanica.com\/fr\/?s={search_term_string}"},"query-input":{"@type":"PropertyValueSpecification","valueRequired":true,"valueName":"search_term_string"}}],"inLanguage":"fr-FR"},{"@type":"Organization","@id":"https:\/\/www.lupatomeccanica.com\/fr\/#organization","name":"Lupato Meccanica","url":"https:\/\/www.lupatomeccanica.com\/fr\/","logo":{"@type":"ImageObject","inLanguage":"fr-FR","@id":"https:\/\/www.lupatomeccanica.com\/fr\/#\/schema\/logo\/image\/","url":"https:\/\/lupatomeccanica.com\/wp-content\/uploads\/logo-admin.png","contentUrl":"https:\/\/lupatomeccanica.com\/wp-content\/uploads\/logo-admin.png","width":300,"height":59,"caption":"Lupato Meccanica"},"image":{"@id":"https:\/\/www.lupatomeccanica.com\/fr\/#\/schema\/logo\/image\/"},"sameAs":["https:\/\/www.linkedin.com\/company\/26996783\/","https:\/\/www.youtube.com\/user\/LupatoMeccanica"]}]}},"_links":{"self":[{"href":"https:\/\/www.lupatomeccanica.com\/fr\/wp-json\/wp\/v2\/product\/16214","targetHints":{"allow":["GET"]}}],"collection":[{"href":"https:\/\/www.lupatomeccanica.com\/fr\/wp-json\/wp\/v2\/product"}],"about":[{"href":"https:\/\/www.lupatomeccanica.com\/fr\/wp-json\/wp\/v2\/types\/product"}],"wp:featuredmedia":[{"embeddable":true,"href":"https:\/\/www.lupatomeccanica.com\/fr\/wp-json\/wp\/v2\/media\/16215"}],"wp:attachment":[{"href":"https:\/\/www.lupatomeccanica.com\/fr\/wp-json\/wp\/v2\/media?parent=16214"}],"wp:term":[{"taxonomy":"product_brand","embeddable":true,"href":"https:\/\/www.lupatomeccanica.com\/fr\/wp-json\/wp\/v2\/product_brand?post=16214"},{"taxonomy":"product_cat","embeddable":true,"href":"https:\/\/www.lupatomeccanica.com\/fr\/wp-json\/wp\/v2\/product_cat?post=16214"},{"taxonomy":"product_tag","embeddable":true,"href":"https:\/\/www.lupatomeccanica.com\/fr\/wp-json\/wp\/v2\/product_tag?post=16214"}],"curies":[{"name":"wp","href":"https:\/\/api.w.org\/{rel}","templated":true}]}}