{"id":16208,"date":"2021-09-14T16:00:51","date_gmt":"2021-09-14T16:00:51","guid":{"rendered":"https:\/\/www.lupatomeccanica.com\/prodotto\/uncategorized\/dia-roker-o-300-x-100-mm\/"},"modified":"2025-07-04T07:13:10","modified_gmt":"2025-07-04T07:13:10","slug":"dia-roker-o-300-x-100-mm","status":"publish","type":"product","link":"https:\/\/www.lupatomeccanica.com\/fr\/produit\/utensili\/outils-pour-pierre\/dia-roker\/dia-roker-o-300-x-100-mm\/","title":{"rendered":"Dia-Roker \u00d8 300 x 100 mm"},"content":{"rendered":"","protected":false},"excerpt":{"rendered":"<p>Dia-Roker \u00f8300 x 100 est un outil de 300\u00a0mm de diam\u00e8tre et d&#8217;une largeur de 100\u00a0mm. Il effectue la finition gratt\u00e9e au pas de 2,5 et 5\u00a0mm sur le granit et les pierres abrasives. Il est possible d&#8217;usiner toute la surface de la plaque ou de r\u00e9aliser une bande antid\u00e9rapante. Il dispose d&#8217;inserts amovibles permettant de varier leur position et leur quantit\u00e9. Cela permet d&#8217;ajuster le type et la largeur de la finition.<\/p>\n","protected":false},"featured_media":16209,"template":"","meta":{"_acf_changed":false,"inline_featured_image":false},"product_brand":[],"product_cat":[973],"product_tag":[],"class_list":{"0":"post-16208","1":"product","2":"type-product","3":"status-publish","4":"has-post-thumbnail","6":"product_cat-dia-roker","8":"first","9":"instock","10":"product-type-simple"},"acf":[],"yoast_head":"<!-- This site is optimized with the Yoast SEO plugin v27.3 - https:\/\/yoast.com\/product\/yoast-seo-wordpress\/ -->\n<title>Dia-Roker \u00d8 300 x 100 mm - Lupato Meccanica<\/title>\n<meta name=\"description\" content=\"Dia-Roker \u00f8300 x 100 est un outil de 300\u00a0mm de diam\u00e8tre et d&#039;une largeur de 100\u00a0mm. Il effectue la finition gratt\u00e9e au pas de 2,5 et 5\u00a0mm sur le granit et les pierres abrasives. Il est possible d&#039;usiner toute la surface de la plaque ou de r\u00e9aliser une bande antid\u00e9rapante. Il dispose d&#039;inserts amovibles permettant de varier leur position et leur quantit\u00e9. Cela permet d&#039;ajuster le type et la largeur de la finition.\" \/>\n<meta name=\"robots\" content=\"index, follow, max-snippet:-1, max-image-preview:large, max-video-preview:-1\" \/>\n<link rel=\"canonical\" href=\"https:\/\/www.lupatomeccanica.com\/fr\/produit\/utensili\/outils-pour-pierre\/dia-roker\/dia-roker-o-300-x-100-mm\/\" \/>\n<meta property=\"og:locale\" content=\"fr_FR\" \/>\n<meta property=\"og:type\" content=\"article\" \/>\n<meta property=\"og:title\" content=\"Dia-Roker \u00d8 300 x 100 mm - Lupato Meccanica\" \/>\n<meta property=\"og:description\" content=\"Dia-Roker \u00f8300 x 100 est un outil de 300\u00a0mm de diam\u00e8tre et d&#039;une largeur de 100\u00a0mm. Il effectue la finition gratt\u00e9e au pas de 2,5 et 5\u00a0mm sur le granit et les pierres abrasives. Il est possible d&#039;usiner toute la surface de la plaque ou de r\u00e9aliser une bande antid\u00e9rapante. Il dispose d&#039;inserts amovibles permettant de varier leur position et leur quantit\u00e9. Cela permet d&#039;ajuster le type et la largeur de la finition.\" \/>\n<meta property=\"og:url\" content=\"https:\/\/www.lupatomeccanica.com\/fr\/produit\/utensili\/outils-pour-pierre\/dia-roker\/dia-roker-o-300-x-100-mm\/\" \/>\n<meta property=\"og:site_name\" content=\"Lupato Meccanica\" \/>\n<meta property=\"article:modified_time\" content=\"2025-07-04T07:13:10+00:00\" \/>\n<meta property=\"og:image\" content=\"https:\/\/www.lupatomeccanica.com\/wp-content\/uploads\/lupato-meccanica-dia-roker-o300-100.jpg\" \/>\n\t<meta property=\"og:image:width\" content=\"800\" \/>\n\t<meta property=\"og:image:height\" content=\"800\" \/>\n\t<meta property=\"og:image:type\" content=\"image\/jpeg\" \/>\n<meta name=\"twitter:card\" content=\"summary_large_image\" \/>\n<script type=\"application\/ld+json\" class=\"yoast-schema-graph\">{\"@context\":\"https:\\\/\\\/schema.org\",\"@graph\":[{\"@type\":\"WebPage\",\"@id\":\"https:\\\/\\\/www.lupatomeccanica.com\\\/fr\\\/produit\\\/utensili\\\/outils-pour-pierre\\\/dia-roker\\\/dia-roker-o-300-x-100-mm\\\/\",\"url\":\"https:\\\/\\\/www.lupatomeccanica.com\\\/fr\\\/produit\\\/utensili\\\/outils-pour-pierre\\\/dia-roker\\\/dia-roker-o-300-x-100-mm\\\/\",\"name\":\"Dia-Roker \u00d8 300 x 100 mm - Lupato Meccanica\",\"isPartOf\":{\"@id\":\"https:\\\/\\\/www.lupatomeccanica.com\\\/fr\\\/#website\"},\"primaryImageOfPage\":{\"@id\":\"https:\\\/\\\/www.lupatomeccanica.com\\\/fr\\\/produit\\\/utensili\\\/outils-pour-pierre\\\/dia-roker\\\/dia-roker-o-300-x-100-mm\\\/#primaryimage\"},\"image\":{\"@id\":\"https:\\\/\\\/www.lupatomeccanica.com\\\/fr\\\/produit\\\/utensili\\\/outils-pour-pierre\\\/dia-roker\\\/dia-roker-o-300-x-100-mm\\\/#primaryimage\"},\"thumbnailUrl\":\"https:\\\/\\\/www.lupatomeccanica.com\\\/wp-content\\\/uploads\\\/lupato-meccanica-dia-roker-o300-100.jpg\",\"datePublished\":\"2021-09-14T16:00:51+00:00\",\"dateModified\":\"2025-07-04T07:13:10+00:00\",\"description\":\"Dia-Roker \u00f8300 x 100 est un outil de 300\u00a0mm de diam\u00e8tre et d'une largeur de 100\u00a0mm. Il effectue la finition gratt\u00e9e au pas de 2,5 et 5\u00a0mm sur le granit et les pierres abrasives. Il est possible d'usiner toute la surface de la plaque ou de r\u00e9aliser une bande antid\u00e9rapante. Il dispose d'inserts amovibles permettant de varier leur position et leur quantit\u00e9. Cela permet d'ajuster le type et la largeur de la finition.\",\"breadcrumb\":{\"@id\":\"https:\\\/\\\/www.lupatomeccanica.com\\\/fr\\\/produit\\\/utensili\\\/outils-pour-pierre\\\/dia-roker\\\/dia-roker-o-300-x-100-mm\\\/#breadcrumb\"},\"inLanguage\":\"fr-FR\",\"potentialAction\":[{\"@type\":\"ReadAction\",\"target\":[\"https:\\\/\\\/www.lupatomeccanica.com\\\/fr\\\/produit\\\/utensili\\\/outils-pour-pierre\\\/dia-roker\\\/dia-roker-o-300-x-100-mm\\\/\"]}]},{\"@type\":\"ImageObject\",\"inLanguage\":\"fr-FR\",\"@id\":\"https:\\\/\\\/www.lupatomeccanica.com\\\/fr\\\/produit\\\/utensili\\\/outils-pour-pierre\\\/dia-roker\\\/dia-roker-o-300-x-100-mm\\\/#primaryimage\",\"url\":\"https:\\\/\\\/www.lupatomeccanica.com\\\/wp-content\\\/uploads\\\/lupato-meccanica-dia-roker-o300-100.jpg\",\"contentUrl\":\"https:\\\/\\\/www.lupatomeccanica.com\\\/wp-content\\\/uploads\\\/lupato-meccanica-dia-roker-o300-100.jpg\",\"width\":800,\"height\":800},{\"@type\":\"BreadcrumbList\",\"@id\":\"https:\\\/\\\/www.lupatomeccanica.com\\\/fr\\\/produit\\\/utensili\\\/outils-pour-pierre\\\/dia-roker\\\/dia-roker-o-300-x-100-mm\\\/#breadcrumb\",\"itemListElement\":[{\"@type\":\"ListItem\",\"position\":1,\"name\":\"Home\",\"item\":\"https:\\\/\\\/www.lupatomeccanica.com\\\/fr\\\/\"},{\"@type\":\"ListItem\",\"position\":2,\"name\":\"Shop\",\"item\":\"https:\\\/\\\/www.lupatomeccanica.com\\\/fr\\\/shop\\\/\"},{\"@type\":\"ListItem\",\"position\":3,\"name\":\"Dia-Roker \u00d8 300 x 100 mm\"}]},{\"@type\":\"WebSite\",\"@id\":\"https:\\\/\\\/www.lupatomeccanica.com\\\/fr\\\/#website\",\"url\":\"https:\\\/\\\/www.lupatomeccanica.com\\\/fr\\\/\",\"name\":\"Lupato Meccanica\",\"description\":\"Utensili per finiture grezze su pietra e calcestruzzo\",\"publisher\":{\"@id\":\"https:\\\/\\\/www.lupatomeccanica.com\\\/fr\\\/#organization\"},\"potentialAction\":[{\"@type\":\"SearchAction\",\"target\":{\"@type\":\"EntryPoint\",\"urlTemplate\":\"https:\\\/\\\/www.lupatomeccanica.com\\\/fr\\\/?s={search_term_string}\"},\"query-input\":{\"@type\":\"PropertyValueSpecification\",\"valueRequired\":true,\"valueName\":\"search_term_string\"}}],\"inLanguage\":\"fr-FR\"},{\"@type\":\"Organization\",\"@id\":\"https:\\\/\\\/www.lupatomeccanica.com\\\/fr\\\/#organization\",\"name\":\"Lupato Meccanica\",\"url\":\"https:\\\/\\\/www.lupatomeccanica.com\\\/fr\\\/\",\"logo\":{\"@type\":\"ImageObject\",\"inLanguage\":\"fr-FR\",\"@id\":\"https:\\\/\\\/www.lupatomeccanica.com\\\/fr\\\/#\\\/schema\\\/logo\\\/image\\\/\",\"url\":\"https:\\\/\\\/lupatomeccanica.com\\\/wp-content\\\/uploads\\\/logo-admin.png\",\"contentUrl\":\"https:\\\/\\\/lupatomeccanica.com\\\/wp-content\\\/uploads\\\/logo-admin.png\",\"width\":300,\"height\":59,\"caption\":\"Lupato Meccanica\"},\"image\":{\"@id\":\"https:\\\/\\\/www.lupatomeccanica.com\\\/fr\\\/#\\\/schema\\\/logo\\\/image\\\/\"},\"sameAs\":[\"https:\\\/\\\/www.linkedin.com\\\/company\\\/26996783\\\/\",\"https:\\\/\\\/www.youtube.com\\\/user\\\/LupatoMeccanica\"]}]}<\/script>\n<!-- \/ Yoast SEO plugin. -->","yoast_head_json":{"title":"Dia-Roker \u00d8 300 x 100 mm - Lupato Meccanica","description":"Dia-Roker \u00f8300 x 100 est un outil de 300\u00a0mm de diam\u00e8tre et d'une largeur de 100\u00a0mm. Il effectue la finition gratt\u00e9e au pas de 2,5 et 5\u00a0mm sur le granit et les pierres abrasives. Il est possible d'usiner toute la surface de la plaque ou de r\u00e9aliser une bande antid\u00e9rapante. Il dispose d'inserts amovibles permettant de varier leur position et leur quantit\u00e9. Cela permet d'ajuster le type et la largeur de la finition.","robots":{"index":"index","follow":"follow","max-snippet":"max-snippet:-1","max-image-preview":"max-image-preview:large","max-video-preview":"max-video-preview:-1"},"canonical":"https:\/\/www.lupatomeccanica.com\/fr\/produit\/utensili\/outils-pour-pierre\/dia-roker\/dia-roker-o-300-x-100-mm\/","og_locale":"fr_FR","og_type":"article","og_title":"Dia-Roker \u00d8 300 x 100 mm - Lupato Meccanica","og_description":"Dia-Roker \u00f8300 x 100 est un outil de 300\u00a0mm de diam\u00e8tre et d'une largeur de 100\u00a0mm. Il effectue la finition gratt\u00e9e au pas de 2,5 et 5\u00a0mm sur le granit et les pierres abrasives. Il est possible d'usiner toute la surface de la plaque ou de r\u00e9aliser une bande antid\u00e9rapante. Il dispose d'inserts amovibles permettant de varier leur position et leur quantit\u00e9. Cela permet d'ajuster le type et la largeur de la finition.","og_url":"https:\/\/www.lupatomeccanica.com\/fr\/produit\/utensili\/outils-pour-pierre\/dia-roker\/dia-roker-o-300-x-100-mm\/","og_site_name":"Lupato Meccanica","article_modified_time":"2025-07-04T07:13:10+00:00","og_image":[{"width":800,"height":800,"url":"https:\/\/www.lupatomeccanica.com\/wp-content\/uploads\/lupato-meccanica-dia-roker-o300-100.jpg","type":"image\/jpeg"}],"twitter_card":"summary_large_image","schema":{"@context":"https:\/\/schema.org","@graph":[{"@type":"WebPage","@id":"https:\/\/www.lupatomeccanica.com\/fr\/produit\/utensili\/outils-pour-pierre\/dia-roker\/dia-roker-o-300-x-100-mm\/","url":"https:\/\/www.lupatomeccanica.com\/fr\/produit\/utensili\/outils-pour-pierre\/dia-roker\/dia-roker-o-300-x-100-mm\/","name":"Dia-Roker \u00d8 300 x 100 mm - Lupato Meccanica","isPartOf":{"@id":"https:\/\/www.lupatomeccanica.com\/fr\/#website"},"primaryImageOfPage":{"@id":"https:\/\/www.lupatomeccanica.com\/fr\/produit\/utensili\/outils-pour-pierre\/dia-roker\/dia-roker-o-300-x-100-mm\/#primaryimage"},"image":{"@id":"https:\/\/www.lupatomeccanica.com\/fr\/produit\/utensili\/outils-pour-pierre\/dia-roker\/dia-roker-o-300-x-100-mm\/#primaryimage"},"thumbnailUrl":"https:\/\/www.lupatomeccanica.com\/wp-content\/uploads\/lupato-meccanica-dia-roker-o300-100.jpg","datePublished":"2021-09-14T16:00:51+00:00","dateModified":"2025-07-04T07:13:10+00:00","description":"Dia-Roker \u00f8300 x 100 est un outil de 300\u00a0mm de diam\u00e8tre et d'une largeur de 100\u00a0mm. Il effectue la finition gratt\u00e9e au pas de 2,5 et 5\u00a0mm sur le granit et les pierres abrasives. Il est possible d'usiner toute la surface de la plaque ou de r\u00e9aliser une bande antid\u00e9rapante. Il dispose d'inserts amovibles permettant de varier leur position et leur quantit\u00e9. Cela permet d'ajuster le type et la largeur de la finition.","breadcrumb":{"@id":"https:\/\/www.lupatomeccanica.com\/fr\/produit\/utensili\/outils-pour-pierre\/dia-roker\/dia-roker-o-300-x-100-mm\/#breadcrumb"},"inLanguage":"fr-FR","potentialAction":[{"@type":"ReadAction","target":["https:\/\/www.lupatomeccanica.com\/fr\/produit\/utensili\/outils-pour-pierre\/dia-roker\/dia-roker-o-300-x-100-mm\/"]}]},{"@type":"ImageObject","inLanguage":"fr-FR","@id":"https:\/\/www.lupatomeccanica.com\/fr\/produit\/utensili\/outils-pour-pierre\/dia-roker\/dia-roker-o-300-x-100-mm\/#primaryimage","url":"https:\/\/www.lupatomeccanica.com\/wp-content\/uploads\/lupato-meccanica-dia-roker-o300-100.jpg","contentUrl":"https:\/\/www.lupatomeccanica.com\/wp-content\/uploads\/lupato-meccanica-dia-roker-o300-100.jpg","width":800,"height":800},{"@type":"BreadcrumbList","@id":"https:\/\/www.lupatomeccanica.com\/fr\/produit\/utensili\/outils-pour-pierre\/dia-roker\/dia-roker-o-300-x-100-mm\/#breadcrumb","itemListElement":[{"@type":"ListItem","position":1,"name":"Home","item":"https:\/\/www.lupatomeccanica.com\/fr\/"},{"@type":"ListItem","position":2,"name":"Shop","item":"https:\/\/www.lupatomeccanica.com\/fr\/shop\/"},{"@type":"ListItem","position":3,"name":"Dia-Roker \u00d8 300 x 100 mm"}]},{"@type":"WebSite","@id":"https:\/\/www.lupatomeccanica.com\/fr\/#website","url":"https:\/\/www.lupatomeccanica.com\/fr\/","name":"Lupato Meccanica","description":"Utensili per finiture grezze su pietra e calcestruzzo","publisher":{"@id":"https:\/\/www.lupatomeccanica.com\/fr\/#organization"},"potentialAction":[{"@type":"SearchAction","target":{"@type":"EntryPoint","urlTemplate":"https:\/\/www.lupatomeccanica.com\/fr\/?s={search_term_string}"},"query-input":{"@type":"PropertyValueSpecification","valueRequired":true,"valueName":"search_term_string"}}],"inLanguage":"fr-FR"},{"@type":"Organization","@id":"https:\/\/www.lupatomeccanica.com\/fr\/#organization","name":"Lupato Meccanica","url":"https:\/\/www.lupatomeccanica.com\/fr\/","logo":{"@type":"ImageObject","inLanguage":"fr-FR","@id":"https:\/\/www.lupatomeccanica.com\/fr\/#\/schema\/logo\/image\/","url":"https:\/\/lupatomeccanica.com\/wp-content\/uploads\/logo-admin.png","contentUrl":"https:\/\/lupatomeccanica.com\/wp-content\/uploads\/logo-admin.png","width":300,"height":59,"caption":"Lupato Meccanica"},"image":{"@id":"https:\/\/www.lupatomeccanica.com\/fr\/#\/schema\/logo\/image\/"},"sameAs":["https:\/\/www.linkedin.com\/company\/26996783\/","https:\/\/www.youtube.com\/user\/LupatoMeccanica"]}]}},"_links":{"self":[{"href":"https:\/\/www.lupatomeccanica.com\/fr\/wp-json\/wp\/v2\/product\/16208","targetHints":{"allow":["GET"]}}],"collection":[{"href":"https:\/\/www.lupatomeccanica.com\/fr\/wp-json\/wp\/v2\/product"}],"about":[{"href":"https:\/\/www.lupatomeccanica.com\/fr\/wp-json\/wp\/v2\/types\/product"}],"wp:featuredmedia":[{"embeddable":true,"href":"https:\/\/www.lupatomeccanica.com\/fr\/wp-json\/wp\/v2\/media\/16209"}],"wp:attachment":[{"href":"https:\/\/www.lupatomeccanica.com\/fr\/wp-json\/wp\/v2\/media?parent=16208"}],"wp:term":[{"taxonomy":"product_brand","embeddable":true,"href":"https:\/\/www.lupatomeccanica.com\/fr\/wp-json\/wp\/v2\/product_brand?post=16208"},{"taxonomy":"product_cat","embeddable":true,"href":"https:\/\/www.lupatomeccanica.com\/fr\/wp-json\/wp\/v2\/product_cat?post=16208"},{"taxonomy":"product_tag","embeddable":true,"href":"https:\/\/www.lupatomeccanica.com\/fr\/wp-json\/wp\/v2\/product_tag?post=16208"}],"curies":[{"name":"wp","href":"https:\/\/api.w.org\/{rel}","templated":true}]}}