{"id":16207,"date":"2021-09-14T16:00:51","date_gmt":"2021-09-14T16:00:51","guid":{"rendered":"https:\/\/www.lupatomeccanica.com\/prodotto\/uncategorized\/dia-rollex-400-o-115-x-140-mm-m14\/"},"modified":"2025-07-04T07:12:42","modified_gmt":"2025-07-04T07:12:42","slug":"dia-rollex-400-o-115-x-140-mm-m14","status":"publish","type":"product","link":"https:\/\/www.lupatomeccanica.com\/fr\/produit\/utensili\/outils-pour-pierre\/birba\/dia-rollex-400-o-115-x-140-mm-m14\/","title":{"rendered":"Dia-Rollex 400 \u00d8 115 x 140 mm M14"},"content":{"rendered":"","protected":false},"excerpt":{"rendered":"<p>Dia-Rollex \u00d8115&#215;140 \/400 est un outil de 115\u00a0mm de diam\u00e8tre et d&#8217;une largeur de 140\u00a0mm. Mont\u00e9 sur le Drago , il effectue la finition au rouleau avec un grain 400 sur le granit et la pierre abrasive.<br \/>\nGr\u00e2ce au rapport id\u00e9al entre le nombre de tours et la vitesse d&#8217;avance du tapis, l&#8217;usinage conserve toutes les caract\u00e9ristiques du traitement manuel.<br \/>\nMont\u00e9 sur la Birba ou sur le broyeur avec la protection des rouleaux \u00d8115mm, l&#8217;op\u00e9rateur peut r\u00e9aliser manuellement la finition au rouleau avec un grain 400 sur le granit et la pierre abrasive.<\/p>\n","protected":false},"featured_media":16176,"template":"","meta":{"_acf_changed":false,"inline_featured_image":false},"product_brand":[],"product_cat":[970,974,975],"product_tag":[],"class_list":{"0":"post-16207","1":"product","2":"type-product","3":"status-publish","4":"has-post-thumbnail","6":"product_cat-birba","7":"product_cat-dia-rollex","8":"product_cat-drago","10":"first","11":"instock","12":"product-type-simple"},"acf":[],"yoast_head":"<!-- This site is optimized with the Yoast SEO plugin v27.3 - https:\/\/yoast.com\/product\/yoast-seo-wordpress\/ -->\n<title>Dia-Rollex 400 \u00d8 115 x 140 mm M14 - Lupato Meccanica<\/title>\n<meta name=\"description\" content=\"Dia-Rollex \u00d8115x140 \/400 est un outil de 115\u00a0mm de diam\u00e8tre et d&#039;une largeur de 140\u00a0mm. Mont\u00e9 sur le Drago , il effectue la finition au rouleau avec un grain 400 sur le granit et la pierre abrasive. Gr\u00e2ce au rapport id\u00e9al entre le nombre de tours et la vitesse d&#039;avance du tapis, l&#039;usinage conserve toutes les caract\u00e9ristiques du traitement manuel. Mont\u00e9 sur la Birba ou sur le broyeur avec la protection des rouleaux \u00d8115mm, l&#039;op\u00e9rateur peut r\u00e9aliser manuellement la finition au rouleau avec un grain 400 sur le granit et la pierre abrasive.\" \/>\n<meta name=\"robots\" content=\"index, follow, max-snippet:-1, max-image-preview:large, max-video-preview:-1\" \/>\n<link rel=\"canonical\" href=\"https:\/\/www.lupatomeccanica.com\/fr\/produit\/utensili\/outils-pour-pierre\/birba\/dia-rollex-400-o-115-x-140-mm-m14\/\" \/>\n<meta property=\"og:locale\" content=\"fr_FR\" \/>\n<meta property=\"og:type\" content=\"article\" \/>\n<meta property=\"og:title\" content=\"Dia-Rollex 400 \u00d8 115 x 140 mm M14 - Lupato Meccanica\" \/>\n<meta property=\"og:description\" content=\"Dia-Rollex \u00d8115x140 \/400 est un outil de 115\u00a0mm de diam\u00e8tre et d&#039;une largeur de 140\u00a0mm. Mont\u00e9 sur le Drago , il effectue la finition au rouleau avec un grain 400 sur le granit et la pierre abrasive. Gr\u00e2ce au rapport id\u00e9al entre le nombre de tours et la vitesse d&#039;avance du tapis, l&#039;usinage conserve toutes les caract\u00e9ristiques du traitement manuel. Mont\u00e9 sur la Birba ou sur le broyeur avec la protection des rouleaux \u00d8115mm, l&#039;op\u00e9rateur peut r\u00e9aliser manuellement la finition au rouleau avec un grain 400 sur le granit et la pierre abrasive.\" \/>\n<meta property=\"og:url\" content=\"https:\/\/www.lupatomeccanica.com\/fr\/produit\/utensili\/outils-pour-pierre\/birba\/dia-rollex-400-o-115-x-140-mm-m14\/\" \/>\n<meta property=\"og:site_name\" content=\"Lupato Meccanica\" \/>\n<meta property=\"article:modified_time\" content=\"2025-07-04T07:12:42+00:00\" \/>\n<meta property=\"og:image\" content=\"https:\/\/www.lupatomeccanica.com\/wp-content\/uploads\/lupato-meccanica-dia-rollex-o115-140-400.jpg\" \/>\n\t<meta property=\"og:image:width\" content=\"800\" \/>\n\t<meta property=\"og:image:height\" content=\"800\" \/>\n\t<meta property=\"og:image:type\" content=\"image\/jpeg\" \/>\n<meta name=\"twitter:card\" content=\"summary_large_image\" \/>\n<script type=\"application\/ld+json\" class=\"yoast-schema-graph\">{\"@context\":\"https:\\\/\\\/schema.org\",\"@graph\":[{\"@type\":\"WebPage\",\"@id\":\"https:\\\/\\\/www.lupatomeccanica.com\\\/fr\\\/produit\\\/utensili\\\/outils-pour-pierre\\\/birba\\\/dia-rollex-400-o-115-x-140-mm-m14\\\/\",\"url\":\"https:\\\/\\\/www.lupatomeccanica.com\\\/fr\\\/produit\\\/utensili\\\/outils-pour-pierre\\\/birba\\\/dia-rollex-400-o-115-x-140-mm-m14\\\/\",\"name\":\"Dia-Rollex 400 \u00d8 115 x 140 mm M14 - Lupato Meccanica\",\"isPartOf\":{\"@id\":\"https:\\\/\\\/www.lupatomeccanica.com\\\/fr\\\/#website\"},\"primaryImageOfPage\":{\"@id\":\"https:\\\/\\\/www.lupatomeccanica.com\\\/fr\\\/produit\\\/utensili\\\/outils-pour-pierre\\\/birba\\\/dia-rollex-400-o-115-x-140-mm-m14\\\/#primaryimage\"},\"image\":{\"@id\":\"https:\\\/\\\/www.lupatomeccanica.com\\\/fr\\\/produit\\\/utensili\\\/outils-pour-pierre\\\/birba\\\/dia-rollex-400-o-115-x-140-mm-m14\\\/#primaryimage\"},\"thumbnailUrl\":\"https:\\\/\\\/www.lupatomeccanica.com\\\/wp-content\\\/uploads\\\/lupato-meccanica-dia-rollex-o115-140-400.jpg\",\"datePublished\":\"2021-09-14T16:00:51+00:00\",\"dateModified\":\"2025-07-04T07:12:42+00:00\",\"description\":\"Dia-Rollex \u00d8115x140 \\\/400 est un outil de 115\u00a0mm de diam\u00e8tre et d'une largeur de 140\u00a0mm. Mont\u00e9 sur le Drago , il effectue la finition au rouleau avec un grain 400 sur le granit et la pierre abrasive. Gr\u00e2ce au rapport id\u00e9al entre le nombre de tours et la vitesse d'avance du tapis, l'usinage conserve toutes les caract\u00e9ristiques du traitement manuel. Mont\u00e9 sur la Birba ou sur le broyeur avec la protection des rouleaux \u00d8115mm, l'op\u00e9rateur peut r\u00e9aliser manuellement la finition au rouleau avec un grain 400 sur le granit et la pierre abrasive.\",\"breadcrumb\":{\"@id\":\"https:\\\/\\\/www.lupatomeccanica.com\\\/fr\\\/produit\\\/utensili\\\/outils-pour-pierre\\\/birba\\\/dia-rollex-400-o-115-x-140-mm-m14\\\/#breadcrumb\"},\"inLanguage\":\"fr-FR\",\"potentialAction\":[{\"@type\":\"ReadAction\",\"target\":[\"https:\\\/\\\/www.lupatomeccanica.com\\\/fr\\\/produit\\\/utensili\\\/outils-pour-pierre\\\/birba\\\/dia-rollex-400-o-115-x-140-mm-m14\\\/\"]}]},{\"@type\":\"ImageObject\",\"inLanguage\":\"fr-FR\",\"@id\":\"https:\\\/\\\/www.lupatomeccanica.com\\\/fr\\\/produit\\\/utensili\\\/outils-pour-pierre\\\/birba\\\/dia-rollex-400-o-115-x-140-mm-m14\\\/#primaryimage\",\"url\":\"https:\\\/\\\/www.lupatomeccanica.com\\\/wp-content\\\/uploads\\\/lupato-meccanica-dia-rollex-o115-140-400.jpg\",\"contentUrl\":\"https:\\\/\\\/www.lupatomeccanica.com\\\/wp-content\\\/uploads\\\/lupato-meccanica-dia-rollex-o115-140-400.jpg\",\"width\":800,\"height\":800},{\"@type\":\"BreadcrumbList\",\"@id\":\"https:\\\/\\\/www.lupatomeccanica.com\\\/fr\\\/produit\\\/utensili\\\/outils-pour-pierre\\\/birba\\\/dia-rollex-400-o-115-x-140-mm-m14\\\/#breadcrumb\",\"itemListElement\":[{\"@type\":\"ListItem\",\"position\":1,\"name\":\"Home\",\"item\":\"https:\\\/\\\/www.lupatomeccanica.com\\\/fr\\\/\"},{\"@type\":\"ListItem\",\"position\":2,\"name\":\"Shop\",\"item\":\"https:\\\/\\\/www.lupatomeccanica.com\\\/fr\\\/shop\\\/\"},{\"@type\":\"ListItem\",\"position\":3,\"name\":\"Dia-Rollex 400 \u00d8 115 x 140 mm M14\"}]},{\"@type\":\"WebSite\",\"@id\":\"https:\\\/\\\/www.lupatomeccanica.com\\\/fr\\\/#website\",\"url\":\"https:\\\/\\\/www.lupatomeccanica.com\\\/fr\\\/\",\"name\":\"Lupato Meccanica\",\"description\":\"Utensili per finiture grezze su pietra e calcestruzzo\",\"publisher\":{\"@id\":\"https:\\\/\\\/www.lupatomeccanica.com\\\/fr\\\/#organization\"},\"potentialAction\":[{\"@type\":\"SearchAction\",\"target\":{\"@type\":\"EntryPoint\",\"urlTemplate\":\"https:\\\/\\\/www.lupatomeccanica.com\\\/fr\\\/?s={search_term_string}\"},\"query-input\":{\"@type\":\"PropertyValueSpecification\",\"valueRequired\":true,\"valueName\":\"search_term_string\"}}],\"inLanguage\":\"fr-FR\"},{\"@type\":\"Organization\",\"@id\":\"https:\\\/\\\/www.lupatomeccanica.com\\\/fr\\\/#organization\",\"name\":\"Lupato Meccanica\",\"url\":\"https:\\\/\\\/www.lupatomeccanica.com\\\/fr\\\/\",\"logo\":{\"@type\":\"ImageObject\",\"inLanguage\":\"fr-FR\",\"@id\":\"https:\\\/\\\/www.lupatomeccanica.com\\\/fr\\\/#\\\/schema\\\/logo\\\/image\\\/\",\"url\":\"https:\\\/\\\/lupatomeccanica.com\\\/wp-content\\\/uploads\\\/logo-admin.png\",\"contentUrl\":\"https:\\\/\\\/lupatomeccanica.com\\\/wp-content\\\/uploads\\\/logo-admin.png\",\"width\":300,\"height\":59,\"caption\":\"Lupato Meccanica\"},\"image\":{\"@id\":\"https:\\\/\\\/www.lupatomeccanica.com\\\/fr\\\/#\\\/schema\\\/logo\\\/image\\\/\"},\"sameAs\":[\"https:\\\/\\\/www.linkedin.com\\\/company\\\/26996783\\\/\",\"https:\\\/\\\/www.youtube.com\\\/user\\\/LupatoMeccanica\"]}]}<\/script>\n<!-- \/ Yoast SEO plugin. -->","yoast_head_json":{"title":"Dia-Rollex 400 \u00d8 115 x 140 mm M14 - Lupato Meccanica","description":"Dia-Rollex \u00d8115x140 \/400 est un outil de 115\u00a0mm de diam\u00e8tre et d'une largeur de 140\u00a0mm. Mont\u00e9 sur le Drago , il effectue la finition au rouleau avec un grain 400 sur le granit et la pierre abrasive. Gr\u00e2ce au rapport id\u00e9al entre le nombre de tours et la vitesse d'avance du tapis, l'usinage conserve toutes les caract\u00e9ristiques du traitement manuel. Mont\u00e9 sur la Birba ou sur le broyeur avec la protection des rouleaux \u00d8115mm, l'op\u00e9rateur peut r\u00e9aliser manuellement la finition au rouleau avec un grain 400 sur le granit et la pierre abrasive.","robots":{"index":"index","follow":"follow","max-snippet":"max-snippet:-1","max-image-preview":"max-image-preview:large","max-video-preview":"max-video-preview:-1"},"canonical":"https:\/\/www.lupatomeccanica.com\/fr\/produit\/utensili\/outils-pour-pierre\/birba\/dia-rollex-400-o-115-x-140-mm-m14\/","og_locale":"fr_FR","og_type":"article","og_title":"Dia-Rollex 400 \u00d8 115 x 140 mm M14 - Lupato Meccanica","og_description":"Dia-Rollex \u00d8115x140 \/400 est un outil de 115\u00a0mm de diam\u00e8tre et d'une largeur de 140\u00a0mm. Mont\u00e9 sur le Drago , il effectue la finition au rouleau avec un grain 400 sur le granit et la pierre abrasive. Gr\u00e2ce au rapport id\u00e9al entre le nombre de tours et la vitesse d'avance du tapis, l'usinage conserve toutes les caract\u00e9ristiques du traitement manuel. Mont\u00e9 sur la Birba ou sur le broyeur avec la protection des rouleaux \u00d8115mm, l'op\u00e9rateur peut r\u00e9aliser manuellement la finition au rouleau avec un grain 400 sur le granit et la pierre abrasive.","og_url":"https:\/\/www.lupatomeccanica.com\/fr\/produit\/utensili\/outils-pour-pierre\/birba\/dia-rollex-400-o-115-x-140-mm-m14\/","og_site_name":"Lupato Meccanica","article_modified_time":"2025-07-04T07:12:42+00:00","og_image":[{"width":800,"height":800,"url":"https:\/\/www.lupatomeccanica.com\/wp-content\/uploads\/lupato-meccanica-dia-rollex-o115-140-400.jpg","type":"image\/jpeg"}],"twitter_card":"summary_large_image","schema":{"@context":"https:\/\/schema.org","@graph":[{"@type":"WebPage","@id":"https:\/\/www.lupatomeccanica.com\/fr\/produit\/utensili\/outils-pour-pierre\/birba\/dia-rollex-400-o-115-x-140-mm-m14\/","url":"https:\/\/www.lupatomeccanica.com\/fr\/produit\/utensili\/outils-pour-pierre\/birba\/dia-rollex-400-o-115-x-140-mm-m14\/","name":"Dia-Rollex 400 \u00d8 115 x 140 mm M14 - Lupato Meccanica","isPartOf":{"@id":"https:\/\/www.lupatomeccanica.com\/fr\/#website"},"primaryImageOfPage":{"@id":"https:\/\/www.lupatomeccanica.com\/fr\/produit\/utensili\/outils-pour-pierre\/birba\/dia-rollex-400-o-115-x-140-mm-m14\/#primaryimage"},"image":{"@id":"https:\/\/www.lupatomeccanica.com\/fr\/produit\/utensili\/outils-pour-pierre\/birba\/dia-rollex-400-o-115-x-140-mm-m14\/#primaryimage"},"thumbnailUrl":"https:\/\/www.lupatomeccanica.com\/wp-content\/uploads\/lupato-meccanica-dia-rollex-o115-140-400.jpg","datePublished":"2021-09-14T16:00:51+00:00","dateModified":"2025-07-04T07:12:42+00:00","description":"Dia-Rollex \u00d8115x140 \/400 est un outil de 115\u00a0mm de diam\u00e8tre et d'une largeur de 140\u00a0mm. Mont\u00e9 sur le Drago , il effectue la finition au rouleau avec un grain 400 sur le granit et la pierre abrasive. Gr\u00e2ce au rapport id\u00e9al entre le nombre de tours et la vitesse d'avance du tapis, l'usinage conserve toutes les caract\u00e9ristiques du traitement manuel. Mont\u00e9 sur la Birba ou sur le broyeur avec la protection des rouleaux \u00d8115mm, l'op\u00e9rateur peut r\u00e9aliser manuellement la finition au rouleau avec un grain 400 sur le granit et la pierre abrasive.","breadcrumb":{"@id":"https:\/\/www.lupatomeccanica.com\/fr\/produit\/utensili\/outils-pour-pierre\/birba\/dia-rollex-400-o-115-x-140-mm-m14\/#breadcrumb"},"inLanguage":"fr-FR","potentialAction":[{"@type":"ReadAction","target":["https:\/\/www.lupatomeccanica.com\/fr\/produit\/utensili\/outils-pour-pierre\/birba\/dia-rollex-400-o-115-x-140-mm-m14\/"]}]},{"@type":"ImageObject","inLanguage":"fr-FR","@id":"https:\/\/www.lupatomeccanica.com\/fr\/produit\/utensili\/outils-pour-pierre\/birba\/dia-rollex-400-o-115-x-140-mm-m14\/#primaryimage","url":"https:\/\/www.lupatomeccanica.com\/wp-content\/uploads\/lupato-meccanica-dia-rollex-o115-140-400.jpg","contentUrl":"https:\/\/www.lupatomeccanica.com\/wp-content\/uploads\/lupato-meccanica-dia-rollex-o115-140-400.jpg","width":800,"height":800},{"@type":"BreadcrumbList","@id":"https:\/\/www.lupatomeccanica.com\/fr\/produit\/utensili\/outils-pour-pierre\/birba\/dia-rollex-400-o-115-x-140-mm-m14\/#breadcrumb","itemListElement":[{"@type":"ListItem","position":1,"name":"Home","item":"https:\/\/www.lupatomeccanica.com\/fr\/"},{"@type":"ListItem","position":2,"name":"Shop","item":"https:\/\/www.lupatomeccanica.com\/fr\/shop\/"},{"@type":"ListItem","position":3,"name":"Dia-Rollex 400 \u00d8 115 x 140 mm M14"}]},{"@type":"WebSite","@id":"https:\/\/www.lupatomeccanica.com\/fr\/#website","url":"https:\/\/www.lupatomeccanica.com\/fr\/","name":"Lupato Meccanica","description":"Utensili per finiture grezze su pietra e calcestruzzo","publisher":{"@id":"https:\/\/www.lupatomeccanica.com\/fr\/#organization"},"potentialAction":[{"@type":"SearchAction","target":{"@type":"EntryPoint","urlTemplate":"https:\/\/www.lupatomeccanica.com\/fr\/?s={search_term_string}"},"query-input":{"@type":"PropertyValueSpecification","valueRequired":true,"valueName":"search_term_string"}}],"inLanguage":"fr-FR"},{"@type":"Organization","@id":"https:\/\/www.lupatomeccanica.com\/fr\/#organization","name":"Lupato Meccanica","url":"https:\/\/www.lupatomeccanica.com\/fr\/","logo":{"@type":"ImageObject","inLanguage":"fr-FR","@id":"https:\/\/www.lupatomeccanica.com\/fr\/#\/schema\/logo\/image\/","url":"https:\/\/lupatomeccanica.com\/wp-content\/uploads\/logo-admin.png","contentUrl":"https:\/\/lupatomeccanica.com\/wp-content\/uploads\/logo-admin.png","width":300,"height":59,"caption":"Lupato Meccanica"},"image":{"@id":"https:\/\/www.lupatomeccanica.com\/fr\/#\/schema\/logo\/image\/"},"sameAs":["https:\/\/www.linkedin.com\/company\/26996783\/","https:\/\/www.youtube.com\/user\/LupatoMeccanica"]}]}},"_links":{"self":[{"href":"https:\/\/www.lupatomeccanica.com\/fr\/wp-json\/wp\/v2\/product\/16207","targetHints":{"allow":["GET"]}}],"collection":[{"href":"https:\/\/www.lupatomeccanica.com\/fr\/wp-json\/wp\/v2\/product"}],"about":[{"href":"https:\/\/www.lupatomeccanica.com\/fr\/wp-json\/wp\/v2\/types\/product"}],"wp:featuredmedia":[{"embeddable":true,"href":"https:\/\/www.lupatomeccanica.com\/fr\/wp-json\/wp\/v2\/media\/16176"}],"wp:attachment":[{"href":"https:\/\/www.lupatomeccanica.com\/fr\/wp-json\/wp\/v2\/media?parent=16207"}],"wp:term":[{"taxonomy":"product_brand","embeddable":true,"href":"https:\/\/www.lupatomeccanica.com\/fr\/wp-json\/wp\/v2\/product_brand?post=16207"},{"taxonomy":"product_cat","embeddable":true,"href":"https:\/\/www.lupatomeccanica.com\/fr\/wp-json\/wp\/v2\/product_cat?post=16207"},{"taxonomy":"product_tag","embeddable":true,"href":"https:\/\/www.lupatomeccanica.com\/fr\/wp-json\/wp\/v2\/product_tag?post=16207"}],"curies":[{"name":"wp","href":"https:\/\/api.w.org\/{rel}","templated":true}]}}