{"id":16106,"date":"2021-09-14T16:04:45","date_gmt":"2021-09-14T16:04:45","guid":{"rendered":"https:\/\/www.lupatomeccanica.com\/prodotto\/uncategorized\/micra-o-125-mm-5-8\/"},"modified":"2025-07-04T07:13:44","modified_gmt":"2025-07-04T07:13:44","slug":"micra-o-125-mm-5-8","status":"publish","type":"product","link":"https:\/\/www.lupatomeccanica.com\/fr\/produit\/utensili\/outils-pour-pierre\/micra\/micra-o-125-mm-5-8\/","title":{"rendered":"Micra \u00d8 125 mm 5\/8&#8243;"},"content":{"rendered":"","protected":false},"excerpt":{"rendered":"<p>Micra est un outil de 125\u00a0mm de diam\u00e8tre constitu\u00e9 de 3\u00a0rouleaux \u00e0 30\u00a0pointes chacun, pour le bouchardage moyen et fin de surfaces planes, d&#8217;antid\u00e9rapant, de bords et d&#8217;arrondis sur le marbre, la pierre et le granit.<br \/>\nLes rouleaux peuvent \u00eatre r\u00e9gl\u00e9s sur deux diam\u00e8tres de travail pour permettre l&#8217;ex\u00e9cution d&#8217;antid\u00e9rapant de 5\u00a0cm et 11\u00a0cm de large.<\/p>\n","protected":false},"featured_media":16105,"template":"","meta":{"_acf_changed":false,"inline_featured_image":false},"product_brand":[],"product_cat":[982],"product_tag":[],"class_list":{"0":"post-16106","1":"product","2":"type-product","3":"status-publish","4":"has-post-thumbnail","6":"product_cat-micra","8":"first","9":"instock","10":"product-type-simple"},"acf":[],"yoast_head":"<!-- This site is optimized with the Yoast SEO plugin v27.3 - https:\/\/yoast.com\/product\/yoast-seo-wordpress\/ -->\n<title>Micra \u00d8 125 mm 5\/8&quot; - Lupato Meccanica<\/title>\n<meta name=\"description\" content=\"Micra est un outil de 125\u00a0mm de diam\u00e8tre constitu\u00e9 de 3\u00a0rouleaux \u00e0 30\u00a0pointes chacun, pour le bouchardage moyen et fin de surfaces planes, d&#039;antid\u00e9rapant, de bords et d&#039;arrondis sur le marbre, la pierre et le granit. Les rouleaux peuvent \u00eatre r\u00e9gl\u00e9s sur deux diam\u00e8tres de travail pour permettre l&#039;ex\u00e9cution d&#039;antid\u00e9rapant de 5\u00a0cm et 11\u00a0cm de large.\" \/>\n<meta name=\"robots\" content=\"index, follow, max-snippet:-1, max-image-preview:large, max-video-preview:-1\" \/>\n<link rel=\"canonical\" href=\"https:\/\/www.lupatomeccanica.com\/fr\/produit\/utensili\/outils-pour-pierre\/micra\/micra-o-125-mm-5-8\/\" \/>\n<meta property=\"og:locale\" content=\"fr_FR\" \/>\n<meta property=\"og:type\" content=\"article\" \/>\n<meta property=\"og:title\" content=\"Micra \u00d8 125 mm 5\/8&quot; - Lupato Meccanica\" \/>\n<meta property=\"og:description\" content=\"Micra est un outil de 125\u00a0mm de diam\u00e8tre constitu\u00e9 de 3\u00a0rouleaux \u00e0 30\u00a0pointes chacun, pour le bouchardage moyen et fin de surfaces planes, d&#039;antid\u00e9rapant, de bords et d&#039;arrondis sur le marbre, la pierre et le granit. Les rouleaux peuvent \u00eatre r\u00e9gl\u00e9s sur deux diam\u00e8tres de travail pour permettre l&#039;ex\u00e9cution d&#039;antid\u00e9rapant de 5\u00a0cm et 11\u00a0cm de large.\" \/>\n<meta property=\"og:url\" content=\"https:\/\/www.lupatomeccanica.com\/fr\/produit\/utensili\/outils-pour-pierre\/micra\/micra-o-125-mm-5-8\/\" \/>\n<meta property=\"og:site_name\" content=\"Lupato Meccanica\" \/>\n<meta property=\"article:modified_time\" content=\"2025-07-04T07:13:44+00:00\" \/>\n<meta property=\"og:image\" content=\"https:\/\/www.lupatomeccanica.com\/wp-content\/uploads\/lupato-meccanica-micra-o125.jpg\" \/>\n\t<meta property=\"og:image:width\" content=\"800\" \/>\n\t<meta property=\"og:image:height\" content=\"800\" \/>\n\t<meta property=\"og:image:type\" content=\"image\/jpeg\" \/>\n<meta name=\"twitter:card\" content=\"summary_large_image\" \/>\n<script type=\"application\/ld+json\" class=\"yoast-schema-graph\">{\"@context\":\"https:\\\/\\\/schema.org\",\"@graph\":[{\"@type\":\"WebPage\",\"@id\":\"https:\\\/\\\/www.lupatomeccanica.com\\\/fr\\\/produit\\\/utensili\\\/outils-pour-pierre\\\/micra\\\/micra-o-125-mm-5-8\\\/\",\"url\":\"https:\\\/\\\/www.lupatomeccanica.com\\\/fr\\\/produit\\\/utensili\\\/outils-pour-pierre\\\/micra\\\/micra-o-125-mm-5-8\\\/\",\"name\":\"Micra \u00d8 125 mm 5\\\/8\\\" - Lupato Meccanica\",\"isPartOf\":{\"@id\":\"https:\\\/\\\/www.lupatomeccanica.com\\\/fr\\\/#website\"},\"primaryImageOfPage\":{\"@id\":\"https:\\\/\\\/www.lupatomeccanica.com\\\/fr\\\/produit\\\/utensili\\\/outils-pour-pierre\\\/micra\\\/micra-o-125-mm-5-8\\\/#primaryimage\"},\"image\":{\"@id\":\"https:\\\/\\\/www.lupatomeccanica.com\\\/fr\\\/produit\\\/utensili\\\/outils-pour-pierre\\\/micra\\\/micra-o-125-mm-5-8\\\/#primaryimage\"},\"thumbnailUrl\":\"https:\\\/\\\/www.lupatomeccanica.com\\\/wp-content\\\/uploads\\\/lupato-meccanica-micra-o125.jpg\",\"datePublished\":\"2021-09-14T16:04:45+00:00\",\"dateModified\":\"2025-07-04T07:13:44+00:00\",\"description\":\"Micra est un outil de 125\u00a0mm de diam\u00e8tre constitu\u00e9 de 3\u00a0rouleaux \u00e0 30\u00a0pointes chacun, pour le bouchardage moyen et fin de surfaces planes, d'antid\u00e9rapant, de bords et d'arrondis sur le marbre, la pierre et le granit. Les rouleaux peuvent \u00eatre r\u00e9gl\u00e9s sur deux diam\u00e8tres de travail pour permettre l'ex\u00e9cution d'antid\u00e9rapant de 5\u00a0cm et 11\u00a0cm de large.\",\"breadcrumb\":{\"@id\":\"https:\\\/\\\/www.lupatomeccanica.com\\\/fr\\\/produit\\\/utensili\\\/outils-pour-pierre\\\/micra\\\/micra-o-125-mm-5-8\\\/#breadcrumb\"},\"inLanguage\":\"fr-FR\",\"potentialAction\":[{\"@type\":\"ReadAction\",\"target\":[\"https:\\\/\\\/www.lupatomeccanica.com\\\/fr\\\/produit\\\/utensili\\\/outils-pour-pierre\\\/micra\\\/micra-o-125-mm-5-8\\\/\"]}]},{\"@type\":\"ImageObject\",\"inLanguage\":\"fr-FR\",\"@id\":\"https:\\\/\\\/www.lupatomeccanica.com\\\/fr\\\/produit\\\/utensili\\\/outils-pour-pierre\\\/micra\\\/micra-o-125-mm-5-8\\\/#primaryimage\",\"url\":\"https:\\\/\\\/www.lupatomeccanica.com\\\/wp-content\\\/uploads\\\/lupato-meccanica-micra-o125.jpg\",\"contentUrl\":\"https:\\\/\\\/www.lupatomeccanica.com\\\/wp-content\\\/uploads\\\/lupato-meccanica-micra-o125.jpg\",\"width\":800,\"height\":800},{\"@type\":\"BreadcrumbList\",\"@id\":\"https:\\\/\\\/www.lupatomeccanica.com\\\/fr\\\/produit\\\/utensili\\\/outils-pour-pierre\\\/micra\\\/micra-o-125-mm-5-8\\\/#breadcrumb\",\"itemListElement\":[{\"@type\":\"ListItem\",\"position\":1,\"name\":\"Home\",\"item\":\"https:\\\/\\\/www.lupatomeccanica.com\\\/fr\\\/\"},{\"@type\":\"ListItem\",\"position\":2,\"name\":\"Shop\",\"item\":\"https:\\\/\\\/www.lupatomeccanica.com\\\/fr\\\/shop\\\/\"},{\"@type\":\"ListItem\",\"position\":3,\"name\":\"Micra \u00d8 125 mm 5\\\/8&#8243;\"}]},{\"@type\":\"WebSite\",\"@id\":\"https:\\\/\\\/www.lupatomeccanica.com\\\/fr\\\/#website\",\"url\":\"https:\\\/\\\/www.lupatomeccanica.com\\\/fr\\\/\",\"name\":\"Lupato Meccanica\",\"description\":\"Utensili per finiture grezze su pietra e calcestruzzo\",\"publisher\":{\"@id\":\"https:\\\/\\\/www.lupatomeccanica.com\\\/fr\\\/#organization\"},\"potentialAction\":[{\"@type\":\"SearchAction\",\"target\":{\"@type\":\"EntryPoint\",\"urlTemplate\":\"https:\\\/\\\/www.lupatomeccanica.com\\\/fr\\\/?s={search_term_string}\"},\"query-input\":{\"@type\":\"PropertyValueSpecification\",\"valueRequired\":true,\"valueName\":\"search_term_string\"}}],\"inLanguage\":\"fr-FR\"},{\"@type\":\"Organization\",\"@id\":\"https:\\\/\\\/www.lupatomeccanica.com\\\/fr\\\/#organization\",\"name\":\"Lupato Meccanica\",\"url\":\"https:\\\/\\\/www.lupatomeccanica.com\\\/fr\\\/\",\"logo\":{\"@type\":\"ImageObject\",\"inLanguage\":\"fr-FR\",\"@id\":\"https:\\\/\\\/www.lupatomeccanica.com\\\/fr\\\/#\\\/schema\\\/logo\\\/image\\\/\",\"url\":\"https:\\\/\\\/lupatomeccanica.com\\\/wp-content\\\/uploads\\\/logo-admin.png\",\"contentUrl\":\"https:\\\/\\\/lupatomeccanica.com\\\/wp-content\\\/uploads\\\/logo-admin.png\",\"width\":300,\"height\":59,\"caption\":\"Lupato Meccanica\"},\"image\":{\"@id\":\"https:\\\/\\\/www.lupatomeccanica.com\\\/fr\\\/#\\\/schema\\\/logo\\\/image\\\/\"},\"sameAs\":[\"https:\\\/\\\/www.linkedin.com\\\/company\\\/26996783\\\/\",\"https:\\\/\\\/www.youtube.com\\\/user\\\/LupatoMeccanica\"]}]}<\/script>\n<!-- \/ Yoast SEO plugin. -->","yoast_head_json":{"title":"Micra \u00d8 125 mm 5\/8\" - Lupato Meccanica","description":"Micra est un outil de 125\u00a0mm de diam\u00e8tre constitu\u00e9 de 3\u00a0rouleaux \u00e0 30\u00a0pointes chacun, pour le bouchardage moyen et fin de surfaces planes, d'antid\u00e9rapant, de bords et d'arrondis sur le marbre, la pierre et le granit. Les rouleaux peuvent \u00eatre r\u00e9gl\u00e9s sur deux diam\u00e8tres de travail pour permettre l'ex\u00e9cution d'antid\u00e9rapant de 5\u00a0cm et 11\u00a0cm de large.","robots":{"index":"index","follow":"follow","max-snippet":"max-snippet:-1","max-image-preview":"max-image-preview:large","max-video-preview":"max-video-preview:-1"},"canonical":"https:\/\/www.lupatomeccanica.com\/fr\/produit\/utensili\/outils-pour-pierre\/micra\/micra-o-125-mm-5-8\/","og_locale":"fr_FR","og_type":"article","og_title":"Micra \u00d8 125 mm 5\/8\" - Lupato Meccanica","og_description":"Micra est un outil de 125\u00a0mm de diam\u00e8tre constitu\u00e9 de 3\u00a0rouleaux \u00e0 30\u00a0pointes chacun, pour le bouchardage moyen et fin de surfaces planes, d'antid\u00e9rapant, de bords et d'arrondis sur le marbre, la pierre et le granit. Les rouleaux peuvent \u00eatre r\u00e9gl\u00e9s sur deux diam\u00e8tres de travail pour permettre l'ex\u00e9cution d'antid\u00e9rapant de 5\u00a0cm et 11\u00a0cm de large.","og_url":"https:\/\/www.lupatomeccanica.com\/fr\/produit\/utensili\/outils-pour-pierre\/micra\/micra-o-125-mm-5-8\/","og_site_name":"Lupato Meccanica","article_modified_time":"2025-07-04T07:13:44+00:00","og_image":[{"width":800,"height":800,"url":"https:\/\/www.lupatomeccanica.com\/wp-content\/uploads\/lupato-meccanica-micra-o125.jpg","type":"image\/jpeg"}],"twitter_card":"summary_large_image","schema":{"@context":"https:\/\/schema.org","@graph":[{"@type":"WebPage","@id":"https:\/\/www.lupatomeccanica.com\/fr\/produit\/utensili\/outils-pour-pierre\/micra\/micra-o-125-mm-5-8\/","url":"https:\/\/www.lupatomeccanica.com\/fr\/produit\/utensili\/outils-pour-pierre\/micra\/micra-o-125-mm-5-8\/","name":"Micra \u00d8 125 mm 5\/8\" - Lupato Meccanica","isPartOf":{"@id":"https:\/\/www.lupatomeccanica.com\/fr\/#website"},"primaryImageOfPage":{"@id":"https:\/\/www.lupatomeccanica.com\/fr\/produit\/utensili\/outils-pour-pierre\/micra\/micra-o-125-mm-5-8\/#primaryimage"},"image":{"@id":"https:\/\/www.lupatomeccanica.com\/fr\/produit\/utensili\/outils-pour-pierre\/micra\/micra-o-125-mm-5-8\/#primaryimage"},"thumbnailUrl":"https:\/\/www.lupatomeccanica.com\/wp-content\/uploads\/lupato-meccanica-micra-o125.jpg","datePublished":"2021-09-14T16:04:45+00:00","dateModified":"2025-07-04T07:13:44+00:00","description":"Micra est un outil de 125\u00a0mm de diam\u00e8tre constitu\u00e9 de 3\u00a0rouleaux \u00e0 30\u00a0pointes chacun, pour le bouchardage moyen et fin de surfaces planes, d'antid\u00e9rapant, de bords et d'arrondis sur le marbre, la pierre et le granit. Les rouleaux peuvent \u00eatre r\u00e9gl\u00e9s sur deux diam\u00e8tres de travail pour permettre l'ex\u00e9cution d'antid\u00e9rapant de 5\u00a0cm et 11\u00a0cm de large.","breadcrumb":{"@id":"https:\/\/www.lupatomeccanica.com\/fr\/produit\/utensili\/outils-pour-pierre\/micra\/micra-o-125-mm-5-8\/#breadcrumb"},"inLanguage":"fr-FR","potentialAction":[{"@type":"ReadAction","target":["https:\/\/www.lupatomeccanica.com\/fr\/produit\/utensili\/outils-pour-pierre\/micra\/micra-o-125-mm-5-8\/"]}]},{"@type":"ImageObject","inLanguage":"fr-FR","@id":"https:\/\/www.lupatomeccanica.com\/fr\/produit\/utensili\/outils-pour-pierre\/micra\/micra-o-125-mm-5-8\/#primaryimage","url":"https:\/\/www.lupatomeccanica.com\/wp-content\/uploads\/lupato-meccanica-micra-o125.jpg","contentUrl":"https:\/\/www.lupatomeccanica.com\/wp-content\/uploads\/lupato-meccanica-micra-o125.jpg","width":800,"height":800},{"@type":"BreadcrumbList","@id":"https:\/\/www.lupatomeccanica.com\/fr\/produit\/utensili\/outils-pour-pierre\/micra\/micra-o-125-mm-5-8\/#breadcrumb","itemListElement":[{"@type":"ListItem","position":1,"name":"Home","item":"https:\/\/www.lupatomeccanica.com\/fr\/"},{"@type":"ListItem","position":2,"name":"Shop","item":"https:\/\/www.lupatomeccanica.com\/fr\/shop\/"},{"@type":"ListItem","position":3,"name":"Micra \u00d8 125 mm 5\/8&#8243;"}]},{"@type":"WebSite","@id":"https:\/\/www.lupatomeccanica.com\/fr\/#website","url":"https:\/\/www.lupatomeccanica.com\/fr\/","name":"Lupato Meccanica","description":"Utensili per finiture grezze su pietra e calcestruzzo","publisher":{"@id":"https:\/\/www.lupatomeccanica.com\/fr\/#organization"},"potentialAction":[{"@type":"SearchAction","target":{"@type":"EntryPoint","urlTemplate":"https:\/\/www.lupatomeccanica.com\/fr\/?s={search_term_string}"},"query-input":{"@type":"PropertyValueSpecification","valueRequired":true,"valueName":"search_term_string"}}],"inLanguage":"fr-FR"},{"@type":"Organization","@id":"https:\/\/www.lupatomeccanica.com\/fr\/#organization","name":"Lupato Meccanica","url":"https:\/\/www.lupatomeccanica.com\/fr\/","logo":{"@type":"ImageObject","inLanguage":"fr-FR","@id":"https:\/\/www.lupatomeccanica.com\/fr\/#\/schema\/logo\/image\/","url":"https:\/\/lupatomeccanica.com\/wp-content\/uploads\/logo-admin.png","contentUrl":"https:\/\/lupatomeccanica.com\/wp-content\/uploads\/logo-admin.png","width":300,"height":59,"caption":"Lupato Meccanica"},"image":{"@id":"https:\/\/www.lupatomeccanica.com\/fr\/#\/schema\/logo\/image\/"},"sameAs":["https:\/\/www.linkedin.com\/company\/26996783\/","https:\/\/www.youtube.com\/user\/LupatoMeccanica"]}]}},"_links":{"self":[{"href":"https:\/\/www.lupatomeccanica.com\/fr\/wp-json\/wp\/v2\/product\/16106","targetHints":{"allow":["GET"]}}],"collection":[{"href":"https:\/\/www.lupatomeccanica.com\/fr\/wp-json\/wp\/v2\/product"}],"about":[{"href":"https:\/\/www.lupatomeccanica.com\/fr\/wp-json\/wp\/v2\/types\/product"}],"wp:featuredmedia":[{"embeddable":true,"href":"https:\/\/www.lupatomeccanica.com\/fr\/wp-json\/wp\/v2\/media\/16105"}],"wp:attachment":[{"href":"https:\/\/www.lupatomeccanica.com\/fr\/wp-json\/wp\/v2\/media?parent=16106"}],"wp:term":[{"taxonomy":"product_brand","embeddable":true,"href":"https:\/\/www.lupatomeccanica.com\/fr\/wp-json\/wp\/v2\/product_brand?post=16106"},{"taxonomy":"product_cat","embeddable":true,"href":"https:\/\/www.lupatomeccanica.com\/fr\/wp-json\/wp\/v2\/product_cat?post=16106"},{"taxonomy":"product_tag","embeddable":true,"href":"https:\/\/www.lupatomeccanica.com\/fr\/wp-json\/wp\/v2\/product_tag?post=16106"}],"curies":[{"name":"wp","href":"https:\/\/api.w.org\/{rel}","templated":true}]}}