{"id":16019,"date":"2021-09-14T16:07:02","date_gmt":"2021-09-14T16:07:02","guid":{"rendered":"https:\/\/www.lupatomeccanica.com\/prodotto\/uncategorized\/utensile-vor-3-9-o-260-mm\/"},"modified":"2025-07-04T07:15:57","modified_gmt":"2025-07-04T07:15:57","slug":"outil-vor-3-9-o-260-mm","status":"publish","type":"product","link":"https:\/\/www.lupatomeccanica.com\/fr\/produit\/utensili\/outils-pour-pierre\/vor\/outil-vor-3-9-o-260-mm\/","title":{"rendered":"Outil Vor 3\/9 \u00d8 260 mm"},"content":{"rendered":"","protected":false},"excerpt":{"rendered":"<p>L&#8217;outil Vor 3\/9 est un outil de 260\u00a0mm de diam\u00e8tre constitu\u00e9 de 3\u00a0rouleaux \u00e0 9\u00a0reliefs chacun, pour l&#8217;\u00e9br\u00e9chage sur les plaques de marbre et de pierre calcaire.<br \/>\nIl s&#8217;agit d&#8217;un outil sp\u00e9cifique pour machine Vor, sa masse \u00e9lev\u00e9e permet une plus grande p\u00e9n\u00e9tration des reliefs dans le mat\u00e9riau, de sorte qu&#8217;il est possible d&#8217;effectuer l&#8217;\u00e9br\u00e9chage, normalement impossible \u00e0 r\u00e9aliser avec un outil portatif.<\/p>\n","protected":false},"featured_media":16020,"template":"","meta":{"_acf_changed":false,"inline_featured_image":false},"product_brand":[],"product_cat":[993],"product_tag":[],"class_list":{"0":"post-16019","1":"product","2":"type-product","3":"status-publish","4":"has-post-thumbnail","6":"product_cat-vor","8":"first","9":"instock","10":"product-type-simple"},"acf":[],"yoast_head":"<!-- This site is optimized with the Yoast SEO plugin v27.3 - https:\/\/yoast.com\/product\/yoast-seo-wordpress\/ -->\n<title>Outil Vor 3\/9 \u00d8 260 mm - Lupato Meccanica<\/title>\n<meta name=\"description\" content=\"L&#039;outil Vor 3\/9 est un outil de 260\u00a0mm de diam\u00e8tre constitu\u00e9 de 3\u00a0rouleaux \u00e0 9\u00a0reliefs chacun, pour l&#039;\u00e9br\u00e9chage sur les plaques de marbre et de pierre calcaire. Il s&#039;agit d&#039;un outil sp\u00e9cifique pour machine Vor, sa masse \u00e9lev\u00e9e permet une plus grande p\u00e9n\u00e9tration des reliefs dans le mat\u00e9riau, de sorte qu&#039;il est possible d&#039;effectuer l&#039;\u00e9br\u00e9chage, normalement impossible \u00e0 r\u00e9aliser avec un outil portatif.\" \/>\n<meta name=\"robots\" content=\"index, follow, max-snippet:-1, max-image-preview:large, max-video-preview:-1\" \/>\n<link rel=\"canonical\" href=\"https:\/\/www.lupatomeccanica.com\/fr\/produit\/utensili\/outils-pour-pierre\/vor\/outil-vor-3-9-o-260-mm\/\" \/>\n<meta property=\"og:locale\" content=\"fr_FR\" \/>\n<meta property=\"og:type\" content=\"article\" \/>\n<meta property=\"og:title\" content=\"Outil Vor 3\/9 \u00d8 260 mm - Lupato Meccanica\" \/>\n<meta property=\"og:description\" content=\"L&#039;outil Vor 3\/9 est un outil de 260\u00a0mm de diam\u00e8tre constitu\u00e9 de 3\u00a0rouleaux \u00e0 9\u00a0reliefs chacun, pour l&#039;\u00e9br\u00e9chage sur les plaques de marbre et de pierre calcaire. Il s&#039;agit d&#039;un outil sp\u00e9cifique pour machine Vor, sa masse \u00e9lev\u00e9e permet une plus grande p\u00e9n\u00e9tration des reliefs dans le mat\u00e9riau, de sorte qu&#039;il est possible d&#039;effectuer l&#039;\u00e9br\u00e9chage, normalement impossible \u00e0 r\u00e9aliser avec un outil portatif.\" \/>\n<meta property=\"og:url\" content=\"https:\/\/www.lupatomeccanica.com\/fr\/produit\/utensili\/outils-pour-pierre\/vor\/outil-vor-3-9-o-260-mm\/\" \/>\n<meta property=\"og:site_name\" content=\"Lupato Meccanica\" \/>\n<meta property=\"article:modified_time\" content=\"2025-07-04T07:15:57+00:00\" \/>\n<meta property=\"og:image\" content=\"https:\/\/www.lupatomeccanica.com\/wp-content\/uploads\/lupato-meccanica-utensile-vor-3-9-o260.jpg\" \/>\n\t<meta property=\"og:image:width\" content=\"1024\" \/>\n\t<meta property=\"og:image:height\" content=\"1024\" \/>\n\t<meta property=\"og:image:type\" content=\"image\/jpeg\" \/>\n<meta name=\"twitter:card\" content=\"summary_large_image\" \/>\n<script type=\"application\/ld+json\" class=\"yoast-schema-graph\">{\"@context\":\"https:\\\/\\\/schema.org\",\"@graph\":[{\"@type\":\"WebPage\",\"@id\":\"https:\\\/\\\/www.lupatomeccanica.com\\\/fr\\\/produit\\\/utensili\\\/outils-pour-pierre\\\/vor\\\/outil-vor-3-9-o-260-mm\\\/\",\"url\":\"https:\\\/\\\/www.lupatomeccanica.com\\\/fr\\\/produit\\\/utensili\\\/outils-pour-pierre\\\/vor\\\/outil-vor-3-9-o-260-mm\\\/\",\"name\":\"Outil Vor 3\\\/9 \u00d8 260 mm - Lupato Meccanica\",\"isPartOf\":{\"@id\":\"https:\\\/\\\/www.lupatomeccanica.com\\\/fr\\\/#website\"},\"primaryImageOfPage\":{\"@id\":\"https:\\\/\\\/www.lupatomeccanica.com\\\/fr\\\/produit\\\/utensili\\\/outils-pour-pierre\\\/vor\\\/outil-vor-3-9-o-260-mm\\\/#primaryimage\"},\"image\":{\"@id\":\"https:\\\/\\\/www.lupatomeccanica.com\\\/fr\\\/produit\\\/utensili\\\/outils-pour-pierre\\\/vor\\\/outil-vor-3-9-o-260-mm\\\/#primaryimage\"},\"thumbnailUrl\":\"https:\\\/\\\/www.lupatomeccanica.com\\\/wp-content\\\/uploads\\\/lupato-meccanica-utensile-vor-3-9-o260.jpg\",\"datePublished\":\"2021-09-14T16:07:02+00:00\",\"dateModified\":\"2025-07-04T07:15:57+00:00\",\"description\":\"L'outil Vor 3\\\/9 est un outil de 260\u00a0mm de diam\u00e8tre constitu\u00e9 de 3\u00a0rouleaux \u00e0 9\u00a0reliefs chacun, pour l'\u00e9br\u00e9chage sur les plaques de marbre et de pierre calcaire. Il s'agit d'un outil sp\u00e9cifique pour machine Vor, sa masse \u00e9lev\u00e9e permet une plus grande p\u00e9n\u00e9tration des reliefs dans le mat\u00e9riau, de sorte qu'il est possible d'effectuer l'\u00e9br\u00e9chage, normalement impossible \u00e0 r\u00e9aliser avec un outil portatif.\",\"breadcrumb\":{\"@id\":\"https:\\\/\\\/www.lupatomeccanica.com\\\/fr\\\/produit\\\/utensili\\\/outils-pour-pierre\\\/vor\\\/outil-vor-3-9-o-260-mm\\\/#breadcrumb\"},\"inLanguage\":\"fr-FR\",\"potentialAction\":[{\"@type\":\"ReadAction\",\"target\":[\"https:\\\/\\\/www.lupatomeccanica.com\\\/fr\\\/produit\\\/utensili\\\/outils-pour-pierre\\\/vor\\\/outil-vor-3-9-o-260-mm\\\/\"]}]},{\"@type\":\"ImageObject\",\"inLanguage\":\"fr-FR\",\"@id\":\"https:\\\/\\\/www.lupatomeccanica.com\\\/fr\\\/produit\\\/utensili\\\/outils-pour-pierre\\\/vor\\\/outil-vor-3-9-o-260-mm\\\/#primaryimage\",\"url\":\"https:\\\/\\\/www.lupatomeccanica.com\\\/wp-content\\\/uploads\\\/lupato-meccanica-utensile-vor-3-9-o260.jpg\",\"contentUrl\":\"https:\\\/\\\/www.lupatomeccanica.com\\\/wp-content\\\/uploads\\\/lupato-meccanica-utensile-vor-3-9-o260.jpg\",\"width\":1024,\"height\":1024},{\"@type\":\"BreadcrumbList\",\"@id\":\"https:\\\/\\\/www.lupatomeccanica.com\\\/fr\\\/produit\\\/utensili\\\/outils-pour-pierre\\\/vor\\\/outil-vor-3-9-o-260-mm\\\/#breadcrumb\",\"itemListElement\":[{\"@type\":\"ListItem\",\"position\":1,\"name\":\"Home\",\"item\":\"https:\\\/\\\/www.lupatomeccanica.com\\\/fr\\\/\"},{\"@type\":\"ListItem\",\"position\":2,\"name\":\"Shop\",\"item\":\"https:\\\/\\\/www.lupatomeccanica.com\\\/fr\\\/shop\\\/\"},{\"@type\":\"ListItem\",\"position\":3,\"name\":\"Outil Vor 3\\\/9 \u00d8 260 mm\"}]},{\"@type\":\"WebSite\",\"@id\":\"https:\\\/\\\/www.lupatomeccanica.com\\\/fr\\\/#website\",\"url\":\"https:\\\/\\\/www.lupatomeccanica.com\\\/fr\\\/\",\"name\":\"Lupato Meccanica\",\"description\":\"Utensili per finiture grezze su pietra e calcestruzzo\",\"publisher\":{\"@id\":\"https:\\\/\\\/www.lupatomeccanica.com\\\/fr\\\/#organization\"},\"potentialAction\":[{\"@type\":\"SearchAction\",\"target\":{\"@type\":\"EntryPoint\",\"urlTemplate\":\"https:\\\/\\\/www.lupatomeccanica.com\\\/fr\\\/?s={search_term_string}\"},\"query-input\":{\"@type\":\"PropertyValueSpecification\",\"valueRequired\":true,\"valueName\":\"search_term_string\"}}],\"inLanguage\":\"fr-FR\"},{\"@type\":\"Organization\",\"@id\":\"https:\\\/\\\/www.lupatomeccanica.com\\\/fr\\\/#organization\",\"name\":\"Lupato Meccanica\",\"url\":\"https:\\\/\\\/www.lupatomeccanica.com\\\/fr\\\/\",\"logo\":{\"@type\":\"ImageObject\",\"inLanguage\":\"fr-FR\",\"@id\":\"https:\\\/\\\/www.lupatomeccanica.com\\\/fr\\\/#\\\/schema\\\/logo\\\/image\\\/\",\"url\":\"https:\\\/\\\/lupatomeccanica.com\\\/wp-content\\\/uploads\\\/logo-admin.png\",\"contentUrl\":\"https:\\\/\\\/lupatomeccanica.com\\\/wp-content\\\/uploads\\\/logo-admin.png\",\"width\":300,\"height\":59,\"caption\":\"Lupato Meccanica\"},\"image\":{\"@id\":\"https:\\\/\\\/www.lupatomeccanica.com\\\/fr\\\/#\\\/schema\\\/logo\\\/image\\\/\"},\"sameAs\":[\"https:\\\/\\\/www.linkedin.com\\\/company\\\/26996783\\\/\",\"https:\\\/\\\/www.youtube.com\\\/user\\\/LupatoMeccanica\"]}]}<\/script>\n<!-- \/ Yoast SEO plugin. -->","yoast_head_json":{"title":"Outil Vor 3\/9 \u00d8 260 mm - Lupato Meccanica","description":"L'outil Vor 3\/9 est un outil de 260\u00a0mm de diam\u00e8tre constitu\u00e9 de 3\u00a0rouleaux \u00e0 9\u00a0reliefs chacun, pour l'\u00e9br\u00e9chage sur les plaques de marbre et de pierre calcaire. Il s'agit d'un outil sp\u00e9cifique pour machine Vor, sa masse \u00e9lev\u00e9e permet une plus grande p\u00e9n\u00e9tration des reliefs dans le mat\u00e9riau, de sorte qu'il est possible d'effectuer l'\u00e9br\u00e9chage, normalement impossible \u00e0 r\u00e9aliser avec un outil portatif.","robots":{"index":"index","follow":"follow","max-snippet":"max-snippet:-1","max-image-preview":"max-image-preview:large","max-video-preview":"max-video-preview:-1"},"canonical":"https:\/\/www.lupatomeccanica.com\/fr\/produit\/utensili\/outils-pour-pierre\/vor\/outil-vor-3-9-o-260-mm\/","og_locale":"fr_FR","og_type":"article","og_title":"Outil Vor 3\/9 \u00d8 260 mm - Lupato Meccanica","og_description":"L'outil Vor 3\/9 est un outil de 260\u00a0mm de diam\u00e8tre constitu\u00e9 de 3\u00a0rouleaux \u00e0 9\u00a0reliefs chacun, pour l'\u00e9br\u00e9chage sur les plaques de marbre et de pierre calcaire. Il s'agit d'un outil sp\u00e9cifique pour machine Vor, sa masse \u00e9lev\u00e9e permet une plus grande p\u00e9n\u00e9tration des reliefs dans le mat\u00e9riau, de sorte qu'il est possible d'effectuer l'\u00e9br\u00e9chage, normalement impossible \u00e0 r\u00e9aliser avec un outil portatif.","og_url":"https:\/\/www.lupatomeccanica.com\/fr\/produit\/utensili\/outils-pour-pierre\/vor\/outil-vor-3-9-o-260-mm\/","og_site_name":"Lupato Meccanica","article_modified_time":"2025-07-04T07:15:57+00:00","og_image":[{"width":1024,"height":1024,"url":"https:\/\/www.lupatomeccanica.com\/wp-content\/uploads\/lupato-meccanica-utensile-vor-3-9-o260.jpg","type":"image\/jpeg"}],"twitter_card":"summary_large_image","schema":{"@context":"https:\/\/schema.org","@graph":[{"@type":"WebPage","@id":"https:\/\/www.lupatomeccanica.com\/fr\/produit\/utensili\/outils-pour-pierre\/vor\/outil-vor-3-9-o-260-mm\/","url":"https:\/\/www.lupatomeccanica.com\/fr\/produit\/utensili\/outils-pour-pierre\/vor\/outil-vor-3-9-o-260-mm\/","name":"Outil Vor 3\/9 \u00d8 260 mm - Lupato Meccanica","isPartOf":{"@id":"https:\/\/www.lupatomeccanica.com\/fr\/#website"},"primaryImageOfPage":{"@id":"https:\/\/www.lupatomeccanica.com\/fr\/produit\/utensili\/outils-pour-pierre\/vor\/outil-vor-3-9-o-260-mm\/#primaryimage"},"image":{"@id":"https:\/\/www.lupatomeccanica.com\/fr\/produit\/utensili\/outils-pour-pierre\/vor\/outil-vor-3-9-o-260-mm\/#primaryimage"},"thumbnailUrl":"https:\/\/www.lupatomeccanica.com\/wp-content\/uploads\/lupato-meccanica-utensile-vor-3-9-o260.jpg","datePublished":"2021-09-14T16:07:02+00:00","dateModified":"2025-07-04T07:15:57+00:00","description":"L'outil Vor 3\/9 est un outil de 260\u00a0mm de diam\u00e8tre constitu\u00e9 de 3\u00a0rouleaux \u00e0 9\u00a0reliefs chacun, pour l'\u00e9br\u00e9chage sur les plaques de marbre et de pierre calcaire. Il s'agit d'un outil sp\u00e9cifique pour machine Vor, sa masse \u00e9lev\u00e9e permet une plus grande p\u00e9n\u00e9tration des reliefs dans le mat\u00e9riau, de sorte qu'il est possible d'effectuer l'\u00e9br\u00e9chage, normalement impossible \u00e0 r\u00e9aliser avec un outil portatif.","breadcrumb":{"@id":"https:\/\/www.lupatomeccanica.com\/fr\/produit\/utensili\/outils-pour-pierre\/vor\/outil-vor-3-9-o-260-mm\/#breadcrumb"},"inLanguage":"fr-FR","potentialAction":[{"@type":"ReadAction","target":["https:\/\/www.lupatomeccanica.com\/fr\/produit\/utensili\/outils-pour-pierre\/vor\/outil-vor-3-9-o-260-mm\/"]}]},{"@type":"ImageObject","inLanguage":"fr-FR","@id":"https:\/\/www.lupatomeccanica.com\/fr\/produit\/utensili\/outils-pour-pierre\/vor\/outil-vor-3-9-o-260-mm\/#primaryimage","url":"https:\/\/www.lupatomeccanica.com\/wp-content\/uploads\/lupato-meccanica-utensile-vor-3-9-o260.jpg","contentUrl":"https:\/\/www.lupatomeccanica.com\/wp-content\/uploads\/lupato-meccanica-utensile-vor-3-9-o260.jpg","width":1024,"height":1024},{"@type":"BreadcrumbList","@id":"https:\/\/www.lupatomeccanica.com\/fr\/produit\/utensili\/outils-pour-pierre\/vor\/outil-vor-3-9-o-260-mm\/#breadcrumb","itemListElement":[{"@type":"ListItem","position":1,"name":"Home","item":"https:\/\/www.lupatomeccanica.com\/fr\/"},{"@type":"ListItem","position":2,"name":"Shop","item":"https:\/\/www.lupatomeccanica.com\/fr\/shop\/"},{"@type":"ListItem","position":3,"name":"Outil Vor 3\/9 \u00d8 260 mm"}]},{"@type":"WebSite","@id":"https:\/\/www.lupatomeccanica.com\/fr\/#website","url":"https:\/\/www.lupatomeccanica.com\/fr\/","name":"Lupato Meccanica","description":"Utensili per finiture grezze su pietra e calcestruzzo","publisher":{"@id":"https:\/\/www.lupatomeccanica.com\/fr\/#organization"},"potentialAction":[{"@type":"SearchAction","target":{"@type":"EntryPoint","urlTemplate":"https:\/\/www.lupatomeccanica.com\/fr\/?s={search_term_string}"},"query-input":{"@type":"PropertyValueSpecification","valueRequired":true,"valueName":"search_term_string"}}],"inLanguage":"fr-FR"},{"@type":"Organization","@id":"https:\/\/www.lupatomeccanica.com\/fr\/#organization","name":"Lupato Meccanica","url":"https:\/\/www.lupatomeccanica.com\/fr\/","logo":{"@type":"ImageObject","inLanguage":"fr-FR","@id":"https:\/\/www.lupatomeccanica.com\/fr\/#\/schema\/logo\/image\/","url":"https:\/\/lupatomeccanica.com\/wp-content\/uploads\/logo-admin.png","contentUrl":"https:\/\/lupatomeccanica.com\/wp-content\/uploads\/logo-admin.png","width":300,"height":59,"caption":"Lupato Meccanica"},"image":{"@id":"https:\/\/www.lupatomeccanica.com\/fr\/#\/schema\/logo\/image\/"},"sameAs":["https:\/\/www.linkedin.com\/company\/26996783\/","https:\/\/www.youtube.com\/user\/LupatoMeccanica"]}]}},"_links":{"self":[{"href":"https:\/\/www.lupatomeccanica.com\/fr\/wp-json\/wp\/v2\/product\/16019","targetHints":{"allow":["GET"]}}],"collection":[{"href":"https:\/\/www.lupatomeccanica.com\/fr\/wp-json\/wp\/v2\/product"}],"about":[{"href":"https:\/\/www.lupatomeccanica.com\/fr\/wp-json\/wp\/v2\/types\/product"}],"wp:featuredmedia":[{"embeddable":true,"href":"https:\/\/www.lupatomeccanica.com\/fr\/wp-json\/wp\/v2\/media\/16020"}],"wp:attachment":[{"href":"https:\/\/www.lupatomeccanica.com\/fr\/wp-json\/wp\/v2\/media?parent=16019"}],"wp:term":[{"taxonomy":"product_brand","embeddable":true,"href":"https:\/\/www.lupatomeccanica.com\/fr\/wp-json\/wp\/v2\/product_brand?post=16019"},{"taxonomy":"product_cat","embeddable":true,"href":"https:\/\/www.lupatomeccanica.com\/fr\/wp-json\/wp\/v2\/product_cat?post=16019"},{"taxonomy":"product_tag","embeddable":true,"href":"https:\/\/www.lupatomeccanica.com\/fr\/wp-json\/wp\/v2\/product_tag?post=16019"}],"curies":[{"name":"wp","href":"https:\/\/api.w.org\/{rel}","templated":true}]}}