{"id":16017,"date":"2021-09-14T16:07:02","date_gmt":"2021-09-14T16:07:02","guid":{"rendered":"https:\/\/www.lupatomeccanica.com\/prodotto\/uncategorized\/vor-220v\/"},"modified":"2025-07-04T07:15:54","modified_gmt":"2025-07-04T07:15:54","slug":"vor-220v","status":"publish","type":"product","link":"https:\/\/www.lupatomeccanica.com\/fr\/produit\/utensili\/outils-pour-pierre\/vor\/vor-220v\/","title":{"rendered":"Vor 220V"},"content":{"rendered":"","protected":false},"excerpt":{"rendered":"<p>Vor est une machine porte-outils pour l&#8217;\u00e9br\u00e9chage, le bouchardage et le sablage de surfaces planes sur le marbre, la pierre et le granit.<br \/>\nElle peut \u00eatre \u00e9quip\u00e9e de diff\u00e9rents types d&#8217;outils selon le mat\u00e9riau \u00e0 traiter et la finition souhait\u00e9e. Elle est \u00e9quip\u00e9e d&#8217;un raccord pour tuyau d&#8217;aspiration et peut travailler au sol sur des sols d\u00e9j\u00e0 pos\u00e9s, en position debout, ou effectuer des travaux \u00e0 l&#8217;\u00e9tabli.<\/p>\n","protected":false},"featured_media":15852,"template":"","meta":{"_acf_changed":false,"inline_featured_image":false},"product_brand":[],"product_cat":[993],"product_tag":[],"class_list":{"0":"post-16017","1":"product","2":"type-product","3":"status-publish","4":"has-post-thumbnail","6":"product_cat-vor","8":"first","9":"instock","10":"product-type-simple"},"acf":[],"yoast_head":"<!-- This site is optimized with the Yoast SEO plugin v27.3 - https:\/\/yoast.com\/product\/yoast-seo-wordpress\/ -->\n<title>Vor 220V - Lupato Meccanica<\/title>\n<meta name=\"description\" content=\"Vor est une machine porte-outils pour l&#039;\u00e9br\u00e9chage, le bouchardage et le sablage de surfaces planes sur le marbre, la pierre et le granit. Elle peut \u00eatre \u00e9quip\u00e9e de diff\u00e9rents types d&#039;outils selon le mat\u00e9riau \u00e0 traiter et la finition souhait\u00e9e. Elle est \u00e9quip\u00e9e d&#039;un raccord pour tuyau d&#039;aspiration et peut travailler au sol sur des sols d\u00e9j\u00e0 pos\u00e9s, en position debout, ou effectuer des travaux \u00e0 l&#039;\u00e9tabli.\" \/>\n<meta name=\"robots\" content=\"index, follow, max-snippet:-1, max-image-preview:large, max-video-preview:-1\" \/>\n<link rel=\"canonical\" href=\"https:\/\/www.lupatomeccanica.com\/fr\/produit\/utensili\/outils-pour-pierre\/vor\/vor-220v\/\" \/>\n<meta property=\"og:locale\" content=\"fr_FR\" \/>\n<meta property=\"og:type\" content=\"article\" \/>\n<meta property=\"og:title\" content=\"Vor 220V - Lupato Meccanica\" \/>\n<meta property=\"og:description\" content=\"Vor est une machine porte-outils pour l&#039;\u00e9br\u00e9chage, le bouchardage et le sablage de surfaces planes sur le marbre, la pierre et le granit. Elle peut \u00eatre \u00e9quip\u00e9e de diff\u00e9rents types d&#039;outils selon le mat\u00e9riau \u00e0 traiter et la finition souhait\u00e9e. Elle est \u00e9quip\u00e9e d&#039;un raccord pour tuyau d&#039;aspiration et peut travailler au sol sur des sols d\u00e9j\u00e0 pos\u00e9s, en position debout, ou effectuer des travaux \u00e0 l&#039;\u00e9tabli.\" \/>\n<meta property=\"og:url\" content=\"https:\/\/www.lupatomeccanica.com\/fr\/produit\/utensili\/outils-pour-pierre\/vor\/vor-220v\/\" \/>\n<meta property=\"og:site_name\" content=\"Lupato Meccanica\" \/>\n<meta property=\"article:modified_time\" content=\"2025-07-04T07:15:54+00:00\" \/>\n<meta property=\"og:image\" content=\"https:\/\/www.lupatomeccanica.com\/wp-content\/uploads\/lupato-meccanica-vor-1.jpg\" \/>\n\t<meta property=\"og:image:width\" content=\"800\" \/>\n\t<meta property=\"og:image:height\" content=\"800\" \/>\n\t<meta property=\"og:image:type\" content=\"image\/jpeg\" \/>\n<meta name=\"twitter:card\" content=\"summary_large_image\" \/>\n<script type=\"application\/ld+json\" class=\"yoast-schema-graph\">{\"@context\":\"https:\\\/\\\/schema.org\",\"@graph\":[{\"@type\":\"WebPage\",\"@id\":\"https:\\\/\\\/www.lupatomeccanica.com\\\/fr\\\/produit\\\/utensili\\\/outils-pour-pierre\\\/vor\\\/vor-220v\\\/\",\"url\":\"https:\\\/\\\/www.lupatomeccanica.com\\\/fr\\\/produit\\\/utensili\\\/outils-pour-pierre\\\/vor\\\/vor-220v\\\/\",\"name\":\"Vor 220V - Lupato Meccanica\",\"isPartOf\":{\"@id\":\"https:\\\/\\\/www.lupatomeccanica.com\\\/fr\\\/#website\"},\"primaryImageOfPage\":{\"@id\":\"https:\\\/\\\/www.lupatomeccanica.com\\\/fr\\\/produit\\\/utensili\\\/outils-pour-pierre\\\/vor\\\/vor-220v\\\/#primaryimage\"},\"image\":{\"@id\":\"https:\\\/\\\/www.lupatomeccanica.com\\\/fr\\\/produit\\\/utensili\\\/outils-pour-pierre\\\/vor\\\/vor-220v\\\/#primaryimage\"},\"thumbnailUrl\":\"https:\\\/\\\/www.lupatomeccanica.com\\\/wp-content\\\/uploads\\\/lupato-meccanica-vor-1.jpg\",\"datePublished\":\"2021-09-14T16:07:02+00:00\",\"dateModified\":\"2025-07-04T07:15:54+00:00\",\"description\":\"Vor est une machine porte-outils pour l'\u00e9br\u00e9chage, le bouchardage et le sablage de surfaces planes sur le marbre, la pierre et le granit. Elle peut \u00eatre \u00e9quip\u00e9e de diff\u00e9rents types d'outils selon le mat\u00e9riau \u00e0 traiter et la finition souhait\u00e9e. Elle est \u00e9quip\u00e9e d'un raccord pour tuyau d'aspiration et peut travailler au sol sur des sols d\u00e9j\u00e0 pos\u00e9s, en position debout, ou effectuer des travaux \u00e0 l'\u00e9tabli.\",\"breadcrumb\":{\"@id\":\"https:\\\/\\\/www.lupatomeccanica.com\\\/fr\\\/produit\\\/utensili\\\/outils-pour-pierre\\\/vor\\\/vor-220v\\\/#breadcrumb\"},\"inLanguage\":\"fr-FR\",\"potentialAction\":[{\"@type\":\"ReadAction\",\"target\":[\"https:\\\/\\\/www.lupatomeccanica.com\\\/fr\\\/produit\\\/utensili\\\/outils-pour-pierre\\\/vor\\\/vor-220v\\\/\"]}]},{\"@type\":\"ImageObject\",\"inLanguage\":\"fr-FR\",\"@id\":\"https:\\\/\\\/www.lupatomeccanica.com\\\/fr\\\/produit\\\/utensili\\\/outils-pour-pierre\\\/vor\\\/vor-220v\\\/#primaryimage\",\"url\":\"https:\\\/\\\/www.lupatomeccanica.com\\\/wp-content\\\/uploads\\\/lupato-meccanica-vor-1.jpg\",\"contentUrl\":\"https:\\\/\\\/www.lupatomeccanica.com\\\/wp-content\\\/uploads\\\/lupato-meccanica-vor-1.jpg\",\"width\":800,\"height\":800},{\"@type\":\"BreadcrumbList\",\"@id\":\"https:\\\/\\\/www.lupatomeccanica.com\\\/fr\\\/produit\\\/utensili\\\/outils-pour-pierre\\\/vor\\\/vor-220v\\\/#breadcrumb\",\"itemListElement\":[{\"@type\":\"ListItem\",\"position\":1,\"name\":\"Home\",\"item\":\"https:\\\/\\\/www.lupatomeccanica.com\\\/fr\\\/\"},{\"@type\":\"ListItem\",\"position\":2,\"name\":\"Shop\",\"item\":\"https:\\\/\\\/www.lupatomeccanica.com\\\/fr\\\/shop\\\/\"},{\"@type\":\"ListItem\",\"position\":3,\"name\":\"Vor 220V\"}]},{\"@type\":\"WebSite\",\"@id\":\"https:\\\/\\\/www.lupatomeccanica.com\\\/fr\\\/#website\",\"url\":\"https:\\\/\\\/www.lupatomeccanica.com\\\/fr\\\/\",\"name\":\"Lupato Meccanica\",\"description\":\"Utensili per finiture grezze su pietra e calcestruzzo\",\"publisher\":{\"@id\":\"https:\\\/\\\/www.lupatomeccanica.com\\\/fr\\\/#organization\"},\"potentialAction\":[{\"@type\":\"SearchAction\",\"target\":{\"@type\":\"EntryPoint\",\"urlTemplate\":\"https:\\\/\\\/www.lupatomeccanica.com\\\/fr\\\/?s={search_term_string}\"},\"query-input\":{\"@type\":\"PropertyValueSpecification\",\"valueRequired\":true,\"valueName\":\"search_term_string\"}}],\"inLanguage\":\"fr-FR\"},{\"@type\":\"Organization\",\"@id\":\"https:\\\/\\\/www.lupatomeccanica.com\\\/fr\\\/#organization\",\"name\":\"Lupato Meccanica\",\"url\":\"https:\\\/\\\/www.lupatomeccanica.com\\\/fr\\\/\",\"logo\":{\"@type\":\"ImageObject\",\"inLanguage\":\"fr-FR\",\"@id\":\"https:\\\/\\\/www.lupatomeccanica.com\\\/fr\\\/#\\\/schema\\\/logo\\\/image\\\/\",\"url\":\"https:\\\/\\\/lupatomeccanica.com\\\/wp-content\\\/uploads\\\/logo-admin.png\",\"contentUrl\":\"https:\\\/\\\/lupatomeccanica.com\\\/wp-content\\\/uploads\\\/logo-admin.png\",\"width\":300,\"height\":59,\"caption\":\"Lupato Meccanica\"},\"image\":{\"@id\":\"https:\\\/\\\/www.lupatomeccanica.com\\\/fr\\\/#\\\/schema\\\/logo\\\/image\\\/\"},\"sameAs\":[\"https:\\\/\\\/www.linkedin.com\\\/company\\\/26996783\\\/\",\"https:\\\/\\\/www.youtube.com\\\/user\\\/LupatoMeccanica\"]}]}<\/script>\n<!-- \/ Yoast SEO plugin. -->","yoast_head_json":{"title":"Vor 220V - Lupato Meccanica","description":"Vor est une machine porte-outils pour l'\u00e9br\u00e9chage, le bouchardage et le sablage de surfaces planes sur le marbre, la pierre et le granit. Elle peut \u00eatre \u00e9quip\u00e9e de diff\u00e9rents types d'outils selon le mat\u00e9riau \u00e0 traiter et la finition souhait\u00e9e. Elle est \u00e9quip\u00e9e d'un raccord pour tuyau d'aspiration et peut travailler au sol sur des sols d\u00e9j\u00e0 pos\u00e9s, en position debout, ou effectuer des travaux \u00e0 l'\u00e9tabli.","robots":{"index":"index","follow":"follow","max-snippet":"max-snippet:-1","max-image-preview":"max-image-preview:large","max-video-preview":"max-video-preview:-1"},"canonical":"https:\/\/www.lupatomeccanica.com\/fr\/produit\/utensili\/outils-pour-pierre\/vor\/vor-220v\/","og_locale":"fr_FR","og_type":"article","og_title":"Vor 220V - Lupato Meccanica","og_description":"Vor est une machine porte-outils pour l'\u00e9br\u00e9chage, le bouchardage et le sablage de surfaces planes sur le marbre, la pierre et le granit. Elle peut \u00eatre \u00e9quip\u00e9e de diff\u00e9rents types d'outils selon le mat\u00e9riau \u00e0 traiter et la finition souhait\u00e9e. Elle est \u00e9quip\u00e9e d'un raccord pour tuyau d'aspiration et peut travailler au sol sur des sols d\u00e9j\u00e0 pos\u00e9s, en position debout, ou effectuer des travaux \u00e0 l'\u00e9tabli.","og_url":"https:\/\/www.lupatomeccanica.com\/fr\/produit\/utensili\/outils-pour-pierre\/vor\/vor-220v\/","og_site_name":"Lupato Meccanica","article_modified_time":"2025-07-04T07:15:54+00:00","og_image":[{"width":800,"height":800,"url":"https:\/\/www.lupatomeccanica.com\/wp-content\/uploads\/lupato-meccanica-vor-1.jpg","type":"image\/jpeg"}],"twitter_card":"summary_large_image","schema":{"@context":"https:\/\/schema.org","@graph":[{"@type":"WebPage","@id":"https:\/\/www.lupatomeccanica.com\/fr\/produit\/utensili\/outils-pour-pierre\/vor\/vor-220v\/","url":"https:\/\/www.lupatomeccanica.com\/fr\/produit\/utensili\/outils-pour-pierre\/vor\/vor-220v\/","name":"Vor 220V - Lupato Meccanica","isPartOf":{"@id":"https:\/\/www.lupatomeccanica.com\/fr\/#website"},"primaryImageOfPage":{"@id":"https:\/\/www.lupatomeccanica.com\/fr\/produit\/utensili\/outils-pour-pierre\/vor\/vor-220v\/#primaryimage"},"image":{"@id":"https:\/\/www.lupatomeccanica.com\/fr\/produit\/utensili\/outils-pour-pierre\/vor\/vor-220v\/#primaryimage"},"thumbnailUrl":"https:\/\/www.lupatomeccanica.com\/wp-content\/uploads\/lupato-meccanica-vor-1.jpg","datePublished":"2021-09-14T16:07:02+00:00","dateModified":"2025-07-04T07:15:54+00:00","description":"Vor est une machine porte-outils pour l'\u00e9br\u00e9chage, le bouchardage et le sablage de surfaces planes sur le marbre, la pierre et le granit. Elle peut \u00eatre \u00e9quip\u00e9e de diff\u00e9rents types d'outils selon le mat\u00e9riau \u00e0 traiter et la finition souhait\u00e9e. Elle est \u00e9quip\u00e9e d'un raccord pour tuyau d'aspiration et peut travailler au sol sur des sols d\u00e9j\u00e0 pos\u00e9s, en position debout, ou effectuer des travaux \u00e0 l'\u00e9tabli.","breadcrumb":{"@id":"https:\/\/www.lupatomeccanica.com\/fr\/produit\/utensili\/outils-pour-pierre\/vor\/vor-220v\/#breadcrumb"},"inLanguage":"fr-FR","potentialAction":[{"@type":"ReadAction","target":["https:\/\/www.lupatomeccanica.com\/fr\/produit\/utensili\/outils-pour-pierre\/vor\/vor-220v\/"]}]},{"@type":"ImageObject","inLanguage":"fr-FR","@id":"https:\/\/www.lupatomeccanica.com\/fr\/produit\/utensili\/outils-pour-pierre\/vor\/vor-220v\/#primaryimage","url":"https:\/\/www.lupatomeccanica.com\/wp-content\/uploads\/lupato-meccanica-vor-1.jpg","contentUrl":"https:\/\/www.lupatomeccanica.com\/wp-content\/uploads\/lupato-meccanica-vor-1.jpg","width":800,"height":800},{"@type":"BreadcrumbList","@id":"https:\/\/www.lupatomeccanica.com\/fr\/produit\/utensili\/outils-pour-pierre\/vor\/vor-220v\/#breadcrumb","itemListElement":[{"@type":"ListItem","position":1,"name":"Home","item":"https:\/\/www.lupatomeccanica.com\/fr\/"},{"@type":"ListItem","position":2,"name":"Shop","item":"https:\/\/www.lupatomeccanica.com\/fr\/shop\/"},{"@type":"ListItem","position":3,"name":"Vor 220V"}]},{"@type":"WebSite","@id":"https:\/\/www.lupatomeccanica.com\/fr\/#website","url":"https:\/\/www.lupatomeccanica.com\/fr\/","name":"Lupato Meccanica","description":"Utensili per finiture grezze su pietra e calcestruzzo","publisher":{"@id":"https:\/\/www.lupatomeccanica.com\/fr\/#organization"},"potentialAction":[{"@type":"SearchAction","target":{"@type":"EntryPoint","urlTemplate":"https:\/\/www.lupatomeccanica.com\/fr\/?s={search_term_string}"},"query-input":{"@type":"PropertyValueSpecification","valueRequired":true,"valueName":"search_term_string"}}],"inLanguage":"fr-FR"},{"@type":"Organization","@id":"https:\/\/www.lupatomeccanica.com\/fr\/#organization","name":"Lupato Meccanica","url":"https:\/\/www.lupatomeccanica.com\/fr\/","logo":{"@type":"ImageObject","inLanguage":"fr-FR","@id":"https:\/\/www.lupatomeccanica.com\/fr\/#\/schema\/logo\/image\/","url":"https:\/\/lupatomeccanica.com\/wp-content\/uploads\/logo-admin.png","contentUrl":"https:\/\/lupatomeccanica.com\/wp-content\/uploads\/logo-admin.png","width":300,"height":59,"caption":"Lupato Meccanica"},"image":{"@id":"https:\/\/www.lupatomeccanica.com\/fr\/#\/schema\/logo\/image\/"},"sameAs":["https:\/\/www.linkedin.com\/company\/26996783\/","https:\/\/www.youtube.com\/user\/LupatoMeccanica"]}]}},"_links":{"self":[{"href":"https:\/\/www.lupatomeccanica.com\/fr\/wp-json\/wp\/v2\/product\/16017","targetHints":{"allow":["GET"]}}],"collection":[{"href":"https:\/\/www.lupatomeccanica.com\/fr\/wp-json\/wp\/v2\/product"}],"about":[{"href":"https:\/\/www.lupatomeccanica.com\/fr\/wp-json\/wp\/v2\/types\/product"}],"wp:featuredmedia":[{"embeddable":true,"href":"https:\/\/www.lupatomeccanica.com\/fr\/wp-json\/wp\/v2\/media\/15852"}],"wp:attachment":[{"href":"https:\/\/www.lupatomeccanica.com\/fr\/wp-json\/wp\/v2\/media?parent=16017"}],"wp:term":[{"taxonomy":"product_brand","embeddable":true,"href":"https:\/\/www.lupatomeccanica.com\/fr\/wp-json\/wp\/v2\/product_brand?post=16017"},{"taxonomy":"product_cat","embeddable":true,"href":"https:\/\/www.lupatomeccanica.com\/fr\/wp-json\/wp\/v2\/product_cat?post=16017"},{"taxonomy":"product_tag","embeddable":true,"href":"https:\/\/www.lupatomeccanica.com\/fr\/wp-json\/wp\/v2\/product_tag?post=16017"}],"curies":[{"name":"wp","href":"https:\/\/api.w.org\/{rel}","templated":true}]}}