{"id":16014,"date":"2021-09-14T16:07:52","date_gmt":"2021-09-14T16:07:52","guid":{"rendered":"https:\/\/www.lupatomeccanica.com\/prodotto\/uncategorized\/rollex-800-o-115-x-50-mm-5-8\/"},"modified":"2025-07-04T07:12:39","modified_gmt":"2025-07-04T07:12:39","slug":"rollex-800-o-115-x-50-mm-5-8","status":"publish","type":"product","link":"https:\/\/www.lupatomeccanica.com\/fr\/produit\/utensili\/outils-pour-pierre\/birba\/rollex-800-o-115-x-50-mm-5-8\/","title":{"rendered":"Rollex 800 \u00d8 115 x 50 mm 5\/8&#8243;"},"content":{"rendered":"","protected":false},"excerpt":{"rendered":"<p>Le Rollex \/800 \u00d8115&#215;50 est un outil de 115\u00a0mm de diam\u00e8tre et d&#8217;une largeur de 50\u00a0mm avec un grain de 800 en carbure de tungst\u00e8ne. Il s&#8217;agit d&#8217;un outil sp\u00e9cifique pour machine Birba pour bandes antid\u00e9rapantes peign\u00e9es sur le marbre et la pierre calcaire.<\/p>\n","protected":false},"featured_media":16013,"template":"","meta":{"_acf_changed":false,"inline_featured_image":false},"product_brand":[],"product_cat":[970],"product_tag":[],"class_list":{"0":"post-16014","1":"product","2":"type-product","3":"status-publish","4":"has-post-thumbnail","6":"product_cat-birba","8":"first","9":"instock","10":"product-type-simple"},"acf":[],"yoast_head":"<!-- This site is optimized with the Yoast SEO plugin v27.3 - https:\/\/yoast.com\/product\/yoast-seo-wordpress\/ -->\n<title>Rollex 800 \u00d8 115 x 50 mm 5\/8&quot; - Lupato Meccanica<\/title>\n<meta name=\"description\" content=\"Le Rollex \/800 \u00d8115x50 est un outil de 115\u00a0mm de diam\u00e8tre et d&#039;une largeur de 50\u00a0mm avec un grain de 800 en carbure de tungst\u00e8ne. Il s&#039;agit d&#039;un outil sp\u00e9cifique pour machine Birba pour bandes antid\u00e9rapantes peign\u00e9es sur le marbre et la pierre calcaire.\" \/>\n<meta name=\"robots\" content=\"index, follow, max-snippet:-1, max-image-preview:large, max-video-preview:-1\" \/>\n<link rel=\"canonical\" href=\"https:\/\/www.lupatomeccanica.com\/fr\/produit\/utensili\/outils-pour-pierre\/birba\/rollex-800-o-115-x-50-mm-5-8\/\" \/>\n<meta property=\"og:locale\" content=\"fr_FR\" \/>\n<meta property=\"og:type\" content=\"article\" \/>\n<meta property=\"og:title\" content=\"Rollex 800 \u00d8 115 x 50 mm 5\/8&quot; - Lupato Meccanica\" \/>\n<meta property=\"og:description\" content=\"Le Rollex \/800 \u00d8115x50 est un outil de 115\u00a0mm de diam\u00e8tre et d&#039;une largeur de 50\u00a0mm avec un grain de 800 en carbure de tungst\u00e8ne. Il s&#039;agit d&#039;un outil sp\u00e9cifique pour machine Birba pour bandes antid\u00e9rapantes peign\u00e9es sur le marbre et la pierre calcaire.\" \/>\n<meta property=\"og:url\" content=\"https:\/\/www.lupatomeccanica.com\/fr\/produit\/utensili\/outils-pour-pierre\/birba\/rollex-800-o-115-x-50-mm-5-8\/\" \/>\n<meta property=\"og:site_name\" content=\"Lupato Meccanica\" \/>\n<meta property=\"article:modified_time\" content=\"2025-07-04T07:12:39+00:00\" \/>\n<meta property=\"og:image\" content=\"https:\/\/www.lupatomeccanica.com\/wp-content\/uploads\/lupato-meccanica-rollex-o115-50-800.jpg\" \/>\n\t<meta property=\"og:image:width\" content=\"1024\" \/>\n\t<meta property=\"og:image:height\" content=\"1024\" \/>\n\t<meta property=\"og:image:type\" content=\"image\/jpeg\" \/>\n<meta name=\"twitter:card\" content=\"summary_large_image\" \/>\n<script type=\"application\/ld+json\" class=\"yoast-schema-graph\">{\"@context\":\"https:\\\/\\\/schema.org\",\"@graph\":[{\"@type\":\"WebPage\",\"@id\":\"https:\\\/\\\/www.lupatomeccanica.com\\\/fr\\\/produit\\\/utensili\\\/outils-pour-pierre\\\/birba\\\/rollex-800-o-115-x-50-mm-5-8\\\/\",\"url\":\"https:\\\/\\\/www.lupatomeccanica.com\\\/fr\\\/produit\\\/utensili\\\/outils-pour-pierre\\\/birba\\\/rollex-800-o-115-x-50-mm-5-8\\\/\",\"name\":\"Rollex 800 \u00d8 115 x 50 mm 5\\\/8\\\" - Lupato Meccanica\",\"isPartOf\":{\"@id\":\"https:\\\/\\\/www.lupatomeccanica.com\\\/fr\\\/#website\"},\"primaryImageOfPage\":{\"@id\":\"https:\\\/\\\/www.lupatomeccanica.com\\\/fr\\\/produit\\\/utensili\\\/outils-pour-pierre\\\/birba\\\/rollex-800-o-115-x-50-mm-5-8\\\/#primaryimage\"},\"image\":{\"@id\":\"https:\\\/\\\/www.lupatomeccanica.com\\\/fr\\\/produit\\\/utensili\\\/outils-pour-pierre\\\/birba\\\/rollex-800-o-115-x-50-mm-5-8\\\/#primaryimage\"},\"thumbnailUrl\":\"https:\\\/\\\/www.lupatomeccanica.com\\\/wp-content\\\/uploads\\\/lupato-meccanica-rollex-o115-50-800.jpg\",\"datePublished\":\"2021-09-14T16:07:52+00:00\",\"dateModified\":\"2025-07-04T07:12:39+00:00\",\"description\":\"Le Rollex \\\/800 \u00d8115x50 est un outil de 115\u00a0mm de diam\u00e8tre et d'une largeur de 50\u00a0mm avec un grain de 800 en carbure de tungst\u00e8ne. Il s'agit d'un outil sp\u00e9cifique pour machine Birba pour bandes antid\u00e9rapantes peign\u00e9es sur le marbre et la pierre calcaire.\",\"breadcrumb\":{\"@id\":\"https:\\\/\\\/www.lupatomeccanica.com\\\/fr\\\/produit\\\/utensili\\\/outils-pour-pierre\\\/birba\\\/rollex-800-o-115-x-50-mm-5-8\\\/#breadcrumb\"},\"inLanguage\":\"fr-FR\",\"potentialAction\":[{\"@type\":\"ReadAction\",\"target\":[\"https:\\\/\\\/www.lupatomeccanica.com\\\/fr\\\/produit\\\/utensili\\\/outils-pour-pierre\\\/birba\\\/rollex-800-o-115-x-50-mm-5-8\\\/\"]}]},{\"@type\":\"ImageObject\",\"inLanguage\":\"fr-FR\",\"@id\":\"https:\\\/\\\/www.lupatomeccanica.com\\\/fr\\\/produit\\\/utensili\\\/outils-pour-pierre\\\/birba\\\/rollex-800-o-115-x-50-mm-5-8\\\/#primaryimage\",\"url\":\"https:\\\/\\\/www.lupatomeccanica.com\\\/wp-content\\\/uploads\\\/lupato-meccanica-rollex-o115-50-800.jpg\",\"contentUrl\":\"https:\\\/\\\/www.lupatomeccanica.com\\\/wp-content\\\/uploads\\\/lupato-meccanica-rollex-o115-50-800.jpg\",\"width\":1024,\"height\":1024},{\"@type\":\"BreadcrumbList\",\"@id\":\"https:\\\/\\\/www.lupatomeccanica.com\\\/fr\\\/produit\\\/utensili\\\/outils-pour-pierre\\\/birba\\\/rollex-800-o-115-x-50-mm-5-8\\\/#breadcrumb\",\"itemListElement\":[{\"@type\":\"ListItem\",\"position\":1,\"name\":\"Home\",\"item\":\"https:\\\/\\\/www.lupatomeccanica.com\\\/fr\\\/\"},{\"@type\":\"ListItem\",\"position\":2,\"name\":\"Shop\",\"item\":\"https:\\\/\\\/www.lupatomeccanica.com\\\/fr\\\/shop\\\/\"},{\"@type\":\"ListItem\",\"position\":3,\"name\":\"Rollex 800 \u00d8 115 x 50 mm 5\\\/8&#8243;\"}]},{\"@type\":\"WebSite\",\"@id\":\"https:\\\/\\\/www.lupatomeccanica.com\\\/fr\\\/#website\",\"url\":\"https:\\\/\\\/www.lupatomeccanica.com\\\/fr\\\/\",\"name\":\"Lupato Meccanica\",\"description\":\"Utensili per finiture grezze su pietra e calcestruzzo\",\"publisher\":{\"@id\":\"https:\\\/\\\/www.lupatomeccanica.com\\\/fr\\\/#organization\"},\"potentialAction\":[{\"@type\":\"SearchAction\",\"target\":{\"@type\":\"EntryPoint\",\"urlTemplate\":\"https:\\\/\\\/www.lupatomeccanica.com\\\/fr\\\/?s={search_term_string}\"},\"query-input\":{\"@type\":\"PropertyValueSpecification\",\"valueRequired\":true,\"valueName\":\"search_term_string\"}}],\"inLanguage\":\"fr-FR\"},{\"@type\":\"Organization\",\"@id\":\"https:\\\/\\\/www.lupatomeccanica.com\\\/fr\\\/#organization\",\"name\":\"Lupato Meccanica\",\"url\":\"https:\\\/\\\/www.lupatomeccanica.com\\\/fr\\\/\",\"logo\":{\"@type\":\"ImageObject\",\"inLanguage\":\"fr-FR\",\"@id\":\"https:\\\/\\\/www.lupatomeccanica.com\\\/fr\\\/#\\\/schema\\\/logo\\\/image\\\/\",\"url\":\"https:\\\/\\\/lupatomeccanica.com\\\/wp-content\\\/uploads\\\/logo-admin.png\",\"contentUrl\":\"https:\\\/\\\/lupatomeccanica.com\\\/wp-content\\\/uploads\\\/logo-admin.png\",\"width\":300,\"height\":59,\"caption\":\"Lupato Meccanica\"},\"image\":{\"@id\":\"https:\\\/\\\/www.lupatomeccanica.com\\\/fr\\\/#\\\/schema\\\/logo\\\/image\\\/\"},\"sameAs\":[\"https:\\\/\\\/www.linkedin.com\\\/company\\\/26996783\\\/\",\"https:\\\/\\\/www.youtube.com\\\/user\\\/LupatoMeccanica\"]}]}<\/script>\n<!-- \/ Yoast SEO plugin. -->","yoast_head_json":{"title":"Rollex 800 \u00d8 115 x 50 mm 5\/8\" - Lupato Meccanica","description":"Le Rollex \/800 \u00d8115x50 est un outil de 115\u00a0mm de diam\u00e8tre et d'une largeur de 50\u00a0mm avec un grain de 800 en carbure de tungst\u00e8ne. Il s'agit d'un outil sp\u00e9cifique pour machine Birba pour bandes antid\u00e9rapantes peign\u00e9es sur le marbre et la pierre calcaire.","robots":{"index":"index","follow":"follow","max-snippet":"max-snippet:-1","max-image-preview":"max-image-preview:large","max-video-preview":"max-video-preview:-1"},"canonical":"https:\/\/www.lupatomeccanica.com\/fr\/produit\/utensili\/outils-pour-pierre\/birba\/rollex-800-o-115-x-50-mm-5-8\/","og_locale":"fr_FR","og_type":"article","og_title":"Rollex 800 \u00d8 115 x 50 mm 5\/8\" - Lupato Meccanica","og_description":"Le Rollex \/800 \u00d8115x50 est un outil de 115\u00a0mm de diam\u00e8tre et d'une largeur de 50\u00a0mm avec un grain de 800 en carbure de tungst\u00e8ne. Il s'agit d'un outil sp\u00e9cifique pour machine Birba pour bandes antid\u00e9rapantes peign\u00e9es sur le marbre et la pierre calcaire.","og_url":"https:\/\/www.lupatomeccanica.com\/fr\/produit\/utensili\/outils-pour-pierre\/birba\/rollex-800-o-115-x-50-mm-5-8\/","og_site_name":"Lupato Meccanica","article_modified_time":"2025-07-04T07:12:39+00:00","og_image":[{"width":1024,"height":1024,"url":"https:\/\/www.lupatomeccanica.com\/wp-content\/uploads\/lupato-meccanica-rollex-o115-50-800.jpg","type":"image\/jpeg"}],"twitter_card":"summary_large_image","schema":{"@context":"https:\/\/schema.org","@graph":[{"@type":"WebPage","@id":"https:\/\/www.lupatomeccanica.com\/fr\/produit\/utensili\/outils-pour-pierre\/birba\/rollex-800-o-115-x-50-mm-5-8\/","url":"https:\/\/www.lupatomeccanica.com\/fr\/produit\/utensili\/outils-pour-pierre\/birba\/rollex-800-o-115-x-50-mm-5-8\/","name":"Rollex 800 \u00d8 115 x 50 mm 5\/8\" - Lupato Meccanica","isPartOf":{"@id":"https:\/\/www.lupatomeccanica.com\/fr\/#website"},"primaryImageOfPage":{"@id":"https:\/\/www.lupatomeccanica.com\/fr\/produit\/utensili\/outils-pour-pierre\/birba\/rollex-800-o-115-x-50-mm-5-8\/#primaryimage"},"image":{"@id":"https:\/\/www.lupatomeccanica.com\/fr\/produit\/utensili\/outils-pour-pierre\/birba\/rollex-800-o-115-x-50-mm-5-8\/#primaryimage"},"thumbnailUrl":"https:\/\/www.lupatomeccanica.com\/wp-content\/uploads\/lupato-meccanica-rollex-o115-50-800.jpg","datePublished":"2021-09-14T16:07:52+00:00","dateModified":"2025-07-04T07:12:39+00:00","description":"Le Rollex \/800 \u00d8115x50 est un outil de 115\u00a0mm de diam\u00e8tre et d'une largeur de 50\u00a0mm avec un grain de 800 en carbure de tungst\u00e8ne. Il s'agit d'un outil sp\u00e9cifique pour machine Birba pour bandes antid\u00e9rapantes peign\u00e9es sur le marbre et la pierre calcaire.","breadcrumb":{"@id":"https:\/\/www.lupatomeccanica.com\/fr\/produit\/utensili\/outils-pour-pierre\/birba\/rollex-800-o-115-x-50-mm-5-8\/#breadcrumb"},"inLanguage":"fr-FR","potentialAction":[{"@type":"ReadAction","target":["https:\/\/www.lupatomeccanica.com\/fr\/produit\/utensili\/outils-pour-pierre\/birba\/rollex-800-o-115-x-50-mm-5-8\/"]}]},{"@type":"ImageObject","inLanguage":"fr-FR","@id":"https:\/\/www.lupatomeccanica.com\/fr\/produit\/utensili\/outils-pour-pierre\/birba\/rollex-800-o-115-x-50-mm-5-8\/#primaryimage","url":"https:\/\/www.lupatomeccanica.com\/wp-content\/uploads\/lupato-meccanica-rollex-o115-50-800.jpg","contentUrl":"https:\/\/www.lupatomeccanica.com\/wp-content\/uploads\/lupato-meccanica-rollex-o115-50-800.jpg","width":1024,"height":1024},{"@type":"BreadcrumbList","@id":"https:\/\/www.lupatomeccanica.com\/fr\/produit\/utensili\/outils-pour-pierre\/birba\/rollex-800-o-115-x-50-mm-5-8\/#breadcrumb","itemListElement":[{"@type":"ListItem","position":1,"name":"Home","item":"https:\/\/www.lupatomeccanica.com\/fr\/"},{"@type":"ListItem","position":2,"name":"Shop","item":"https:\/\/www.lupatomeccanica.com\/fr\/shop\/"},{"@type":"ListItem","position":3,"name":"Rollex 800 \u00d8 115 x 50 mm 5\/8&#8243;"}]},{"@type":"WebSite","@id":"https:\/\/www.lupatomeccanica.com\/fr\/#website","url":"https:\/\/www.lupatomeccanica.com\/fr\/","name":"Lupato Meccanica","description":"Utensili per finiture grezze su pietra e calcestruzzo","publisher":{"@id":"https:\/\/www.lupatomeccanica.com\/fr\/#organization"},"potentialAction":[{"@type":"SearchAction","target":{"@type":"EntryPoint","urlTemplate":"https:\/\/www.lupatomeccanica.com\/fr\/?s={search_term_string}"},"query-input":{"@type":"PropertyValueSpecification","valueRequired":true,"valueName":"search_term_string"}}],"inLanguage":"fr-FR"},{"@type":"Organization","@id":"https:\/\/www.lupatomeccanica.com\/fr\/#organization","name":"Lupato Meccanica","url":"https:\/\/www.lupatomeccanica.com\/fr\/","logo":{"@type":"ImageObject","inLanguage":"fr-FR","@id":"https:\/\/www.lupatomeccanica.com\/fr\/#\/schema\/logo\/image\/","url":"https:\/\/lupatomeccanica.com\/wp-content\/uploads\/logo-admin.png","contentUrl":"https:\/\/lupatomeccanica.com\/wp-content\/uploads\/logo-admin.png","width":300,"height":59,"caption":"Lupato Meccanica"},"image":{"@id":"https:\/\/www.lupatomeccanica.com\/fr\/#\/schema\/logo\/image\/"},"sameAs":["https:\/\/www.linkedin.com\/company\/26996783\/","https:\/\/www.youtube.com\/user\/LupatoMeccanica"]}]}},"_links":{"self":[{"href":"https:\/\/www.lupatomeccanica.com\/fr\/wp-json\/wp\/v2\/product\/16014","targetHints":{"allow":["GET"]}}],"collection":[{"href":"https:\/\/www.lupatomeccanica.com\/fr\/wp-json\/wp\/v2\/product"}],"about":[{"href":"https:\/\/www.lupatomeccanica.com\/fr\/wp-json\/wp\/v2\/types\/product"}],"wp:featuredmedia":[{"embeddable":true,"href":"https:\/\/www.lupatomeccanica.com\/fr\/wp-json\/wp\/v2\/media\/16013"}],"wp:attachment":[{"href":"https:\/\/www.lupatomeccanica.com\/fr\/wp-json\/wp\/v2\/media?parent=16014"}],"wp:term":[{"taxonomy":"product_brand","embeddable":true,"href":"https:\/\/www.lupatomeccanica.com\/fr\/wp-json\/wp\/v2\/product_brand?post=16014"},{"taxonomy":"product_cat","embeddable":true,"href":"https:\/\/www.lupatomeccanica.com\/fr\/wp-json\/wp\/v2\/product_cat?post=16014"},{"taxonomy":"product_tag","embeddable":true,"href":"https:\/\/www.lupatomeccanica.com\/fr\/wp-json\/wp\/v2\/product_tag?post=16014"}],"curies":[{"name":"wp","href":"https:\/\/api.w.org\/{rel}","templated":true}]}}