{"id":15999,"date":"2021-09-14T16:07:52","date_gmt":"2021-09-14T16:07:52","guid":{"rendered":"https:\/\/www.lupatomeccanica.com\/prodotto\/uncategorized\/birba-110-v-5-8\/"},"modified":"2025-07-04T07:09:05","modified_gmt":"2025-07-04T07:09:05","slug":"birba-110-v-5-8","status":"publish","type":"product","link":"https:\/\/www.lupatomeccanica.com\/fr\/produit\/utensili\/outils-pour-pierre\/birba\/birba-110-v-5-8\/","title":{"rendered":"Birba 110 V 5\/8&#8243;"},"content":{"rendered":"","protected":false},"excerpt":{"rendered":"<p>Birba 110 V est une machine \u00e9lectrique porte-outils permettant d&#8217;effectuer une finition antid\u00e9rapante et de traiter les surfaces planes sur le marbre, la pierre et le granit.<br \/>\nBirba est id\u00e9ale pour r\u00e9aliser des bandes antid\u00e9rapantes de tout type et sur tout mat\u00e9riau gr\u00e2ce \u00e0 la vari\u00e9t\u00e9 d&#8217;outils dont elle peut \u00eatre \u00e9quip\u00e9e et \u00e0 l&#8217;unit\u00e9 de guidage qui permet un r\u00e9glage pr\u00e9cis.<br \/>\nElle est \u00e9quip\u00e9e d&#8217;un raccord pour tuyau d&#8217;aspiration et peut travailler sur un \u00e9tabli ou sur des marches d\u00e9j\u00e0 pos\u00e9es.<\/p>\n","protected":false},"featured_media":15996,"template":"","meta":{"_acf_changed":false,"inline_featured_image":false},"product_brand":[],"product_cat":[970],"product_tag":[],"class_list":{"0":"post-15999","1":"product","2":"type-product","3":"status-publish","4":"has-post-thumbnail","6":"product_cat-birba","8":"first","9":"instock","10":"product-type-simple"},"acf":[],"yoast_head":"<!-- This site is optimized with the Yoast SEO plugin v27.3 - https:\/\/yoast.com\/product\/yoast-seo-wordpress\/ -->\n<title>Birba 110 V 5\/8&quot; - Lupato Meccanica<\/title>\n<meta name=\"description\" content=\"Birba 110 V est une machine \u00e9lectrique porte-outils permettant d&#039;effectuer une finition antid\u00e9rapante et de traiter les surfaces planes sur le marbre, la pierre et le granit. Birba est id\u00e9ale pour r\u00e9aliser des bandes antid\u00e9rapantes de tout type et sur tout mat\u00e9riau gr\u00e2ce \u00e0 la vari\u00e9t\u00e9 d&#039;outils dont elle peut \u00eatre \u00e9quip\u00e9e et \u00e0 l&#039;unit\u00e9 de guidage qui permet un r\u00e9glage pr\u00e9cis. Elle est \u00e9quip\u00e9e d&#039;un raccord pour tuyau d&#039;aspiration et peut travailler sur un \u00e9tabli ou sur des marches d\u00e9j\u00e0 pos\u00e9es.\" \/>\n<meta name=\"robots\" content=\"index, follow, max-snippet:-1, max-image-preview:large, max-video-preview:-1\" \/>\n<link rel=\"canonical\" href=\"https:\/\/www.lupatomeccanica.com\/fr\/produit\/utensili\/outils-pour-pierre\/birba\/birba-110-v-5-8\/\" \/>\n<meta property=\"og:locale\" content=\"fr_FR\" \/>\n<meta property=\"og:type\" content=\"article\" \/>\n<meta property=\"og:title\" content=\"Birba 110 V 5\/8&quot; - Lupato Meccanica\" \/>\n<meta property=\"og:description\" content=\"Birba 110 V est une machine \u00e9lectrique porte-outils permettant d&#039;effectuer une finition antid\u00e9rapante et de traiter les surfaces planes sur le marbre, la pierre et le granit. Birba est id\u00e9ale pour r\u00e9aliser des bandes antid\u00e9rapantes de tout type et sur tout mat\u00e9riau gr\u00e2ce \u00e0 la vari\u00e9t\u00e9 d&#039;outils dont elle peut \u00eatre \u00e9quip\u00e9e et \u00e0 l&#039;unit\u00e9 de guidage qui permet un r\u00e9glage pr\u00e9cis. Elle est \u00e9quip\u00e9e d&#039;un raccord pour tuyau d&#039;aspiration et peut travailler sur un \u00e9tabli ou sur des marches d\u00e9j\u00e0 pos\u00e9es.\" \/>\n<meta property=\"og:url\" content=\"https:\/\/www.lupatomeccanica.com\/fr\/produit\/utensili\/outils-pour-pierre\/birba\/birba-110-v-5-8\/\" \/>\n<meta property=\"og:site_name\" content=\"Lupato Meccanica\" \/>\n<meta property=\"article:modified_time\" content=\"2025-07-04T07:09:05+00:00\" \/>\n<meta property=\"og:image\" content=\"https:\/\/www.lupatomeccanica.com\/wp-content\/uploads\/lupato-meccanica-birba.jpg\" \/>\n\t<meta property=\"og:image:width\" content=\"800\" \/>\n\t<meta property=\"og:image:height\" content=\"800\" \/>\n\t<meta property=\"og:image:type\" content=\"image\/jpeg\" \/>\n<meta name=\"twitter:card\" content=\"summary_large_image\" \/>\n<script type=\"application\/ld+json\" class=\"yoast-schema-graph\">{\"@context\":\"https:\\\/\\\/schema.org\",\"@graph\":[{\"@type\":\"WebPage\",\"@id\":\"https:\\\/\\\/www.lupatomeccanica.com\\\/fr\\\/produit\\\/utensili\\\/outils-pour-pierre\\\/birba\\\/birba-110-v-5-8\\\/\",\"url\":\"https:\\\/\\\/www.lupatomeccanica.com\\\/fr\\\/produit\\\/utensili\\\/outils-pour-pierre\\\/birba\\\/birba-110-v-5-8\\\/\",\"name\":\"Birba 110 V 5\\\/8\\\" - Lupato Meccanica\",\"isPartOf\":{\"@id\":\"https:\\\/\\\/www.lupatomeccanica.com\\\/fr\\\/#website\"},\"primaryImageOfPage\":{\"@id\":\"https:\\\/\\\/www.lupatomeccanica.com\\\/fr\\\/produit\\\/utensili\\\/outils-pour-pierre\\\/birba\\\/birba-110-v-5-8\\\/#primaryimage\"},\"image\":{\"@id\":\"https:\\\/\\\/www.lupatomeccanica.com\\\/fr\\\/produit\\\/utensili\\\/outils-pour-pierre\\\/birba\\\/birba-110-v-5-8\\\/#primaryimage\"},\"thumbnailUrl\":\"https:\\\/\\\/www.lupatomeccanica.com\\\/wp-content\\\/uploads\\\/lupato-meccanica-birba.jpg\",\"datePublished\":\"2021-09-14T16:07:52+00:00\",\"dateModified\":\"2025-07-04T07:09:05+00:00\",\"description\":\"Birba 110 V est une machine \u00e9lectrique porte-outils permettant d'effectuer une finition antid\u00e9rapante et de traiter les surfaces planes sur le marbre, la pierre et le granit. Birba est id\u00e9ale pour r\u00e9aliser des bandes antid\u00e9rapantes de tout type et sur tout mat\u00e9riau gr\u00e2ce \u00e0 la vari\u00e9t\u00e9 d'outils dont elle peut \u00eatre \u00e9quip\u00e9e et \u00e0 l'unit\u00e9 de guidage qui permet un r\u00e9glage pr\u00e9cis. Elle est \u00e9quip\u00e9e d'un raccord pour tuyau d'aspiration et peut travailler sur un \u00e9tabli ou sur des marches d\u00e9j\u00e0 pos\u00e9es.\",\"breadcrumb\":{\"@id\":\"https:\\\/\\\/www.lupatomeccanica.com\\\/fr\\\/produit\\\/utensili\\\/outils-pour-pierre\\\/birba\\\/birba-110-v-5-8\\\/#breadcrumb\"},\"inLanguage\":\"fr-FR\",\"potentialAction\":[{\"@type\":\"ReadAction\",\"target\":[\"https:\\\/\\\/www.lupatomeccanica.com\\\/fr\\\/produit\\\/utensili\\\/outils-pour-pierre\\\/birba\\\/birba-110-v-5-8\\\/\"]}]},{\"@type\":\"ImageObject\",\"inLanguage\":\"fr-FR\",\"@id\":\"https:\\\/\\\/www.lupatomeccanica.com\\\/fr\\\/produit\\\/utensili\\\/outils-pour-pierre\\\/birba\\\/birba-110-v-5-8\\\/#primaryimage\",\"url\":\"https:\\\/\\\/www.lupatomeccanica.com\\\/wp-content\\\/uploads\\\/lupato-meccanica-birba.jpg\",\"contentUrl\":\"https:\\\/\\\/www.lupatomeccanica.com\\\/wp-content\\\/uploads\\\/lupato-meccanica-birba.jpg\",\"width\":800,\"height\":800},{\"@type\":\"BreadcrumbList\",\"@id\":\"https:\\\/\\\/www.lupatomeccanica.com\\\/fr\\\/produit\\\/utensili\\\/outils-pour-pierre\\\/birba\\\/birba-110-v-5-8\\\/#breadcrumb\",\"itemListElement\":[{\"@type\":\"ListItem\",\"position\":1,\"name\":\"Home\",\"item\":\"https:\\\/\\\/www.lupatomeccanica.com\\\/fr\\\/\"},{\"@type\":\"ListItem\",\"position\":2,\"name\":\"Shop\",\"item\":\"https:\\\/\\\/www.lupatomeccanica.com\\\/fr\\\/shop\\\/\"},{\"@type\":\"ListItem\",\"position\":3,\"name\":\"Birba 110 V 5\\\/8&#8243;\"}]},{\"@type\":\"WebSite\",\"@id\":\"https:\\\/\\\/www.lupatomeccanica.com\\\/fr\\\/#website\",\"url\":\"https:\\\/\\\/www.lupatomeccanica.com\\\/fr\\\/\",\"name\":\"Lupato Meccanica\",\"description\":\"Utensili per finiture grezze su pietra e calcestruzzo\",\"publisher\":{\"@id\":\"https:\\\/\\\/www.lupatomeccanica.com\\\/fr\\\/#organization\"},\"potentialAction\":[{\"@type\":\"SearchAction\",\"target\":{\"@type\":\"EntryPoint\",\"urlTemplate\":\"https:\\\/\\\/www.lupatomeccanica.com\\\/fr\\\/?s={search_term_string}\"},\"query-input\":{\"@type\":\"PropertyValueSpecification\",\"valueRequired\":true,\"valueName\":\"search_term_string\"}}],\"inLanguage\":\"fr-FR\"},{\"@type\":\"Organization\",\"@id\":\"https:\\\/\\\/www.lupatomeccanica.com\\\/fr\\\/#organization\",\"name\":\"Lupato Meccanica\",\"url\":\"https:\\\/\\\/www.lupatomeccanica.com\\\/fr\\\/\",\"logo\":{\"@type\":\"ImageObject\",\"inLanguage\":\"fr-FR\",\"@id\":\"https:\\\/\\\/www.lupatomeccanica.com\\\/fr\\\/#\\\/schema\\\/logo\\\/image\\\/\",\"url\":\"https:\\\/\\\/lupatomeccanica.com\\\/wp-content\\\/uploads\\\/logo-admin.png\",\"contentUrl\":\"https:\\\/\\\/lupatomeccanica.com\\\/wp-content\\\/uploads\\\/logo-admin.png\",\"width\":300,\"height\":59,\"caption\":\"Lupato Meccanica\"},\"image\":{\"@id\":\"https:\\\/\\\/www.lupatomeccanica.com\\\/fr\\\/#\\\/schema\\\/logo\\\/image\\\/\"},\"sameAs\":[\"https:\\\/\\\/www.linkedin.com\\\/company\\\/26996783\\\/\",\"https:\\\/\\\/www.youtube.com\\\/user\\\/LupatoMeccanica\"]}]}<\/script>\n<!-- \/ Yoast SEO plugin. -->","yoast_head_json":{"title":"Birba 110 V 5\/8\" - Lupato Meccanica","description":"Birba 110 V est une machine \u00e9lectrique porte-outils permettant d'effectuer une finition antid\u00e9rapante et de traiter les surfaces planes sur le marbre, la pierre et le granit. Birba est id\u00e9ale pour r\u00e9aliser des bandes antid\u00e9rapantes de tout type et sur tout mat\u00e9riau gr\u00e2ce \u00e0 la vari\u00e9t\u00e9 d'outils dont elle peut \u00eatre \u00e9quip\u00e9e et \u00e0 l'unit\u00e9 de guidage qui permet un r\u00e9glage pr\u00e9cis. Elle est \u00e9quip\u00e9e d'un raccord pour tuyau d'aspiration et peut travailler sur un \u00e9tabli ou sur des marches d\u00e9j\u00e0 pos\u00e9es.","robots":{"index":"index","follow":"follow","max-snippet":"max-snippet:-1","max-image-preview":"max-image-preview:large","max-video-preview":"max-video-preview:-1"},"canonical":"https:\/\/www.lupatomeccanica.com\/fr\/produit\/utensili\/outils-pour-pierre\/birba\/birba-110-v-5-8\/","og_locale":"fr_FR","og_type":"article","og_title":"Birba 110 V 5\/8\" - Lupato Meccanica","og_description":"Birba 110 V est une machine \u00e9lectrique porte-outils permettant d'effectuer une finition antid\u00e9rapante et de traiter les surfaces planes sur le marbre, la pierre et le granit. Birba est id\u00e9ale pour r\u00e9aliser des bandes antid\u00e9rapantes de tout type et sur tout mat\u00e9riau gr\u00e2ce \u00e0 la vari\u00e9t\u00e9 d'outils dont elle peut \u00eatre \u00e9quip\u00e9e et \u00e0 l'unit\u00e9 de guidage qui permet un r\u00e9glage pr\u00e9cis. Elle est \u00e9quip\u00e9e d'un raccord pour tuyau d'aspiration et peut travailler sur un \u00e9tabli ou sur des marches d\u00e9j\u00e0 pos\u00e9es.","og_url":"https:\/\/www.lupatomeccanica.com\/fr\/produit\/utensili\/outils-pour-pierre\/birba\/birba-110-v-5-8\/","og_site_name":"Lupato Meccanica","article_modified_time":"2025-07-04T07:09:05+00:00","og_image":[{"width":800,"height":800,"url":"https:\/\/www.lupatomeccanica.com\/wp-content\/uploads\/lupato-meccanica-birba.jpg","type":"image\/jpeg"}],"twitter_card":"summary_large_image","schema":{"@context":"https:\/\/schema.org","@graph":[{"@type":"WebPage","@id":"https:\/\/www.lupatomeccanica.com\/fr\/produit\/utensili\/outils-pour-pierre\/birba\/birba-110-v-5-8\/","url":"https:\/\/www.lupatomeccanica.com\/fr\/produit\/utensili\/outils-pour-pierre\/birba\/birba-110-v-5-8\/","name":"Birba 110 V 5\/8\" - Lupato Meccanica","isPartOf":{"@id":"https:\/\/www.lupatomeccanica.com\/fr\/#website"},"primaryImageOfPage":{"@id":"https:\/\/www.lupatomeccanica.com\/fr\/produit\/utensili\/outils-pour-pierre\/birba\/birba-110-v-5-8\/#primaryimage"},"image":{"@id":"https:\/\/www.lupatomeccanica.com\/fr\/produit\/utensili\/outils-pour-pierre\/birba\/birba-110-v-5-8\/#primaryimage"},"thumbnailUrl":"https:\/\/www.lupatomeccanica.com\/wp-content\/uploads\/lupato-meccanica-birba.jpg","datePublished":"2021-09-14T16:07:52+00:00","dateModified":"2025-07-04T07:09:05+00:00","description":"Birba 110 V est une machine \u00e9lectrique porte-outils permettant d'effectuer une finition antid\u00e9rapante et de traiter les surfaces planes sur le marbre, la pierre et le granit. Birba est id\u00e9ale pour r\u00e9aliser des bandes antid\u00e9rapantes de tout type et sur tout mat\u00e9riau gr\u00e2ce \u00e0 la vari\u00e9t\u00e9 d'outils dont elle peut \u00eatre \u00e9quip\u00e9e et \u00e0 l'unit\u00e9 de guidage qui permet un r\u00e9glage pr\u00e9cis. Elle est \u00e9quip\u00e9e d'un raccord pour tuyau d'aspiration et peut travailler sur un \u00e9tabli ou sur des marches d\u00e9j\u00e0 pos\u00e9es.","breadcrumb":{"@id":"https:\/\/www.lupatomeccanica.com\/fr\/produit\/utensili\/outils-pour-pierre\/birba\/birba-110-v-5-8\/#breadcrumb"},"inLanguage":"fr-FR","potentialAction":[{"@type":"ReadAction","target":["https:\/\/www.lupatomeccanica.com\/fr\/produit\/utensili\/outils-pour-pierre\/birba\/birba-110-v-5-8\/"]}]},{"@type":"ImageObject","inLanguage":"fr-FR","@id":"https:\/\/www.lupatomeccanica.com\/fr\/produit\/utensili\/outils-pour-pierre\/birba\/birba-110-v-5-8\/#primaryimage","url":"https:\/\/www.lupatomeccanica.com\/wp-content\/uploads\/lupato-meccanica-birba.jpg","contentUrl":"https:\/\/www.lupatomeccanica.com\/wp-content\/uploads\/lupato-meccanica-birba.jpg","width":800,"height":800},{"@type":"BreadcrumbList","@id":"https:\/\/www.lupatomeccanica.com\/fr\/produit\/utensili\/outils-pour-pierre\/birba\/birba-110-v-5-8\/#breadcrumb","itemListElement":[{"@type":"ListItem","position":1,"name":"Home","item":"https:\/\/www.lupatomeccanica.com\/fr\/"},{"@type":"ListItem","position":2,"name":"Shop","item":"https:\/\/www.lupatomeccanica.com\/fr\/shop\/"},{"@type":"ListItem","position":3,"name":"Birba 110 V 5\/8&#8243;"}]},{"@type":"WebSite","@id":"https:\/\/www.lupatomeccanica.com\/fr\/#website","url":"https:\/\/www.lupatomeccanica.com\/fr\/","name":"Lupato Meccanica","description":"Utensili per finiture grezze su pietra e calcestruzzo","publisher":{"@id":"https:\/\/www.lupatomeccanica.com\/fr\/#organization"},"potentialAction":[{"@type":"SearchAction","target":{"@type":"EntryPoint","urlTemplate":"https:\/\/www.lupatomeccanica.com\/fr\/?s={search_term_string}"},"query-input":{"@type":"PropertyValueSpecification","valueRequired":true,"valueName":"search_term_string"}}],"inLanguage":"fr-FR"},{"@type":"Organization","@id":"https:\/\/www.lupatomeccanica.com\/fr\/#organization","name":"Lupato Meccanica","url":"https:\/\/www.lupatomeccanica.com\/fr\/","logo":{"@type":"ImageObject","inLanguage":"fr-FR","@id":"https:\/\/www.lupatomeccanica.com\/fr\/#\/schema\/logo\/image\/","url":"https:\/\/lupatomeccanica.com\/wp-content\/uploads\/logo-admin.png","contentUrl":"https:\/\/lupatomeccanica.com\/wp-content\/uploads\/logo-admin.png","width":300,"height":59,"caption":"Lupato Meccanica"},"image":{"@id":"https:\/\/www.lupatomeccanica.com\/fr\/#\/schema\/logo\/image\/"},"sameAs":["https:\/\/www.linkedin.com\/company\/26996783\/","https:\/\/www.youtube.com\/user\/LupatoMeccanica"]}]}},"_links":{"self":[{"href":"https:\/\/www.lupatomeccanica.com\/fr\/wp-json\/wp\/v2\/product\/15999","targetHints":{"allow":["GET"]}}],"collection":[{"href":"https:\/\/www.lupatomeccanica.com\/fr\/wp-json\/wp\/v2\/product"}],"about":[{"href":"https:\/\/www.lupatomeccanica.com\/fr\/wp-json\/wp\/v2\/types\/product"}],"wp:featuredmedia":[{"embeddable":true,"href":"https:\/\/www.lupatomeccanica.com\/fr\/wp-json\/wp\/v2\/media\/15996"}],"wp:attachment":[{"href":"https:\/\/www.lupatomeccanica.com\/fr\/wp-json\/wp\/v2\/media?parent=15999"}],"wp:term":[{"taxonomy":"product_brand","embeddable":true,"href":"https:\/\/www.lupatomeccanica.com\/fr\/wp-json\/wp\/v2\/product_brand?post=15999"},{"taxonomy":"product_cat","embeddable":true,"href":"https:\/\/www.lupatomeccanica.com\/fr\/wp-json\/wp\/v2\/product_cat?post=15999"},{"taxonomy":"product_tag","embeddable":true,"href":"https:\/\/www.lupatomeccanica.com\/fr\/wp-json\/wp\/v2\/product_tag?post=15999"}],"curies":[{"name":"wp","href":"https:\/\/api.w.org\/{rel}","templated":true}]}}