{"id":15944,"date":"2021-09-14T16:09:05","date_gmt":"2021-09-14T16:09:05","guid":{"rendered":"https:\/\/www.lupatomeccanica.com\/prodotto\/uncategorized\/concreta-6-9-o340-mm\/"},"modified":"2025-07-04T07:09:32","modified_gmt":"2025-07-04T07:09:32","slug":"concreta-6-9-o-340-mm","status":"publish","type":"product","link":"https:\/\/www.lupatomeccanica.com\/fr\/produit\/utensili\/outils-pour-sols\/concreta-6\/concreta-6-9-o-340-mm\/","title":{"rendered":"Concreta 6\/9 \u00f8 340 mm"},"content":{"rendered":"","protected":false},"excerpt":{"rendered":"<p>Concreta 6\/9 \u00f8340 est un outil de 340\u00a0mm de diam\u00e8tre pour les machines de polissage des sols, constitu\u00e9 de 6\u00a0rouleaux \u00e0 9\u00a0reliefs chacun, pour l&#8217;\u00e9br\u00e9chage de sols en b\u00e9ton, en agglom\u00e9r\u00e9 et en pierre.<br \/>\nConcreta 6\/9 permet d&#8217;enlever de grandes quantit\u00e9s de b\u00e9ton en peu de temps, avec une capacit\u00e9 de d\u00e9grossissage de 3\u00a0mm \u00e0 5\u00a0mm selon le type de b\u00e9ton et les param\u00e8tres utilis\u00e9s.<br \/>\nIl permet \u00e9galement de lisser les irr\u00e9gularit\u00e9s, d&#8217;\u00e9liminer les r\u00e9sines ou les colles et de pr\u00e9parer le sol pour le pon\u00e7age ou d&#8217;autres finitions en peu de temps.<br \/>\nL&#8217;\u00e9br\u00e9chage r\u00e9alis\u00e9 avec Concreta 6\/9 permet d&#8217;obtenir les meilleurs r\u00e9sultats en termes de s\u00e9curit\u00e9 antid\u00e9rapante et de r\u00e9sistance au d\u00e9rapage, m\u00eame dans des conditions m\u00e9t\u00e9orologiques d\u00e9favorables.<br \/>\nIl est disponible avec diff\u00e9rents types de raccords en fonction de la machine de polissage sur laquelle il doit \u00eatre mont\u00e9.<\/p>\n","protected":false},"featured_media":15942,"template":"","meta":{"_acf_changed":false,"inline_featured_image":false},"product_brand":[],"product_cat":[960],"product_tag":[],"class_list":{"0":"post-15944","1":"product","2":"type-product","3":"status-publish","4":"has-post-thumbnail","6":"product_cat-concreta-6","8":"first","9":"instock","10":"product-type-simple"},"acf":[],"yoast_head":"<!-- This site is optimized with the Yoast SEO plugin v27.3 - https:\/\/yoast.com\/product\/yoast-seo-wordpress\/ -->\n<title>Concreta 6\/9 \u00f8 340 mm - Lupato Meccanica<\/title>\n<meta name=\"description\" content=\"Concreta 6\/9 \u00f8340 est un outil de 340\u00a0mm de diam\u00e8tre pour les machines de polissage des sols, constitu\u00e9 de 6\u00a0rouleaux \u00e0 9\u00a0reliefs chacun, pour l&#039;\u00e9br\u00e9chage de sols en b\u00e9ton, en agglom\u00e9r\u00e9 et en pierre. Concreta 6\/9 permet d&#039;enlever de grandes quantit\u00e9s de b\u00e9ton en peu de temps, avec une capacit\u00e9 de d\u00e9grossissage de 3\u00a0mm \u00e0 5\u00a0mm selon le type de b\u00e9ton et les param\u00e8tres utilis\u00e9s. Il permet \u00e9galement de lisser les irr\u00e9gularit\u00e9s, d&#039;\u00e9liminer les r\u00e9sines ou les colles et de pr\u00e9parer le sol pour le pon\u00e7age ou d&#039;autres finitions en peu de temps. L&#039;\u00e9br\u00e9chage r\u00e9alis\u00e9 avec Concreta 6\/9 permet d&#039;obtenir les meilleurs r\u00e9sultats en termes de s\u00e9curit\u00e9 antid\u00e9rapante et de r\u00e9sistance au d\u00e9rapage, m\u00eame dans des conditions m\u00e9t\u00e9orologiques d\u00e9favorables. Il est disponible avec diff\u00e9rents types de raccords en fonction de la machine de polissage sur laquelle il doit \u00eatre mont\u00e9.\" \/>\n<meta name=\"robots\" content=\"index, follow, max-snippet:-1, max-image-preview:large, max-video-preview:-1\" \/>\n<link rel=\"canonical\" href=\"https:\/\/www.lupatomeccanica.com\/fr\/produit\/utensili\/outils-pour-sols\/concreta-6\/concreta-6-9-o-340-mm\/\" \/>\n<meta property=\"og:locale\" content=\"fr_FR\" \/>\n<meta property=\"og:type\" content=\"article\" \/>\n<meta property=\"og:title\" content=\"Concreta 6\/9 \u00f8 340 mm - Lupato Meccanica\" \/>\n<meta property=\"og:description\" content=\"Concreta 6\/9 \u00f8340 est un outil de 340\u00a0mm de diam\u00e8tre pour les machines de polissage des sols, constitu\u00e9 de 6\u00a0rouleaux \u00e0 9\u00a0reliefs chacun, pour l&#039;\u00e9br\u00e9chage de sols en b\u00e9ton, en agglom\u00e9r\u00e9 et en pierre. Concreta 6\/9 permet d&#039;enlever de grandes quantit\u00e9s de b\u00e9ton en peu de temps, avec une capacit\u00e9 de d\u00e9grossissage de 3\u00a0mm \u00e0 5\u00a0mm selon le type de b\u00e9ton et les param\u00e8tres utilis\u00e9s. Il permet \u00e9galement de lisser les irr\u00e9gularit\u00e9s, d&#039;\u00e9liminer les r\u00e9sines ou les colles et de pr\u00e9parer le sol pour le pon\u00e7age ou d&#039;autres finitions en peu de temps. L&#039;\u00e9br\u00e9chage r\u00e9alis\u00e9 avec Concreta 6\/9 permet d&#039;obtenir les meilleurs r\u00e9sultats en termes de s\u00e9curit\u00e9 antid\u00e9rapante et de r\u00e9sistance au d\u00e9rapage, m\u00eame dans des conditions m\u00e9t\u00e9orologiques d\u00e9favorables. Il est disponible avec diff\u00e9rents types de raccords en fonction de la machine de polissage sur laquelle il doit \u00eatre mont\u00e9.\" \/>\n<meta property=\"og:url\" content=\"https:\/\/www.lupatomeccanica.com\/fr\/produit\/utensili\/outils-pour-sols\/concreta-6\/concreta-6-9-o-340-mm\/\" \/>\n<meta property=\"og:site_name\" content=\"Lupato Meccanica\" \/>\n<meta property=\"article:modified_time\" content=\"2025-07-04T07:09:32+00:00\" \/>\n<meta property=\"og:image\" content=\"https:\/\/www.lupatomeccanica.com\/wp-content\/uploads\/lupato-meccanica-concreta-6-9.jpg\" \/>\n\t<meta property=\"og:image:width\" content=\"1000\" \/>\n\t<meta property=\"og:image:height\" content=\"860\" \/>\n\t<meta property=\"og:image:type\" content=\"image\/jpeg\" \/>\n<meta name=\"twitter:card\" content=\"summary_large_image\" \/>\n<script type=\"application\/ld+json\" class=\"yoast-schema-graph\">{\"@context\":\"https:\\\/\\\/schema.org\",\"@graph\":[{\"@type\":\"WebPage\",\"@id\":\"https:\\\/\\\/www.lupatomeccanica.com\\\/fr\\\/produit\\\/utensili\\\/outils-pour-sols\\\/concreta-6\\\/concreta-6-9-o-340-mm\\\/\",\"url\":\"https:\\\/\\\/www.lupatomeccanica.com\\\/fr\\\/produit\\\/utensili\\\/outils-pour-sols\\\/concreta-6\\\/concreta-6-9-o-340-mm\\\/\",\"name\":\"Concreta 6\\\/9 \u00f8 340 mm - Lupato Meccanica\",\"isPartOf\":{\"@id\":\"https:\\\/\\\/www.lupatomeccanica.com\\\/fr\\\/#website\"},\"primaryImageOfPage\":{\"@id\":\"https:\\\/\\\/www.lupatomeccanica.com\\\/fr\\\/produit\\\/utensili\\\/outils-pour-sols\\\/concreta-6\\\/concreta-6-9-o-340-mm\\\/#primaryimage\"},\"image\":{\"@id\":\"https:\\\/\\\/www.lupatomeccanica.com\\\/fr\\\/produit\\\/utensili\\\/outils-pour-sols\\\/concreta-6\\\/concreta-6-9-o-340-mm\\\/#primaryimage\"},\"thumbnailUrl\":\"https:\\\/\\\/www.lupatomeccanica.com\\\/wp-content\\\/uploads\\\/lupato-meccanica-concreta-6-9.jpg\",\"datePublished\":\"2021-09-14T16:09:05+00:00\",\"dateModified\":\"2025-07-04T07:09:32+00:00\",\"description\":\"Concreta 6\\\/9 \u00f8340 est un outil de 340\u00a0mm de diam\u00e8tre pour les machines de polissage des sols, constitu\u00e9 de 6\u00a0rouleaux \u00e0 9\u00a0reliefs chacun, pour l'\u00e9br\u00e9chage de sols en b\u00e9ton, en agglom\u00e9r\u00e9 et en pierre. Concreta 6\\\/9 permet d'enlever de grandes quantit\u00e9s de b\u00e9ton en peu de temps, avec une capacit\u00e9 de d\u00e9grossissage de 3\u00a0mm \u00e0 5\u00a0mm selon le type de b\u00e9ton et les param\u00e8tres utilis\u00e9s. Il permet \u00e9galement de lisser les irr\u00e9gularit\u00e9s, d'\u00e9liminer les r\u00e9sines ou les colles et de pr\u00e9parer le sol pour le pon\u00e7age ou d'autres finitions en peu de temps. L'\u00e9br\u00e9chage r\u00e9alis\u00e9 avec Concreta 6\\\/9 permet d'obtenir les meilleurs r\u00e9sultats en termes de s\u00e9curit\u00e9 antid\u00e9rapante et de r\u00e9sistance au d\u00e9rapage, m\u00eame dans des conditions m\u00e9t\u00e9orologiques d\u00e9favorables. Il est disponible avec diff\u00e9rents types de raccords en fonction de la machine de polissage sur laquelle il doit \u00eatre mont\u00e9.\",\"breadcrumb\":{\"@id\":\"https:\\\/\\\/www.lupatomeccanica.com\\\/fr\\\/produit\\\/utensili\\\/outils-pour-sols\\\/concreta-6\\\/concreta-6-9-o-340-mm\\\/#breadcrumb\"},\"inLanguage\":\"fr-FR\",\"potentialAction\":[{\"@type\":\"ReadAction\",\"target\":[\"https:\\\/\\\/www.lupatomeccanica.com\\\/fr\\\/produit\\\/utensili\\\/outils-pour-sols\\\/concreta-6\\\/concreta-6-9-o-340-mm\\\/\"]}]},{\"@type\":\"ImageObject\",\"inLanguage\":\"fr-FR\",\"@id\":\"https:\\\/\\\/www.lupatomeccanica.com\\\/fr\\\/produit\\\/utensili\\\/outils-pour-sols\\\/concreta-6\\\/concreta-6-9-o-340-mm\\\/#primaryimage\",\"url\":\"https:\\\/\\\/www.lupatomeccanica.com\\\/wp-content\\\/uploads\\\/lupato-meccanica-concreta-6-9.jpg\",\"contentUrl\":\"https:\\\/\\\/www.lupatomeccanica.com\\\/wp-content\\\/uploads\\\/lupato-meccanica-concreta-6-9.jpg\",\"width\":1000,\"height\":860},{\"@type\":\"BreadcrumbList\",\"@id\":\"https:\\\/\\\/www.lupatomeccanica.com\\\/fr\\\/produit\\\/utensili\\\/outils-pour-sols\\\/concreta-6\\\/concreta-6-9-o-340-mm\\\/#breadcrumb\",\"itemListElement\":[{\"@type\":\"ListItem\",\"position\":1,\"name\":\"Home\",\"item\":\"https:\\\/\\\/www.lupatomeccanica.com\\\/fr\\\/\"},{\"@type\":\"ListItem\",\"position\":2,\"name\":\"Shop\",\"item\":\"https:\\\/\\\/www.lupatomeccanica.com\\\/fr\\\/shop\\\/\"},{\"@type\":\"ListItem\",\"position\":3,\"name\":\"Concreta 6\\\/9 \u00f8 340 mm\"}]},{\"@type\":\"WebSite\",\"@id\":\"https:\\\/\\\/www.lupatomeccanica.com\\\/fr\\\/#website\",\"url\":\"https:\\\/\\\/www.lupatomeccanica.com\\\/fr\\\/\",\"name\":\"Lupato Meccanica\",\"description\":\"Utensili per finiture grezze su pietra e calcestruzzo\",\"publisher\":{\"@id\":\"https:\\\/\\\/www.lupatomeccanica.com\\\/fr\\\/#organization\"},\"potentialAction\":[{\"@type\":\"SearchAction\",\"target\":{\"@type\":\"EntryPoint\",\"urlTemplate\":\"https:\\\/\\\/www.lupatomeccanica.com\\\/fr\\\/?s={search_term_string}\"},\"query-input\":{\"@type\":\"PropertyValueSpecification\",\"valueRequired\":true,\"valueName\":\"search_term_string\"}}],\"inLanguage\":\"fr-FR\"},{\"@type\":\"Organization\",\"@id\":\"https:\\\/\\\/www.lupatomeccanica.com\\\/fr\\\/#organization\",\"name\":\"Lupato Meccanica\",\"url\":\"https:\\\/\\\/www.lupatomeccanica.com\\\/fr\\\/\",\"logo\":{\"@type\":\"ImageObject\",\"inLanguage\":\"fr-FR\",\"@id\":\"https:\\\/\\\/www.lupatomeccanica.com\\\/fr\\\/#\\\/schema\\\/logo\\\/image\\\/\",\"url\":\"https:\\\/\\\/lupatomeccanica.com\\\/wp-content\\\/uploads\\\/logo-admin.png\",\"contentUrl\":\"https:\\\/\\\/lupatomeccanica.com\\\/wp-content\\\/uploads\\\/logo-admin.png\",\"width\":300,\"height\":59,\"caption\":\"Lupato Meccanica\"},\"image\":{\"@id\":\"https:\\\/\\\/www.lupatomeccanica.com\\\/fr\\\/#\\\/schema\\\/logo\\\/image\\\/\"},\"sameAs\":[\"https:\\\/\\\/www.linkedin.com\\\/company\\\/26996783\\\/\",\"https:\\\/\\\/www.youtube.com\\\/user\\\/LupatoMeccanica\"]}]}<\/script>\n<!-- \/ Yoast SEO plugin. -->","yoast_head_json":{"title":"Concreta 6\/9 \u00f8 340 mm - Lupato Meccanica","description":"Concreta 6\/9 \u00f8340 est un outil de 340\u00a0mm de diam\u00e8tre pour les machines de polissage des sols, constitu\u00e9 de 6\u00a0rouleaux \u00e0 9\u00a0reliefs chacun, pour l'\u00e9br\u00e9chage de sols en b\u00e9ton, en agglom\u00e9r\u00e9 et en pierre. Concreta 6\/9 permet d'enlever de grandes quantit\u00e9s de b\u00e9ton en peu de temps, avec une capacit\u00e9 de d\u00e9grossissage de 3\u00a0mm \u00e0 5\u00a0mm selon le type de b\u00e9ton et les param\u00e8tres utilis\u00e9s. Il permet \u00e9galement de lisser les irr\u00e9gularit\u00e9s, d'\u00e9liminer les r\u00e9sines ou les colles et de pr\u00e9parer le sol pour le pon\u00e7age ou d'autres finitions en peu de temps. L'\u00e9br\u00e9chage r\u00e9alis\u00e9 avec Concreta 6\/9 permet d'obtenir les meilleurs r\u00e9sultats en termes de s\u00e9curit\u00e9 antid\u00e9rapante et de r\u00e9sistance au d\u00e9rapage, m\u00eame dans des conditions m\u00e9t\u00e9orologiques d\u00e9favorables. Il est disponible avec diff\u00e9rents types de raccords en fonction de la machine de polissage sur laquelle il doit \u00eatre mont\u00e9.","robots":{"index":"index","follow":"follow","max-snippet":"max-snippet:-1","max-image-preview":"max-image-preview:large","max-video-preview":"max-video-preview:-1"},"canonical":"https:\/\/www.lupatomeccanica.com\/fr\/produit\/utensili\/outils-pour-sols\/concreta-6\/concreta-6-9-o-340-mm\/","og_locale":"fr_FR","og_type":"article","og_title":"Concreta 6\/9 \u00f8 340 mm - Lupato Meccanica","og_description":"Concreta 6\/9 \u00f8340 est un outil de 340\u00a0mm de diam\u00e8tre pour les machines de polissage des sols, constitu\u00e9 de 6\u00a0rouleaux \u00e0 9\u00a0reliefs chacun, pour l'\u00e9br\u00e9chage de sols en b\u00e9ton, en agglom\u00e9r\u00e9 et en pierre. Concreta 6\/9 permet d'enlever de grandes quantit\u00e9s de b\u00e9ton en peu de temps, avec une capacit\u00e9 de d\u00e9grossissage de 3\u00a0mm \u00e0 5\u00a0mm selon le type de b\u00e9ton et les param\u00e8tres utilis\u00e9s. Il permet \u00e9galement de lisser les irr\u00e9gularit\u00e9s, d'\u00e9liminer les r\u00e9sines ou les colles et de pr\u00e9parer le sol pour le pon\u00e7age ou d'autres finitions en peu de temps. L'\u00e9br\u00e9chage r\u00e9alis\u00e9 avec Concreta 6\/9 permet d'obtenir les meilleurs r\u00e9sultats en termes de s\u00e9curit\u00e9 antid\u00e9rapante et de r\u00e9sistance au d\u00e9rapage, m\u00eame dans des conditions m\u00e9t\u00e9orologiques d\u00e9favorables. Il est disponible avec diff\u00e9rents types de raccords en fonction de la machine de polissage sur laquelle il doit \u00eatre mont\u00e9.","og_url":"https:\/\/www.lupatomeccanica.com\/fr\/produit\/utensili\/outils-pour-sols\/concreta-6\/concreta-6-9-o-340-mm\/","og_site_name":"Lupato Meccanica","article_modified_time":"2025-07-04T07:09:32+00:00","og_image":[{"width":1000,"height":860,"url":"https:\/\/www.lupatomeccanica.com\/wp-content\/uploads\/lupato-meccanica-concreta-6-9.jpg","type":"image\/jpeg"}],"twitter_card":"summary_large_image","schema":{"@context":"https:\/\/schema.org","@graph":[{"@type":"WebPage","@id":"https:\/\/www.lupatomeccanica.com\/fr\/produit\/utensili\/outils-pour-sols\/concreta-6\/concreta-6-9-o-340-mm\/","url":"https:\/\/www.lupatomeccanica.com\/fr\/produit\/utensili\/outils-pour-sols\/concreta-6\/concreta-6-9-o-340-mm\/","name":"Concreta 6\/9 \u00f8 340 mm - Lupato Meccanica","isPartOf":{"@id":"https:\/\/www.lupatomeccanica.com\/fr\/#website"},"primaryImageOfPage":{"@id":"https:\/\/www.lupatomeccanica.com\/fr\/produit\/utensili\/outils-pour-sols\/concreta-6\/concreta-6-9-o-340-mm\/#primaryimage"},"image":{"@id":"https:\/\/www.lupatomeccanica.com\/fr\/produit\/utensili\/outils-pour-sols\/concreta-6\/concreta-6-9-o-340-mm\/#primaryimage"},"thumbnailUrl":"https:\/\/www.lupatomeccanica.com\/wp-content\/uploads\/lupato-meccanica-concreta-6-9.jpg","datePublished":"2021-09-14T16:09:05+00:00","dateModified":"2025-07-04T07:09:32+00:00","description":"Concreta 6\/9 \u00f8340 est un outil de 340\u00a0mm de diam\u00e8tre pour les machines de polissage des sols, constitu\u00e9 de 6\u00a0rouleaux \u00e0 9\u00a0reliefs chacun, pour l'\u00e9br\u00e9chage de sols en b\u00e9ton, en agglom\u00e9r\u00e9 et en pierre. Concreta 6\/9 permet d'enlever de grandes quantit\u00e9s de b\u00e9ton en peu de temps, avec une capacit\u00e9 de d\u00e9grossissage de 3\u00a0mm \u00e0 5\u00a0mm selon le type de b\u00e9ton et les param\u00e8tres utilis\u00e9s. Il permet \u00e9galement de lisser les irr\u00e9gularit\u00e9s, d'\u00e9liminer les r\u00e9sines ou les colles et de pr\u00e9parer le sol pour le pon\u00e7age ou d'autres finitions en peu de temps. L'\u00e9br\u00e9chage r\u00e9alis\u00e9 avec Concreta 6\/9 permet d'obtenir les meilleurs r\u00e9sultats en termes de s\u00e9curit\u00e9 antid\u00e9rapante et de r\u00e9sistance au d\u00e9rapage, m\u00eame dans des conditions m\u00e9t\u00e9orologiques d\u00e9favorables. Il est disponible avec diff\u00e9rents types de raccords en fonction de la machine de polissage sur laquelle il doit \u00eatre mont\u00e9.","breadcrumb":{"@id":"https:\/\/www.lupatomeccanica.com\/fr\/produit\/utensili\/outils-pour-sols\/concreta-6\/concreta-6-9-o-340-mm\/#breadcrumb"},"inLanguage":"fr-FR","potentialAction":[{"@type":"ReadAction","target":["https:\/\/www.lupatomeccanica.com\/fr\/produit\/utensili\/outils-pour-sols\/concreta-6\/concreta-6-9-o-340-mm\/"]}]},{"@type":"ImageObject","inLanguage":"fr-FR","@id":"https:\/\/www.lupatomeccanica.com\/fr\/produit\/utensili\/outils-pour-sols\/concreta-6\/concreta-6-9-o-340-mm\/#primaryimage","url":"https:\/\/www.lupatomeccanica.com\/wp-content\/uploads\/lupato-meccanica-concreta-6-9.jpg","contentUrl":"https:\/\/www.lupatomeccanica.com\/wp-content\/uploads\/lupato-meccanica-concreta-6-9.jpg","width":1000,"height":860},{"@type":"BreadcrumbList","@id":"https:\/\/www.lupatomeccanica.com\/fr\/produit\/utensili\/outils-pour-sols\/concreta-6\/concreta-6-9-o-340-mm\/#breadcrumb","itemListElement":[{"@type":"ListItem","position":1,"name":"Home","item":"https:\/\/www.lupatomeccanica.com\/fr\/"},{"@type":"ListItem","position":2,"name":"Shop","item":"https:\/\/www.lupatomeccanica.com\/fr\/shop\/"},{"@type":"ListItem","position":3,"name":"Concreta 6\/9 \u00f8 340 mm"}]},{"@type":"WebSite","@id":"https:\/\/www.lupatomeccanica.com\/fr\/#website","url":"https:\/\/www.lupatomeccanica.com\/fr\/","name":"Lupato Meccanica","description":"Utensili per finiture grezze su pietra e calcestruzzo","publisher":{"@id":"https:\/\/www.lupatomeccanica.com\/fr\/#organization"},"potentialAction":[{"@type":"SearchAction","target":{"@type":"EntryPoint","urlTemplate":"https:\/\/www.lupatomeccanica.com\/fr\/?s={search_term_string}"},"query-input":{"@type":"PropertyValueSpecification","valueRequired":true,"valueName":"search_term_string"}}],"inLanguage":"fr-FR"},{"@type":"Organization","@id":"https:\/\/www.lupatomeccanica.com\/fr\/#organization","name":"Lupato Meccanica","url":"https:\/\/www.lupatomeccanica.com\/fr\/","logo":{"@type":"ImageObject","inLanguage":"fr-FR","@id":"https:\/\/www.lupatomeccanica.com\/fr\/#\/schema\/logo\/image\/","url":"https:\/\/lupatomeccanica.com\/wp-content\/uploads\/logo-admin.png","contentUrl":"https:\/\/lupatomeccanica.com\/wp-content\/uploads\/logo-admin.png","width":300,"height":59,"caption":"Lupato Meccanica"},"image":{"@id":"https:\/\/www.lupatomeccanica.com\/fr\/#\/schema\/logo\/image\/"},"sameAs":["https:\/\/www.linkedin.com\/company\/26996783\/","https:\/\/www.youtube.com\/user\/LupatoMeccanica"]}]}},"_links":{"self":[{"href":"https:\/\/www.lupatomeccanica.com\/fr\/wp-json\/wp\/v2\/product\/15944","targetHints":{"allow":["GET"]}}],"collection":[{"href":"https:\/\/www.lupatomeccanica.com\/fr\/wp-json\/wp\/v2\/product"}],"about":[{"href":"https:\/\/www.lupatomeccanica.com\/fr\/wp-json\/wp\/v2\/types\/product"}],"wp:featuredmedia":[{"embeddable":true,"href":"https:\/\/www.lupatomeccanica.com\/fr\/wp-json\/wp\/v2\/media\/15942"}],"wp:attachment":[{"href":"https:\/\/www.lupatomeccanica.com\/fr\/wp-json\/wp\/v2\/media?parent=15944"}],"wp:term":[{"taxonomy":"product_brand","embeddable":true,"href":"https:\/\/www.lupatomeccanica.com\/fr\/wp-json\/wp\/v2\/product_brand?post=15944"},{"taxonomy":"product_cat","embeddable":true,"href":"https:\/\/www.lupatomeccanica.com\/fr\/wp-json\/wp\/v2\/product_cat?post=15944"},{"taxonomy":"product_tag","embeddable":true,"href":"https:\/\/www.lupatomeccanica.com\/fr\/wp-json\/wp\/v2\/product_tag?post=15944"}],"curies":[{"name":"wp","href":"https:\/\/api.w.org\/{rel}","templated":true}]}}