{"id":15935,"date":"2021-09-14T16:09:05","date_gmt":"2021-09-14T16:09:05","guid":{"rendered":"https:\/\/www.lupatomeccanica.com\/prodotto\/uncategorized\/concreta-dia-abrax-4-800-o240-mm\/"},"modified":"2025-07-04T07:09:41","modified_gmt":"2025-07-04T07:09:41","slug":"concreta-dia-abrax-4-800-o-240-mm","status":"publish","type":"product","link":"https:\/\/www.lupatomeccanica.com\/fr\/produit\/utensili\/outils-pour-sols\/concreta-4\/concreta-dia-abrax-4-800-o-240-mm\/","title":{"rendered":"Concreta Dia-Abrax 4\/800 \u00f8 240 mm"},"content":{"rendered":"","protected":false},"excerpt":{"rendered":"<p>Concreta Dia-Abrax 4\/800 \u00f8240 est un outil de 240\u00a0mm de diam\u00e8tre pour les machines de polissage des sols, constitu\u00e9 de 4\u00a0rouleaux avec un grain de 800 en diamant chacun, pour le sablage de sols en b\u00e9ton, en agglom\u00e9r\u00e9 et en pierre.<br \/>\nLe sablage r\u00e9alis\u00e9 avec Dia-Abrax 4\/800 permet d&#8217;obtenir d&#8217;excellents r\u00e9sultats en termes de s\u00e9curit\u00e9 antid\u00e9rapante et de r\u00e9sistance au d\u00e9rapage, m\u00eame dans des conditions m\u00e9t\u00e9orologiques d\u00e9favorables.<br \/>\nIl est disponible avec diff\u00e9rents types de raccords en fonction de la machine de polissage sur laquelle il doit \u00eatre mont\u00e9.<\/p>\n","protected":false},"featured_media":15937,"template":"","meta":{"_acf_changed":false,"inline_featured_image":false},"product_brand":[],"product_cat":[959],"product_tag":[],"class_list":{"0":"post-15935","1":"product","2":"type-product","3":"status-publish","4":"has-post-thumbnail","6":"product_cat-concreta-4","8":"first","9":"instock","10":"product-type-simple"},"acf":[],"yoast_head":"<!-- This site is optimized with the Yoast SEO plugin v27.3 - https:\/\/yoast.com\/product\/yoast-seo-wordpress\/ -->\n<title>Concreta Dia-Abrax 4\/800 \u00f8 240 mm - Lupato Meccanica<\/title>\n<meta name=\"description\" content=\"Concreta Dia-Abrax 4\/800 \u00f8240 est un outil de 240\u00a0mm de diam\u00e8tre pour les machines de polissage des sols, constitu\u00e9 de 4\u00a0rouleaux avec un grain de 800 en diamant chacun, pour le sablage de sols en b\u00e9ton, en agglom\u00e9r\u00e9 et en pierre. Le sablage r\u00e9alis\u00e9 avec Dia-Abrax 4\/800 permet d&#039;obtenir d&#039;excellents r\u00e9sultats en termes de s\u00e9curit\u00e9 antid\u00e9rapante et de r\u00e9sistance au d\u00e9rapage, m\u00eame dans des conditions m\u00e9t\u00e9orologiques d\u00e9favorables. Il est disponible avec diff\u00e9rents types de raccords en fonction de la machine de polissage sur laquelle il doit \u00eatre mont\u00e9.\" \/>\n<meta name=\"robots\" content=\"index, follow, max-snippet:-1, max-image-preview:large, max-video-preview:-1\" \/>\n<link rel=\"canonical\" href=\"https:\/\/www.lupatomeccanica.com\/fr\/produit\/utensili\/outils-pour-sols\/concreta-4\/concreta-dia-abrax-4-800-o-240-mm\/\" \/>\n<meta property=\"og:locale\" content=\"fr_FR\" \/>\n<meta property=\"og:type\" content=\"article\" \/>\n<meta property=\"og:title\" content=\"Concreta Dia-Abrax 4\/800 \u00f8 240 mm - Lupato Meccanica\" \/>\n<meta property=\"og:description\" content=\"Concreta Dia-Abrax 4\/800 \u00f8240 est un outil de 240\u00a0mm de diam\u00e8tre pour les machines de polissage des sols, constitu\u00e9 de 4\u00a0rouleaux avec un grain de 800 en diamant chacun, pour le sablage de sols en b\u00e9ton, en agglom\u00e9r\u00e9 et en pierre. Le sablage r\u00e9alis\u00e9 avec Dia-Abrax 4\/800 permet d&#039;obtenir d&#039;excellents r\u00e9sultats en termes de s\u00e9curit\u00e9 antid\u00e9rapante et de r\u00e9sistance au d\u00e9rapage, m\u00eame dans des conditions m\u00e9t\u00e9orologiques d\u00e9favorables. Il est disponible avec diff\u00e9rents types de raccords en fonction de la machine de polissage sur laquelle il doit \u00eatre mont\u00e9.\" \/>\n<meta property=\"og:url\" content=\"https:\/\/www.lupatomeccanica.com\/fr\/produit\/utensili\/outils-pour-sols\/concreta-4\/concreta-dia-abrax-4-800-o-240-mm\/\" \/>\n<meta property=\"og:site_name\" content=\"Lupato Meccanica\" \/>\n<meta property=\"article:modified_time\" content=\"2025-07-04T07:09:41+00:00\" \/>\n<meta property=\"og:image\" content=\"https:\/\/www.lupatomeccanica.com\/wp-content\/uploads\/lupato-meccanica-concreta-4-dia-abrax-800-5.jpg\" \/>\n\t<meta property=\"og:image:width\" content=\"1000\" \/>\n\t<meta property=\"og:image:height\" content=\"860\" \/>\n\t<meta property=\"og:image:type\" content=\"image\/jpeg\" \/>\n<meta name=\"twitter:card\" content=\"summary_large_image\" \/>\n<script type=\"application\/ld+json\" class=\"yoast-schema-graph\">{\"@context\":\"https:\\\/\\\/schema.org\",\"@graph\":[{\"@type\":\"WebPage\",\"@id\":\"https:\\\/\\\/www.lupatomeccanica.com\\\/fr\\\/produit\\\/utensili\\\/outils-pour-sols\\\/concreta-4\\\/concreta-dia-abrax-4-800-o-240-mm\\\/\",\"url\":\"https:\\\/\\\/www.lupatomeccanica.com\\\/fr\\\/produit\\\/utensili\\\/outils-pour-sols\\\/concreta-4\\\/concreta-dia-abrax-4-800-o-240-mm\\\/\",\"name\":\"Concreta Dia-Abrax 4\\\/800 \u00f8 240 mm - Lupato Meccanica\",\"isPartOf\":{\"@id\":\"https:\\\/\\\/www.lupatomeccanica.com\\\/fr\\\/#website\"},\"primaryImageOfPage\":{\"@id\":\"https:\\\/\\\/www.lupatomeccanica.com\\\/fr\\\/produit\\\/utensili\\\/outils-pour-sols\\\/concreta-4\\\/concreta-dia-abrax-4-800-o-240-mm\\\/#primaryimage\"},\"image\":{\"@id\":\"https:\\\/\\\/www.lupatomeccanica.com\\\/fr\\\/produit\\\/utensili\\\/outils-pour-sols\\\/concreta-4\\\/concreta-dia-abrax-4-800-o-240-mm\\\/#primaryimage\"},\"thumbnailUrl\":\"https:\\\/\\\/www.lupatomeccanica.com\\\/wp-content\\\/uploads\\\/lupato-meccanica-concreta-4-dia-abrax-800-5.jpg\",\"datePublished\":\"2021-09-14T16:09:05+00:00\",\"dateModified\":\"2025-07-04T07:09:41+00:00\",\"description\":\"Concreta Dia-Abrax 4\\\/800 \u00f8240 est un outil de 240\u00a0mm de diam\u00e8tre pour les machines de polissage des sols, constitu\u00e9 de 4\u00a0rouleaux avec un grain de 800 en diamant chacun, pour le sablage de sols en b\u00e9ton, en agglom\u00e9r\u00e9 et en pierre. Le sablage r\u00e9alis\u00e9 avec Dia-Abrax 4\\\/800 permet d'obtenir d'excellents r\u00e9sultats en termes de s\u00e9curit\u00e9 antid\u00e9rapante et de r\u00e9sistance au d\u00e9rapage, m\u00eame dans des conditions m\u00e9t\u00e9orologiques d\u00e9favorables. Il est disponible avec diff\u00e9rents types de raccords en fonction de la machine de polissage sur laquelle il doit \u00eatre mont\u00e9.\",\"breadcrumb\":{\"@id\":\"https:\\\/\\\/www.lupatomeccanica.com\\\/fr\\\/produit\\\/utensili\\\/outils-pour-sols\\\/concreta-4\\\/concreta-dia-abrax-4-800-o-240-mm\\\/#breadcrumb\"},\"inLanguage\":\"fr-FR\",\"potentialAction\":[{\"@type\":\"ReadAction\",\"target\":[\"https:\\\/\\\/www.lupatomeccanica.com\\\/fr\\\/produit\\\/utensili\\\/outils-pour-sols\\\/concreta-4\\\/concreta-dia-abrax-4-800-o-240-mm\\\/\"]}]},{\"@type\":\"ImageObject\",\"inLanguage\":\"fr-FR\",\"@id\":\"https:\\\/\\\/www.lupatomeccanica.com\\\/fr\\\/produit\\\/utensili\\\/outils-pour-sols\\\/concreta-4\\\/concreta-dia-abrax-4-800-o-240-mm\\\/#primaryimage\",\"url\":\"https:\\\/\\\/www.lupatomeccanica.com\\\/wp-content\\\/uploads\\\/lupato-meccanica-concreta-4-dia-abrax-800-5.jpg\",\"contentUrl\":\"https:\\\/\\\/www.lupatomeccanica.com\\\/wp-content\\\/uploads\\\/lupato-meccanica-concreta-4-dia-abrax-800-5.jpg\",\"width\":1000,\"height\":860},{\"@type\":\"BreadcrumbList\",\"@id\":\"https:\\\/\\\/www.lupatomeccanica.com\\\/fr\\\/produit\\\/utensili\\\/outils-pour-sols\\\/concreta-4\\\/concreta-dia-abrax-4-800-o-240-mm\\\/#breadcrumb\",\"itemListElement\":[{\"@type\":\"ListItem\",\"position\":1,\"name\":\"Home\",\"item\":\"https:\\\/\\\/www.lupatomeccanica.com\\\/fr\\\/\"},{\"@type\":\"ListItem\",\"position\":2,\"name\":\"Shop\",\"item\":\"https:\\\/\\\/www.lupatomeccanica.com\\\/fr\\\/shop\\\/\"},{\"@type\":\"ListItem\",\"position\":3,\"name\":\"Concreta Dia-Abrax 4\\\/800 \u00f8 240 mm\"}]},{\"@type\":\"WebSite\",\"@id\":\"https:\\\/\\\/www.lupatomeccanica.com\\\/fr\\\/#website\",\"url\":\"https:\\\/\\\/www.lupatomeccanica.com\\\/fr\\\/\",\"name\":\"Lupato Meccanica\",\"description\":\"Utensili per finiture grezze su pietra e calcestruzzo\",\"publisher\":{\"@id\":\"https:\\\/\\\/www.lupatomeccanica.com\\\/fr\\\/#organization\"},\"potentialAction\":[{\"@type\":\"SearchAction\",\"target\":{\"@type\":\"EntryPoint\",\"urlTemplate\":\"https:\\\/\\\/www.lupatomeccanica.com\\\/fr\\\/?s={search_term_string}\"},\"query-input\":{\"@type\":\"PropertyValueSpecification\",\"valueRequired\":true,\"valueName\":\"search_term_string\"}}],\"inLanguage\":\"fr-FR\"},{\"@type\":\"Organization\",\"@id\":\"https:\\\/\\\/www.lupatomeccanica.com\\\/fr\\\/#organization\",\"name\":\"Lupato Meccanica\",\"url\":\"https:\\\/\\\/www.lupatomeccanica.com\\\/fr\\\/\",\"logo\":{\"@type\":\"ImageObject\",\"inLanguage\":\"fr-FR\",\"@id\":\"https:\\\/\\\/www.lupatomeccanica.com\\\/fr\\\/#\\\/schema\\\/logo\\\/image\\\/\",\"url\":\"https:\\\/\\\/lupatomeccanica.com\\\/wp-content\\\/uploads\\\/logo-admin.png\",\"contentUrl\":\"https:\\\/\\\/lupatomeccanica.com\\\/wp-content\\\/uploads\\\/logo-admin.png\",\"width\":300,\"height\":59,\"caption\":\"Lupato Meccanica\"},\"image\":{\"@id\":\"https:\\\/\\\/www.lupatomeccanica.com\\\/fr\\\/#\\\/schema\\\/logo\\\/image\\\/\"},\"sameAs\":[\"https:\\\/\\\/www.linkedin.com\\\/company\\\/26996783\\\/\",\"https:\\\/\\\/www.youtube.com\\\/user\\\/LupatoMeccanica\"]}]}<\/script>\n<!-- \/ Yoast SEO plugin. -->","yoast_head_json":{"title":"Concreta Dia-Abrax 4\/800 \u00f8 240 mm - Lupato Meccanica","description":"Concreta Dia-Abrax 4\/800 \u00f8240 est un outil de 240\u00a0mm de diam\u00e8tre pour les machines de polissage des sols, constitu\u00e9 de 4\u00a0rouleaux avec un grain de 800 en diamant chacun, pour le sablage de sols en b\u00e9ton, en agglom\u00e9r\u00e9 et en pierre. Le sablage r\u00e9alis\u00e9 avec Dia-Abrax 4\/800 permet d'obtenir d'excellents r\u00e9sultats en termes de s\u00e9curit\u00e9 antid\u00e9rapante et de r\u00e9sistance au d\u00e9rapage, m\u00eame dans des conditions m\u00e9t\u00e9orologiques d\u00e9favorables. Il est disponible avec diff\u00e9rents types de raccords en fonction de la machine de polissage sur laquelle il doit \u00eatre mont\u00e9.","robots":{"index":"index","follow":"follow","max-snippet":"max-snippet:-1","max-image-preview":"max-image-preview:large","max-video-preview":"max-video-preview:-1"},"canonical":"https:\/\/www.lupatomeccanica.com\/fr\/produit\/utensili\/outils-pour-sols\/concreta-4\/concreta-dia-abrax-4-800-o-240-mm\/","og_locale":"fr_FR","og_type":"article","og_title":"Concreta Dia-Abrax 4\/800 \u00f8 240 mm - Lupato Meccanica","og_description":"Concreta Dia-Abrax 4\/800 \u00f8240 est un outil de 240\u00a0mm de diam\u00e8tre pour les machines de polissage des sols, constitu\u00e9 de 4\u00a0rouleaux avec un grain de 800 en diamant chacun, pour le sablage de sols en b\u00e9ton, en agglom\u00e9r\u00e9 et en pierre. Le sablage r\u00e9alis\u00e9 avec Dia-Abrax 4\/800 permet d'obtenir d'excellents r\u00e9sultats en termes de s\u00e9curit\u00e9 antid\u00e9rapante et de r\u00e9sistance au d\u00e9rapage, m\u00eame dans des conditions m\u00e9t\u00e9orologiques d\u00e9favorables. Il est disponible avec diff\u00e9rents types de raccords en fonction de la machine de polissage sur laquelle il doit \u00eatre mont\u00e9.","og_url":"https:\/\/www.lupatomeccanica.com\/fr\/produit\/utensili\/outils-pour-sols\/concreta-4\/concreta-dia-abrax-4-800-o-240-mm\/","og_site_name":"Lupato Meccanica","article_modified_time":"2025-07-04T07:09:41+00:00","og_image":[{"width":1000,"height":860,"url":"https:\/\/www.lupatomeccanica.com\/wp-content\/uploads\/lupato-meccanica-concreta-4-dia-abrax-800-5.jpg","type":"image\/jpeg"}],"twitter_card":"summary_large_image","schema":{"@context":"https:\/\/schema.org","@graph":[{"@type":"WebPage","@id":"https:\/\/www.lupatomeccanica.com\/fr\/produit\/utensili\/outils-pour-sols\/concreta-4\/concreta-dia-abrax-4-800-o-240-mm\/","url":"https:\/\/www.lupatomeccanica.com\/fr\/produit\/utensili\/outils-pour-sols\/concreta-4\/concreta-dia-abrax-4-800-o-240-mm\/","name":"Concreta Dia-Abrax 4\/800 \u00f8 240 mm - Lupato Meccanica","isPartOf":{"@id":"https:\/\/www.lupatomeccanica.com\/fr\/#website"},"primaryImageOfPage":{"@id":"https:\/\/www.lupatomeccanica.com\/fr\/produit\/utensili\/outils-pour-sols\/concreta-4\/concreta-dia-abrax-4-800-o-240-mm\/#primaryimage"},"image":{"@id":"https:\/\/www.lupatomeccanica.com\/fr\/produit\/utensili\/outils-pour-sols\/concreta-4\/concreta-dia-abrax-4-800-o-240-mm\/#primaryimage"},"thumbnailUrl":"https:\/\/www.lupatomeccanica.com\/wp-content\/uploads\/lupato-meccanica-concreta-4-dia-abrax-800-5.jpg","datePublished":"2021-09-14T16:09:05+00:00","dateModified":"2025-07-04T07:09:41+00:00","description":"Concreta Dia-Abrax 4\/800 \u00f8240 est un outil de 240\u00a0mm de diam\u00e8tre pour les machines de polissage des sols, constitu\u00e9 de 4\u00a0rouleaux avec un grain de 800 en diamant chacun, pour le sablage de sols en b\u00e9ton, en agglom\u00e9r\u00e9 et en pierre. Le sablage r\u00e9alis\u00e9 avec Dia-Abrax 4\/800 permet d'obtenir d'excellents r\u00e9sultats en termes de s\u00e9curit\u00e9 antid\u00e9rapante et de r\u00e9sistance au d\u00e9rapage, m\u00eame dans des conditions m\u00e9t\u00e9orologiques d\u00e9favorables. Il est disponible avec diff\u00e9rents types de raccords en fonction de la machine de polissage sur laquelle il doit \u00eatre mont\u00e9.","breadcrumb":{"@id":"https:\/\/www.lupatomeccanica.com\/fr\/produit\/utensili\/outils-pour-sols\/concreta-4\/concreta-dia-abrax-4-800-o-240-mm\/#breadcrumb"},"inLanguage":"fr-FR","potentialAction":[{"@type":"ReadAction","target":["https:\/\/www.lupatomeccanica.com\/fr\/produit\/utensili\/outils-pour-sols\/concreta-4\/concreta-dia-abrax-4-800-o-240-mm\/"]}]},{"@type":"ImageObject","inLanguage":"fr-FR","@id":"https:\/\/www.lupatomeccanica.com\/fr\/produit\/utensili\/outils-pour-sols\/concreta-4\/concreta-dia-abrax-4-800-o-240-mm\/#primaryimage","url":"https:\/\/www.lupatomeccanica.com\/wp-content\/uploads\/lupato-meccanica-concreta-4-dia-abrax-800-5.jpg","contentUrl":"https:\/\/www.lupatomeccanica.com\/wp-content\/uploads\/lupato-meccanica-concreta-4-dia-abrax-800-5.jpg","width":1000,"height":860},{"@type":"BreadcrumbList","@id":"https:\/\/www.lupatomeccanica.com\/fr\/produit\/utensili\/outils-pour-sols\/concreta-4\/concreta-dia-abrax-4-800-o-240-mm\/#breadcrumb","itemListElement":[{"@type":"ListItem","position":1,"name":"Home","item":"https:\/\/www.lupatomeccanica.com\/fr\/"},{"@type":"ListItem","position":2,"name":"Shop","item":"https:\/\/www.lupatomeccanica.com\/fr\/shop\/"},{"@type":"ListItem","position":3,"name":"Concreta Dia-Abrax 4\/800 \u00f8 240 mm"}]},{"@type":"WebSite","@id":"https:\/\/www.lupatomeccanica.com\/fr\/#website","url":"https:\/\/www.lupatomeccanica.com\/fr\/","name":"Lupato Meccanica","description":"Utensili per finiture grezze su pietra e calcestruzzo","publisher":{"@id":"https:\/\/www.lupatomeccanica.com\/fr\/#organization"},"potentialAction":[{"@type":"SearchAction","target":{"@type":"EntryPoint","urlTemplate":"https:\/\/www.lupatomeccanica.com\/fr\/?s={search_term_string}"},"query-input":{"@type":"PropertyValueSpecification","valueRequired":true,"valueName":"search_term_string"}}],"inLanguage":"fr-FR"},{"@type":"Organization","@id":"https:\/\/www.lupatomeccanica.com\/fr\/#organization","name":"Lupato Meccanica","url":"https:\/\/www.lupatomeccanica.com\/fr\/","logo":{"@type":"ImageObject","inLanguage":"fr-FR","@id":"https:\/\/www.lupatomeccanica.com\/fr\/#\/schema\/logo\/image\/","url":"https:\/\/lupatomeccanica.com\/wp-content\/uploads\/logo-admin.png","contentUrl":"https:\/\/lupatomeccanica.com\/wp-content\/uploads\/logo-admin.png","width":300,"height":59,"caption":"Lupato Meccanica"},"image":{"@id":"https:\/\/www.lupatomeccanica.com\/fr\/#\/schema\/logo\/image\/"},"sameAs":["https:\/\/www.linkedin.com\/company\/26996783\/","https:\/\/www.youtube.com\/user\/LupatoMeccanica"]}]}},"_links":{"self":[{"href":"https:\/\/www.lupatomeccanica.com\/fr\/wp-json\/wp\/v2\/product\/15935","targetHints":{"allow":["GET"]}}],"collection":[{"href":"https:\/\/www.lupatomeccanica.com\/fr\/wp-json\/wp\/v2\/product"}],"about":[{"href":"https:\/\/www.lupatomeccanica.com\/fr\/wp-json\/wp\/v2\/types\/product"}],"wp:featuredmedia":[{"embeddable":true,"href":"https:\/\/www.lupatomeccanica.com\/fr\/wp-json\/wp\/v2\/media\/15937"}],"wp:attachment":[{"href":"https:\/\/www.lupatomeccanica.com\/fr\/wp-json\/wp\/v2\/media?parent=15935"}],"wp:term":[{"taxonomy":"product_brand","embeddable":true,"href":"https:\/\/www.lupatomeccanica.com\/fr\/wp-json\/wp\/v2\/product_brand?post=15935"},{"taxonomy":"product_cat","embeddable":true,"href":"https:\/\/www.lupatomeccanica.com\/fr\/wp-json\/wp\/v2\/product_cat?post=15935"},{"taxonomy":"product_tag","embeddable":true,"href":"https:\/\/www.lupatomeccanica.com\/fr\/wp-json\/wp\/v2\/product_tag?post=15935"}],"curies":[{"name":"wp","href":"https:\/\/api.w.org\/{rel}","templated":true}]}}