{"id":15811,"date":"2024-08-28T15:43:53","date_gmt":"2024-08-28T15:43:53","guid":{"rendered":"https:\/\/www.lupatomeccanica.com\/prodotto\/uncategorized\/asola-dia-abrax-12-200-o-460-mm\/"},"modified":"2025-07-04T07:08:48","modified_gmt":"2025-07-04T07:08:48","slug":"asola-dia-abrax-12-200-o-460-mm","status":"publish","type":"product","link":"https:\/\/www.lupatomeccanica.com\/fr\/produit\/utensili\/outils-pour-pierre\/asola\/asola-dia-abrax-12-200-o-460-mm\/","title":{"rendered":"Asola Dia-Abrax 12\/200 \u00d8 460 mm"},"content":{"rendered":"","protected":false},"excerpt":{"rendered":"<p>Asola Abrax 12\/400 est un outil de 460\u00a0mm de diam\u00e8tre constitu\u00e9 de 12\u00a0rouleaux avec un grain de 400 en carbure de tungst\u00e8ne, pour le sablage sur les carrelages de marbre et de pierre calcaire.<br \/>\nLes rouleaux peuvent \u00eatre r\u00e9gl\u00e9s sur diff\u00e9rents diam\u00e8tres de travail pour permettre le bouchardage sur des largeurs de carrelage comprises entre 15 et 40\u00a0cm.<\/p>\n","protected":false},"featured_media":17090,"template":"","meta":{"_acf_changed":false,"inline_featured_image":false},"product_brand":[],"product_cat":[968],"product_tag":[],"class_list":{"0":"post-15811","1":"product","2":"type-product","3":"status-publish","4":"has-post-thumbnail","6":"product_cat-asola","7":"pa_diametro-del-piatto-macchina-o-400mm500mm-fr","9":"first","10":"instock","11":"product-type-simple"},"acf":[],"yoast_head":"<!-- This site is optimized with the Yoast SEO plugin v27.3 - https:\/\/yoast.com\/product\/yoast-seo-wordpress\/ -->\n<title>Asola Dia-Abrax 12\/200 \u00d8 460 mm - Lupato Meccanica<\/title>\n<meta name=\"description\" content=\"Asola Abrax 12\/400 est un outil de 460\u00a0mm de diam\u00e8tre constitu\u00e9 de 12\u00a0rouleaux avec un grain de 400 en carbure de tungst\u00e8ne, pour le sablage sur les carrelages de marbre et de pierre calcaire. Les rouleaux peuvent \u00eatre r\u00e9gl\u00e9s sur diff\u00e9rents diam\u00e8tres de travail pour permettre le bouchardage sur des largeurs de carrelage comprises entre 15 et 40\u00a0cm.\" \/>\n<meta name=\"robots\" content=\"index, follow, max-snippet:-1, max-image-preview:large, max-video-preview:-1\" \/>\n<link rel=\"canonical\" href=\"https:\/\/www.lupatomeccanica.com\/fr\/produit\/utensili\/outils-pour-pierre\/asola\/asola-dia-abrax-12-200-o-460-mm\/\" \/>\n<meta property=\"og:locale\" content=\"fr_FR\" \/>\n<meta property=\"og:type\" content=\"article\" \/>\n<meta property=\"og:title\" content=\"Asola Dia-Abrax 12\/200 \u00d8 460 mm - Lupato Meccanica\" \/>\n<meta property=\"og:description\" content=\"Asola Abrax 12\/400 est un outil de 460\u00a0mm de diam\u00e8tre constitu\u00e9 de 12\u00a0rouleaux avec un grain de 400 en carbure de tungst\u00e8ne, pour le sablage sur les carrelages de marbre et de pierre calcaire. Les rouleaux peuvent \u00eatre r\u00e9gl\u00e9s sur diff\u00e9rents diam\u00e8tres de travail pour permettre le bouchardage sur des largeurs de carrelage comprises entre 15 et 40\u00a0cm.\" \/>\n<meta property=\"og:url\" content=\"https:\/\/www.lupatomeccanica.com\/fr\/produit\/utensili\/outils-pour-pierre\/asola\/asola-dia-abrax-12-200-o-460-mm\/\" \/>\n<meta property=\"og:site_name\" content=\"Lupato Meccanica\" \/>\n<meta property=\"article:modified_time\" content=\"2025-07-04T07:08:48+00:00\" \/>\n<meta property=\"og:image\" content=\"https:\/\/www.lupatomeccanica.com\/wp-content\/uploads\/lupato-meccanica-asola-abrax-12-400.jpg\" \/>\n\t<meta property=\"og:image:width\" content=\"800\" \/>\n\t<meta property=\"og:image:height\" content=\"800\" \/>\n\t<meta property=\"og:image:type\" content=\"image\/jpeg\" \/>\n<meta name=\"twitter:card\" content=\"summary_large_image\" \/>\n<script type=\"application\/ld+json\" class=\"yoast-schema-graph\">{\"@context\":\"https:\\\/\\\/schema.org\",\"@graph\":[{\"@type\":\"WebPage\",\"@id\":\"https:\\\/\\\/www.lupatomeccanica.com\\\/fr\\\/produit\\\/utensili\\\/outils-pour-pierre\\\/asola\\\/asola-dia-abrax-12-200-o-460-mm\\\/\",\"url\":\"https:\\\/\\\/www.lupatomeccanica.com\\\/fr\\\/produit\\\/utensili\\\/outils-pour-pierre\\\/asola\\\/asola-dia-abrax-12-200-o-460-mm\\\/\",\"name\":\"Asola Dia-Abrax 12\\\/200 \u00d8 460 mm - Lupato Meccanica\",\"isPartOf\":{\"@id\":\"https:\\\/\\\/www.lupatomeccanica.com\\\/fr\\\/#website\"},\"primaryImageOfPage\":{\"@id\":\"https:\\\/\\\/www.lupatomeccanica.com\\\/fr\\\/produit\\\/utensili\\\/outils-pour-pierre\\\/asola\\\/asola-dia-abrax-12-200-o-460-mm\\\/#primaryimage\"},\"image\":{\"@id\":\"https:\\\/\\\/www.lupatomeccanica.com\\\/fr\\\/produit\\\/utensili\\\/outils-pour-pierre\\\/asola\\\/asola-dia-abrax-12-200-o-460-mm\\\/#primaryimage\"},\"thumbnailUrl\":\"https:\\\/\\\/www.lupatomeccanica.com\\\/wp-content\\\/uploads\\\/lupato-meccanica-asola-abrax-12-400.jpg\",\"datePublished\":\"2024-08-28T15:43:53+00:00\",\"dateModified\":\"2025-07-04T07:08:48+00:00\",\"description\":\"Asola Abrax 12\\\/400 est un outil de 460\u00a0mm de diam\u00e8tre constitu\u00e9 de 12\u00a0rouleaux avec un grain de 400 en carbure de tungst\u00e8ne, pour le sablage sur les carrelages de marbre et de pierre calcaire. Les rouleaux peuvent \u00eatre r\u00e9gl\u00e9s sur diff\u00e9rents diam\u00e8tres de travail pour permettre le bouchardage sur des largeurs de carrelage comprises entre 15 et 40\u00a0cm.\",\"breadcrumb\":{\"@id\":\"https:\\\/\\\/www.lupatomeccanica.com\\\/fr\\\/produit\\\/utensili\\\/outils-pour-pierre\\\/asola\\\/asola-dia-abrax-12-200-o-460-mm\\\/#breadcrumb\"},\"inLanguage\":\"fr-FR\",\"potentialAction\":[{\"@type\":\"ReadAction\",\"target\":[\"https:\\\/\\\/www.lupatomeccanica.com\\\/fr\\\/produit\\\/utensili\\\/outils-pour-pierre\\\/asola\\\/asola-dia-abrax-12-200-o-460-mm\\\/\"]}]},{\"@type\":\"ImageObject\",\"inLanguage\":\"fr-FR\",\"@id\":\"https:\\\/\\\/www.lupatomeccanica.com\\\/fr\\\/produit\\\/utensili\\\/outils-pour-pierre\\\/asola\\\/asola-dia-abrax-12-200-o-460-mm\\\/#primaryimage\",\"url\":\"https:\\\/\\\/www.lupatomeccanica.com\\\/wp-content\\\/uploads\\\/lupato-meccanica-asola-abrax-12-400.jpg\",\"contentUrl\":\"https:\\\/\\\/www.lupatomeccanica.com\\\/wp-content\\\/uploads\\\/lupato-meccanica-asola-abrax-12-400.jpg\",\"width\":800,\"height\":800},{\"@type\":\"BreadcrumbList\",\"@id\":\"https:\\\/\\\/www.lupatomeccanica.com\\\/fr\\\/produit\\\/utensili\\\/outils-pour-pierre\\\/asola\\\/asola-dia-abrax-12-200-o-460-mm\\\/#breadcrumb\",\"itemListElement\":[{\"@type\":\"ListItem\",\"position\":1,\"name\":\"Home\",\"item\":\"https:\\\/\\\/www.lupatomeccanica.com\\\/fr\\\/\"},{\"@type\":\"ListItem\",\"position\":2,\"name\":\"Shop\",\"item\":\"https:\\\/\\\/www.lupatomeccanica.com\\\/fr\\\/shop\\\/\"},{\"@type\":\"ListItem\",\"position\":3,\"name\":\"Asola Dia-Abrax 12\\\/200 \u00d8 460 mm\"}]},{\"@type\":\"WebSite\",\"@id\":\"https:\\\/\\\/www.lupatomeccanica.com\\\/fr\\\/#website\",\"url\":\"https:\\\/\\\/www.lupatomeccanica.com\\\/fr\\\/\",\"name\":\"Lupato Meccanica\",\"description\":\"Utensili per finiture grezze su pietra e calcestruzzo\",\"publisher\":{\"@id\":\"https:\\\/\\\/www.lupatomeccanica.com\\\/fr\\\/#organization\"},\"potentialAction\":[{\"@type\":\"SearchAction\",\"target\":{\"@type\":\"EntryPoint\",\"urlTemplate\":\"https:\\\/\\\/www.lupatomeccanica.com\\\/fr\\\/?s={search_term_string}\"},\"query-input\":{\"@type\":\"PropertyValueSpecification\",\"valueRequired\":true,\"valueName\":\"search_term_string\"}}],\"inLanguage\":\"fr-FR\"},{\"@type\":\"Organization\",\"@id\":\"https:\\\/\\\/www.lupatomeccanica.com\\\/fr\\\/#organization\",\"name\":\"Lupato Meccanica\",\"url\":\"https:\\\/\\\/www.lupatomeccanica.com\\\/fr\\\/\",\"logo\":{\"@type\":\"ImageObject\",\"inLanguage\":\"fr-FR\",\"@id\":\"https:\\\/\\\/www.lupatomeccanica.com\\\/fr\\\/#\\\/schema\\\/logo\\\/image\\\/\",\"url\":\"https:\\\/\\\/lupatomeccanica.com\\\/wp-content\\\/uploads\\\/logo-admin.png\",\"contentUrl\":\"https:\\\/\\\/lupatomeccanica.com\\\/wp-content\\\/uploads\\\/logo-admin.png\",\"width\":300,\"height\":59,\"caption\":\"Lupato Meccanica\"},\"image\":{\"@id\":\"https:\\\/\\\/www.lupatomeccanica.com\\\/fr\\\/#\\\/schema\\\/logo\\\/image\\\/\"},\"sameAs\":[\"https:\\\/\\\/www.linkedin.com\\\/company\\\/26996783\\\/\",\"https:\\\/\\\/www.youtube.com\\\/user\\\/LupatoMeccanica\"]}]}<\/script>\n<!-- \/ Yoast SEO plugin. -->","yoast_head_json":{"title":"Asola Dia-Abrax 12\/200 \u00d8 460 mm - Lupato Meccanica","description":"Asola Abrax 12\/400 est un outil de 460\u00a0mm de diam\u00e8tre constitu\u00e9 de 12\u00a0rouleaux avec un grain de 400 en carbure de tungst\u00e8ne, pour le sablage sur les carrelages de marbre et de pierre calcaire. Les rouleaux peuvent \u00eatre r\u00e9gl\u00e9s sur diff\u00e9rents diam\u00e8tres de travail pour permettre le bouchardage sur des largeurs de carrelage comprises entre 15 et 40\u00a0cm.","robots":{"index":"index","follow":"follow","max-snippet":"max-snippet:-1","max-image-preview":"max-image-preview:large","max-video-preview":"max-video-preview:-1"},"canonical":"https:\/\/www.lupatomeccanica.com\/fr\/produit\/utensili\/outils-pour-pierre\/asola\/asola-dia-abrax-12-200-o-460-mm\/","og_locale":"fr_FR","og_type":"article","og_title":"Asola Dia-Abrax 12\/200 \u00d8 460 mm - Lupato Meccanica","og_description":"Asola Abrax 12\/400 est un outil de 460\u00a0mm de diam\u00e8tre constitu\u00e9 de 12\u00a0rouleaux avec un grain de 400 en carbure de tungst\u00e8ne, pour le sablage sur les carrelages de marbre et de pierre calcaire. Les rouleaux peuvent \u00eatre r\u00e9gl\u00e9s sur diff\u00e9rents diam\u00e8tres de travail pour permettre le bouchardage sur des largeurs de carrelage comprises entre 15 et 40\u00a0cm.","og_url":"https:\/\/www.lupatomeccanica.com\/fr\/produit\/utensili\/outils-pour-pierre\/asola\/asola-dia-abrax-12-200-o-460-mm\/","og_site_name":"Lupato Meccanica","article_modified_time":"2025-07-04T07:08:48+00:00","og_image":[{"width":800,"height":800,"url":"https:\/\/www.lupatomeccanica.com\/wp-content\/uploads\/lupato-meccanica-asola-abrax-12-400.jpg","type":"image\/jpeg"}],"twitter_card":"summary_large_image","schema":{"@context":"https:\/\/schema.org","@graph":[{"@type":"WebPage","@id":"https:\/\/www.lupatomeccanica.com\/fr\/produit\/utensili\/outils-pour-pierre\/asola\/asola-dia-abrax-12-200-o-460-mm\/","url":"https:\/\/www.lupatomeccanica.com\/fr\/produit\/utensili\/outils-pour-pierre\/asola\/asola-dia-abrax-12-200-o-460-mm\/","name":"Asola Dia-Abrax 12\/200 \u00d8 460 mm - Lupato Meccanica","isPartOf":{"@id":"https:\/\/www.lupatomeccanica.com\/fr\/#website"},"primaryImageOfPage":{"@id":"https:\/\/www.lupatomeccanica.com\/fr\/produit\/utensili\/outils-pour-pierre\/asola\/asola-dia-abrax-12-200-o-460-mm\/#primaryimage"},"image":{"@id":"https:\/\/www.lupatomeccanica.com\/fr\/produit\/utensili\/outils-pour-pierre\/asola\/asola-dia-abrax-12-200-o-460-mm\/#primaryimage"},"thumbnailUrl":"https:\/\/www.lupatomeccanica.com\/wp-content\/uploads\/lupato-meccanica-asola-abrax-12-400.jpg","datePublished":"2024-08-28T15:43:53+00:00","dateModified":"2025-07-04T07:08:48+00:00","description":"Asola Abrax 12\/400 est un outil de 460\u00a0mm de diam\u00e8tre constitu\u00e9 de 12\u00a0rouleaux avec un grain de 400 en carbure de tungst\u00e8ne, pour le sablage sur les carrelages de marbre et de pierre calcaire. Les rouleaux peuvent \u00eatre r\u00e9gl\u00e9s sur diff\u00e9rents diam\u00e8tres de travail pour permettre le bouchardage sur des largeurs de carrelage comprises entre 15 et 40\u00a0cm.","breadcrumb":{"@id":"https:\/\/www.lupatomeccanica.com\/fr\/produit\/utensili\/outils-pour-pierre\/asola\/asola-dia-abrax-12-200-o-460-mm\/#breadcrumb"},"inLanguage":"fr-FR","potentialAction":[{"@type":"ReadAction","target":["https:\/\/www.lupatomeccanica.com\/fr\/produit\/utensili\/outils-pour-pierre\/asola\/asola-dia-abrax-12-200-o-460-mm\/"]}]},{"@type":"ImageObject","inLanguage":"fr-FR","@id":"https:\/\/www.lupatomeccanica.com\/fr\/produit\/utensili\/outils-pour-pierre\/asola\/asola-dia-abrax-12-200-o-460-mm\/#primaryimage","url":"https:\/\/www.lupatomeccanica.com\/wp-content\/uploads\/lupato-meccanica-asola-abrax-12-400.jpg","contentUrl":"https:\/\/www.lupatomeccanica.com\/wp-content\/uploads\/lupato-meccanica-asola-abrax-12-400.jpg","width":800,"height":800},{"@type":"BreadcrumbList","@id":"https:\/\/www.lupatomeccanica.com\/fr\/produit\/utensili\/outils-pour-pierre\/asola\/asola-dia-abrax-12-200-o-460-mm\/#breadcrumb","itemListElement":[{"@type":"ListItem","position":1,"name":"Home","item":"https:\/\/www.lupatomeccanica.com\/fr\/"},{"@type":"ListItem","position":2,"name":"Shop","item":"https:\/\/www.lupatomeccanica.com\/fr\/shop\/"},{"@type":"ListItem","position":3,"name":"Asola Dia-Abrax 12\/200 \u00d8 460 mm"}]},{"@type":"WebSite","@id":"https:\/\/www.lupatomeccanica.com\/fr\/#website","url":"https:\/\/www.lupatomeccanica.com\/fr\/","name":"Lupato Meccanica","description":"Utensili per finiture grezze su pietra e calcestruzzo","publisher":{"@id":"https:\/\/www.lupatomeccanica.com\/fr\/#organization"},"potentialAction":[{"@type":"SearchAction","target":{"@type":"EntryPoint","urlTemplate":"https:\/\/www.lupatomeccanica.com\/fr\/?s={search_term_string}"},"query-input":{"@type":"PropertyValueSpecification","valueRequired":true,"valueName":"search_term_string"}}],"inLanguage":"fr-FR"},{"@type":"Organization","@id":"https:\/\/www.lupatomeccanica.com\/fr\/#organization","name":"Lupato Meccanica","url":"https:\/\/www.lupatomeccanica.com\/fr\/","logo":{"@type":"ImageObject","inLanguage":"fr-FR","@id":"https:\/\/www.lupatomeccanica.com\/fr\/#\/schema\/logo\/image\/","url":"https:\/\/lupatomeccanica.com\/wp-content\/uploads\/logo-admin.png","contentUrl":"https:\/\/lupatomeccanica.com\/wp-content\/uploads\/logo-admin.png","width":300,"height":59,"caption":"Lupato Meccanica"},"image":{"@id":"https:\/\/www.lupatomeccanica.com\/fr\/#\/schema\/logo\/image\/"},"sameAs":["https:\/\/www.linkedin.com\/company\/26996783\/","https:\/\/www.youtube.com\/user\/LupatoMeccanica"]}]}},"_links":{"self":[{"href":"https:\/\/www.lupatomeccanica.com\/fr\/wp-json\/wp\/v2\/product\/15811","targetHints":{"allow":["GET"]}}],"collection":[{"href":"https:\/\/www.lupatomeccanica.com\/fr\/wp-json\/wp\/v2\/product"}],"about":[{"href":"https:\/\/www.lupatomeccanica.com\/fr\/wp-json\/wp\/v2\/types\/product"}],"wp:featuredmedia":[{"embeddable":true,"href":"https:\/\/www.lupatomeccanica.com\/fr\/wp-json\/wp\/v2\/media\/17090"}],"wp:attachment":[{"href":"https:\/\/www.lupatomeccanica.com\/fr\/wp-json\/wp\/v2\/media?parent=15811"}],"wp:term":[{"taxonomy":"product_brand","embeddable":true,"href":"https:\/\/www.lupatomeccanica.com\/fr\/wp-json\/wp\/v2\/product_brand?post=15811"},{"taxonomy":"product_cat","embeddable":true,"href":"https:\/\/www.lupatomeccanica.com\/fr\/wp-json\/wp\/v2\/product_cat?post=15811"},{"taxonomy":"product_tag","embeddable":true,"href":"https:\/\/www.lupatomeccanica.com\/fr\/wp-json\/wp\/v2\/product_tag?post=15811"}],"curies":[{"name":"wp","href":"https:\/\/api.w.org\/{rel}","templated":true}]}}