{"id":15792,"date":"2024-08-28T15:44:30","date_gmt":"2024-08-28T15:44:30","guid":{"rendered":"https:\/\/www.lupatomeccanica.com\/prodotto\/uncategorized\/frankroll-plus-30-punte-doppio\/"},"modified":"2025-07-04T07:10:32","modified_gmt":"2025-07-04T07:10:32","slug":"frankroll-plus-30-pointes-double","status":"publish","type":"product","link":"https:\/\/www.lupatomeccanica.com\/fr\/produit\/utensili\/outils-pour-pierre\/frankroll-plus\/frankroll-plus-30-pointes-double\/","title":{"rendered":"Frankroll plus 30\u00a0pointes double"},"content":{"rendered":"","protected":false},"excerpt":{"rendered":"<p>Frankroll 30\u00a0pointes avec patin est un outil avec un abrasif type Frankfurt, \u00e9quip\u00e9 de rouleaux \u00e0 30\u00a0pointes, pour le bouchardage moyen sur les plaques de marbre et de pierre calcaire.<br \/>\nLa forme du support comprend un patin qui am\u00e9liore le traitement des bords de la plaque.<br \/>\nCompromis entre polyvalence et performance, l&#8217;utilisation d&#8217;outils Varia est recommand\u00e9e pour les taux de production \u00e9lev\u00e9s.<\/p>\n","protected":false},"featured_media":15793,"template":"","meta":{"_acf_changed":false,"inline_featured_image":false},"product_brand":[],"product_cat":[978],"product_tag":[],"class_list":{"0":"post-15792","1":"product","2":"type-product","3":"status-publish","4":"has-post-thumbnail","6":"product_cat-frankroll-plus","8":"first","9":"instock","10":"product-type-simple"},"acf":[],"yoast_head":"<!-- This site is optimized with the Yoast SEO plugin v27.3 - https:\/\/yoast.com\/product\/yoast-seo-wordpress\/ -->\n<title>Frankroll plus 30\u00a0pointes double - Lupato Meccanica<\/title>\n<meta name=\"description\" content=\"Frankroll 30\u00a0pointes avec patin est un outil avec un abrasif type Frankfurt, \u00e9quip\u00e9 de rouleaux \u00e0 30\u00a0pointes, pour le bouchardage moyen sur les plaques de marbre et de pierre calcaire. La forme du support comprend un patin qui am\u00e9liore le traitement des bords de la plaque. Compromis entre polyvalence et performance, l&#039;utilisation d&#039;outils Varia est recommand\u00e9e pour les taux de production \u00e9lev\u00e9s.\" \/>\n<meta name=\"robots\" content=\"index, follow, max-snippet:-1, max-image-preview:large, max-video-preview:-1\" \/>\n<link rel=\"canonical\" href=\"https:\/\/www.lupatomeccanica.com\/fr\/produit\/utensili\/outils-pour-pierre\/frankroll-plus\/frankroll-plus-30-pointes-double\/\" \/>\n<meta property=\"og:locale\" content=\"fr_FR\" \/>\n<meta property=\"og:type\" content=\"article\" \/>\n<meta property=\"og:title\" content=\"Frankroll plus 30\u00a0pointes double - Lupato Meccanica\" \/>\n<meta property=\"og:description\" content=\"Frankroll 30\u00a0pointes avec patin est un outil avec un abrasif type Frankfurt, \u00e9quip\u00e9 de rouleaux \u00e0 30\u00a0pointes, pour le bouchardage moyen sur les plaques de marbre et de pierre calcaire. La forme du support comprend un patin qui am\u00e9liore le traitement des bords de la plaque. Compromis entre polyvalence et performance, l&#039;utilisation d&#039;outils Varia est recommand\u00e9e pour les taux de production \u00e9lev\u00e9s.\" \/>\n<meta property=\"og:url\" content=\"https:\/\/www.lupatomeccanica.com\/fr\/produit\/utensili\/outils-pour-pierre\/frankroll-plus\/frankroll-plus-30-pointes-double\/\" \/>\n<meta property=\"og:site_name\" content=\"Lupato Meccanica\" \/>\n<meta property=\"article:modified_time\" content=\"2025-07-04T07:10:32+00:00\" \/>\n<meta property=\"og:image\" content=\"https:\/\/www.lupatomeccanica.com\/wp-content\/uploads\/lupato-meccanica-frankroll-plus-FKR230.jpg\" \/>\n\t<meta property=\"og:image:width\" content=\"800\" \/>\n\t<meta property=\"og:image:height\" content=\"800\" \/>\n\t<meta property=\"og:image:type\" content=\"image\/jpeg\" \/>\n<meta name=\"twitter:card\" content=\"summary_large_image\" \/>\n<script type=\"application\/ld+json\" class=\"yoast-schema-graph\">{\"@context\":\"https:\\\/\\\/schema.org\",\"@graph\":[{\"@type\":\"WebPage\",\"@id\":\"https:\\\/\\\/www.lupatomeccanica.com\\\/fr\\\/produit\\\/utensili\\\/outils-pour-pierre\\\/frankroll-plus\\\/frankroll-plus-30-pointes-double\\\/\",\"url\":\"https:\\\/\\\/www.lupatomeccanica.com\\\/fr\\\/produit\\\/utensili\\\/outils-pour-pierre\\\/frankroll-plus\\\/frankroll-plus-30-pointes-double\\\/\",\"name\":\"Frankroll plus 30\u00a0pointes double - Lupato Meccanica\",\"isPartOf\":{\"@id\":\"https:\\\/\\\/www.lupatomeccanica.com\\\/fr\\\/#website\"},\"primaryImageOfPage\":{\"@id\":\"https:\\\/\\\/www.lupatomeccanica.com\\\/fr\\\/produit\\\/utensili\\\/outils-pour-pierre\\\/frankroll-plus\\\/frankroll-plus-30-pointes-double\\\/#primaryimage\"},\"image\":{\"@id\":\"https:\\\/\\\/www.lupatomeccanica.com\\\/fr\\\/produit\\\/utensili\\\/outils-pour-pierre\\\/frankroll-plus\\\/frankroll-plus-30-pointes-double\\\/#primaryimage\"},\"thumbnailUrl\":\"https:\\\/\\\/www.lupatomeccanica.com\\\/wp-content\\\/uploads\\\/lupato-meccanica-frankroll-plus-FKR230.jpg\",\"datePublished\":\"2024-08-28T15:44:30+00:00\",\"dateModified\":\"2025-07-04T07:10:32+00:00\",\"description\":\"Frankroll 30\u00a0pointes avec patin est un outil avec un abrasif type Frankfurt, \u00e9quip\u00e9 de rouleaux \u00e0 30\u00a0pointes, pour le bouchardage moyen sur les plaques de marbre et de pierre calcaire. La forme du support comprend un patin qui am\u00e9liore le traitement des bords de la plaque. Compromis entre polyvalence et performance, l'utilisation d'outils Varia est recommand\u00e9e pour les taux de production \u00e9lev\u00e9s.\",\"breadcrumb\":{\"@id\":\"https:\\\/\\\/www.lupatomeccanica.com\\\/fr\\\/produit\\\/utensili\\\/outils-pour-pierre\\\/frankroll-plus\\\/frankroll-plus-30-pointes-double\\\/#breadcrumb\"},\"inLanguage\":\"fr-FR\",\"potentialAction\":[{\"@type\":\"ReadAction\",\"target\":[\"https:\\\/\\\/www.lupatomeccanica.com\\\/fr\\\/produit\\\/utensili\\\/outils-pour-pierre\\\/frankroll-plus\\\/frankroll-plus-30-pointes-double\\\/\"]}]},{\"@type\":\"ImageObject\",\"inLanguage\":\"fr-FR\",\"@id\":\"https:\\\/\\\/www.lupatomeccanica.com\\\/fr\\\/produit\\\/utensili\\\/outils-pour-pierre\\\/frankroll-plus\\\/frankroll-plus-30-pointes-double\\\/#primaryimage\",\"url\":\"https:\\\/\\\/www.lupatomeccanica.com\\\/wp-content\\\/uploads\\\/lupato-meccanica-frankroll-plus-FKR230.jpg\",\"contentUrl\":\"https:\\\/\\\/www.lupatomeccanica.com\\\/wp-content\\\/uploads\\\/lupato-meccanica-frankroll-plus-FKR230.jpg\",\"width\":800,\"height\":800},{\"@type\":\"BreadcrumbList\",\"@id\":\"https:\\\/\\\/www.lupatomeccanica.com\\\/fr\\\/produit\\\/utensili\\\/outils-pour-pierre\\\/frankroll-plus\\\/frankroll-plus-30-pointes-double\\\/#breadcrumb\",\"itemListElement\":[{\"@type\":\"ListItem\",\"position\":1,\"name\":\"Home\",\"item\":\"https:\\\/\\\/www.lupatomeccanica.com\\\/fr\\\/\"},{\"@type\":\"ListItem\",\"position\":2,\"name\":\"Shop\",\"item\":\"https:\\\/\\\/www.lupatomeccanica.com\\\/fr\\\/shop\\\/\"},{\"@type\":\"ListItem\",\"position\":3,\"name\":\"Frankroll plus 30\u00a0pointes double\"}]},{\"@type\":\"WebSite\",\"@id\":\"https:\\\/\\\/www.lupatomeccanica.com\\\/fr\\\/#website\",\"url\":\"https:\\\/\\\/www.lupatomeccanica.com\\\/fr\\\/\",\"name\":\"Lupato Meccanica\",\"description\":\"Utensili per finiture grezze su pietra e calcestruzzo\",\"publisher\":{\"@id\":\"https:\\\/\\\/www.lupatomeccanica.com\\\/fr\\\/#organization\"},\"potentialAction\":[{\"@type\":\"SearchAction\",\"target\":{\"@type\":\"EntryPoint\",\"urlTemplate\":\"https:\\\/\\\/www.lupatomeccanica.com\\\/fr\\\/?s={search_term_string}\"},\"query-input\":{\"@type\":\"PropertyValueSpecification\",\"valueRequired\":true,\"valueName\":\"search_term_string\"}}],\"inLanguage\":\"fr-FR\"},{\"@type\":\"Organization\",\"@id\":\"https:\\\/\\\/www.lupatomeccanica.com\\\/fr\\\/#organization\",\"name\":\"Lupato Meccanica\",\"url\":\"https:\\\/\\\/www.lupatomeccanica.com\\\/fr\\\/\",\"logo\":{\"@type\":\"ImageObject\",\"inLanguage\":\"fr-FR\",\"@id\":\"https:\\\/\\\/www.lupatomeccanica.com\\\/fr\\\/#\\\/schema\\\/logo\\\/image\\\/\",\"url\":\"https:\\\/\\\/lupatomeccanica.com\\\/wp-content\\\/uploads\\\/logo-admin.png\",\"contentUrl\":\"https:\\\/\\\/lupatomeccanica.com\\\/wp-content\\\/uploads\\\/logo-admin.png\",\"width\":300,\"height\":59,\"caption\":\"Lupato Meccanica\"},\"image\":{\"@id\":\"https:\\\/\\\/www.lupatomeccanica.com\\\/fr\\\/#\\\/schema\\\/logo\\\/image\\\/\"},\"sameAs\":[\"https:\\\/\\\/www.linkedin.com\\\/company\\\/26996783\\\/\",\"https:\\\/\\\/www.youtube.com\\\/user\\\/LupatoMeccanica\"]}]}<\/script>\n<!-- \/ Yoast SEO plugin. -->","yoast_head_json":{"title":"Frankroll plus 30\u00a0pointes double - Lupato Meccanica","description":"Frankroll 30\u00a0pointes avec patin est un outil avec un abrasif type Frankfurt, \u00e9quip\u00e9 de rouleaux \u00e0 30\u00a0pointes, pour le bouchardage moyen sur les plaques de marbre et de pierre calcaire. La forme du support comprend un patin qui am\u00e9liore le traitement des bords de la plaque. Compromis entre polyvalence et performance, l'utilisation d'outils Varia est recommand\u00e9e pour les taux de production \u00e9lev\u00e9s.","robots":{"index":"index","follow":"follow","max-snippet":"max-snippet:-1","max-image-preview":"max-image-preview:large","max-video-preview":"max-video-preview:-1"},"canonical":"https:\/\/www.lupatomeccanica.com\/fr\/produit\/utensili\/outils-pour-pierre\/frankroll-plus\/frankroll-plus-30-pointes-double\/","og_locale":"fr_FR","og_type":"article","og_title":"Frankroll plus 30\u00a0pointes double - Lupato Meccanica","og_description":"Frankroll 30\u00a0pointes avec patin est un outil avec un abrasif type Frankfurt, \u00e9quip\u00e9 de rouleaux \u00e0 30\u00a0pointes, pour le bouchardage moyen sur les plaques de marbre et de pierre calcaire. La forme du support comprend un patin qui am\u00e9liore le traitement des bords de la plaque. Compromis entre polyvalence et performance, l'utilisation d'outils Varia est recommand\u00e9e pour les taux de production \u00e9lev\u00e9s.","og_url":"https:\/\/www.lupatomeccanica.com\/fr\/produit\/utensili\/outils-pour-pierre\/frankroll-plus\/frankroll-plus-30-pointes-double\/","og_site_name":"Lupato Meccanica","article_modified_time":"2025-07-04T07:10:32+00:00","og_image":[{"width":800,"height":800,"url":"https:\/\/www.lupatomeccanica.com\/wp-content\/uploads\/lupato-meccanica-frankroll-plus-FKR230.jpg","type":"image\/jpeg"}],"twitter_card":"summary_large_image","schema":{"@context":"https:\/\/schema.org","@graph":[{"@type":"WebPage","@id":"https:\/\/www.lupatomeccanica.com\/fr\/produit\/utensili\/outils-pour-pierre\/frankroll-plus\/frankroll-plus-30-pointes-double\/","url":"https:\/\/www.lupatomeccanica.com\/fr\/produit\/utensili\/outils-pour-pierre\/frankroll-plus\/frankroll-plus-30-pointes-double\/","name":"Frankroll plus 30\u00a0pointes double - Lupato Meccanica","isPartOf":{"@id":"https:\/\/www.lupatomeccanica.com\/fr\/#website"},"primaryImageOfPage":{"@id":"https:\/\/www.lupatomeccanica.com\/fr\/produit\/utensili\/outils-pour-pierre\/frankroll-plus\/frankroll-plus-30-pointes-double\/#primaryimage"},"image":{"@id":"https:\/\/www.lupatomeccanica.com\/fr\/produit\/utensili\/outils-pour-pierre\/frankroll-plus\/frankroll-plus-30-pointes-double\/#primaryimage"},"thumbnailUrl":"https:\/\/www.lupatomeccanica.com\/wp-content\/uploads\/lupato-meccanica-frankroll-plus-FKR230.jpg","datePublished":"2024-08-28T15:44:30+00:00","dateModified":"2025-07-04T07:10:32+00:00","description":"Frankroll 30\u00a0pointes avec patin est un outil avec un abrasif type Frankfurt, \u00e9quip\u00e9 de rouleaux \u00e0 30\u00a0pointes, pour le bouchardage moyen sur les plaques de marbre et de pierre calcaire. La forme du support comprend un patin qui am\u00e9liore le traitement des bords de la plaque. Compromis entre polyvalence et performance, l'utilisation d'outils Varia est recommand\u00e9e pour les taux de production \u00e9lev\u00e9s.","breadcrumb":{"@id":"https:\/\/www.lupatomeccanica.com\/fr\/produit\/utensili\/outils-pour-pierre\/frankroll-plus\/frankroll-plus-30-pointes-double\/#breadcrumb"},"inLanguage":"fr-FR","potentialAction":[{"@type":"ReadAction","target":["https:\/\/www.lupatomeccanica.com\/fr\/produit\/utensili\/outils-pour-pierre\/frankroll-plus\/frankroll-plus-30-pointes-double\/"]}]},{"@type":"ImageObject","inLanguage":"fr-FR","@id":"https:\/\/www.lupatomeccanica.com\/fr\/produit\/utensili\/outils-pour-pierre\/frankroll-plus\/frankroll-plus-30-pointes-double\/#primaryimage","url":"https:\/\/www.lupatomeccanica.com\/wp-content\/uploads\/lupato-meccanica-frankroll-plus-FKR230.jpg","contentUrl":"https:\/\/www.lupatomeccanica.com\/wp-content\/uploads\/lupato-meccanica-frankroll-plus-FKR230.jpg","width":800,"height":800},{"@type":"BreadcrumbList","@id":"https:\/\/www.lupatomeccanica.com\/fr\/produit\/utensili\/outils-pour-pierre\/frankroll-plus\/frankroll-plus-30-pointes-double\/#breadcrumb","itemListElement":[{"@type":"ListItem","position":1,"name":"Home","item":"https:\/\/www.lupatomeccanica.com\/fr\/"},{"@type":"ListItem","position":2,"name":"Shop","item":"https:\/\/www.lupatomeccanica.com\/fr\/shop\/"},{"@type":"ListItem","position":3,"name":"Frankroll plus 30\u00a0pointes double"}]},{"@type":"WebSite","@id":"https:\/\/www.lupatomeccanica.com\/fr\/#website","url":"https:\/\/www.lupatomeccanica.com\/fr\/","name":"Lupato Meccanica","description":"Utensili per finiture grezze su pietra e calcestruzzo","publisher":{"@id":"https:\/\/www.lupatomeccanica.com\/fr\/#organization"},"potentialAction":[{"@type":"SearchAction","target":{"@type":"EntryPoint","urlTemplate":"https:\/\/www.lupatomeccanica.com\/fr\/?s={search_term_string}"},"query-input":{"@type":"PropertyValueSpecification","valueRequired":true,"valueName":"search_term_string"}}],"inLanguage":"fr-FR"},{"@type":"Organization","@id":"https:\/\/www.lupatomeccanica.com\/fr\/#organization","name":"Lupato Meccanica","url":"https:\/\/www.lupatomeccanica.com\/fr\/","logo":{"@type":"ImageObject","inLanguage":"fr-FR","@id":"https:\/\/www.lupatomeccanica.com\/fr\/#\/schema\/logo\/image\/","url":"https:\/\/lupatomeccanica.com\/wp-content\/uploads\/logo-admin.png","contentUrl":"https:\/\/lupatomeccanica.com\/wp-content\/uploads\/logo-admin.png","width":300,"height":59,"caption":"Lupato Meccanica"},"image":{"@id":"https:\/\/www.lupatomeccanica.com\/fr\/#\/schema\/logo\/image\/"},"sameAs":["https:\/\/www.linkedin.com\/company\/26996783\/","https:\/\/www.youtube.com\/user\/LupatoMeccanica"]}]}},"_links":{"self":[{"href":"https:\/\/www.lupatomeccanica.com\/fr\/wp-json\/wp\/v2\/product\/15792","targetHints":{"allow":["GET"]}}],"collection":[{"href":"https:\/\/www.lupatomeccanica.com\/fr\/wp-json\/wp\/v2\/product"}],"about":[{"href":"https:\/\/www.lupatomeccanica.com\/fr\/wp-json\/wp\/v2\/types\/product"}],"wp:featuredmedia":[{"embeddable":true,"href":"https:\/\/www.lupatomeccanica.com\/fr\/wp-json\/wp\/v2\/media\/15793"}],"wp:attachment":[{"href":"https:\/\/www.lupatomeccanica.com\/fr\/wp-json\/wp\/v2\/media?parent=15792"}],"wp:term":[{"taxonomy":"product_brand","embeddable":true,"href":"https:\/\/www.lupatomeccanica.com\/fr\/wp-json\/wp\/v2\/product_brand?post=15792"},{"taxonomy":"product_cat","embeddable":true,"href":"https:\/\/www.lupatomeccanica.com\/fr\/wp-json\/wp\/v2\/product_cat?post=15792"},{"taxonomy":"product_tag","embeddable":true,"href":"https:\/\/www.lupatomeccanica.com\/fr\/wp-json\/wp\/v2\/product_tag?post=15792"}],"curies":[{"name":"wp","href":"https:\/\/api.w.org\/{rel}","templated":true}]}}