{"id":16579,"date":"2021-09-23T15:24:33","date_gmt":"2021-09-23T15:24:33","guid":{"rendered":"https:\/\/www.lupatomeccanica.com\/catalogo-finiture\/"},"modified":"2025-08-06T12:58:00","modified_gmt":"2025-08-06T12:58:00","slug":"catalogue-des-finitions","status":"publish","type":"page","link":"https:\/\/www.lupatomeccanica.com\/fr\/catalogue-des-finitions\/","title":{"rendered":"Catalogue des finitions"},"content":{"rendered":"<div class=\"wpb-content-wrapper\"><p>[vc_row full_width=&#8221;stretch_row_content_no_spaces&#8221; css=&#8221;.vc_custom_1632409342279{margin-top: 0px !important;background-image: url(http:\/\/lupatomeccanica.com\/wp-content\/uploads\/lupato-meccanica-download.jpg?id=2593) !important;background-position: center !important;background-repeat: no-repeat !important;background-size: cover !important;}&#8221; el_id=&#8221;lupato-catalog-row-1&#8243;][vc_column][\/vc_column][\/vc_row][vc_row el_id=&#8221;lupato-catalog-row-2&#8243;][vc_column width=&#8221;5\/6&#8243; offset=&#8221;vc_col-lg-offset-2 vc_col-lg-8 vc_col-md-offset-2 vc_col-md-8 vc_col-sm-offset-1&#8243; css=&#8221;.vc_custom_1632410417614{padding-top: 0px !important;}&#8221;][vc_column_text css=&#8221;&#8221;]<\/p>\n<h1>Catalogue des finitions<\/h1>\n<p>[\/vc_column_text][vc_column_text css=&#8221;&#8221;]Utilisez les boutons ci-dessous pour t\u00e9l\u00e9charger le catalogue des finitions en version PDF dans la langue qui vous int\u00e9resse.[\/vc_column_text][vc_separator][vc_column_text el_class=&#8221;catalog-sing-down&#8221;]<a href=\"\/wp-content\/uploads\/LupatoMeccanica-catalogo-finiture-IT-EN.pdf\" target=\"_blank\" rel=\"noopener\"><strong>Catalogo Finiture \/ Catalogue finishes<\/strong><br \/>\nITALIANO \/ ENGLISH<\/a>[\/vc_column_text][vc_separator][vc_column_text css=&#8221;&#8221; el_class=&#8221;catalog-sing-down&#8221;]<a href=\"\/wp-content\/uploads\/LupatoMeccanica-catalogo-finiture-IT-FR.pdf\" target=\"_blank\" rel=\"noopener\"><strong>Catalogo Finiture \/ Catalogue des finitions<\/strong><br \/>\nITALIANO \/ FRAN\u00c7AIS<\/a>[\/vc_column_text][vc_separator][vc_column_text el_class=&#8221;catalog-sing-down&#8221;]<a href=\"\/wp-content\/uploads\/LupatoMeccanica-catalogo-acabados-ES-PT.pdf\" target=\"_blank\" rel=\"noopener\"><strong>Cat\u00e1logo acabados \/ Cat\u00e1logo acabamentos<\/strong><br \/>\nESPA\u00d1OL \/ PORTUGU\u00caS<\/a>[\/vc_column_text][vc_separator][\/vc_column][\/vc_row][vc_row el_id=&#8221;hp-contattaci&#8221; el_class=&#8221;page-contact page-down&#8221;][vc_column width=&#8221;5\/6&#8243; offset=&#8221;vc_col-lg-offset-2 vc_col-lg-8 vc_col-md-offset-2 vc_col-md-8 vc_col-sm-offset-1&#8243;][vc_column_text css=&#8221;&#8221;]<\/p>\n<h3 style=\"text-align: center;\">NOUS CONTACTER<\/h3>\n<p style=\"text-align: center;\">Pour toute information sur nos outils, sur les points de vente o\u00f9 les trouver et sur nos services, y compris l&#8217;assistance, vous pouvez nous contacter \u00e0 tout moment en remplissant le formulaire ci-dessous et en nous l&#8217;envoyant.<\/p>\n<p>[\/vc_column_text]\n<div class=\"wpcf7 no-js\" id=\"wpcf7-f16565-o1\" lang=\"it-IT\" dir=\"ltr\" data-wpcf7-id=\"16565\">\n<div class=\"screen-reader-response\"><p role=\"status\" aria-live=\"polite\" aria-atomic=\"true\"><\/p> <ul><\/ul><\/div>\n<form action=\"\/fr\/wp-json\/wp\/v2\/pages\/16579#wpcf7-f16565-o1\" method=\"post\" class=\"wpcf7-form init\" aria-label=\"Contact form\" novalidate=\"novalidate\" data-status=\"init\">\n<fieldset class=\"hidden-fields-container\"><input type=\"hidden\" name=\"_wpcf7\" value=\"16565\" \/><input type=\"hidden\" name=\"_wpcf7_version\" value=\"6.1.5\" \/><input type=\"hidden\" name=\"_wpcf7_locale\" value=\"it_IT\" \/><input type=\"hidden\" name=\"_wpcf7_unit_tag\" value=\"wpcf7-f16565-o1\" \/><input type=\"hidden\" name=\"_wpcf7_container_post\" value=\"0\" \/><input type=\"hidden\" name=\"_wpcf7_posted_data_hash\" value=\"\" \/><input type=\"hidden\" name=\"_wpcf7_recaptcha_response\" value=\"\" \/>\n<\/fieldset>\n<div class=\"form-hp\">\n\t<div class=\"row\">\n\t\t<div class=\"col-2\">\n\t\t\t<p><span class=\"wpcf7-form-control-wrap\" data-name=\"form-name\"><input size=\"40\" maxlength=\"400\" class=\"wpcf7-form-control wpcf7-text wpcf7-validates-as-required\" aria-required=\"true\" aria-invalid=\"false\" placeholder=\"Nom *\" value=\"\" type=\"text\" name=\"form-name\" \/><\/span>\n\t\t\t<\/p>\n\t\t<\/div>\n\t\t<div class=\"col-2\">\n\t\t\t<p><span class=\"wpcf7-form-control-wrap\" data-name=\"form-surname\"><input size=\"40\" maxlength=\"400\" class=\"wpcf7-form-control wpcf7-text wpcf7-validates-as-required\" aria-required=\"true\" aria-invalid=\"false\" placeholder=\"Nom de famille *\" value=\"\" type=\"text\" name=\"form-surname\" \/><\/span>\n\t\t\t<\/p>\n\t\t<\/div>\n\t<\/div>\n\t<div class=\"row\">\n\t\t<div class=\"col-2\">\n\t\t\t<p><span class=\"wpcf7-form-control-wrap\" data-name=\"form-email\"><input size=\"40\" maxlength=\"400\" class=\"wpcf7-form-control wpcf7-email wpcf7-validates-as-required wpcf7-text wpcf7-validates-as-email\" aria-required=\"true\" aria-invalid=\"false\" placeholder=\"Adresse e-mail *\" value=\"\" type=\"email\" name=\"form-email\" \/><\/span>\n\t\t\t<\/p>\n\t\t<\/div>\n\t\t<div class=\"col-2\">\n\t\t\t<p><span class=\"wpcf7-form-control-wrap\" data-name=\"form-phone\"><input size=\"40\" maxlength=\"400\" class=\"wpcf7-form-control wpcf7-text\" aria-invalid=\"false\" placeholder=\"Num\u00e9ro de t\u00e9l\u00e9phone\" value=\"\" type=\"text\" name=\"form-phone\" \/><\/span>\n\t\t\t<\/p>\n\t\t<\/div>\n\t<\/div>\n\t<div class=\"row\">\n\t\t<div class=\"col-1\">\n\t\t\t<p><span class=\"wpcf7-form-control-wrap\" data-name=\"form-country\"><input size=\"40\" maxlength=\"400\" class=\"wpcf7-form-control wpcf7-text wpcf7-validates-as-required\" aria-required=\"true\" aria-invalid=\"false\" placeholder=\"R\u00e9gion *\" value=\"\" type=\"text\" name=\"form-country\" \/><\/span>\n\t\t\t<\/p>\n\t\t<\/div>\n\t<\/div>\n\t<div class=\"row\">\n\t\t<div class=\"col-1\">\n\t\t\t<p><span class=\"wpcf7-form-control-wrap\" data-name=\"form-message\"><textarea cols=\"40\" rows=\"10\" maxlength=\"2000\" class=\"wpcf7-form-control wpcf7-textarea wpcf7-validates-as-required\" aria-required=\"true\" aria-invalid=\"false\" placeholder=\"Comment pouvons-nous vous aider ?\" name=\"form-message\"><\/textarea><\/span>\n\t\t\t<\/p>\n\t\t<\/div>\n\t<\/div>\n\t<div class=\"row\">\n\t\t<div class=\"col-1 privacy\">\n\t\t\t<p><span class=\"wpcf7-form-control-wrap\" data-name=\"form-privacy\"><span class=\"wpcf7-form-control wpcf7-acceptance\"><span class=\"wpcf7-list-item\"><label><input type=\"checkbox\" name=\"form-privacy\" value=\"1\" aria-invalid=\"false\" \/><span class=\"wpcf7-list-item-label\">J'autorise le traitement de mes donn\u00e9es tel que d\u00e9fini dans le document pr\u00e9sent\u00e9  <a\n                href=\"\/fr\/privacy-policy\/\" target=\"_blank\">ici<\/a>.<\/span><\/label><\/span><\/span><\/span>\n\t\t\t<\/p>\n\t\t<\/div>\n\t<\/div>\n\t<div class=\"row avviso\">\n\t\t<p>Ce site est prot\u00e9g\u00e9 par reCAPTCHA et les <a\n            href=\"https:\/\/policies.google.com\/privacy\" target=\"_blank\">r\u00e8gles de confidentialit\u00e9<\/a> et <a\n            href=\"https:\/\/policies.google.com\/terms\" target=\"_blank\">les conditions d'utilisation<\/a> de Google s'appliquent.\n\t\t<\/p>\n\t<\/div>\n\t<div class=\"row\">\n\t\t<div class=\"col-1 btn-submit\">\n\t\t\t<p><input class=\"wpcf7-form-control wpcf7-submit has-spinner\" type=\"submit\" value=\"Envoyer\" \/>\n\t\t\t<\/p>\n\t\t<\/div>\n\t<\/div>\n<\/div><div class=\"wpcf7-response-output\" aria-hidden=\"true\"><\/div>\n<\/form>\n<\/div>\n[\/vc_column][\/vc_row]<\/p>\n<\/div>","protected":false},"excerpt":{"rendered":"<p>[vc_row full_width=&#8221;stretch_row_content_no_spaces&#8221; css=&#8221;.vc_custom_1632409342279{margin-top: 0px !important;background-image: url(http:\/\/lupatomeccanica.com\/wp-content\/uploads\/lupato-meccanica-download.jpg?id=2593) !important;background-position: center !important;background-repeat: no-repeat !important;background-size: cover !important;}&#8221; el_id=&#8221;lupato-catalog-row-1&#8243;][vc_column][\/vc_column][\/vc_row][vc_row el_id=&#8221;lupato-catalog-row-2&#8243;][vc_column width=&#8221;5\/6&#8243; offset=&#8221;vc_col-lg-offset-2 vc_col-lg-8 vc_col-md-offset-2 vc_col-md-8 vc_col-sm-offset-1&#8243; css=&#8221;.vc_custom_1632410417614{padding-top: 0px !important;}&#8221;][vc_column_text css=&#8221;&#8221;] Catalogue des finitions [\/vc_column_text][vc_column_text css=&#8221;&#8221;]Utilisez les boutons ci-dessous pour t\u00e9l\u00e9charger le catalogue des finitions en version PDF dans la langue qui vous int\u00e9resse.[\/vc_column_text][vc_separator][vc_column_text el_class=&#8221;catalog-sing-down&#8221;]Catalogo Finiture \/ Catalogue finishes ITALIANO \/ [&hellip;]<\/p>\n","protected":false},"author":1,"featured_media":0,"parent":0,"menu_order":0,"comment_status":"closed","ping_status":"closed","template":"template-fullwidth2.php","meta":{"_acf_changed":false,"inline_featured_image":false,"footnotes":""},"class_list":["post-16579","page","type-page","status-publish","hentry"],"acf":[],"yoast_head":"<!-- This site is optimized with the Yoast SEO plugin v27.3 - https:\/\/yoast.com\/product\/yoast-seo-wordpress\/ -->\n<title>Catalogue des finitions et traitements de la pierre - Lupato Meccanica<\/title>\n<meta name=\"description\" content=\"Catalogue des finitions brutes sur pierre, marbre, b\u00e9ton et gr\u00e8s propos\u00e9 par Lupato Meccanica, une entreprise de bouchardage de premier plan.\" \/>\n<meta name=\"robots\" content=\"index, follow, max-snippet:-1, max-image-preview:large, max-video-preview:-1\" \/>\n<link rel=\"canonical\" href=\"https:\/\/www.lupatomeccanica.com\/fr\/catalogue-des-finitions\/\" \/>\n<meta property=\"og:locale\" content=\"fr_FR\" \/>\n<meta property=\"og:type\" content=\"article\" \/>\n<meta property=\"og:title\" content=\"Catalogue des finitions et traitements de la pierre - Lupato Meccanica\" \/>\n<meta property=\"og:description\" content=\"Catalogue des finitions brutes sur pierre, marbre, b\u00e9ton et gr\u00e8s propos\u00e9 par Lupato Meccanica, une entreprise de bouchardage de premier plan.\" \/>\n<meta property=\"og:url\" content=\"https:\/\/www.lupatomeccanica.com\/fr\/catalogue-des-finitions\/\" \/>\n<meta property=\"og:site_name\" content=\"Lupato Meccanica\" \/>\n<meta property=\"article:modified_time\" content=\"2025-08-06T12:58:00+00:00\" \/>\n<meta name=\"twitter:card\" content=\"summary_large_image\" \/>\n<meta name=\"twitter:label1\" content=\"Est. reading time\" \/>\n\t<meta name=\"twitter:data1\" content=\"1 minute\" \/>\n<script type=\"application\/ld+json\" class=\"yoast-schema-graph\">{\"@context\":\"https:\\\/\\\/schema.org\",\"@graph\":[{\"@type\":\"WebPage\",\"@id\":\"https:\\\/\\\/www.lupatomeccanica.com\\\/fr\\\/catalogue-des-finitions\\\/\",\"url\":\"https:\\\/\\\/www.lupatomeccanica.com\\\/fr\\\/catalogue-des-finitions\\\/\",\"name\":\"Catalogue des finitions et traitements de la pierre - Lupato Meccanica\",\"isPartOf\":{\"@id\":\"https:\\\/\\\/www.lupatomeccanica.com\\\/fr\\\/#website\"},\"datePublished\":\"2021-09-23T15:24:33+00:00\",\"dateModified\":\"2025-08-06T12:58:00+00:00\",\"description\":\"Catalogue des finitions brutes sur pierre, marbre, b\u00e9ton et gr\u00e8s propos\u00e9 par Lupato Meccanica, une entreprise de bouchardage de premier plan.\",\"breadcrumb\":{\"@id\":\"https:\\\/\\\/www.lupatomeccanica.com\\\/fr\\\/catalogue-des-finitions\\\/#breadcrumb\"},\"inLanguage\":\"fr-FR\",\"potentialAction\":[{\"@type\":\"ReadAction\",\"target\":[\"https:\\\/\\\/www.lupatomeccanica.com\\\/fr\\\/catalogue-des-finitions\\\/\"]}]},{\"@type\":\"BreadcrumbList\",\"@id\":\"https:\\\/\\\/www.lupatomeccanica.com\\\/fr\\\/catalogue-des-finitions\\\/#breadcrumb\",\"itemListElement\":[{\"@type\":\"ListItem\",\"position\":1,\"name\":\"Home\",\"item\":\"https:\\\/\\\/www.lupatomeccanica.com\\\/fr\\\/\"},{\"@type\":\"ListItem\",\"position\":2,\"name\":\"Catalogue des finitions\"}]},{\"@type\":\"WebSite\",\"@id\":\"https:\\\/\\\/www.lupatomeccanica.com\\\/fr\\\/#website\",\"url\":\"https:\\\/\\\/www.lupatomeccanica.com\\\/fr\\\/\",\"name\":\"Lupato Meccanica\",\"description\":\"Utensili per finiture grezze su pietra e calcestruzzo\",\"publisher\":{\"@id\":\"https:\\\/\\\/www.lupatomeccanica.com\\\/fr\\\/#organization\"},\"potentialAction\":[{\"@type\":\"SearchAction\",\"target\":{\"@type\":\"EntryPoint\",\"urlTemplate\":\"https:\\\/\\\/www.lupatomeccanica.com\\\/fr\\\/?s={search_term_string}\"},\"query-input\":{\"@type\":\"PropertyValueSpecification\",\"valueRequired\":true,\"valueName\":\"search_term_string\"}}],\"inLanguage\":\"fr-FR\"},{\"@type\":\"Organization\",\"@id\":\"https:\\\/\\\/www.lupatomeccanica.com\\\/fr\\\/#organization\",\"name\":\"Lupato Meccanica\",\"url\":\"https:\\\/\\\/www.lupatomeccanica.com\\\/fr\\\/\",\"logo\":{\"@type\":\"ImageObject\",\"inLanguage\":\"fr-FR\",\"@id\":\"https:\\\/\\\/www.lupatomeccanica.com\\\/fr\\\/#\\\/schema\\\/logo\\\/image\\\/\",\"url\":\"https:\\\/\\\/lupatomeccanica.com\\\/wp-content\\\/uploads\\\/logo-admin.png\",\"contentUrl\":\"https:\\\/\\\/lupatomeccanica.com\\\/wp-content\\\/uploads\\\/logo-admin.png\",\"width\":300,\"height\":59,\"caption\":\"Lupato Meccanica\"},\"image\":{\"@id\":\"https:\\\/\\\/www.lupatomeccanica.com\\\/fr\\\/#\\\/schema\\\/logo\\\/image\\\/\"},\"sameAs\":[\"https:\\\/\\\/www.linkedin.com\\\/company\\\/26996783\\\/\",\"https:\\\/\\\/www.youtube.com\\\/user\\\/LupatoMeccanica\"]}]}<\/script>\n<!-- \/ Yoast SEO plugin. -->","yoast_head_json":{"title":"Catalogue des finitions et traitements de la pierre - Lupato Meccanica","description":"Catalogue des finitions brutes sur pierre, marbre, b\u00e9ton et gr\u00e8s propos\u00e9 par Lupato Meccanica, une entreprise de bouchardage de premier plan.","robots":{"index":"index","follow":"follow","max-snippet":"max-snippet:-1","max-image-preview":"max-image-preview:large","max-video-preview":"max-video-preview:-1"},"canonical":"https:\/\/www.lupatomeccanica.com\/fr\/catalogue-des-finitions\/","og_locale":"fr_FR","og_type":"article","og_title":"Catalogue des finitions et traitements de la pierre - Lupato Meccanica","og_description":"Catalogue des finitions brutes sur pierre, marbre, b\u00e9ton et gr\u00e8s propos\u00e9 par Lupato Meccanica, une entreprise de bouchardage de premier plan.","og_url":"https:\/\/www.lupatomeccanica.com\/fr\/catalogue-des-finitions\/","og_site_name":"Lupato Meccanica","article_modified_time":"2025-08-06T12:58:00+00:00","twitter_card":"summary_large_image","twitter_misc":{"Est. reading time":"1 minute"},"schema":{"@context":"https:\/\/schema.org","@graph":[{"@type":"WebPage","@id":"https:\/\/www.lupatomeccanica.com\/fr\/catalogue-des-finitions\/","url":"https:\/\/www.lupatomeccanica.com\/fr\/catalogue-des-finitions\/","name":"Catalogue des finitions et traitements de la pierre - Lupato Meccanica","isPartOf":{"@id":"https:\/\/www.lupatomeccanica.com\/fr\/#website"},"datePublished":"2021-09-23T15:24:33+00:00","dateModified":"2025-08-06T12:58:00+00:00","description":"Catalogue des finitions brutes sur pierre, marbre, b\u00e9ton et gr\u00e8s propos\u00e9 par Lupato Meccanica, une entreprise de bouchardage de premier plan.","breadcrumb":{"@id":"https:\/\/www.lupatomeccanica.com\/fr\/catalogue-des-finitions\/#breadcrumb"},"inLanguage":"fr-FR","potentialAction":[{"@type":"ReadAction","target":["https:\/\/www.lupatomeccanica.com\/fr\/catalogue-des-finitions\/"]}]},{"@type":"BreadcrumbList","@id":"https:\/\/www.lupatomeccanica.com\/fr\/catalogue-des-finitions\/#breadcrumb","itemListElement":[{"@type":"ListItem","position":1,"name":"Home","item":"https:\/\/www.lupatomeccanica.com\/fr\/"},{"@type":"ListItem","position":2,"name":"Catalogue des finitions"}]},{"@type":"WebSite","@id":"https:\/\/www.lupatomeccanica.com\/fr\/#website","url":"https:\/\/www.lupatomeccanica.com\/fr\/","name":"Lupato Meccanica","description":"Utensili per finiture grezze su pietra e calcestruzzo","publisher":{"@id":"https:\/\/www.lupatomeccanica.com\/fr\/#organization"},"potentialAction":[{"@type":"SearchAction","target":{"@type":"EntryPoint","urlTemplate":"https:\/\/www.lupatomeccanica.com\/fr\/?s={search_term_string}"},"query-input":{"@type":"PropertyValueSpecification","valueRequired":true,"valueName":"search_term_string"}}],"inLanguage":"fr-FR"},{"@type":"Organization","@id":"https:\/\/www.lupatomeccanica.com\/fr\/#organization","name":"Lupato Meccanica","url":"https:\/\/www.lupatomeccanica.com\/fr\/","logo":{"@type":"ImageObject","inLanguage":"fr-FR","@id":"https:\/\/www.lupatomeccanica.com\/fr\/#\/schema\/logo\/image\/","url":"https:\/\/lupatomeccanica.com\/wp-content\/uploads\/logo-admin.png","contentUrl":"https:\/\/lupatomeccanica.com\/wp-content\/uploads\/logo-admin.png","width":300,"height":59,"caption":"Lupato Meccanica"},"image":{"@id":"https:\/\/www.lupatomeccanica.com\/fr\/#\/schema\/logo\/image\/"},"sameAs":["https:\/\/www.linkedin.com\/company\/26996783\/","https:\/\/www.youtube.com\/user\/LupatoMeccanica"]}]}},"_links":{"self":[{"href":"https:\/\/www.lupatomeccanica.com\/fr\/wp-json\/wp\/v2\/pages\/16579","targetHints":{"allow":["GET"]}}],"collection":[{"href":"https:\/\/www.lupatomeccanica.com\/fr\/wp-json\/wp\/v2\/pages"}],"about":[{"href":"https:\/\/www.lupatomeccanica.com\/fr\/wp-json\/wp\/v2\/types\/page"}],"author":[{"embeddable":true,"href":"https:\/\/www.lupatomeccanica.com\/fr\/wp-json\/wp\/v2\/users\/1"}],"replies":[{"embeddable":true,"href":"https:\/\/www.lupatomeccanica.com\/fr\/wp-json\/wp\/v2\/comments?post=16579"}],"version-history":[{"count":2,"href":"https:\/\/www.lupatomeccanica.com\/fr\/wp-json\/wp\/v2\/pages\/16579\/revisions"}],"predecessor-version":[{"id":16677,"href":"https:\/\/www.lupatomeccanica.com\/fr\/wp-json\/wp\/v2\/pages\/16579\/revisions\/16677"}],"wp:attachment":[{"href":"https:\/\/www.lupatomeccanica.com\/fr\/wp-json\/wp\/v2\/media?parent=16579"}],"curies":[{"name":"wp","href":"https:\/\/api.w.org\/{rel}","templated":true}]}}