{"id":16572,"date":"2021-09-23T13:19:24","date_gmt":"2021-09-23T13:19:24","guid":{"rendered":"https:\/\/www.lupatomeccanica.com\/chi-siamo\/"},"modified":"2025-07-04T09:45:58","modified_gmt":"2025-07-04T09:45:58","slug":"a-propos-de-nous","status":"publish","type":"page","link":"https:\/\/www.lupatomeccanica.com\/fr\/a-propos-de-nous\/","title":{"rendered":"\u00c0 propos de nous"},"content":{"rendered":"<div class=\"wpb-content-wrapper\"><p>[vc_row full_width=&#8221;stretch_row_content_no_spaces&#8221;][vc_column][vc_row_inner equal_height=&#8221;yes&#8221; content_placement=&#8221;middle&#8221; el_id=&#8221;lupato-how-row-1&#8243;][vc_column_inner offset=&#8221;vc_col-lg-6 vc_col-md-6&#8243;][vc_column_text css=&#8221;&#8221; el_class=&#8221;force-right&#8221;]<\/p>\n<h1><strong>Innovation<\/strong> et <strong>rigueur<\/strong> profond\u00e9ment ancr\u00e9es<br \/>\ndans l&#8217;<strong>exp\u00e9rience<\/strong> et dans la <strong>connaissance<\/strong> du secteur<\/h1>\n<p>[\/vc_column_text][\/vc_column_inner][vc_column_inner offset=&#8221;vc_col-lg-6 vc_col-md-6&#8243;][vc_column_text css=&#8221;&#8221;]Depuis 1989, nous cr\u00e9ons, concevons et r\u00e9alisons des outils pour machines fixes et portatives, permettant de r\u00e9aliser des finitions brutes sur le marbre, le granit, la pierre calcaire et le gr\u00e8s, la pierre fritt\u00e9e et le b\u00e9ton.<\/p>\n<p>L&#8217;entreprise est n\u00e9e gr\u00e2ce \u00e0 l&#8217;ing\u00e9niosit\u00e9 de son fondateur, <strong>Gian Siro Lupato, inventeur de l&#8217;outil bouchardeur rotatif<\/strong>, un outil qui a r\u00e9volutionn\u00e9 le secteur (gr\u00e2ce \u00e0 lui, la productivit\u00e9 du bouchardage est pass\u00e9e de 3\u00a0m\u00e8tres carr\u00e9s par heure en 1988 \u00e0 100\u00a0m\u00e8tres carr\u00e9s par heure aujourd&#8217;hui avec un seul outil), point de d\u00e9part d&#8217;un intense processus de d\u00e9veloppement technique qui nous a amen\u00e9s \u00e0 d\u00e9poser par la suite de nombreux autres brevets tout aussi novateurs.[\/vc_column_text][\/vc_column_inner][\/vc_row_inner][\/vc_column][\/vc_row][vc_row full_width=&#8221;stretch_row_content_no_spaces&#8221;][vc_column css=&#8221;.vc_custom_1632412651814{padding-top: 0px !important;background-position: center !important;background-repeat: no-repeat !important;background-size: cover !important;}&#8221;][vc_row_inner equal_height=&#8221;yes&#8221; content_placement=&#8221;middle&#8221; el_id=&#8221;lupato-how-row-2&#8243;][vc_column_inner el_class=&#8221;force-right&#8221; offset=&#8221;vc_col-lg-6 vc_col-md-6&#8243;][vc_column_text css=&#8221;&#8221;]En amont, le savoir-faire et la <strong>connaissance approfondie des mat\u00e9riaux<\/strong> de Lupato Marmi, une entreprise familiale sp\u00e9cialis\u00e9e dans le traitement du marbre depuis cinq g\u00e9n\u00e9rations, gr\u00e2ce \u00e0 laquelle nous pouvons tester nos produits et exp\u00e9rimenter \u00ab\u00a0sur le terrain\u00a0\u00bb toutes les am\u00e9liorations possibles.<\/p>\n<p>Notre activit\u00e9 est caract\u00e9ris\u00e9e par notre <strong>volont\u00e9 constante d&#8217;\u00e9voluer<\/strong>, de nous fixer de nouveaux objectifs et de relever des d\u00e9fis toujours plus exigeants les uns que les autres, en confiant \u00e0 notre d\u00e9partement R&amp;D le soin de les transformer en solutions cibl\u00e9es. Cela passe \u00e9galement par une collaboration avec les architectes et les tailleurs de pierre, en soutenant leurs projets gr\u00e2ce \u00e0 la conception d&#8217;outils de finition nouvellement d\u00e9velopp\u00e9s et enti\u00e8rement personnalis\u00e9s.[\/vc_column_text][\/vc_column_inner][vc_column_inner offset=&#8221;vc_col-lg-6 vc_col-md-6&#8243;][vc_single_image image=&#8221;2551&#8243; img_size=&#8221;FULL&#8221; css=&#8221;.vc_custom_1632401286688{margin-top: 0px !important;margin-bottom: 0px !important;}&#8221;][\/vc_column_inner][\/vc_row_inner][\/vc_column][\/vc_row][vc_row el_id=&#8221;lupato-how-row-3&#8243;][vc_column width=&#8221;2\/3&#8243; offset=&#8221;vc_col-sm-offset-2&#8243;][vc_column_text css=&#8221;&#8221;]<\/p>\n<p style=\"text-align: center;\"><strong>Un catalogue de 307\u00a0articles pour plus de 60\u00a0types de finition sur les mat\u00e9riaux en pierre et le b\u00e9ton<\/strong>, y compris le bouchardage, l&#8217;\u00e9br\u00e9chage, le sablage, la virgule, la finition gratt\u00e9e, la finition au rouleau et le rainurage, nous permet d&#8217;\u00eatre l&#8217;entreprise la plus repr\u00e9sentative du secteur en termes d&#8217;exhaustivit\u00e9 de l&#8217;offre. Notre expertise est reconnue par une niche de march\u00e9 tr\u00e8s exigeante, que nous couvrons largement avec un r\u00e9seau d&#8217;importateurs et de revendeurs couvrant les cinq continents.<\/p>\n<p style=\"text-align: center;\">Outre une assistance rapide, notre service comprend la consultation qui, dans le cas des bureaux d&#8217;\u00e9tudes et d&#8217;architecture, s&#8217;accompagne de suggestions utiles pour le choix de la finition la plus adapt\u00e9e \u00e0 l&#8217;ouvrage \u00e0 r\u00e9aliser.<\/p>\n<p>[\/vc_column_text][\/vc_column][\/vc_row][vc_row el_id=&#8221;hp-contattaci&#8221;][vc_column width=&#8221;5\/6&#8243; offset=&#8221;vc_col-lg-offset-2 vc_col-lg-8 vc_col-md-offset-2 vc_col-md-8 vc_col-sm-offset-1&#8243;][vc_column_text css=&#8221;&#8221;]<\/p>\n<h3 style=\"text-align: center;\">NOUS CONTACTER<\/h3>\n<p style=\"text-align: center;\">Pour toute information sur nos outils, sur les points de vente o\u00f9 les trouver et sur nos services, y compris l&#8217;assistance, vous pouvez nous contacter \u00e0 tout moment en remplissant le formulaire ci-dessous et en nous l&#8217;envoyant.<\/p>\n<p>[\/vc_column_text]\n<div class=\"wpcf7 no-js\" id=\"wpcf7-f16565-o1\" lang=\"it-IT\" dir=\"ltr\" data-wpcf7-id=\"16565\">\n<div class=\"screen-reader-response\"><p role=\"status\" aria-live=\"polite\" aria-atomic=\"true\"><\/p> <ul><\/ul><\/div>\n<form action=\"\/fr\/wp-json\/wp\/v2\/pages\/16572#wpcf7-f16565-o1\" method=\"post\" class=\"wpcf7-form init\" aria-label=\"Contact form\" novalidate=\"novalidate\" data-status=\"init\">\n<fieldset class=\"hidden-fields-container\"><input type=\"hidden\" name=\"_wpcf7\" value=\"16565\" \/><input type=\"hidden\" name=\"_wpcf7_version\" value=\"6.1.5\" \/><input type=\"hidden\" name=\"_wpcf7_locale\" value=\"it_IT\" \/><input type=\"hidden\" name=\"_wpcf7_unit_tag\" value=\"wpcf7-f16565-o1\" \/><input type=\"hidden\" name=\"_wpcf7_container_post\" value=\"0\" \/><input type=\"hidden\" name=\"_wpcf7_posted_data_hash\" value=\"\" \/><input type=\"hidden\" name=\"_wpcf7_recaptcha_response\" value=\"\" \/>\n<\/fieldset>\n<div class=\"form-hp\">\n\t<div class=\"row\">\n\t\t<div class=\"col-2\">\n\t\t\t<p><span class=\"wpcf7-form-control-wrap\" data-name=\"form-name\"><input size=\"40\" maxlength=\"400\" class=\"wpcf7-form-control wpcf7-text wpcf7-validates-as-required\" aria-required=\"true\" aria-invalid=\"false\" placeholder=\"Nom *\" value=\"\" type=\"text\" name=\"form-name\" \/><\/span>\n\t\t\t<\/p>\n\t\t<\/div>\n\t\t<div class=\"col-2\">\n\t\t\t<p><span class=\"wpcf7-form-control-wrap\" data-name=\"form-surname\"><input size=\"40\" maxlength=\"400\" class=\"wpcf7-form-control wpcf7-text wpcf7-validates-as-required\" aria-required=\"true\" aria-invalid=\"false\" placeholder=\"Nom de famille *\" value=\"\" type=\"text\" name=\"form-surname\" \/><\/span>\n\t\t\t<\/p>\n\t\t<\/div>\n\t<\/div>\n\t<div class=\"row\">\n\t\t<div class=\"col-2\">\n\t\t\t<p><span class=\"wpcf7-form-control-wrap\" data-name=\"form-email\"><input size=\"40\" maxlength=\"400\" class=\"wpcf7-form-control wpcf7-email wpcf7-validates-as-required wpcf7-text wpcf7-validates-as-email\" aria-required=\"true\" aria-invalid=\"false\" placeholder=\"Adresse e-mail *\" value=\"\" type=\"email\" name=\"form-email\" \/><\/span>\n\t\t\t<\/p>\n\t\t<\/div>\n\t\t<div class=\"col-2\">\n\t\t\t<p><span class=\"wpcf7-form-control-wrap\" data-name=\"form-phone\"><input size=\"40\" maxlength=\"400\" class=\"wpcf7-form-control wpcf7-text\" aria-invalid=\"false\" placeholder=\"Num\u00e9ro de t\u00e9l\u00e9phone\" value=\"\" type=\"text\" name=\"form-phone\" \/><\/span>\n\t\t\t<\/p>\n\t\t<\/div>\n\t<\/div>\n\t<div class=\"row\">\n\t\t<div class=\"col-1\">\n\t\t\t<p><span class=\"wpcf7-form-control-wrap\" data-name=\"form-country\"><input size=\"40\" maxlength=\"400\" class=\"wpcf7-form-control wpcf7-text wpcf7-validates-as-required\" aria-required=\"true\" aria-invalid=\"false\" placeholder=\"R\u00e9gion *\" value=\"\" type=\"text\" name=\"form-country\" \/><\/span>\n\t\t\t<\/p>\n\t\t<\/div>\n\t<\/div>\n\t<div class=\"row\">\n\t\t<div class=\"col-1\">\n\t\t\t<p><span class=\"wpcf7-form-control-wrap\" data-name=\"form-message\"><textarea cols=\"40\" rows=\"10\" maxlength=\"2000\" class=\"wpcf7-form-control wpcf7-textarea wpcf7-validates-as-required\" aria-required=\"true\" aria-invalid=\"false\" placeholder=\"Comment pouvons-nous vous aider ?\" name=\"form-message\"><\/textarea><\/span>\n\t\t\t<\/p>\n\t\t<\/div>\n\t<\/div>\n\t<div class=\"row\">\n\t\t<div class=\"col-1 privacy\">\n\t\t\t<p><span class=\"wpcf7-form-control-wrap\" data-name=\"form-privacy\"><span class=\"wpcf7-form-control wpcf7-acceptance\"><span class=\"wpcf7-list-item\"><label><input type=\"checkbox\" name=\"form-privacy\" value=\"1\" aria-invalid=\"false\" \/><span class=\"wpcf7-list-item-label\">J'autorise le traitement de mes donn\u00e9es tel que d\u00e9fini dans le document pr\u00e9sent\u00e9  <a\n                href=\"\/fr\/privacy-policy\/\" target=\"_blank\">ici<\/a>.<\/span><\/label><\/span><\/span><\/span>\n\t\t\t<\/p>\n\t\t<\/div>\n\t<\/div>\n\t<div class=\"row avviso\">\n\t\t<p>Ce site est prot\u00e9g\u00e9 par reCAPTCHA et les <a\n            href=\"https:\/\/policies.google.com\/privacy\" target=\"_blank\">r\u00e8gles de confidentialit\u00e9<\/a> et <a\n            href=\"https:\/\/policies.google.com\/terms\" target=\"_blank\">les conditions d'utilisation<\/a> de Google s'appliquent.\n\t\t<\/p>\n\t<\/div>\n\t<div class=\"row\">\n\t\t<div class=\"col-1 btn-submit\">\n\t\t\t<p><input class=\"wpcf7-form-control wpcf7-submit has-spinner\" type=\"submit\" value=\"Envoyer\" \/>\n\t\t\t<\/p>\n\t\t<\/div>\n\t<\/div>\n<\/div><div class=\"wpcf7-response-output\" aria-hidden=\"true\"><\/div>\n<\/form>\n<\/div>\n[\/vc_column][\/vc_row]<\/p>\n<\/div>","protected":false},"excerpt":{"rendered":"<p>[vc_row full_width=&#8221;stretch_row_content_no_spaces&#8221;][vc_column][vc_row_inner equal_height=&#8221;yes&#8221; content_placement=&#8221;middle&#8221; el_id=&#8221;lupato-how-row-1&#8243;][vc_column_inner offset=&#8221;vc_col-lg-6 vc_col-md-6&#8243;][vc_column_text css=&#8221;&#8221; el_class=&#8221;force-right&#8221;] Innovation et rigueur profond\u00e9ment ancr\u00e9es dans l&#8217;exp\u00e9rience et dans la connaissance du secteur [\/vc_column_text][\/vc_column_inner][vc_column_inner offset=&#8221;vc_col-lg-6 vc_col-md-6&#8243;][vc_column_text css=&#8221;&#8221;]Depuis 1989, nous cr\u00e9ons, concevons et r\u00e9alisons des outils pour machines fixes et portatives, permettant de r\u00e9aliser des finitions brutes sur le marbre, le granit, la pierre calcaire et le [&hellip;]<\/p>\n","protected":false},"author":1,"featured_media":0,"parent":0,"menu_order":0,"comment_status":"closed","ping_status":"closed","template":"template-fullwidth2.php","meta":{"_acf_changed":false,"inline_featured_image":false,"footnotes":""},"class_list":["post-16572","page","type-page","status-publish","hentry"],"acf":[],"yoast_head":"<!-- This site is optimized with the Yoast SEO plugin v27.3 - https:\/\/yoast.com\/product\/yoast-seo-wordpress\/ -->\n<title>Finitions brutes sur le marbre et le granit - Lupato Meccanica<\/title>\n<meta name=\"description\" content=\"Nous sommes pr\u00e9sents dans le secteur de la finition de la pierre depuis 1989 et nous sommes sp\u00e9cialis\u00e9s dans la boucharde avec plus de 300 articles dans notre catalogue.\" \/>\n<meta name=\"robots\" content=\"index, follow, max-snippet:-1, max-image-preview:large, max-video-preview:-1\" \/>\n<link rel=\"canonical\" href=\"https:\/\/www.lupatomeccanica.com\/fr\/a-propos-de-nous\/\" \/>\n<meta property=\"og:locale\" content=\"fr_FR\" \/>\n<meta property=\"og:type\" content=\"article\" \/>\n<meta property=\"og:title\" content=\"Finitions brutes sur le marbre et le granit - Lupato Meccanica\" \/>\n<meta property=\"og:description\" content=\"Nous sommes pr\u00e9sents dans le secteur de la finition de la pierre depuis 1989 et nous sommes sp\u00e9cialis\u00e9s dans la boucharde avec plus de 300 articles dans notre catalogue.\" \/>\n<meta property=\"og:url\" content=\"https:\/\/www.lupatomeccanica.com\/fr\/a-propos-de-nous\/\" \/>\n<meta property=\"og:site_name\" content=\"Lupato Meccanica\" \/>\n<meta property=\"article:modified_time\" content=\"2025-07-04T09:45:58+00:00\" \/>\n<meta name=\"twitter:card\" content=\"summary_large_image\" \/>\n<meta name=\"twitter:label1\" content=\"Est. reading time\" \/>\n\t<meta name=\"twitter:data1\" content=\"2 minutes\" \/>\n<script type=\"application\/ld+json\" class=\"yoast-schema-graph\">{\"@context\":\"https:\\\/\\\/schema.org\",\"@graph\":[{\"@type\":\"WebPage\",\"@id\":\"https:\\\/\\\/www.lupatomeccanica.com\\\/fr\\\/a-propos-de-nous\\\/\",\"url\":\"https:\\\/\\\/www.lupatomeccanica.com\\\/fr\\\/a-propos-de-nous\\\/\",\"name\":\"Finitions brutes sur le marbre et le granit - Lupato Meccanica\",\"isPartOf\":{\"@id\":\"https:\\\/\\\/www.lupatomeccanica.com\\\/fr\\\/#website\"},\"datePublished\":\"2021-09-23T13:19:24+00:00\",\"dateModified\":\"2025-07-04T09:45:58+00:00\",\"description\":\"Nous sommes pr\u00e9sents dans le secteur de la finition de la pierre depuis 1989 et nous sommes sp\u00e9cialis\u00e9s dans la boucharde avec plus de 300 articles dans notre catalogue.\",\"breadcrumb\":{\"@id\":\"https:\\\/\\\/www.lupatomeccanica.com\\\/fr\\\/a-propos-de-nous\\\/#breadcrumb\"},\"inLanguage\":\"fr-FR\",\"potentialAction\":[{\"@type\":\"ReadAction\",\"target\":[\"https:\\\/\\\/www.lupatomeccanica.com\\\/fr\\\/a-propos-de-nous\\\/\"]}]},{\"@type\":\"BreadcrumbList\",\"@id\":\"https:\\\/\\\/www.lupatomeccanica.com\\\/fr\\\/a-propos-de-nous\\\/#breadcrumb\",\"itemListElement\":[{\"@type\":\"ListItem\",\"position\":1,\"name\":\"Home\",\"item\":\"https:\\\/\\\/www.lupatomeccanica.com\\\/fr\\\/\"},{\"@type\":\"ListItem\",\"position\":2,\"name\":\"\u00c0 propos de nous\"}]},{\"@type\":\"WebSite\",\"@id\":\"https:\\\/\\\/www.lupatomeccanica.com\\\/fr\\\/#website\",\"url\":\"https:\\\/\\\/www.lupatomeccanica.com\\\/fr\\\/\",\"name\":\"Lupato Meccanica\",\"description\":\"Utensili per finiture grezze su pietra e calcestruzzo\",\"publisher\":{\"@id\":\"https:\\\/\\\/www.lupatomeccanica.com\\\/fr\\\/#organization\"},\"potentialAction\":[{\"@type\":\"SearchAction\",\"target\":{\"@type\":\"EntryPoint\",\"urlTemplate\":\"https:\\\/\\\/www.lupatomeccanica.com\\\/fr\\\/?s={search_term_string}\"},\"query-input\":{\"@type\":\"PropertyValueSpecification\",\"valueRequired\":true,\"valueName\":\"search_term_string\"}}],\"inLanguage\":\"fr-FR\"},{\"@type\":\"Organization\",\"@id\":\"https:\\\/\\\/www.lupatomeccanica.com\\\/fr\\\/#organization\",\"name\":\"Lupato Meccanica\",\"url\":\"https:\\\/\\\/www.lupatomeccanica.com\\\/fr\\\/\",\"logo\":{\"@type\":\"ImageObject\",\"inLanguage\":\"fr-FR\",\"@id\":\"https:\\\/\\\/www.lupatomeccanica.com\\\/fr\\\/#\\\/schema\\\/logo\\\/image\\\/\",\"url\":\"https:\\\/\\\/lupatomeccanica.com\\\/wp-content\\\/uploads\\\/logo-admin.png\",\"contentUrl\":\"https:\\\/\\\/lupatomeccanica.com\\\/wp-content\\\/uploads\\\/logo-admin.png\",\"width\":300,\"height\":59,\"caption\":\"Lupato Meccanica\"},\"image\":{\"@id\":\"https:\\\/\\\/www.lupatomeccanica.com\\\/fr\\\/#\\\/schema\\\/logo\\\/image\\\/\"},\"sameAs\":[\"https:\\\/\\\/www.linkedin.com\\\/company\\\/26996783\\\/\",\"https:\\\/\\\/www.youtube.com\\\/user\\\/LupatoMeccanica\"]}]}<\/script>\n<!-- \/ Yoast SEO plugin. -->","yoast_head_json":{"title":"Finitions brutes sur le marbre et le granit - Lupato Meccanica","description":"Nous sommes pr\u00e9sents dans le secteur de la finition de la pierre depuis 1989 et nous sommes sp\u00e9cialis\u00e9s dans la boucharde avec plus de 300 articles dans notre catalogue.","robots":{"index":"index","follow":"follow","max-snippet":"max-snippet:-1","max-image-preview":"max-image-preview:large","max-video-preview":"max-video-preview:-1"},"canonical":"https:\/\/www.lupatomeccanica.com\/fr\/a-propos-de-nous\/","og_locale":"fr_FR","og_type":"article","og_title":"Finitions brutes sur le marbre et le granit - Lupato Meccanica","og_description":"Nous sommes pr\u00e9sents dans le secteur de la finition de la pierre depuis 1989 et nous sommes sp\u00e9cialis\u00e9s dans la boucharde avec plus de 300 articles dans notre catalogue.","og_url":"https:\/\/www.lupatomeccanica.com\/fr\/a-propos-de-nous\/","og_site_name":"Lupato Meccanica","article_modified_time":"2025-07-04T09:45:58+00:00","twitter_card":"summary_large_image","twitter_misc":{"Est. reading time":"2 minutes"},"schema":{"@context":"https:\/\/schema.org","@graph":[{"@type":"WebPage","@id":"https:\/\/www.lupatomeccanica.com\/fr\/a-propos-de-nous\/","url":"https:\/\/www.lupatomeccanica.com\/fr\/a-propos-de-nous\/","name":"Finitions brutes sur le marbre et le granit - Lupato Meccanica","isPartOf":{"@id":"https:\/\/www.lupatomeccanica.com\/fr\/#website"},"datePublished":"2021-09-23T13:19:24+00:00","dateModified":"2025-07-04T09:45:58+00:00","description":"Nous sommes pr\u00e9sents dans le secteur de la finition de la pierre depuis 1989 et nous sommes sp\u00e9cialis\u00e9s dans la boucharde avec plus de 300 articles dans notre catalogue.","breadcrumb":{"@id":"https:\/\/www.lupatomeccanica.com\/fr\/a-propos-de-nous\/#breadcrumb"},"inLanguage":"fr-FR","potentialAction":[{"@type":"ReadAction","target":["https:\/\/www.lupatomeccanica.com\/fr\/a-propos-de-nous\/"]}]},{"@type":"BreadcrumbList","@id":"https:\/\/www.lupatomeccanica.com\/fr\/a-propos-de-nous\/#breadcrumb","itemListElement":[{"@type":"ListItem","position":1,"name":"Home","item":"https:\/\/www.lupatomeccanica.com\/fr\/"},{"@type":"ListItem","position":2,"name":"\u00c0 propos de nous"}]},{"@type":"WebSite","@id":"https:\/\/www.lupatomeccanica.com\/fr\/#website","url":"https:\/\/www.lupatomeccanica.com\/fr\/","name":"Lupato Meccanica","description":"Utensili per finiture grezze su pietra e calcestruzzo","publisher":{"@id":"https:\/\/www.lupatomeccanica.com\/fr\/#organization"},"potentialAction":[{"@type":"SearchAction","target":{"@type":"EntryPoint","urlTemplate":"https:\/\/www.lupatomeccanica.com\/fr\/?s={search_term_string}"},"query-input":{"@type":"PropertyValueSpecification","valueRequired":true,"valueName":"search_term_string"}}],"inLanguage":"fr-FR"},{"@type":"Organization","@id":"https:\/\/www.lupatomeccanica.com\/fr\/#organization","name":"Lupato Meccanica","url":"https:\/\/www.lupatomeccanica.com\/fr\/","logo":{"@type":"ImageObject","inLanguage":"fr-FR","@id":"https:\/\/www.lupatomeccanica.com\/fr\/#\/schema\/logo\/image\/","url":"https:\/\/lupatomeccanica.com\/wp-content\/uploads\/logo-admin.png","contentUrl":"https:\/\/lupatomeccanica.com\/wp-content\/uploads\/logo-admin.png","width":300,"height":59,"caption":"Lupato Meccanica"},"image":{"@id":"https:\/\/www.lupatomeccanica.com\/fr\/#\/schema\/logo\/image\/"},"sameAs":["https:\/\/www.linkedin.com\/company\/26996783\/","https:\/\/www.youtube.com\/user\/LupatoMeccanica"]}]}},"_links":{"self":[{"href":"https:\/\/www.lupatomeccanica.com\/fr\/wp-json\/wp\/v2\/pages\/16572","targetHints":{"allow":["GET"]}}],"collection":[{"href":"https:\/\/www.lupatomeccanica.com\/fr\/wp-json\/wp\/v2\/pages"}],"about":[{"href":"https:\/\/www.lupatomeccanica.com\/fr\/wp-json\/wp\/v2\/types\/page"}],"author":[{"embeddable":true,"href":"https:\/\/www.lupatomeccanica.com\/fr\/wp-json\/wp\/v2\/users\/1"}],"replies":[{"embeddable":true,"href":"https:\/\/www.lupatomeccanica.com\/fr\/wp-json\/wp\/v2\/comments?post=16572"}],"version-history":[{"count":3,"href":"https:\/\/www.lupatomeccanica.com\/fr\/wp-json\/wp\/v2\/pages\/16572\/revisions"}],"predecessor-version":[{"id":16576,"href":"https:\/\/www.lupatomeccanica.com\/fr\/wp-json\/wp\/v2\/pages\/16572\/revisions\/16576"}],"wp:attachment":[{"href":"https:\/\/www.lupatomeccanica.com\/fr\/wp-json\/wp\/v2\/media?parent=16572"}],"curies":[{"name":"wp","href":"https:\/\/api.w.org\/{rel}","templated":true}]}}