{"id":14376,"date":"2024-04-02T10:55:40","date_gmt":"2024-04-02T10:55:40","guid":{"rendered":"https:\/\/www.lupatomeccanica.com\/prodotto\/uncategorized\/utensile-flora-4-9-o-260-mm\/"},"modified":"2024-12-06T08:44:37","modified_gmt":"2024-12-06T08:44:37","slug":"herramienta-flora-4-9-o-260-mm","status":"publish","type":"product","link":"https:\/\/www.lupatomeccanica.com\/es\/producto\/herramientas\/herramientas-sector-pavimentos\/flora-es\/herramienta-flora-4-9-o-260-mm\/","title":{"rendered":"Herramienta Flora 4\/9 \u00d8 260 mm"},"content":{"rendered":"","protected":false},"excerpt":{"rendered":"<p>La herramienta Flora 3\/9 es una herramienta de 260 mm de di\u00e1metro formada por 3 rodillos de 9 puntas cada uno, para el apiconado en tablas de m\u00e1rmol y piedra caliza.<br \/>\nEs una herramienta espec\u00edfica para m\u00e1quina Flora, con un peso elevado que permite una mayor penetraci\u00f3n de las puntas en el material, de manera que se pueda realizar el apiconado, normalmente imposible con una herramienta port\u00e1til.<\/p>\n","protected":false},"featured_media":13732,"template":"","meta":{"_acf_changed":false,"inline_featured_image":false},"product_brand":[],"product_cat":[712],"product_tag":[],"class_list":{"0":"post-14376","1":"product","2":"type-product","3":"status-publish","4":"has-post-thumbnail","6":"product_cat-flora-es","8":"first","9":"instock","10":"shipping-taxable","11":"product-type-simple"},"acf":[],"yoast_head":"<!-- This site is optimized with the Yoast SEO plugin v27.3 - https:\/\/yoast.com\/product\/yoast-seo-wordpress\/ -->\n<title>Herramienta Flora 4\/9 \u00d8 260 mm - Lupato Meccanica<\/title>\n<meta name=\"description\" content=\"La herramienta Flora 3\/9 es una herramienta de 260 mm de di\u00e1metro formada por 3 rodillos de 9 puntas cada uno, para el apiconado en tablas de m\u00e1rmol y piedra caliza. Es una herramienta espec\u00edfica para m\u00e1quina Flora, con un peso elevado que permite una mayor penetraci\u00f3n de las puntas en el material, de manera que se pueda realizar el apiconado, normalmente imposible con una herramienta port\u00e1til.\" \/>\n<meta name=\"robots\" content=\"index, follow, max-snippet:-1, max-image-preview:large, max-video-preview:-1\" \/>\n<link rel=\"canonical\" href=\"https:\/\/www.lupatomeccanica.com\/es\/producto\/herramientas\/herramientas-sector-pavimentos\/flora-es\/herramienta-flora-4-9-o-260-mm\/\" \/>\n<meta property=\"og:locale\" content=\"es_ES\" \/>\n<meta property=\"og:type\" content=\"article\" \/>\n<meta property=\"og:title\" content=\"Herramienta Flora 4\/9 \u00d8 260 mm - Lupato Meccanica\" \/>\n<meta property=\"og:description\" content=\"La herramienta Flora 3\/9 es una herramienta de 260 mm de di\u00e1metro formada por 3 rodillos de 9 puntas cada uno, para el apiconado en tablas de m\u00e1rmol y piedra caliza. Es una herramienta espec\u00edfica para m\u00e1quina Flora, con un peso elevado que permite una mayor penetraci\u00f3n de las puntas en el material, de manera que se pueda realizar el apiconado, normalmente imposible con una herramienta port\u00e1til.\" \/>\n<meta property=\"og:url\" content=\"https:\/\/www.lupatomeccanica.com\/es\/producto\/herramientas\/herramientas-sector-pavimentos\/flora-es\/herramienta-flora-4-9-o-260-mm\/\" \/>\n<meta property=\"og:site_name\" content=\"Lupato Meccanica\" \/>\n<meta property=\"article:modified_time\" content=\"2024-12-06T08:44:37+00:00\" \/>\n<meta property=\"og:image\" content=\"https:\/\/www.lupatomeccanica.com\/wp-content\/uploads\/lupato-meccanica-utensile-flora-4-9-o-260.jpg\" \/>\n\t<meta property=\"og:image:width\" content=\"800\" \/>\n\t<meta property=\"og:image:height\" content=\"800\" \/>\n\t<meta property=\"og:image:type\" content=\"image\/jpeg\" \/>\n<meta name=\"twitter:card\" content=\"summary_large_image\" \/>\n<script type=\"application\/ld+json\" class=\"yoast-schema-graph\">{\"@context\":\"https:\\\/\\\/schema.org\",\"@graph\":[{\"@type\":\"WebPage\",\"@id\":\"https:\\\/\\\/www.lupatomeccanica.com\\\/es\\\/producto\\\/herramientas\\\/herramientas-sector-pavimentos\\\/flora-es\\\/herramienta-flora-4-9-o-260-mm\\\/\",\"url\":\"https:\\\/\\\/www.lupatomeccanica.com\\\/es\\\/producto\\\/herramientas\\\/herramientas-sector-pavimentos\\\/flora-es\\\/herramienta-flora-4-9-o-260-mm\\\/\",\"name\":\"Herramienta Flora 4\\\/9 \u00d8 260 mm - Lupato Meccanica\",\"isPartOf\":{\"@id\":\"https:\\\/\\\/www.lupatomeccanica.com\\\/es\\\/#website\"},\"primaryImageOfPage\":{\"@id\":\"https:\\\/\\\/www.lupatomeccanica.com\\\/es\\\/producto\\\/herramientas\\\/herramientas-sector-pavimentos\\\/flora-es\\\/herramienta-flora-4-9-o-260-mm\\\/#primaryimage\"},\"image\":{\"@id\":\"https:\\\/\\\/www.lupatomeccanica.com\\\/es\\\/producto\\\/herramientas\\\/herramientas-sector-pavimentos\\\/flora-es\\\/herramienta-flora-4-9-o-260-mm\\\/#primaryimage\"},\"thumbnailUrl\":\"https:\\\/\\\/www.lupatomeccanica.com\\\/wp-content\\\/uploads\\\/lupato-meccanica-utensile-flora-4-9-o-260.jpg\",\"datePublished\":\"2024-04-02T10:55:40+00:00\",\"dateModified\":\"2024-12-06T08:44:37+00:00\",\"description\":\"La herramienta Flora 3\\\/9 es una herramienta de 260 mm de di\u00e1metro formada por 3 rodillos de 9 puntas cada uno, para el apiconado en tablas de m\u00e1rmol y piedra caliza. Es una herramienta espec\u00edfica para m\u00e1quina Flora, con un peso elevado que permite una mayor penetraci\u00f3n de las puntas en el material, de manera que se pueda realizar el apiconado, normalmente imposible con una herramienta port\u00e1til.\",\"breadcrumb\":{\"@id\":\"https:\\\/\\\/www.lupatomeccanica.com\\\/es\\\/producto\\\/herramientas\\\/herramientas-sector-pavimentos\\\/flora-es\\\/herramienta-flora-4-9-o-260-mm\\\/#breadcrumb\"},\"inLanguage\":\"es\",\"potentialAction\":[{\"@type\":\"ReadAction\",\"target\":[\"https:\\\/\\\/www.lupatomeccanica.com\\\/es\\\/producto\\\/herramientas\\\/herramientas-sector-pavimentos\\\/flora-es\\\/herramienta-flora-4-9-o-260-mm\\\/\"]}]},{\"@type\":\"ImageObject\",\"inLanguage\":\"es\",\"@id\":\"https:\\\/\\\/www.lupatomeccanica.com\\\/es\\\/producto\\\/herramientas\\\/herramientas-sector-pavimentos\\\/flora-es\\\/herramienta-flora-4-9-o-260-mm\\\/#primaryimage\",\"url\":\"https:\\\/\\\/www.lupatomeccanica.com\\\/wp-content\\\/uploads\\\/lupato-meccanica-utensile-flora-4-9-o-260.jpg\",\"contentUrl\":\"https:\\\/\\\/www.lupatomeccanica.com\\\/wp-content\\\/uploads\\\/lupato-meccanica-utensile-flora-4-9-o-260.jpg\",\"width\":800,\"height\":800},{\"@type\":\"BreadcrumbList\",\"@id\":\"https:\\\/\\\/www.lupatomeccanica.com\\\/es\\\/producto\\\/herramientas\\\/herramientas-sector-pavimentos\\\/flora-es\\\/herramienta-flora-4-9-o-260-mm\\\/#breadcrumb\",\"itemListElement\":[{\"@type\":\"ListItem\",\"position\":1,\"name\":\"Home\",\"item\":\"https:\\\/\\\/www.lupatomeccanica.com\\\/es\\\/lupato-meccanica-2\\\/\"},{\"@type\":\"ListItem\",\"position\":2,\"name\":\"Tienda\",\"item\":\"https:\\\/\\\/www.lupatomeccanica.com\\\/es\\\/tienda\\\/\"},{\"@type\":\"ListItem\",\"position\":3,\"name\":\"Herramienta Flora 4\\\/9 \u00d8 260 mm\"}]},{\"@type\":\"WebSite\",\"@id\":\"https:\\\/\\\/www.lupatomeccanica.com\\\/es\\\/#website\",\"url\":\"https:\\\/\\\/www.lupatomeccanica.com\\\/es\\\/\",\"name\":\"Lupato Meccanica\",\"description\":\"Utensili per finiture grezze su pietra e calcestruzzo\",\"publisher\":{\"@id\":\"https:\\\/\\\/www.lupatomeccanica.com\\\/es\\\/#organization\"},\"potentialAction\":[{\"@type\":\"SearchAction\",\"target\":{\"@type\":\"EntryPoint\",\"urlTemplate\":\"https:\\\/\\\/www.lupatomeccanica.com\\\/es\\\/?s={search_term_string}\"},\"query-input\":{\"@type\":\"PropertyValueSpecification\",\"valueRequired\":true,\"valueName\":\"search_term_string\"}}],\"inLanguage\":\"es\"},{\"@type\":\"Organization\",\"@id\":\"https:\\\/\\\/www.lupatomeccanica.com\\\/es\\\/#organization\",\"name\":\"Lupato Meccanica\",\"url\":\"https:\\\/\\\/www.lupatomeccanica.com\\\/es\\\/\",\"logo\":{\"@type\":\"ImageObject\",\"inLanguage\":\"es\",\"@id\":\"https:\\\/\\\/www.lupatomeccanica.com\\\/es\\\/#\\\/schema\\\/logo\\\/image\\\/\",\"url\":\"https:\\\/\\\/lupatomeccanica.com\\\/wp-content\\\/uploads\\\/logo-admin.png\",\"contentUrl\":\"https:\\\/\\\/lupatomeccanica.com\\\/wp-content\\\/uploads\\\/logo-admin.png\",\"width\":300,\"height\":59,\"caption\":\"Lupato Meccanica\"},\"image\":{\"@id\":\"https:\\\/\\\/www.lupatomeccanica.com\\\/es\\\/#\\\/schema\\\/logo\\\/image\\\/\"},\"sameAs\":[\"https:\\\/\\\/www.linkedin.com\\\/company\\\/26996783\\\/\",\"https:\\\/\\\/www.youtube.com\\\/user\\\/LupatoMeccanica\"]}]}<\/script>\n<!-- \/ Yoast SEO plugin. -->","yoast_head_json":{"title":"Herramienta Flora 4\/9 \u00d8 260 mm - Lupato Meccanica","description":"La herramienta Flora 3\/9 es una herramienta de 260 mm de di\u00e1metro formada por 3 rodillos de 9 puntas cada uno, para el apiconado en tablas de m\u00e1rmol y piedra caliza. Es una herramienta espec\u00edfica para m\u00e1quina Flora, con un peso elevado que permite una mayor penetraci\u00f3n de las puntas en el material, de manera que se pueda realizar el apiconado, normalmente imposible con una herramienta port\u00e1til.","robots":{"index":"index","follow":"follow","max-snippet":"max-snippet:-1","max-image-preview":"max-image-preview:large","max-video-preview":"max-video-preview:-1"},"canonical":"https:\/\/www.lupatomeccanica.com\/es\/producto\/herramientas\/herramientas-sector-pavimentos\/flora-es\/herramienta-flora-4-9-o-260-mm\/","og_locale":"es_ES","og_type":"article","og_title":"Herramienta Flora 4\/9 \u00d8 260 mm - Lupato Meccanica","og_description":"La herramienta Flora 3\/9 es una herramienta de 260 mm de di\u00e1metro formada por 3 rodillos de 9 puntas cada uno, para el apiconado en tablas de m\u00e1rmol y piedra caliza. Es una herramienta espec\u00edfica para m\u00e1quina Flora, con un peso elevado que permite una mayor penetraci\u00f3n de las puntas en el material, de manera que se pueda realizar el apiconado, normalmente imposible con una herramienta port\u00e1til.","og_url":"https:\/\/www.lupatomeccanica.com\/es\/producto\/herramientas\/herramientas-sector-pavimentos\/flora-es\/herramienta-flora-4-9-o-260-mm\/","og_site_name":"Lupato Meccanica","article_modified_time":"2024-12-06T08:44:37+00:00","og_image":[{"width":800,"height":800,"url":"https:\/\/www.lupatomeccanica.com\/wp-content\/uploads\/lupato-meccanica-utensile-flora-4-9-o-260.jpg","type":"image\/jpeg"}],"twitter_card":"summary_large_image","schema":{"@context":"https:\/\/schema.org","@graph":[{"@type":"WebPage","@id":"https:\/\/www.lupatomeccanica.com\/es\/producto\/herramientas\/herramientas-sector-pavimentos\/flora-es\/herramienta-flora-4-9-o-260-mm\/","url":"https:\/\/www.lupatomeccanica.com\/es\/producto\/herramientas\/herramientas-sector-pavimentos\/flora-es\/herramienta-flora-4-9-o-260-mm\/","name":"Herramienta Flora 4\/9 \u00d8 260 mm - Lupato Meccanica","isPartOf":{"@id":"https:\/\/www.lupatomeccanica.com\/es\/#website"},"primaryImageOfPage":{"@id":"https:\/\/www.lupatomeccanica.com\/es\/producto\/herramientas\/herramientas-sector-pavimentos\/flora-es\/herramienta-flora-4-9-o-260-mm\/#primaryimage"},"image":{"@id":"https:\/\/www.lupatomeccanica.com\/es\/producto\/herramientas\/herramientas-sector-pavimentos\/flora-es\/herramienta-flora-4-9-o-260-mm\/#primaryimage"},"thumbnailUrl":"https:\/\/www.lupatomeccanica.com\/wp-content\/uploads\/lupato-meccanica-utensile-flora-4-9-o-260.jpg","datePublished":"2024-04-02T10:55:40+00:00","dateModified":"2024-12-06T08:44:37+00:00","description":"La herramienta Flora 3\/9 es una herramienta de 260 mm de di\u00e1metro formada por 3 rodillos de 9 puntas cada uno, para el apiconado en tablas de m\u00e1rmol y piedra caliza. Es una herramienta espec\u00edfica para m\u00e1quina Flora, con un peso elevado que permite una mayor penetraci\u00f3n de las puntas en el material, de manera que se pueda realizar el apiconado, normalmente imposible con una herramienta port\u00e1til.","breadcrumb":{"@id":"https:\/\/www.lupatomeccanica.com\/es\/producto\/herramientas\/herramientas-sector-pavimentos\/flora-es\/herramienta-flora-4-9-o-260-mm\/#breadcrumb"},"inLanguage":"es","potentialAction":[{"@type":"ReadAction","target":["https:\/\/www.lupatomeccanica.com\/es\/producto\/herramientas\/herramientas-sector-pavimentos\/flora-es\/herramienta-flora-4-9-o-260-mm\/"]}]},{"@type":"ImageObject","inLanguage":"es","@id":"https:\/\/www.lupatomeccanica.com\/es\/producto\/herramientas\/herramientas-sector-pavimentos\/flora-es\/herramienta-flora-4-9-o-260-mm\/#primaryimage","url":"https:\/\/www.lupatomeccanica.com\/wp-content\/uploads\/lupato-meccanica-utensile-flora-4-9-o-260.jpg","contentUrl":"https:\/\/www.lupatomeccanica.com\/wp-content\/uploads\/lupato-meccanica-utensile-flora-4-9-o-260.jpg","width":800,"height":800},{"@type":"BreadcrumbList","@id":"https:\/\/www.lupatomeccanica.com\/es\/producto\/herramientas\/herramientas-sector-pavimentos\/flora-es\/herramienta-flora-4-9-o-260-mm\/#breadcrumb","itemListElement":[{"@type":"ListItem","position":1,"name":"Home","item":"https:\/\/www.lupatomeccanica.com\/es\/lupato-meccanica-2\/"},{"@type":"ListItem","position":2,"name":"Tienda","item":"https:\/\/www.lupatomeccanica.com\/es\/tienda\/"},{"@type":"ListItem","position":3,"name":"Herramienta Flora 4\/9 \u00d8 260 mm"}]},{"@type":"WebSite","@id":"https:\/\/www.lupatomeccanica.com\/es\/#website","url":"https:\/\/www.lupatomeccanica.com\/es\/","name":"Lupato Meccanica","description":"Utensili per finiture grezze su pietra e calcestruzzo","publisher":{"@id":"https:\/\/www.lupatomeccanica.com\/es\/#organization"},"potentialAction":[{"@type":"SearchAction","target":{"@type":"EntryPoint","urlTemplate":"https:\/\/www.lupatomeccanica.com\/es\/?s={search_term_string}"},"query-input":{"@type":"PropertyValueSpecification","valueRequired":true,"valueName":"search_term_string"}}],"inLanguage":"es"},{"@type":"Organization","@id":"https:\/\/www.lupatomeccanica.com\/es\/#organization","name":"Lupato Meccanica","url":"https:\/\/www.lupatomeccanica.com\/es\/","logo":{"@type":"ImageObject","inLanguage":"es","@id":"https:\/\/www.lupatomeccanica.com\/es\/#\/schema\/logo\/image\/","url":"https:\/\/lupatomeccanica.com\/wp-content\/uploads\/logo-admin.png","contentUrl":"https:\/\/lupatomeccanica.com\/wp-content\/uploads\/logo-admin.png","width":300,"height":59,"caption":"Lupato Meccanica"},"image":{"@id":"https:\/\/www.lupatomeccanica.com\/es\/#\/schema\/logo\/image\/"},"sameAs":["https:\/\/www.linkedin.com\/company\/26996783\/","https:\/\/www.youtube.com\/user\/LupatoMeccanica"]}]}},"_links":{"self":[{"href":"https:\/\/www.lupatomeccanica.com\/es\/wp-json\/wp\/v2\/product\/14376","targetHints":{"allow":["GET"]}}],"collection":[{"href":"https:\/\/www.lupatomeccanica.com\/es\/wp-json\/wp\/v2\/product"}],"about":[{"href":"https:\/\/www.lupatomeccanica.com\/es\/wp-json\/wp\/v2\/types\/product"}],"wp:featuredmedia":[{"embeddable":true,"href":"https:\/\/www.lupatomeccanica.com\/es\/wp-json\/wp\/v2\/media\/13732"}],"wp:attachment":[{"href":"https:\/\/www.lupatomeccanica.com\/es\/wp-json\/wp\/v2\/media?parent=14376"}],"wp:term":[{"taxonomy":"product_brand","embeddable":true,"href":"https:\/\/www.lupatomeccanica.com\/es\/wp-json\/wp\/v2\/product_brand?post=14376"},{"taxonomy":"product_cat","embeddable":true,"href":"https:\/\/www.lupatomeccanica.com\/es\/wp-json\/wp\/v2\/product_cat?post=14376"},{"taxonomy":"product_tag","embeddable":true,"href":"https:\/\/www.lupatomeccanica.com\/es\/wp-json\/wp\/v2\/product_tag?post=14376"}],"curies":[{"name":"wp","href":"https:\/\/api.w.org\/{rel}","templated":true}]}}