{"id":10939,"date":"2021-09-14T16:01:41","date_gmt":"2021-09-14T16:01:41","guid":{"rendered":"https:\/\/lupatomeccanica.com\/prodotto\/sin%20categor\u00eda\/sumo-3-9-o150-mm-m14\/"},"modified":"2023-05-29T13:34:09","modified_gmt":"2023-05-29T13:34:09","slug":"sumo-3-9-o-150-mm-m14","status":"publish","type":"product","link":"https:\/\/www.lupatomeccanica.com\/es\/producto\/herramientas\/herramientas-sector-piedra\/sumo\/sumo-3-9-o-150-mm-m14\/","title":{"rendered":"Sumo 3\/9 \u00d8 150 mm M14"},"content":{"rendered":"","protected":false},"excerpt":{"rendered":"<p>La Sumo 3\/9 es una herramienta port\u00e1til de 150 mm de di\u00e1metro formada por 3 rodillos de 9 puntas cada uno, para el apiconado fino en m\u00e1rmoles y piedras calizas.<br \/>\nPresenta un peso elevado que permite una mayor penetraci\u00f3n de las puntas en el material, de manera que se pueda realizar el apiconado, normalmente imposible con una herramienta port\u00e1til.<\/p>\n","protected":false},"featured_media":10400,"template":"","meta":{"_acf_changed":false,"inline_featured_image":false},"product_brand":[],"product_cat":[565],"product_tag":[],"class_list":{"0":"post-10939","1":"product","2":"type-product","3":"status-publish","4":"has-post-thumbnail","6":"product_cat-sumo","8":"first","9":"instock","10":"product-type-simple"},"acf":[],"yoast_head":"<!-- This site is optimized with the Yoast SEO plugin v27.5 - https:\/\/yoast.com\/product\/yoast-seo-wordpress\/ -->\n<title>Sumo 3\/9 \u00d8 150 mm M14 - Lupato Meccanica<\/title>\n<meta name=\"description\" content=\"La Sumo 3\/9 es una herramienta port\u00e1til de 150 mm de di\u00e1metro formada por 3 rodillos de 9 puntas cada uno, para el apiconado fino en m\u00e1rmoles y piedras calizas. Presenta un peso elevado que permite una mayor penetraci\u00f3n de las puntas en el material, de manera que se pueda realizar el apiconado, normalmente imposible con una herramienta port\u00e1til.\" \/>\n<meta name=\"robots\" content=\"index, follow, max-snippet:-1, max-image-preview:large, max-video-preview:-1\" \/>\n<link rel=\"canonical\" href=\"https:\/\/www.lupatomeccanica.com\/es\/producto\/herramientas\/herramientas-sector-piedra\/sumo\/sumo-3-9-o-150-mm-m14\/\" \/>\n<meta property=\"og:locale\" content=\"es_ES\" \/>\n<meta property=\"og:type\" content=\"article\" \/>\n<meta property=\"og:title\" content=\"Sumo 3\/9 \u00d8 150 mm M14 - Lupato Meccanica\" \/>\n<meta property=\"og:description\" content=\"La Sumo 3\/9 es una herramienta port\u00e1til de 150 mm de di\u00e1metro formada por 3 rodillos de 9 puntas cada uno, para el apiconado fino en m\u00e1rmoles y piedras calizas. Presenta un peso elevado que permite una mayor penetraci\u00f3n de las puntas en el material, de manera que se pueda realizar el apiconado, normalmente imposible con una herramienta port\u00e1til.\" \/>\n<meta property=\"og:url\" content=\"https:\/\/www.lupatomeccanica.com\/es\/producto\/herramientas\/herramientas-sector-piedra\/sumo\/sumo-3-9-o-150-mm-m14\/\" \/>\n<meta property=\"og:site_name\" content=\"Lupato Meccanica\" \/>\n<meta property=\"article:modified_time\" content=\"2023-05-29T13:34:09+00:00\" \/>\n<meta property=\"og:image\" content=\"https:\/\/www.lupatomeccanica.com\/wp-content\/uploads\/lupato-meccanica-sumo-3-9-scaled.jpg\" \/>\n\t<meta property=\"og:image:width\" content=\"2560\" \/>\n\t<meta property=\"og:image:height\" content=\"2560\" \/>\n\t<meta property=\"og:image:type\" content=\"image\/jpeg\" \/>\n<meta name=\"twitter:card\" content=\"summary_large_image\" \/>\n<script type=\"application\/ld+json\" class=\"yoast-schema-graph\">{\"@context\":\"https:\\\/\\\/schema.org\",\"@graph\":[{\"@type\":\"WebPage\",\"@id\":\"https:\\\/\\\/www.lupatomeccanica.com\\\/es\\\/producto\\\/herramientas\\\/herramientas-sector-piedra\\\/sumo\\\/sumo-3-9-o-150-mm-m14\\\/\",\"url\":\"https:\\\/\\\/www.lupatomeccanica.com\\\/es\\\/producto\\\/herramientas\\\/herramientas-sector-piedra\\\/sumo\\\/sumo-3-9-o-150-mm-m14\\\/\",\"name\":\"Sumo 3\\\/9 \u00d8 150 mm M14 - Lupato Meccanica\",\"isPartOf\":{\"@id\":\"https:\\\/\\\/www.lupatomeccanica.com\\\/es\\\/#website\"},\"primaryImageOfPage\":{\"@id\":\"https:\\\/\\\/www.lupatomeccanica.com\\\/es\\\/producto\\\/herramientas\\\/herramientas-sector-piedra\\\/sumo\\\/sumo-3-9-o-150-mm-m14\\\/#primaryimage\"},\"image\":{\"@id\":\"https:\\\/\\\/www.lupatomeccanica.com\\\/es\\\/producto\\\/herramientas\\\/herramientas-sector-piedra\\\/sumo\\\/sumo-3-9-o-150-mm-m14\\\/#primaryimage\"},\"thumbnailUrl\":\"https:\\\/\\\/www.lupatomeccanica.com\\\/wp-content\\\/uploads\\\/lupato-meccanica-sumo-3-9-scaled.jpg\",\"datePublished\":\"2021-09-14T16:01:41+00:00\",\"dateModified\":\"2023-05-29T13:34:09+00:00\",\"description\":\"La Sumo 3\\\/9 es una herramienta port\u00e1til de 150 mm de di\u00e1metro formada por 3 rodillos de 9 puntas cada uno, para el apiconado fino en m\u00e1rmoles y piedras calizas. Presenta un peso elevado que permite una mayor penetraci\u00f3n de las puntas en el material, de manera que se pueda realizar el apiconado, normalmente imposible con una herramienta port\u00e1til.\",\"breadcrumb\":{\"@id\":\"https:\\\/\\\/www.lupatomeccanica.com\\\/es\\\/producto\\\/herramientas\\\/herramientas-sector-piedra\\\/sumo\\\/sumo-3-9-o-150-mm-m14\\\/#breadcrumb\"},\"inLanguage\":\"es\",\"potentialAction\":[{\"@type\":\"ReadAction\",\"target\":[\"https:\\\/\\\/www.lupatomeccanica.com\\\/es\\\/producto\\\/herramientas\\\/herramientas-sector-piedra\\\/sumo\\\/sumo-3-9-o-150-mm-m14\\\/\"]}]},{\"@type\":\"ImageObject\",\"inLanguage\":\"es\",\"@id\":\"https:\\\/\\\/www.lupatomeccanica.com\\\/es\\\/producto\\\/herramientas\\\/herramientas-sector-piedra\\\/sumo\\\/sumo-3-9-o-150-mm-m14\\\/#primaryimage\",\"url\":\"https:\\\/\\\/www.lupatomeccanica.com\\\/wp-content\\\/uploads\\\/lupato-meccanica-sumo-3-9-scaled.jpg\",\"contentUrl\":\"https:\\\/\\\/www.lupatomeccanica.com\\\/wp-content\\\/uploads\\\/lupato-meccanica-sumo-3-9-scaled.jpg\",\"width\":2560,\"height\":2560},{\"@type\":\"BreadcrumbList\",\"@id\":\"https:\\\/\\\/www.lupatomeccanica.com\\\/es\\\/producto\\\/herramientas\\\/herramientas-sector-piedra\\\/sumo\\\/sumo-3-9-o-150-mm-m14\\\/#breadcrumb\",\"itemListElement\":[{\"@type\":\"ListItem\",\"position\":1,\"name\":\"Home\",\"item\":\"https:\\\/\\\/www.lupatomeccanica.com\\\/es\\\/lupato-meccanica-2\\\/\"},{\"@type\":\"ListItem\",\"position\":2,\"name\":\"Tienda\",\"item\":\"https:\\\/\\\/www.lupatomeccanica.com\\\/es\\\/tienda\\\/\"},{\"@type\":\"ListItem\",\"position\":3,\"name\":\"Sumo 3\\\/9 \u00d8 150 mm M14\"}]},{\"@type\":\"WebSite\",\"@id\":\"https:\\\/\\\/www.lupatomeccanica.com\\\/es\\\/#website\",\"url\":\"https:\\\/\\\/www.lupatomeccanica.com\\\/es\\\/\",\"name\":\"Lupato Meccanica\",\"description\":\"Utensili per finiture grezze su pietra e calcestruzzo\",\"publisher\":{\"@id\":\"https:\\\/\\\/www.lupatomeccanica.com\\\/es\\\/#organization\"},\"potentialAction\":[{\"@type\":\"SearchAction\",\"target\":{\"@type\":\"EntryPoint\",\"urlTemplate\":\"https:\\\/\\\/www.lupatomeccanica.com\\\/es\\\/?s={search_term_string}\"},\"query-input\":{\"@type\":\"PropertyValueSpecification\",\"valueRequired\":true,\"valueName\":\"search_term_string\"}}],\"inLanguage\":\"es\"},{\"@type\":\"Organization\",\"@id\":\"https:\\\/\\\/www.lupatomeccanica.com\\\/es\\\/#organization\",\"name\":\"Lupato Meccanica\",\"url\":\"https:\\\/\\\/www.lupatomeccanica.com\\\/es\\\/\",\"logo\":{\"@type\":\"ImageObject\",\"inLanguage\":\"es\",\"@id\":\"https:\\\/\\\/www.lupatomeccanica.com\\\/es\\\/#\\\/schema\\\/logo\\\/image\\\/\",\"url\":\"https:\\\/\\\/lupatomeccanica.com\\\/wp-content\\\/uploads\\\/logo-admin.png\",\"contentUrl\":\"https:\\\/\\\/lupatomeccanica.com\\\/wp-content\\\/uploads\\\/logo-admin.png\",\"width\":300,\"height\":59,\"caption\":\"Lupato Meccanica\"},\"image\":{\"@id\":\"https:\\\/\\\/www.lupatomeccanica.com\\\/es\\\/#\\\/schema\\\/logo\\\/image\\\/\"},\"sameAs\":[\"https:\\\/\\\/www.linkedin.com\\\/company\\\/26996783\\\/\",\"https:\\\/\\\/www.youtube.com\\\/user\\\/LupatoMeccanica\"]}]}<\/script>\n<!-- \/ Yoast SEO plugin. -->","yoast_head_json":{"title":"Sumo 3\/9 \u00d8 150 mm M14 - Lupato Meccanica","description":"La Sumo 3\/9 es una herramienta port\u00e1til de 150 mm de di\u00e1metro formada por 3 rodillos de 9 puntas cada uno, para el apiconado fino en m\u00e1rmoles y piedras calizas. Presenta un peso elevado que permite una mayor penetraci\u00f3n de las puntas en el material, de manera que se pueda realizar el apiconado, normalmente imposible con una herramienta port\u00e1til.","robots":{"index":"index","follow":"follow","max-snippet":"max-snippet:-1","max-image-preview":"max-image-preview:large","max-video-preview":"max-video-preview:-1"},"canonical":"https:\/\/www.lupatomeccanica.com\/es\/producto\/herramientas\/herramientas-sector-piedra\/sumo\/sumo-3-9-o-150-mm-m14\/","og_locale":"es_ES","og_type":"article","og_title":"Sumo 3\/9 \u00d8 150 mm M14 - Lupato Meccanica","og_description":"La Sumo 3\/9 es una herramienta port\u00e1til de 150 mm de di\u00e1metro formada por 3 rodillos de 9 puntas cada uno, para el apiconado fino en m\u00e1rmoles y piedras calizas. Presenta un peso elevado que permite una mayor penetraci\u00f3n de las puntas en el material, de manera que se pueda realizar el apiconado, normalmente imposible con una herramienta port\u00e1til.","og_url":"https:\/\/www.lupatomeccanica.com\/es\/producto\/herramientas\/herramientas-sector-piedra\/sumo\/sumo-3-9-o-150-mm-m14\/","og_site_name":"Lupato Meccanica","article_modified_time":"2023-05-29T13:34:09+00:00","og_image":[{"width":2560,"height":2560,"url":"https:\/\/www.lupatomeccanica.com\/wp-content\/uploads\/lupato-meccanica-sumo-3-9-scaled.jpg","type":"image\/jpeg"}],"twitter_card":"summary_large_image","schema":{"@context":"https:\/\/schema.org","@graph":[{"@type":"WebPage","@id":"https:\/\/www.lupatomeccanica.com\/es\/producto\/herramientas\/herramientas-sector-piedra\/sumo\/sumo-3-9-o-150-mm-m14\/","url":"https:\/\/www.lupatomeccanica.com\/es\/producto\/herramientas\/herramientas-sector-piedra\/sumo\/sumo-3-9-o-150-mm-m14\/","name":"Sumo 3\/9 \u00d8 150 mm M14 - Lupato Meccanica","isPartOf":{"@id":"https:\/\/www.lupatomeccanica.com\/es\/#website"},"primaryImageOfPage":{"@id":"https:\/\/www.lupatomeccanica.com\/es\/producto\/herramientas\/herramientas-sector-piedra\/sumo\/sumo-3-9-o-150-mm-m14\/#primaryimage"},"image":{"@id":"https:\/\/www.lupatomeccanica.com\/es\/producto\/herramientas\/herramientas-sector-piedra\/sumo\/sumo-3-9-o-150-mm-m14\/#primaryimage"},"thumbnailUrl":"https:\/\/www.lupatomeccanica.com\/wp-content\/uploads\/lupato-meccanica-sumo-3-9-scaled.jpg","datePublished":"2021-09-14T16:01:41+00:00","dateModified":"2023-05-29T13:34:09+00:00","description":"La Sumo 3\/9 es una herramienta port\u00e1til de 150 mm de di\u00e1metro formada por 3 rodillos de 9 puntas cada uno, para el apiconado fino en m\u00e1rmoles y piedras calizas. Presenta un peso elevado que permite una mayor penetraci\u00f3n de las puntas en el material, de manera que se pueda realizar el apiconado, normalmente imposible con una herramienta port\u00e1til.","breadcrumb":{"@id":"https:\/\/www.lupatomeccanica.com\/es\/producto\/herramientas\/herramientas-sector-piedra\/sumo\/sumo-3-9-o-150-mm-m14\/#breadcrumb"},"inLanguage":"es","potentialAction":[{"@type":"ReadAction","target":["https:\/\/www.lupatomeccanica.com\/es\/producto\/herramientas\/herramientas-sector-piedra\/sumo\/sumo-3-9-o-150-mm-m14\/"]}]},{"@type":"ImageObject","inLanguage":"es","@id":"https:\/\/www.lupatomeccanica.com\/es\/producto\/herramientas\/herramientas-sector-piedra\/sumo\/sumo-3-9-o-150-mm-m14\/#primaryimage","url":"https:\/\/www.lupatomeccanica.com\/wp-content\/uploads\/lupato-meccanica-sumo-3-9-scaled.jpg","contentUrl":"https:\/\/www.lupatomeccanica.com\/wp-content\/uploads\/lupato-meccanica-sumo-3-9-scaled.jpg","width":2560,"height":2560},{"@type":"BreadcrumbList","@id":"https:\/\/www.lupatomeccanica.com\/es\/producto\/herramientas\/herramientas-sector-piedra\/sumo\/sumo-3-9-o-150-mm-m14\/#breadcrumb","itemListElement":[{"@type":"ListItem","position":1,"name":"Home","item":"https:\/\/www.lupatomeccanica.com\/es\/lupato-meccanica-2\/"},{"@type":"ListItem","position":2,"name":"Tienda","item":"https:\/\/www.lupatomeccanica.com\/es\/tienda\/"},{"@type":"ListItem","position":3,"name":"Sumo 3\/9 \u00d8 150 mm M14"}]},{"@type":"WebSite","@id":"https:\/\/www.lupatomeccanica.com\/es\/#website","url":"https:\/\/www.lupatomeccanica.com\/es\/","name":"Lupato Meccanica","description":"Utensili per finiture grezze su pietra e calcestruzzo","publisher":{"@id":"https:\/\/www.lupatomeccanica.com\/es\/#organization"},"potentialAction":[{"@type":"SearchAction","target":{"@type":"EntryPoint","urlTemplate":"https:\/\/www.lupatomeccanica.com\/es\/?s={search_term_string}"},"query-input":{"@type":"PropertyValueSpecification","valueRequired":true,"valueName":"search_term_string"}}],"inLanguage":"es"},{"@type":"Organization","@id":"https:\/\/www.lupatomeccanica.com\/es\/#organization","name":"Lupato Meccanica","url":"https:\/\/www.lupatomeccanica.com\/es\/","logo":{"@type":"ImageObject","inLanguage":"es","@id":"https:\/\/www.lupatomeccanica.com\/es\/#\/schema\/logo\/image\/","url":"https:\/\/lupatomeccanica.com\/wp-content\/uploads\/logo-admin.png","contentUrl":"https:\/\/lupatomeccanica.com\/wp-content\/uploads\/logo-admin.png","width":300,"height":59,"caption":"Lupato Meccanica"},"image":{"@id":"https:\/\/www.lupatomeccanica.com\/es\/#\/schema\/logo\/image\/"},"sameAs":["https:\/\/www.linkedin.com\/company\/26996783\/","https:\/\/www.youtube.com\/user\/LupatoMeccanica"]}]}},"_links":{"self":[{"href":"https:\/\/www.lupatomeccanica.com\/es\/wp-json\/wp\/v2\/product\/10939","targetHints":{"allow":["GET"]}}],"collection":[{"href":"https:\/\/www.lupatomeccanica.com\/es\/wp-json\/wp\/v2\/product"}],"about":[{"href":"https:\/\/www.lupatomeccanica.com\/es\/wp-json\/wp\/v2\/types\/product"}],"wp:featuredmedia":[{"embeddable":true,"href":"https:\/\/www.lupatomeccanica.com\/es\/wp-json\/wp\/v2\/media\/10400"}],"wp:attachment":[{"href":"https:\/\/www.lupatomeccanica.com\/es\/wp-json\/wp\/v2\/media?parent=10939"}],"wp:term":[{"taxonomy":"product_brand","embeddable":true,"href":"https:\/\/www.lupatomeccanica.com\/es\/wp-json\/wp\/v2\/product_brand?post=10939"},{"taxonomy":"product_cat","embeddable":true,"href":"https:\/\/www.lupatomeccanica.com\/es\/wp-json\/wp\/v2\/product_cat?post=10939"},{"taxonomy":"product_tag","embeddable":true,"href":"https:\/\/www.lupatomeccanica.com\/es\/wp-json\/wp\/v2\/product_tag?post=10939"}],"curies":[{"name":"wp","href":"https:\/\/api.w.org\/{rel}","templated":true}]}}