{"id":10912,"date":"2021-09-14T16:03:38","date_gmt":"2021-09-14T16:03:38","guid":{"rendered":"https:\/\/lupatomeccanica.com\/prodotto\/sin%20categor\u00eda\/protezione-utensili-o150-mm-con-guida-m14\/"},"modified":"2023-05-29T13:32:28","modified_gmt":"2023-05-29T13:32:28","slug":"proteccion-de-herramientas-o-150-mm-con-guia-m14","status":"publish","type":"product","link":"https:\/\/www.lupatomeccanica.com\/es\/producto\/herramientas\/herramientas-sector-piedra\/tanga-4\/proteccion-de-herramientas-o-150-mm-con-guia-m14\/","title":{"rendered":"Protecci\u00f3n de herramientas \u00d8 150 mm con gu\u00eda M14"},"content":{"rendered":"","protected":false},"excerpt":{"rendered":"<p>La protecci\u00f3n de herramientas \u00f8 150 mm con gu\u00eda es una protecci\u00f3n met\u00e1lica con mango para amoladora angular, dentro de la cual se pueden montar las herramientas Tanga 4.<br \/>\nIncorpora una gu\u00eda ajustable para la realizaci\u00f3n de las bandas anti deslizantes, incluso en pelda\u00f1os ya colocados.<\/p>\n","protected":false},"featured_media":10416,"template":"","meta":{"_acf_changed":false,"inline_featured_image":false},"product_brand":[],"product_cat":[568],"product_tag":[],"class_list":{"0":"post-10912","1":"product","2":"type-product","3":"status-publish","4":"has-post-thumbnail","6":"product_cat-tanga-4","8":"first","9":"instock","10":"product-type-simple"},"acf":[],"yoast_head":"<!-- This site is optimized with the Yoast SEO plugin v27.3 - https:\/\/yoast.com\/product\/yoast-seo-wordpress\/ -->\n<title>Protecci\u00f3n de herramientas \u00d8 150 mm con gu\u00eda M14 - Lupato Meccanica<\/title>\n<meta name=\"description\" content=\"La protecci\u00f3n de herramientas \u00f8 150 mm con gu\u00eda es una protecci\u00f3n met\u00e1lica con mango para amoladora angular, dentro de la cual se pueden montar las herramientas Tanga 4. Incorpora una gu\u00eda ajustable para la realizaci\u00f3n de las bandas anti deslizantes, incluso en pelda\u00f1os ya colocados.\" \/>\n<meta name=\"robots\" content=\"index, follow, max-snippet:-1, max-image-preview:large, max-video-preview:-1\" \/>\n<link rel=\"canonical\" href=\"https:\/\/www.lupatomeccanica.com\/es\/producto\/herramientas\/herramientas-sector-piedra\/tanga-4\/proteccion-de-herramientas-o-150-mm-con-guia-m14\/\" \/>\n<meta property=\"og:locale\" content=\"es_ES\" \/>\n<meta property=\"og:type\" content=\"article\" \/>\n<meta property=\"og:title\" content=\"Protecci\u00f3n de herramientas \u00d8 150 mm con gu\u00eda M14 - Lupato Meccanica\" \/>\n<meta property=\"og:description\" content=\"La protecci\u00f3n de herramientas \u00f8 150 mm con gu\u00eda es una protecci\u00f3n met\u00e1lica con mango para amoladora angular, dentro de la cual se pueden montar las herramientas Tanga 4. Incorpora una gu\u00eda ajustable para la realizaci\u00f3n de las bandas anti deslizantes, incluso en pelda\u00f1os ya colocados.\" \/>\n<meta property=\"og:url\" content=\"https:\/\/www.lupatomeccanica.com\/es\/producto\/herramientas\/herramientas-sector-piedra\/tanga-4\/proteccion-de-herramientas-o-150-mm-con-guia-m14\/\" \/>\n<meta property=\"og:site_name\" content=\"Lupato Meccanica\" \/>\n<meta property=\"article:modified_time\" content=\"2023-05-29T13:32:28+00:00\" \/>\n<meta property=\"og:image\" content=\"https:\/\/www.lupatomeccanica.com\/wp-content\/uploads\/lupato-meccanica-protezione-utensile-o150-con-guida.jpg\" \/>\n\t<meta property=\"og:image:width\" content=\"800\" \/>\n\t<meta property=\"og:image:height\" content=\"800\" \/>\n\t<meta property=\"og:image:type\" content=\"image\/jpeg\" \/>\n<meta name=\"twitter:card\" content=\"summary_large_image\" \/>\n<script type=\"application\/ld+json\" class=\"yoast-schema-graph\">{\"@context\":\"https:\\\/\\\/schema.org\",\"@graph\":[{\"@type\":\"WebPage\",\"@id\":\"https:\\\/\\\/www.lupatomeccanica.com\\\/es\\\/producto\\\/herramientas\\\/herramientas-sector-piedra\\\/tanga-4\\\/proteccion-de-herramientas-o-150-mm-con-guia-m14\\\/\",\"url\":\"https:\\\/\\\/www.lupatomeccanica.com\\\/es\\\/producto\\\/herramientas\\\/herramientas-sector-piedra\\\/tanga-4\\\/proteccion-de-herramientas-o-150-mm-con-guia-m14\\\/\",\"name\":\"Protecci\u00f3n de herramientas \u00d8 150 mm con gu\u00eda M14 - Lupato Meccanica\",\"isPartOf\":{\"@id\":\"https:\\\/\\\/www.lupatomeccanica.com\\\/es\\\/#website\"},\"primaryImageOfPage\":{\"@id\":\"https:\\\/\\\/www.lupatomeccanica.com\\\/es\\\/producto\\\/herramientas\\\/herramientas-sector-piedra\\\/tanga-4\\\/proteccion-de-herramientas-o-150-mm-con-guia-m14\\\/#primaryimage\"},\"image\":{\"@id\":\"https:\\\/\\\/www.lupatomeccanica.com\\\/es\\\/producto\\\/herramientas\\\/herramientas-sector-piedra\\\/tanga-4\\\/proteccion-de-herramientas-o-150-mm-con-guia-m14\\\/#primaryimage\"},\"thumbnailUrl\":\"https:\\\/\\\/www.lupatomeccanica.com\\\/wp-content\\\/uploads\\\/lupato-meccanica-protezione-utensile-o150-con-guida.jpg\",\"datePublished\":\"2021-09-14T16:03:38+00:00\",\"dateModified\":\"2023-05-29T13:32:28+00:00\",\"description\":\"La protecci\u00f3n de herramientas \u00f8 150 mm con gu\u00eda es una protecci\u00f3n met\u00e1lica con mango para amoladora angular, dentro de la cual se pueden montar las herramientas Tanga 4. Incorpora una gu\u00eda ajustable para la realizaci\u00f3n de las bandas anti deslizantes, incluso en pelda\u00f1os ya colocados.\",\"breadcrumb\":{\"@id\":\"https:\\\/\\\/www.lupatomeccanica.com\\\/es\\\/producto\\\/herramientas\\\/herramientas-sector-piedra\\\/tanga-4\\\/proteccion-de-herramientas-o-150-mm-con-guia-m14\\\/#breadcrumb\"},\"inLanguage\":\"es\",\"potentialAction\":[{\"@type\":\"ReadAction\",\"target\":[\"https:\\\/\\\/www.lupatomeccanica.com\\\/es\\\/producto\\\/herramientas\\\/herramientas-sector-piedra\\\/tanga-4\\\/proteccion-de-herramientas-o-150-mm-con-guia-m14\\\/\"]}]},{\"@type\":\"ImageObject\",\"inLanguage\":\"es\",\"@id\":\"https:\\\/\\\/www.lupatomeccanica.com\\\/es\\\/producto\\\/herramientas\\\/herramientas-sector-piedra\\\/tanga-4\\\/proteccion-de-herramientas-o-150-mm-con-guia-m14\\\/#primaryimage\",\"url\":\"https:\\\/\\\/www.lupatomeccanica.com\\\/wp-content\\\/uploads\\\/lupato-meccanica-protezione-utensile-o150-con-guida.jpg\",\"contentUrl\":\"https:\\\/\\\/www.lupatomeccanica.com\\\/wp-content\\\/uploads\\\/lupato-meccanica-protezione-utensile-o150-con-guida.jpg\",\"width\":800,\"height\":800},{\"@type\":\"BreadcrumbList\",\"@id\":\"https:\\\/\\\/www.lupatomeccanica.com\\\/es\\\/producto\\\/herramientas\\\/herramientas-sector-piedra\\\/tanga-4\\\/proteccion-de-herramientas-o-150-mm-con-guia-m14\\\/#breadcrumb\",\"itemListElement\":[{\"@type\":\"ListItem\",\"position\":1,\"name\":\"Home\",\"item\":\"https:\\\/\\\/www.lupatomeccanica.com\\\/es\\\/lupato-meccanica-2\\\/\"},{\"@type\":\"ListItem\",\"position\":2,\"name\":\"Tienda\",\"item\":\"https:\\\/\\\/www.lupatomeccanica.com\\\/es\\\/tienda\\\/\"},{\"@type\":\"ListItem\",\"position\":3,\"name\":\"Protecci\u00f3n de herramientas \u00d8 150 mm con gu\u00eda M14\"}]},{\"@type\":\"WebSite\",\"@id\":\"https:\\\/\\\/www.lupatomeccanica.com\\\/es\\\/#website\",\"url\":\"https:\\\/\\\/www.lupatomeccanica.com\\\/es\\\/\",\"name\":\"Lupato Meccanica\",\"description\":\"Utensili per finiture grezze su pietra e calcestruzzo\",\"publisher\":{\"@id\":\"https:\\\/\\\/www.lupatomeccanica.com\\\/es\\\/#organization\"},\"potentialAction\":[{\"@type\":\"SearchAction\",\"target\":{\"@type\":\"EntryPoint\",\"urlTemplate\":\"https:\\\/\\\/www.lupatomeccanica.com\\\/es\\\/?s={search_term_string}\"},\"query-input\":{\"@type\":\"PropertyValueSpecification\",\"valueRequired\":true,\"valueName\":\"search_term_string\"}}],\"inLanguage\":\"es\"},{\"@type\":\"Organization\",\"@id\":\"https:\\\/\\\/www.lupatomeccanica.com\\\/es\\\/#organization\",\"name\":\"Lupato Meccanica\",\"url\":\"https:\\\/\\\/www.lupatomeccanica.com\\\/es\\\/\",\"logo\":{\"@type\":\"ImageObject\",\"inLanguage\":\"es\",\"@id\":\"https:\\\/\\\/www.lupatomeccanica.com\\\/es\\\/#\\\/schema\\\/logo\\\/image\\\/\",\"url\":\"https:\\\/\\\/lupatomeccanica.com\\\/wp-content\\\/uploads\\\/logo-admin.png\",\"contentUrl\":\"https:\\\/\\\/lupatomeccanica.com\\\/wp-content\\\/uploads\\\/logo-admin.png\",\"width\":300,\"height\":59,\"caption\":\"Lupato Meccanica\"},\"image\":{\"@id\":\"https:\\\/\\\/www.lupatomeccanica.com\\\/es\\\/#\\\/schema\\\/logo\\\/image\\\/\"},\"sameAs\":[\"https:\\\/\\\/www.linkedin.com\\\/company\\\/26996783\\\/\",\"https:\\\/\\\/www.youtube.com\\\/user\\\/LupatoMeccanica\"]}]}<\/script>\n<!-- \/ Yoast SEO plugin. -->","yoast_head_json":{"title":"Protecci\u00f3n de herramientas \u00d8 150 mm con gu\u00eda M14 - Lupato Meccanica","description":"La protecci\u00f3n de herramientas \u00f8 150 mm con gu\u00eda es una protecci\u00f3n met\u00e1lica con mango para amoladora angular, dentro de la cual se pueden montar las herramientas Tanga 4. Incorpora una gu\u00eda ajustable para la realizaci\u00f3n de las bandas anti deslizantes, incluso en pelda\u00f1os ya colocados.","robots":{"index":"index","follow":"follow","max-snippet":"max-snippet:-1","max-image-preview":"max-image-preview:large","max-video-preview":"max-video-preview:-1"},"canonical":"https:\/\/www.lupatomeccanica.com\/es\/producto\/herramientas\/herramientas-sector-piedra\/tanga-4\/proteccion-de-herramientas-o-150-mm-con-guia-m14\/","og_locale":"es_ES","og_type":"article","og_title":"Protecci\u00f3n de herramientas \u00d8 150 mm con gu\u00eda M14 - Lupato Meccanica","og_description":"La protecci\u00f3n de herramientas \u00f8 150 mm con gu\u00eda es una protecci\u00f3n met\u00e1lica con mango para amoladora angular, dentro de la cual se pueden montar las herramientas Tanga 4. Incorpora una gu\u00eda ajustable para la realizaci\u00f3n de las bandas anti deslizantes, incluso en pelda\u00f1os ya colocados.","og_url":"https:\/\/www.lupatomeccanica.com\/es\/producto\/herramientas\/herramientas-sector-piedra\/tanga-4\/proteccion-de-herramientas-o-150-mm-con-guia-m14\/","og_site_name":"Lupato Meccanica","article_modified_time":"2023-05-29T13:32:28+00:00","og_image":[{"width":800,"height":800,"url":"https:\/\/www.lupatomeccanica.com\/wp-content\/uploads\/lupato-meccanica-protezione-utensile-o150-con-guida.jpg","type":"image\/jpeg"}],"twitter_card":"summary_large_image","schema":{"@context":"https:\/\/schema.org","@graph":[{"@type":"WebPage","@id":"https:\/\/www.lupatomeccanica.com\/es\/producto\/herramientas\/herramientas-sector-piedra\/tanga-4\/proteccion-de-herramientas-o-150-mm-con-guia-m14\/","url":"https:\/\/www.lupatomeccanica.com\/es\/producto\/herramientas\/herramientas-sector-piedra\/tanga-4\/proteccion-de-herramientas-o-150-mm-con-guia-m14\/","name":"Protecci\u00f3n de herramientas \u00d8 150 mm con gu\u00eda M14 - Lupato Meccanica","isPartOf":{"@id":"https:\/\/www.lupatomeccanica.com\/es\/#website"},"primaryImageOfPage":{"@id":"https:\/\/www.lupatomeccanica.com\/es\/producto\/herramientas\/herramientas-sector-piedra\/tanga-4\/proteccion-de-herramientas-o-150-mm-con-guia-m14\/#primaryimage"},"image":{"@id":"https:\/\/www.lupatomeccanica.com\/es\/producto\/herramientas\/herramientas-sector-piedra\/tanga-4\/proteccion-de-herramientas-o-150-mm-con-guia-m14\/#primaryimage"},"thumbnailUrl":"https:\/\/www.lupatomeccanica.com\/wp-content\/uploads\/lupato-meccanica-protezione-utensile-o150-con-guida.jpg","datePublished":"2021-09-14T16:03:38+00:00","dateModified":"2023-05-29T13:32:28+00:00","description":"La protecci\u00f3n de herramientas \u00f8 150 mm con gu\u00eda es una protecci\u00f3n met\u00e1lica con mango para amoladora angular, dentro de la cual se pueden montar las herramientas Tanga 4. Incorpora una gu\u00eda ajustable para la realizaci\u00f3n de las bandas anti deslizantes, incluso en pelda\u00f1os ya colocados.","breadcrumb":{"@id":"https:\/\/www.lupatomeccanica.com\/es\/producto\/herramientas\/herramientas-sector-piedra\/tanga-4\/proteccion-de-herramientas-o-150-mm-con-guia-m14\/#breadcrumb"},"inLanguage":"es","potentialAction":[{"@type":"ReadAction","target":["https:\/\/www.lupatomeccanica.com\/es\/producto\/herramientas\/herramientas-sector-piedra\/tanga-4\/proteccion-de-herramientas-o-150-mm-con-guia-m14\/"]}]},{"@type":"ImageObject","inLanguage":"es","@id":"https:\/\/www.lupatomeccanica.com\/es\/producto\/herramientas\/herramientas-sector-piedra\/tanga-4\/proteccion-de-herramientas-o-150-mm-con-guia-m14\/#primaryimage","url":"https:\/\/www.lupatomeccanica.com\/wp-content\/uploads\/lupato-meccanica-protezione-utensile-o150-con-guida.jpg","contentUrl":"https:\/\/www.lupatomeccanica.com\/wp-content\/uploads\/lupato-meccanica-protezione-utensile-o150-con-guida.jpg","width":800,"height":800},{"@type":"BreadcrumbList","@id":"https:\/\/www.lupatomeccanica.com\/es\/producto\/herramientas\/herramientas-sector-piedra\/tanga-4\/proteccion-de-herramientas-o-150-mm-con-guia-m14\/#breadcrumb","itemListElement":[{"@type":"ListItem","position":1,"name":"Home","item":"https:\/\/www.lupatomeccanica.com\/es\/lupato-meccanica-2\/"},{"@type":"ListItem","position":2,"name":"Tienda","item":"https:\/\/www.lupatomeccanica.com\/es\/tienda\/"},{"@type":"ListItem","position":3,"name":"Protecci\u00f3n de herramientas \u00d8 150 mm con gu\u00eda M14"}]},{"@type":"WebSite","@id":"https:\/\/www.lupatomeccanica.com\/es\/#website","url":"https:\/\/www.lupatomeccanica.com\/es\/","name":"Lupato Meccanica","description":"Utensili per finiture grezze su pietra e calcestruzzo","publisher":{"@id":"https:\/\/www.lupatomeccanica.com\/es\/#organization"},"potentialAction":[{"@type":"SearchAction","target":{"@type":"EntryPoint","urlTemplate":"https:\/\/www.lupatomeccanica.com\/es\/?s={search_term_string}"},"query-input":{"@type":"PropertyValueSpecification","valueRequired":true,"valueName":"search_term_string"}}],"inLanguage":"es"},{"@type":"Organization","@id":"https:\/\/www.lupatomeccanica.com\/es\/#organization","name":"Lupato Meccanica","url":"https:\/\/www.lupatomeccanica.com\/es\/","logo":{"@type":"ImageObject","inLanguage":"es","@id":"https:\/\/www.lupatomeccanica.com\/es\/#\/schema\/logo\/image\/","url":"https:\/\/lupatomeccanica.com\/wp-content\/uploads\/logo-admin.png","contentUrl":"https:\/\/lupatomeccanica.com\/wp-content\/uploads\/logo-admin.png","width":300,"height":59,"caption":"Lupato Meccanica"},"image":{"@id":"https:\/\/www.lupatomeccanica.com\/es\/#\/schema\/logo\/image\/"},"sameAs":["https:\/\/www.linkedin.com\/company\/26996783\/","https:\/\/www.youtube.com\/user\/LupatoMeccanica"]}]}},"_links":{"self":[{"href":"https:\/\/www.lupatomeccanica.com\/es\/wp-json\/wp\/v2\/product\/10912","targetHints":{"allow":["GET"]}}],"collection":[{"href":"https:\/\/www.lupatomeccanica.com\/es\/wp-json\/wp\/v2\/product"}],"about":[{"href":"https:\/\/www.lupatomeccanica.com\/es\/wp-json\/wp\/v2\/types\/product"}],"wp:featuredmedia":[{"embeddable":true,"href":"https:\/\/www.lupatomeccanica.com\/es\/wp-json\/wp\/v2\/media\/10416"}],"wp:attachment":[{"href":"https:\/\/www.lupatomeccanica.com\/es\/wp-json\/wp\/v2\/media?parent=10912"}],"wp:term":[{"taxonomy":"product_brand","embeddable":true,"href":"https:\/\/www.lupatomeccanica.com\/es\/wp-json\/wp\/v2\/product_brand?post=10912"},{"taxonomy":"product_cat","embeddable":true,"href":"https:\/\/www.lupatomeccanica.com\/es\/wp-json\/wp\/v2\/product_cat?post=10912"},{"taxonomy":"product_tag","embeddable":true,"href":"https:\/\/www.lupatomeccanica.com\/es\/wp-json\/wp\/v2\/product_tag?post=10912"}],"curies":[{"name":"wp","href":"https:\/\/api.w.org\/{rel}","templated":true}]}}