{"id":10891,"date":"2021-09-14T16:04:45","date_gmt":"2021-09-14T16:04:45","guid":{"rendered":"https:\/\/lupatomeccanica.com\/prodotto\/sin%20categor\u00eda\/protezione-micra-con-guida-m14\/"},"modified":"2023-05-29T13:33:18","modified_gmt":"2023-05-29T13:33:18","slug":"proteccion-micra-con-guia-m14","status":"publish","type":"product","link":"https:\/\/www.lupatomeccanica.com\/es\/producto\/herramientas\/herramientas-sector-piedra\/micra\/proteccion-micra-con-guia-m14\/","title":{"rendered":"Protecci\u00f3n Micra con gu\u00eda M14"},"content":{"rendered":"","protected":false},"excerpt":{"rendered":"<p>La protecci\u00f3n Micra con gu\u00eda es una protecci\u00f3n met\u00e1lica con mango para pulidora port\u00e1til angular, dentro de la cual se puede montar la herramienta Micra.<br \/>\nIncorpora una gu\u00eda ajustable para la realizaci\u00f3n de las bandas anti deslizantes.<\/p>\n","protected":false},"featured_media":17245,"template":"","meta":{"_acf_changed":false,"inline_featured_image":false},"product_brand":[],"product_cat":[569],"product_tag":[],"class_list":{"0":"post-10891","1":"product","2":"type-product","3":"status-publish","4":"has-post-thumbnail","6":"product_cat-micra","8":"first","9":"instock","10":"product-type-simple"},"acf":[],"yoast_head":"<!-- This site is optimized with the Yoast SEO plugin v27.3 - https:\/\/yoast.com\/product\/yoast-seo-wordpress\/ -->\n<title>Protecci\u00f3n Micra con gu\u00eda M14 - Lupato Meccanica<\/title>\n<meta name=\"description\" content=\"La protecci\u00f3n Micra con gu\u00eda es una protecci\u00f3n met\u00e1lica con mango para pulidora port\u00e1til angular, dentro de la cual se puede montar la herramienta Micra. Incorpora una gu\u00eda ajustable para la realizaci\u00f3n de las bandas anti deslizantes.\" \/>\n<meta name=\"robots\" content=\"index, follow, max-snippet:-1, max-image-preview:large, max-video-preview:-1\" \/>\n<link rel=\"canonical\" href=\"https:\/\/www.lupatomeccanica.com\/es\/producto\/herramientas\/herramientas-sector-piedra\/micra\/proteccion-micra-con-guia-m14\/\" \/>\n<meta property=\"og:locale\" content=\"es_ES\" \/>\n<meta property=\"og:type\" content=\"article\" \/>\n<meta property=\"og:title\" content=\"Protecci\u00f3n Micra con gu\u00eda M14 - Lupato Meccanica\" \/>\n<meta property=\"og:description\" content=\"La protecci\u00f3n Micra con gu\u00eda es una protecci\u00f3n met\u00e1lica con mango para pulidora port\u00e1til angular, dentro de la cual se puede montar la herramienta Micra. Incorpora una gu\u00eda ajustable para la realizaci\u00f3n de las bandas anti deslizantes.\" \/>\n<meta property=\"og:url\" content=\"https:\/\/www.lupatomeccanica.com\/es\/producto\/herramientas\/herramientas-sector-piedra\/micra\/proteccion-micra-con-guia-m14\/\" \/>\n<meta property=\"og:site_name\" content=\"Lupato Meccanica\" \/>\n<meta property=\"article:modified_time\" content=\"2023-05-29T13:33:18+00:00\" \/>\n<meta property=\"og:image\" content=\"https:\/\/www.lupatomeccanica.com\/wp-content\/uploads\/lupato-meccanica-protezione-micra-con-guida.jpg\" \/>\n\t<meta property=\"og:image:width\" content=\"800\" \/>\n\t<meta property=\"og:image:height\" content=\"800\" \/>\n\t<meta property=\"og:image:type\" content=\"image\/jpeg\" \/>\n<meta name=\"twitter:card\" content=\"summary_large_image\" \/>\n<script type=\"application\/ld+json\" class=\"yoast-schema-graph\">{\"@context\":\"https:\\\/\\\/schema.org\",\"@graph\":[{\"@type\":\"WebPage\",\"@id\":\"https:\\\/\\\/www.lupatomeccanica.com\\\/es\\\/producto\\\/herramientas\\\/herramientas-sector-piedra\\\/micra\\\/proteccion-micra-con-guia-m14\\\/\",\"url\":\"https:\\\/\\\/www.lupatomeccanica.com\\\/es\\\/producto\\\/herramientas\\\/herramientas-sector-piedra\\\/micra\\\/proteccion-micra-con-guia-m14\\\/\",\"name\":\"Protecci\u00f3n Micra con gu\u00eda M14 - Lupato Meccanica\",\"isPartOf\":{\"@id\":\"https:\\\/\\\/www.lupatomeccanica.com\\\/es\\\/#website\"},\"primaryImageOfPage\":{\"@id\":\"https:\\\/\\\/www.lupatomeccanica.com\\\/es\\\/producto\\\/herramientas\\\/herramientas-sector-piedra\\\/micra\\\/proteccion-micra-con-guia-m14\\\/#primaryimage\"},\"image\":{\"@id\":\"https:\\\/\\\/www.lupatomeccanica.com\\\/es\\\/producto\\\/herramientas\\\/herramientas-sector-piedra\\\/micra\\\/proteccion-micra-con-guia-m14\\\/#primaryimage\"},\"thumbnailUrl\":\"https:\\\/\\\/www.lupatomeccanica.com\\\/wp-content\\\/uploads\\\/lupato-meccanica-protezione-micra-con-guida.jpg\",\"datePublished\":\"2021-09-14T16:04:45+00:00\",\"dateModified\":\"2023-05-29T13:33:18+00:00\",\"description\":\"La protecci\u00f3n Micra con gu\u00eda es una protecci\u00f3n met\u00e1lica con mango para pulidora port\u00e1til angular, dentro de la cual se puede montar la herramienta Micra. Incorpora una gu\u00eda ajustable para la realizaci\u00f3n de las bandas anti deslizantes.\",\"breadcrumb\":{\"@id\":\"https:\\\/\\\/www.lupatomeccanica.com\\\/es\\\/producto\\\/herramientas\\\/herramientas-sector-piedra\\\/micra\\\/proteccion-micra-con-guia-m14\\\/#breadcrumb\"},\"inLanguage\":\"es\",\"potentialAction\":[{\"@type\":\"ReadAction\",\"target\":[\"https:\\\/\\\/www.lupatomeccanica.com\\\/es\\\/producto\\\/herramientas\\\/herramientas-sector-piedra\\\/micra\\\/proteccion-micra-con-guia-m14\\\/\"]}]},{\"@type\":\"ImageObject\",\"inLanguage\":\"es\",\"@id\":\"https:\\\/\\\/www.lupatomeccanica.com\\\/es\\\/producto\\\/herramientas\\\/herramientas-sector-piedra\\\/micra\\\/proteccion-micra-con-guia-m14\\\/#primaryimage\",\"url\":\"https:\\\/\\\/www.lupatomeccanica.com\\\/wp-content\\\/uploads\\\/lupato-meccanica-protezione-micra-con-guida.jpg\",\"contentUrl\":\"https:\\\/\\\/www.lupatomeccanica.com\\\/wp-content\\\/uploads\\\/lupato-meccanica-protezione-micra-con-guida.jpg\",\"width\":800,\"height\":800},{\"@type\":\"BreadcrumbList\",\"@id\":\"https:\\\/\\\/www.lupatomeccanica.com\\\/es\\\/producto\\\/herramientas\\\/herramientas-sector-piedra\\\/micra\\\/proteccion-micra-con-guia-m14\\\/#breadcrumb\",\"itemListElement\":[{\"@type\":\"ListItem\",\"position\":1,\"name\":\"Home\",\"item\":\"https:\\\/\\\/www.lupatomeccanica.com\\\/es\\\/lupato-meccanica-2\\\/\"},{\"@type\":\"ListItem\",\"position\":2,\"name\":\"Tienda\",\"item\":\"https:\\\/\\\/www.lupatomeccanica.com\\\/es\\\/tienda\\\/\"},{\"@type\":\"ListItem\",\"position\":3,\"name\":\"Protecci\u00f3n Micra con gu\u00eda M14\"}]},{\"@type\":\"WebSite\",\"@id\":\"https:\\\/\\\/www.lupatomeccanica.com\\\/es\\\/#website\",\"url\":\"https:\\\/\\\/www.lupatomeccanica.com\\\/es\\\/\",\"name\":\"Lupato Meccanica\",\"description\":\"Utensili per finiture grezze su pietra e calcestruzzo\",\"publisher\":{\"@id\":\"https:\\\/\\\/www.lupatomeccanica.com\\\/es\\\/#organization\"},\"potentialAction\":[{\"@type\":\"SearchAction\",\"target\":{\"@type\":\"EntryPoint\",\"urlTemplate\":\"https:\\\/\\\/www.lupatomeccanica.com\\\/es\\\/?s={search_term_string}\"},\"query-input\":{\"@type\":\"PropertyValueSpecification\",\"valueRequired\":true,\"valueName\":\"search_term_string\"}}],\"inLanguage\":\"es\"},{\"@type\":\"Organization\",\"@id\":\"https:\\\/\\\/www.lupatomeccanica.com\\\/es\\\/#organization\",\"name\":\"Lupato Meccanica\",\"url\":\"https:\\\/\\\/www.lupatomeccanica.com\\\/es\\\/\",\"logo\":{\"@type\":\"ImageObject\",\"inLanguage\":\"es\",\"@id\":\"https:\\\/\\\/www.lupatomeccanica.com\\\/es\\\/#\\\/schema\\\/logo\\\/image\\\/\",\"url\":\"https:\\\/\\\/lupatomeccanica.com\\\/wp-content\\\/uploads\\\/logo-admin.png\",\"contentUrl\":\"https:\\\/\\\/lupatomeccanica.com\\\/wp-content\\\/uploads\\\/logo-admin.png\",\"width\":300,\"height\":59,\"caption\":\"Lupato Meccanica\"},\"image\":{\"@id\":\"https:\\\/\\\/www.lupatomeccanica.com\\\/es\\\/#\\\/schema\\\/logo\\\/image\\\/\"},\"sameAs\":[\"https:\\\/\\\/www.linkedin.com\\\/company\\\/26996783\\\/\",\"https:\\\/\\\/www.youtube.com\\\/user\\\/LupatoMeccanica\"]}]}<\/script>\n<!-- \/ Yoast SEO plugin. -->","yoast_head_json":{"title":"Protecci\u00f3n Micra con gu\u00eda M14 - Lupato Meccanica","description":"La protecci\u00f3n Micra con gu\u00eda es una protecci\u00f3n met\u00e1lica con mango para pulidora port\u00e1til angular, dentro de la cual se puede montar la herramienta Micra. Incorpora una gu\u00eda ajustable para la realizaci\u00f3n de las bandas anti deslizantes.","robots":{"index":"index","follow":"follow","max-snippet":"max-snippet:-1","max-image-preview":"max-image-preview:large","max-video-preview":"max-video-preview:-1"},"canonical":"https:\/\/www.lupatomeccanica.com\/es\/producto\/herramientas\/herramientas-sector-piedra\/micra\/proteccion-micra-con-guia-m14\/","og_locale":"es_ES","og_type":"article","og_title":"Protecci\u00f3n Micra con gu\u00eda M14 - Lupato Meccanica","og_description":"La protecci\u00f3n Micra con gu\u00eda es una protecci\u00f3n met\u00e1lica con mango para pulidora port\u00e1til angular, dentro de la cual se puede montar la herramienta Micra. Incorpora una gu\u00eda ajustable para la realizaci\u00f3n de las bandas anti deslizantes.","og_url":"https:\/\/www.lupatomeccanica.com\/es\/producto\/herramientas\/herramientas-sector-piedra\/micra\/proteccion-micra-con-guia-m14\/","og_site_name":"Lupato Meccanica","article_modified_time":"2023-05-29T13:33:18+00:00","og_image":[{"width":800,"height":800,"url":"https:\/\/www.lupatomeccanica.com\/wp-content\/uploads\/lupato-meccanica-protezione-micra-con-guida.jpg","type":"image\/jpeg"}],"twitter_card":"summary_large_image","schema":{"@context":"https:\/\/schema.org","@graph":[{"@type":"WebPage","@id":"https:\/\/www.lupatomeccanica.com\/es\/producto\/herramientas\/herramientas-sector-piedra\/micra\/proteccion-micra-con-guia-m14\/","url":"https:\/\/www.lupatomeccanica.com\/es\/producto\/herramientas\/herramientas-sector-piedra\/micra\/proteccion-micra-con-guia-m14\/","name":"Protecci\u00f3n Micra con gu\u00eda M14 - Lupato Meccanica","isPartOf":{"@id":"https:\/\/www.lupatomeccanica.com\/es\/#website"},"primaryImageOfPage":{"@id":"https:\/\/www.lupatomeccanica.com\/es\/producto\/herramientas\/herramientas-sector-piedra\/micra\/proteccion-micra-con-guia-m14\/#primaryimage"},"image":{"@id":"https:\/\/www.lupatomeccanica.com\/es\/producto\/herramientas\/herramientas-sector-piedra\/micra\/proteccion-micra-con-guia-m14\/#primaryimage"},"thumbnailUrl":"https:\/\/www.lupatomeccanica.com\/wp-content\/uploads\/lupato-meccanica-protezione-micra-con-guida.jpg","datePublished":"2021-09-14T16:04:45+00:00","dateModified":"2023-05-29T13:33:18+00:00","description":"La protecci\u00f3n Micra con gu\u00eda es una protecci\u00f3n met\u00e1lica con mango para pulidora port\u00e1til angular, dentro de la cual se puede montar la herramienta Micra. Incorpora una gu\u00eda ajustable para la realizaci\u00f3n de las bandas anti deslizantes.","breadcrumb":{"@id":"https:\/\/www.lupatomeccanica.com\/es\/producto\/herramientas\/herramientas-sector-piedra\/micra\/proteccion-micra-con-guia-m14\/#breadcrumb"},"inLanguage":"es","potentialAction":[{"@type":"ReadAction","target":["https:\/\/www.lupatomeccanica.com\/es\/producto\/herramientas\/herramientas-sector-piedra\/micra\/proteccion-micra-con-guia-m14\/"]}]},{"@type":"ImageObject","inLanguage":"es","@id":"https:\/\/www.lupatomeccanica.com\/es\/producto\/herramientas\/herramientas-sector-piedra\/micra\/proteccion-micra-con-guia-m14\/#primaryimage","url":"https:\/\/www.lupatomeccanica.com\/wp-content\/uploads\/lupato-meccanica-protezione-micra-con-guida.jpg","contentUrl":"https:\/\/www.lupatomeccanica.com\/wp-content\/uploads\/lupato-meccanica-protezione-micra-con-guida.jpg","width":800,"height":800},{"@type":"BreadcrumbList","@id":"https:\/\/www.lupatomeccanica.com\/es\/producto\/herramientas\/herramientas-sector-piedra\/micra\/proteccion-micra-con-guia-m14\/#breadcrumb","itemListElement":[{"@type":"ListItem","position":1,"name":"Home","item":"https:\/\/www.lupatomeccanica.com\/es\/lupato-meccanica-2\/"},{"@type":"ListItem","position":2,"name":"Tienda","item":"https:\/\/www.lupatomeccanica.com\/es\/tienda\/"},{"@type":"ListItem","position":3,"name":"Protecci\u00f3n Micra con gu\u00eda M14"}]},{"@type":"WebSite","@id":"https:\/\/www.lupatomeccanica.com\/es\/#website","url":"https:\/\/www.lupatomeccanica.com\/es\/","name":"Lupato Meccanica","description":"Utensili per finiture grezze su pietra e calcestruzzo","publisher":{"@id":"https:\/\/www.lupatomeccanica.com\/es\/#organization"},"potentialAction":[{"@type":"SearchAction","target":{"@type":"EntryPoint","urlTemplate":"https:\/\/www.lupatomeccanica.com\/es\/?s={search_term_string}"},"query-input":{"@type":"PropertyValueSpecification","valueRequired":true,"valueName":"search_term_string"}}],"inLanguage":"es"},{"@type":"Organization","@id":"https:\/\/www.lupatomeccanica.com\/es\/#organization","name":"Lupato Meccanica","url":"https:\/\/www.lupatomeccanica.com\/es\/","logo":{"@type":"ImageObject","inLanguage":"es","@id":"https:\/\/www.lupatomeccanica.com\/es\/#\/schema\/logo\/image\/","url":"https:\/\/lupatomeccanica.com\/wp-content\/uploads\/logo-admin.png","contentUrl":"https:\/\/lupatomeccanica.com\/wp-content\/uploads\/logo-admin.png","width":300,"height":59,"caption":"Lupato Meccanica"},"image":{"@id":"https:\/\/www.lupatomeccanica.com\/es\/#\/schema\/logo\/image\/"},"sameAs":["https:\/\/www.linkedin.com\/company\/26996783\/","https:\/\/www.youtube.com\/user\/LupatoMeccanica"]}]}},"_links":{"self":[{"href":"https:\/\/www.lupatomeccanica.com\/es\/wp-json\/wp\/v2\/product\/10891","targetHints":{"allow":["GET"]}}],"collection":[{"href":"https:\/\/www.lupatomeccanica.com\/es\/wp-json\/wp\/v2\/product"}],"about":[{"href":"https:\/\/www.lupatomeccanica.com\/es\/wp-json\/wp\/v2\/types\/product"}],"wp:featuredmedia":[{"embeddable":true,"href":"https:\/\/www.lupatomeccanica.com\/es\/wp-json\/wp\/v2\/media\/17245"}],"wp:attachment":[{"href":"https:\/\/www.lupatomeccanica.com\/es\/wp-json\/wp\/v2\/media?parent=10891"}],"wp:term":[{"taxonomy":"product_brand","embeddable":true,"href":"https:\/\/www.lupatomeccanica.com\/es\/wp-json\/wp\/v2\/product_brand?post=10891"},{"taxonomy":"product_cat","embeddable":true,"href":"https:\/\/www.lupatomeccanica.com\/es\/wp-json\/wp\/v2\/product_cat?post=10891"},{"taxonomy":"product_tag","embeddable":true,"href":"https:\/\/www.lupatomeccanica.com\/es\/wp-json\/wp\/v2\/product_tag?post=10891"}],"curies":[{"name":"wp","href":"https:\/\/api.w.org\/{rel}","templated":true}]}}