{"id":10864,"date":"2021-09-14T16:06:07","date_gmt":"2021-09-14T16:06:07","guid":{"rendered":"https:\/\/lupatomeccanica.com\/prodotto\/sin%20categor\u00eda\/piko-o105-mm-5-8\/"},"modified":"2023-05-29T13:32:24","modified_gmt":"2023-05-29T13:32:24","slug":"piko-o-105-mm-5-8","status":"publish","type":"product","link":"https:\/\/www.lupatomeccanica.com\/es\/producto\/herramientas\/herramientas-sector-piedra\/piko\/piko-o-105-mm-5-8\/","title":{"rendered":"Piko \u00d8 105 mm 5\/8&#8243;"},"content":{"rendered":"","protected":false},"excerpt":{"rendered":"<p>Piko es una herramienta de 115 mm de di\u00e1metro con 6 placas para el \u00e1ngulo en l\u00ednea en m\u00e1rmoles y piedras calizas.<br \/>\nPresenta un peso elevado que permite una mayor penetraci\u00f3n de las puntas en el material, de manera que se pueda realizar un acabado grueso, normalmente imposible con una herramienta port\u00e1til.<\/p>\n","protected":false},"featured_media":10420,"template":"","meta":{"_acf_changed":false,"inline_featured_image":false},"product_brand":[],"product_cat":[570],"product_tag":[],"class_list":{"0":"post-10864","1":"product","2":"type-product","3":"status-publish","4":"has-post-thumbnail","6":"product_cat-piko","8":"first","9":"instock","10":"product-type-simple"},"acf":[],"yoast_head":"<!-- This site is optimized with the Yoast SEO plugin v27.3 - https:\/\/yoast.com\/product\/yoast-seo-wordpress\/ -->\n<title>Piko \u00d8 105 mm 5\/8&quot; - Lupato Meccanica<\/title>\n<meta name=\"description\" content=\"Piko es una herramienta de 115 mm de di\u00e1metro con 6 placas para el \u00e1ngulo en l\u00ednea en m\u00e1rmoles y piedras calizas. Presenta un peso elevado que permite una mayor penetraci\u00f3n de las puntas en el material, de manera que se pueda realizar un acabado grueso, normalmente imposible con una herramienta port\u00e1til.\" \/>\n<meta name=\"robots\" content=\"index, follow, max-snippet:-1, max-image-preview:large, max-video-preview:-1\" \/>\n<link rel=\"canonical\" href=\"https:\/\/www.lupatomeccanica.com\/es\/producto\/herramientas\/herramientas-sector-piedra\/piko\/piko-o-105-mm-5-8\/\" \/>\n<meta property=\"og:locale\" content=\"es_ES\" \/>\n<meta property=\"og:type\" content=\"article\" \/>\n<meta property=\"og:title\" content=\"Piko \u00d8 105 mm 5\/8&quot; - Lupato Meccanica\" \/>\n<meta property=\"og:description\" content=\"Piko es una herramienta de 115 mm de di\u00e1metro con 6 placas para el \u00e1ngulo en l\u00ednea en m\u00e1rmoles y piedras calizas. Presenta un peso elevado que permite una mayor penetraci\u00f3n de las puntas en el material, de manera que se pueda realizar un acabado grueso, normalmente imposible con una herramienta port\u00e1til.\" \/>\n<meta property=\"og:url\" content=\"https:\/\/www.lupatomeccanica.com\/es\/producto\/herramientas\/herramientas-sector-piedra\/piko\/piko-o-105-mm-5-8\/\" \/>\n<meta property=\"og:site_name\" content=\"Lupato Meccanica\" \/>\n<meta property=\"article:modified_time\" content=\"2023-05-29T13:32:24+00:00\" \/>\n<meta property=\"og:image\" content=\"https:\/\/www.lupatomeccanica.com\/wp-content\/uploads\/lupato-meccanica-piko-O115-scaled.jpg\" \/>\n\t<meta property=\"og:image:width\" content=\"2560\" \/>\n\t<meta property=\"og:image:height\" content=\"2560\" \/>\n\t<meta property=\"og:image:type\" content=\"image\/jpeg\" \/>\n<meta name=\"twitter:card\" content=\"summary_large_image\" \/>\n<script type=\"application\/ld+json\" class=\"yoast-schema-graph\">{\"@context\":\"https:\\\/\\\/schema.org\",\"@graph\":[{\"@type\":\"WebPage\",\"@id\":\"https:\\\/\\\/www.lupatomeccanica.com\\\/es\\\/producto\\\/herramientas\\\/herramientas-sector-piedra\\\/piko\\\/piko-o-105-mm-5-8\\\/\",\"url\":\"https:\\\/\\\/www.lupatomeccanica.com\\\/es\\\/producto\\\/herramientas\\\/herramientas-sector-piedra\\\/piko\\\/piko-o-105-mm-5-8\\\/\",\"name\":\"Piko \u00d8 105 mm 5\\\/8\\\" - Lupato Meccanica\",\"isPartOf\":{\"@id\":\"https:\\\/\\\/www.lupatomeccanica.com\\\/es\\\/#website\"},\"primaryImageOfPage\":{\"@id\":\"https:\\\/\\\/www.lupatomeccanica.com\\\/es\\\/producto\\\/herramientas\\\/herramientas-sector-piedra\\\/piko\\\/piko-o-105-mm-5-8\\\/#primaryimage\"},\"image\":{\"@id\":\"https:\\\/\\\/www.lupatomeccanica.com\\\/es\\\/producto\\\/herramientas\\\/herramientas-sector-piedra\\\/piko\\\/piko-o-105-mm-5-8\\\/#primaryimage\"},\"thumbnailUrl\":\"https:\\\/\\\/www.lupatomeccanica.com\\\/wp-content\\\/uploads\\\/lupato-meccanica-piko-O115-scaled.jpg\",\"datePublished\":\"2021-09-14T16:06:07+00:00\",\"dateModified\":\"2023-05-29T13:32:24+00:00\",\"description\":\"Piko es una herramienta de 115 mm de di\u00e1metro con 6 placas para el \u00e1ngulo en l\u00ednea en m\u00e1rmoles y piedras calizas. Presenta un peso elevado que permite una mayor penetraci\u00f3n de las puntas en el material, de manera que se pueda realizar un acabado grueso, normalmente imposible con una herramienta port\u00e1til.\",\"breadcrumb\":{\"@id\":\"https:\\\/\\\/www.lupatomeccanica.com\\\/es\\\/producto\\\/herramientas\\\/herramientas-sector-piedra\\\/piko\\\/piko-o-105-mm-5-8\\\/#breadcrumb\"},\"inLanguage\":\"es\",\"potentialAction\":[{\"@type\":\"ReadAction\",\"target\":[\"https:\\\/\\\/www.lupatomeccanica.com\\\/es\\\/producto\\\/herramientas\\\/herramientas-sector-piedra\\\/piko\\\/piko-o-105-mm-5-8\\\/\"]}]},{\"@type\":\"ImageObject\",\"inLanguage\":\"es\",\"@id\":\"https:\\\/\\\/www.lupatomeccanica.com\\\/es\\\/producto\\\/herramientas\\\/herramientas-sector-piedra\\\/piko\\\/piko-o-105-mm-5-8\\\/#primaryimage\",\"url\":\"https:\\\/\\\/www.lupatomeccanica.com\\\/wp-content\\\/uploads\\\/lupato-meccanica-piko-O115-scaled.jpg\",\"contentUrl\":\"https:\\\/\\\/www.lupatomeccanica.com\\\/wp-content\\\/uploads\\\/lupato-meccanica-piko-O115-scaled.jpg\",\"width\":2560,\"height\":2560},{\"@type\":\"BreadcrumbList\",\"@id\":\"https:\\\/\\\/www.lupatomeccanica.com\\\/es\\\/producto\\\/herramientas\\\/herramientas-sector-piedra\\\/piko\\\/piko-o-105-mm-5-8\\\/#breadcrumb\",\"itemListElement\":[{\"@type\":\"ListItem\",\"position\":1,\"name\":\"Home\",\"item\":\"https:\\\/\\\/www.lupatomeccanica.com\\\/es\\\/lupato-meccanica-2\\\/\"},{\"@type\":\"ListItem\",\"position\":2,\"name\":\"Tienda\",\"item\":\"https:\\\/\\\/www.lupatomeccanica.com\\\/es\\\/tienda\\\/\"},{\"@type\":\"ListItem\",\"position\":3,\"name\":\"Piko \u00d8 105 mm 5\\\/8&#8243;\"}]},{\"@type\":\"WebSite\",\"@id\":\"https:\\\/\\\/www.lupatomeccanica.com\\\/es\\\/#website\",\"url\":\"https:\\\/\\\/www.lupatomeccanica.com\\\/es\\\/\",\"name\":\"Lupato Meccanica\",\"description\":\"Utensili per finiture grezze su pietra e calcestruzzo\",\"publisher\":{\"@id\":\"https:\\\/\\\/www.lupatomeccanica.com\\\/es\\\/#organization\"},\"potentialAction\":[{\"@type\":\"SearchAction\",\"target\":{\"@type\":\"EntryPoint\",\"urlTemplate\":\"https:\\\/\\\/www.lupatomeccanica.com\\\/es\\\/?s={search_term_string}\"},\"query-input\":{\"@type\":\"PropertyValueSpecification\",\"valueRequired\":true,\"valueName\":\"search_term_string\"}}],\"inLanguage\":\"es\"},{\"@type\":\"Organization\",\"@id\":\"https:\\\/\\\/www.lupatomeccanica.com\\\/es\\\/#organization\",\"name\":\"Lupato Meccanica\",\"url\":\"https:\\\/\\\/www.lupatomeccanica.com\\\/es\\\/\",\"logo\":{\"@type\":\"ImageObject\",\"inLanguage\":\"es\",\"@id\":\"https:\\\/\\\/www.lupatomeccanica.com\\\/es\\\/#\\\/schema\\\/logo\\\/image\\\/\",\"url\":\"https:\\\/\\\/lupatomeccanica.com\\\/wp-content\\\/uploads\\\/logo-admin.png\",\"contentUrl\":\"https:\\\/\\\/lupatomeccanica.com\\\/wp-content\\\/uploads\\\/logo-admin.png\",\"width\":300,\"height\":59,\"caption\":\"Lupato Meccanica\"},\"image\":{\"@id\":\"https:\\\/\\\/www.lupatomeccanica.com\\\/es\\\/#\\\/schema\\\/logo\\\/image\\\/\"},\"sameAs\":[\"https:\\\/\\\/www.linkedin.com\\\/company\\\/26996783\\\/\",\"https:\\\/\\\/www.youtube.com\\\/user\\\/LupatoMeccanica\"]}]}<\/script>\n<!-- \/ Yoast SEO plugin. -->","yoast_head_json":{"title":"Piko \u00d8 105 mm 5\/8\" - Lupato Meccanica","description":"Piko es una herramienta de 115 mm de di\u00e1metro con 6 placas para el \u00e1ngulo en l\u00ednea en m\u00e1rmoles y piedras calizas. Presenta un peso elevado que permite una mayor penetraci\u00f3n de las puntas en el material, de manera que se pueda realizar un acabado grueso, normalmente imposible con una herramienta port\u00e1til.","robots":{"index":"index","follow":"follow","max-snippet":"max-snippet:-1","max-image-preview":"max-image-preview:large","max-video-preview":"max-video-preview:-1"},"canonical":"https:\/\/www.lupatomeccanica.com\/es\/producto\/herramientas\/herramientas-sector-piedra\/piko\/piko-o-105-mm-5-8\/","og_locale":"es_ES","og_type":"article","og_title":"Piko \u00d8 105 mm 5\/8\" - Lupato Meccanica","og_description":"Piko es una herramienta de 115 mm de di\u00e1metro con 6 placas para el \u00e1ngulo en l\u00ednea en m\u00e1rmoles y piedras calizas. Presenta un peso elevado que permite una mayor penetraci\u00f3n de las puntas en el material, de manera que se pueda realizar un acabado grueso, normalmente imposible con una herramienta port\u00e1til.","og_url":"https:\/\/www.lupatomeccanica.com\/es\/producto\/herramientas\/herramientas-sector-piedra\/piko\/piko-o-105-mm-5-8\/","og_site_name":"Lupato Meccanica","article_modified_time":"2023-05-29T13:32:24+00:00","og_image":[{"width":2560,"height":2560,"url":"https:\/\/www.lupatomeccanica.com\/wp-content\/uploads\/lupato-meccanica-piko-O115-scaled.jpg","type":"image\/jpeg"}],"twitter_card":"summary_large_image","schema":{"@context":"https:\/\/schema.org","@graph":[{"@type":"WebPage","@id":"https:\/\/www.lupatomeccanica.com\/es\/producto\/herramientas\/herramientas-sector-piedra\/piko\/piko-o-105-mm-5-8\/","url":"https:\/\/www.lupatomeccanica.com\/es\/producto\/herramientas\/herramientas-sector-piedra\/piko\/piko-o-105-mm-5-8\/","name":"Piko \u00d8 105 mm 5\/8\" - Lupato Meccanica","isPartOf":{"@id":"https:\/\/www.lupatomeccanica.com\/es\/#website"},"primaryImageOfPage":{"@id":"https:\/\/www.lupatomeccanica.com\/es\/producto\/herramientas\/herramientas-sector-piedra\/piko\/piko-o-105-mm-5-8\/#primaryimage"},"image":{"@id":"https:\/\/www.lupatomeccanica.com\/es\/producto\/herramientas\/herramientas-sector-piedra\/piko\/piko-o-105-mm-5-8\/#primaryimage"},"thumbnailUrl":"https:\/\/www.lupatomeccanica.com\/wp-content\/uploads\/lupato-meccanica-piko-O115-scaled.jpg","datePublished":"2021-09-14T16:06:07+00:00","dateModified":"2023-05-29T13:32:24+00:00","description":"Piko es una herramienta de 115 mm de di\u00e1metro con 6 placas para el \u00e1ngulo en l\u00ednea en m\u00e1rmoles y piedras calizas. Presenta un peso elevado que permite una mayor penetraci\u00f3n de las puntas en el material, de manera que se pueda realizar un acabado grueso, normalmente imposible con una herramienta port\u00e1til.","breadcrumb":{"@id":"https:\/\/www.lupatomeccanica.com\/es\/producto\/herramientas\/herramientas-sector-piedra\/piko\/piko-o-105-mm-5-8\/#breadcrumb"},"inLanguage":"es","potentialAction":[{"@type":"ReadAction","target":["https:\/\/www.lupatomeccanica.com\/es\/producto\/herramientas\/herramientas-sector-piedra\/piko\/piko-o-105-mm-5-8\/"]}]},{"@type":"ImageObject","inLanguage":"es","@id":"https:\/\/www.lupatomeccanica.com\/es\/producto\/herramientas\/herramientas-sector-piedra\/piko\/piko-o-105-mm-5-8\/#primaryimage","url":"https:\/\/www.lupatomeccanica.com\/wp-content\/uploads\/lupato-meccanica-piko-O115-scaled.jpg","contentUrl":"https:\/\/www.lupatomeccanica.com\/wp-content\/uploads\/lupato-meccanica-piko-O115-scaled.jpg","width":2560,"height":2560},{"@type":"BreadcrumbList","@id":"https:\/\/www.lupatomeccanica.com\/es\/producto\/herramientas\/herramientas-sector-piedra\/piko\/piko-o-105-mm-5-8\/#breadcrumb","itemListElement":[{"@type":"ListItem","position":1,"name":"Home","item":"https:\/\/www.lupatomeccanica.com\/es\/lupato-meccanica-2\/"},{"@type":"ListItem","position":2,"name":"Tienda","item":"https:\/\/www.lupatomeccanica.com\/es\/tienda\/"},{"@type":"ListItem","position":3,"name":"Piko \u00d8 105 mm 5\/8&#8243;"}]},{"@type":"WebSite","@id":"https:\/\/www.lupatomeccanica.com\/es\/#website","url":"https:\/\/www.lupatomeccanica.com\/es\/","name":"Lupato Meccanica","description":"Utensili per finiture grezze su pietra e calcestruzzo","publisher":{"@id":"https:\/\/www.lupatomeccanica.com\/es\/#organization"},"potentialAction":[{"@type":"SearchAction","target":{"@type":"EntryPoint","urlTemplate":"https:\/\/www.lupatomeccanica.com\/es\/?s={search_term_string}"},"query-input":{"@type":"PropertyValueSpecification","valueRequired":true,"valueName":"search_term_string"}}],"inLanguage":"es"},{"@type":"Organization","@id":"https:\/\/www.lupatomeccanica.com\/es\/#organization","name":"Lupato Meccanica","url":"https:\/\/www.lupatomeccanica.com\/es\/","logo":{"@type":"ImageObject","inLanguage":"es","@id":"https:\/\/www.lupatomeccanica.com\/es\/#\/schema\/logo\/image\/","url":"https:\/\/lupatomeccanica.com\/wp-content\/uploads\/logo-admin.png","contentUrl":"https:\/\/lupatomeccanica.com\/wp-content\/uploads\/logo-admin.png","width":300,"height":59,"caption":"Lupato Meccanica"},"image":{"@id":"https:\/\/www.lupatomeccanica.com\/es\/#\/schema\/logo\/image\/"},"sameAs":["https:\/\/www.linkedin.com\/company\/26996783\/","https:\/\/www.youtube.com\/user\/LupatoMeccanica"]}]}},"_links":{"self":[{"href":"https:\/\/www.lupatomeccanica.com\/es\/wp-json\/wp\/v2\/product\/10864","targetHints":{"allow":["GET"]}}],"collection":[{"href":"https:\/\/www.lupatomeccanica.com\/es\/wp-json\/wp\/v2\/product"}],"about":[{"href":"https:\/\/www.lupatomeccanica.com\/es\/wp-json\/wp\/v2\/types\/product"}],"wp:featuredmedia":[{"embeddable":true,"href":"https:\/\/www.lupatomeccanica.com\/es\/wp-json\/wp\/v2\/media\/10420"}],"wp:attachment":[{"href":"https:\/\/www.lupatomeccanica.com\/es\/wp-json\/wp\/v2\/media?parent=10864"}],"wp:term":[{"taxonomy":"product_brand","embeddable":true,"href":"https:\/\/www.lupatomeccanica.com\/es\/wp-json\/wp\/v2\/product_brand?post=10864"},{"taxonomy":"product_cat","embeddable":true,"href":"https:\/\/www.lupatomeccanica.com\/es\/wp-json\/wp\/v2\/product_cat?post=10864"},{"taxonomy":"product_tag","embeddable":true,"href":"https:\/\/www.lupatomeccanica.com\/es\/wp-json\/wp\/v2\/product_tag?post=10864"}],"curies":[{"name":"wp","href":"https:\/\/api.w.org\/{rel}","templated":true}]}}