{"id":10766,"date":"2021-09-14T16:09:43","date_gmt":"2021-09-14T16:09:43","guid":{"rendered":"https:\/\/lupatomeccanica.com\/prodotto\/sin%20categor\u00eda\/concreta-dia-abrax-6-800-o340-mm\/"},"modified":"2023-05-29T13:31:21","modified_gmt":"2023-05-29T13:31:21","slug":"concreta-dia-abrax-6-800-o-340-mm","status":"publish","type":"product","link":"https:\/\/www.lupatomeccanica.com\/es\/producto\/herramientas\/herramientas-sector-pavimentos\/concreta-6\/concreta-dia-abrax-6-800-o-340-mm\/","title":{"rendered":"Concreta Dia-Abrax 6\/800 \u00f8 340 mm"},"content":{"rendered":"","protected":false},"excerpt":{"rendered":"<p>La Concreta Dia-Abrax 6\/800 \u00f8340 es una herramienta de 340 mm de di\u00e1metro para pulidoras de pisos formada por 6 rodillos con grano de diamante de 800 cada uno, para el arenado de pavimentos de hormig\u00f3n, aglomerado y piedra.<br \/>\nEl arenado realizado con la Dia-Abrax 6\/800 permite satisfacer los m\u00e1s estrictos requisitos de seguridad contra el deslizamiento y resistencia al resbalamiento incluso en condiciones clim\u00e1ticas adversas.<br \/>\nEst\u00e1 disponible con diversos tipos de conexiones, seg\u00fan la pulidora en la que se debe montar.<\/p>\n","protected":false},"featured_media":10457,"template":"","meta":{"_acf_changed":false,"inline_featured_image":false},"product_brand":[],"product_cat":[578],"product_tag":[],"class_list":{"0":"post-10766","1":"product","2":"type-product","3":"status-publish","4":"has-post-thumbnail","6":"product_cat-concreta-6","8":"first","9":"instock","10":"product-type-simple"},"acf":[],"yoast_head":"<!-- This site is optimized with the Yoast SEO plugin v27.3 - https:\/\/yoast.com\/product\/yoast-seo-wordpress\/ -->\n<title>Concreta Dia-Abrax 6\/800 \u00f8 340 mm - Lupato Meccanica<\/title>\n<meta name=\"description\" content=\"La Concreta Dia-Abrax 6\/800 \u00f8340 es una herramienta de 340 mm de di\u00e1metro para pulidoras de pisos formada por 6 rodillos con grano de diamante de 800 cada uno, para el arenado de pavimentos de hormig\u00f3n, aglomerado y piedra. El arenado realizado con la Dia-Abrax 6\/800 permite satisfacer los m\u00e1s estrictos requisitos de seguridad contra el deslizamiento y resistencia al resbalamiento incluso en condiciones clim\u00e1ticas adversas. Est\u00e1 disponible con diversos tipos de conexiones, seg\u00fan la pulidora en la que se debe montar.\" \/>\n<meta name=\"robots\" content=\"index, follow, max-snippet:-1, max-image-preview:large, max-video-preview:-1\" \/>\n<link rel=\"canonical\" href=\"https:\/\/www.lupatomeccanica.com\/es\/producto\/herramientas\/herramientas-sector-pavimentos\/concreta-6\/concreta-dia-abrax-6-800-o-340-mm\/\" \/>\n<meta property=\"og:locale\" content=\"es_ES\" \/>\n<meta property=\"og:type\" content=\"article\" \/>\n<meta property=\"og:title\" content=\"Concreta Dia-Abrax 6\/800 \u00f8 340 mm - Lupato Meccanica\" \/>\n<meta property=\"og:description\" content=\"La Concreta Dia-Abrax 6\/800 \u00f8340 es una herramienta de 340 mm de di\u00e1metro para pulidoras de pisos formada por 6 rodillos con grano de diamante de 800 cada uno, para el arenado de pavimentos de hormig\u00f3n, aglomerado y piedra. El arenado realizado con la Dia-Abrax 6\/800 permite satisfacer los m\u00e1s estrictos requisitos de seguridad contra el deslizamiento y resistencia al resbalamiento incluso en condiciones clim\u00e1ticas adversas. Est\u00e1 disponible con diversos tipos de conexiones, seg\u00fan la pulidora en la que se debe montar.\" \/>\n<meta property=\"og:url\" content=\"https:\/\/www.lupatomeccanica.com\/es\/producto\/herramientas\/herramientas-sector-pavimentos\/concreta-6\/concreta-dia-abrax-6-800-o-340-mm\/\" \/>\n<meta property=\"og:site_name\" content=\"Lupato Meccanica\" \/>\n<meta property=\"article:modified_time\" content=\"2023-05-29T13:31:21+00:00\" \/>\n<meta property=\"og:image\" content=\"https:\/\/www.lupatomeccanica.com\/wp-content\/uploads\/lupato-meccanica-concreta-6-dia-abrax-800.jpg\" \/>\n\t<meta property=\"og:image:width\" content=\"1000\" \/>\n\t<meta property=\"og:image:height\" content=\"860\" \/>\n\t<meta property=\"og:image:type\" content=\"image\/jpeg\" \/>\n<meta name=\"twitter:card\" content=\"summary_large_image\" \/>\n<script type=\"application\/ld+json\" class=\"yoast-schema-graph\">{\"@context\":\"https:\\\/\\\/schema.org\",\"@graph\":[{\"@type\":\"WebPage\",\"@id\":\"https:\\\/\\\/www.lupatomeccanica.com\\\/es\\\/producto\\\/herramientas\\\/herramientas-sector-pavimentos\\\/concreta-6\\\/concreta-dia-abrax-6-800-o-340-mm\\\/\",\"url\":\"https:\\\/\\\/www.lupatomeccanica.com\\\/es\\\/producto\\\/herramientas\\\/herramientas-sector-pavimentos\\\/concreta-6\\\/concreta-dia-abrax-6-800-o-340-mm\\\/\",\"name\":\"Concreta Dia-Abrax 6\\\/800 \u00f8 340 mm - Lupato Meccanica\",\"isPartOf\":{\"@id\":\"https:\\\/\\\/www.lupatomeccanica.com\\\/es\\\/#website\"},\"primaryImageOfPage\":{\"@id\":\"https:\\\/\\\/www.lupatomeccanica.com\\\/es\\\/producto\\\/herramientas\\\/herramientas-sector-pavimentos\\\/concreta-6\\\/concreta-dia-abrax-6-800-o-340-mm\\\/#primaryimage\"},\"image\":{\"@id\":\"https:\\\/\\\/www.lupatomeccanica.com\\\/es\\\/producto\\\/herramientas\\\/herramientas-sector-pavimentos\\\/concreta-6\\\/concreta-dia-abrax-6-800-o-340-mm\\\/#primaryimage\"},\"thumbnailUrl\":\"https:\\\/\\\/www.lupatomeccanica.com\\\/wp-content\\\/uploads\\\/lupato-meccanica-concreta-6-dia-abrax-800.jpg\",\"datePublished\":\"2021-09-14T16:09:43+00:00\",\"dateModified\":\"2023-05-29T13:31:21+00:00\",\"description\":\"La Concreta Dia-Abrax 6\\\/800 \u00f8340 es una herramienta de 340 mm de di\u00e1metro para pulidoras de pisos formada por 6 rodillos con grano de diamante de 800 cada uno, para el arenado de pavimentos de hormig\u00f3n, aglomerado y piedra. El arenado realizado con la Dia-Abrax 6\\\/800 permite satisfacer los m\u00e1s estrictos requisitos de seguridad contra el deslizamiento y resistencia al resbalamiento incluso en condiciones clim\u00e1ticas adversas. Est\u00e1 disponible con diversos tipos de conexiones, seg\u00fan la pulidora en la que se debe montar.\",\"breadcrumb\":{\"@id\":\"https:\\\/\\\/www.lupatomeccanica.com\\\/es\\\/producto\\\/herramientas\\\/herramientas-sector-pavimentos\\\/concreta-6\\\/concreta-dia-abrax-6-800-o-340-mm\\\/#breadcrumb\"},\"inLanguage\":\"es\",\"potentialAction\":[{\"@type\":\"ReadAction\",\"target\":[\"https:\\\/\\\/www.lupatomeccanica.com\\\/es\\\/producto\\\/herramientas\\\/herramientas-sector-pavimentos\\\/concreta-6\\\/concreta-dia-abrax-6-800-o-340-mm\\\/\"]}]},{\"@type\":\"ImageObject\",\"inLanguage\":\"es\",\"@id\":\"https:\\\/\\\/www.lupatomeccanica.com\\\/es\\\/producto\\\/herramientas\\\/herramientas-sector-pavimentos\\\/concreta-6\\\/concreta-dia-abrax-6-800-o-340-mm\\\/#primaryimage\",\"url\":\"https:\\\/\\\/www.lupatomeccanica.com\\\/wp-content\\\/uploads\\\/lupato-meccanica-concreta-6-dia-abrax-800.jpg\",\"contentUrl\":\"https:\\\/\\\/www.lupatomeccanica.com\\\/wp-content\\\/uploads\\\/lupato-meccanica-concreta-6-dia-abrax-800.jpg\",\"width\":1000,\"height\":860},{\"@type\":\"BreadcrumbList\",\"@id\":\"https:\\\/\\\/www.lupatomeccanica.com\\\/es\\\/producto\\\/herramientas\\\/herramientas-sector-pavimentos\\\/concreta-6\\\/concreta-dia-abrax-6-800-o-340-mm\\\/#breadcrumb\",\"itemListElement\":[{\"@type\":\"ListItem\",\"position\":1,\"name\":\"Home\",\"item\":\"https:\\\/\\\/www.lupatomeccanica.com\\\/es\\\/lupato-meccanica-2\\\/\"},{\"@type\":\"ListItem\",\"position\":2,\"name\":\"Tienda\",\"item\":\"https:\\\/\\\/www.lupatomeccanica.com\\\/es\\\/tienda\\\/\"},{\"@type\":\"ListItem\",\"position\":3,\"name\":\"Concreta Dia-Abrax 6\\\/800 \u00f8 340 mm\"}]},{\"@type\":\"WebSite\",\"@id\":\"https:\\\/\\\/www.lupatomeccanica.com\\\/es\\\/#website\",\"url\":\"https:\\\/\\\/www.lupatomeccanica.com\\\/es\\\/\",\"name\":\"Lupato Meccanica\",\"description\":\"Utensili per finiture grezze su pietra e calcestruzzo\",\"publisher\":{\"@id\":\"https:\\\/\\\/www.lupatomeccanica.com\\\/es\\\/#organization\"},\"potentialAction\":[{\"@type\":\"SearchAction\",\"target\":{\"@type\":\"EntryPoint\",\"urlTemplate\":\"https:\\\/\\\/www.lupatomeccanica.com\\\/es\\\/?s={search_term_string}\"},\"query-input\":{\"@type\":\"PropertyValueSpecification\",\"valueRequired\":true,\"valueName\":\"search_term_string\"}}],\"inLanguage\":\"es\"},{\"@type\":\"Organization\",\"@id\":\"https:\\\/\\\/www.lupatomeccanica.com\\\/es\\\/#organization\",\"name\":\"Lupato Meccanica\",\"url\":\"https:\\\/\\\/www.lupatomeccanica.com\\\/es\\\/\",\"logo\":{\"@type\":\"ImageObject\",\"inLanguage\":\"es\",\"@id\":\"https:\\\/\\\/www.lupatomeccanica.com\\\/es\\\/#\\\/schema\\\/logo\\\/image\\\/\",\"url\":\"https:\\\/\\\/lupatomeccanica.com\\\/wp-content\\\/uploads\\\/logo-admin.png\",\"contentUrl\":\"https:\\\/\\\/lupatomeccanica.com\\\/wp-content\\\/uploads\\\/logo-admin.png\",\"width\":300,\"height\":59,\"caption\":\"Lupato Meccanica\"},\"image\":{\"@id\":\"https:\\\/\\\/www.lupatomeccanica.com\\\/es\\\/#\\\/schema\\\/logo\\\/image\\\/\"},\"sameAs\":[\"https:\\\/\\\/www.linkedin.com\\\/company\\\/26996783\\\/\",\"https:\\\/\\\/www.youtube.com\\\/user\\\/LupatoMeccanica\"]}]}<\/script>\n<!-- \/ Yoast SEO plugin. -->","yoast_head_json":{"title":"Concreta Dia-Abrax 6\/800 \u00f8 340 mm - Lupato Meccanica","description":"La Concreta Dia-Abrax 6\/800 \u00f8340 es una herramienta de 340 mm de di\u00e1metro para pulidoras de pisos formada por 6 rodillos con grano de diamante de 800 cada uno, para el arenado de pavimentos de hormig\u00f3n, aglomerado y piedra. El arenado realizado con la Dia-Abrax 6\/800 permite satisfacer los m\u00e1s estrictos requisitos de seguridad contra el deslizamiento y resistencia al resbalamiento incluso en condiciones clim\u00e1ticas adversas. Est\u00e1 disponible con diversos tipos de conexiones, seg\u00fan la pulidora en la que se debe montar.","robots":{"index":"index","follow":"follow","max-snippet":"max-snippet:-1","max-image-preview":"max-image-preview:large","max-video-preview":"max-video-preview:-1"},"canonical":"https:\/\/www.lupatomeccanica.com\/es\/producto\/herramientas\/herramientas-sector-pavimentos\/concreta-6\/concreta-dia-abrax-6-800-o-340-mm\/","og_locale":"es_ES","og_type":"article","og_title":"Concreta Dia-Abrax 6\/800 \u00f8 340 mm - Lupato Meccanica","og_description":"La Concreta Dia-Abrax 6\/800 \u00f8340 es una herramienta de 340 mm de di\u00e1metro para pulidoras de pisos formada por 6 rodillos con grano de diamante de 800 cada uno, para el arenado de pavimentos de hormig\u00f3n, aglomerado y piedra. El arenado realizado con la Dia-Abrax 6\/800 permite satisfacer los m\u00e1s estrictos requisitos de seguridad contra el deslizamiento y resistencia al resbalamiento incluso en condiciones clim\u00e1ticas adversas. Est\u00e1 disponible con diversos tipos de conexiones, seg\u00fan la pulidora en la que se debe montar.","og_url":"https:\/\/www.lupatomeccanica.com\/es\/producto\/herramientas\/herramientas-sector-pavimentos\/concreta-6\/concreta-dia-abrax-6-800-o-340-mm\/","og_site_name":"Lupato Meccanica","article_modified_time":"2023-05-29T13:31:21+00:00","og_image":[{"width":1000,"height":860,"url":"https:\/\/www.lupatomeccanica.com\/wp-content\/uploads\/lupato-meccanica-concreta-6-dia-abrax-800.jpg","type":"image\/jpeg"}],"twitter_card":"summary_large_image","schema":{"@context":"https:\/\/schema.org","@graph":[{"@type":"WebPage","@id":"https:\/\/www.lupatomeccanica.com\/es\/producto\/herramientas\/herramientas-sector-pavimentos\/concreta-6\/concreta-dia-abrax-6-800-o-340-mm\/","url":"https:\/\/www.lupatomeccanica.com\/es\/producto\/herramientas\/herramientas-sector-pavimentos\/concreta-6\/concreta-dia-abrax-6-800-o-340-mm\/","name":"Concreta Dia-Abrax 6\/800 \u00f8 340 mm - Lupato Meccanica","isPartOf":{"@id":"https:\/\/www.lupatomeccanica.com\/es\/#website"},"primaryImageOfPage":{"@id":"https:\/\/www.lupatomeccanica.com\/es\/producto\/herramientas\/herramientas-sector-pavimentos\/concreta-6\/concreta-dia-abrax-6-800-o-340-mm\/#primaryimage"},"image":{"@id":"https:\/\/www.lupatomeccanica.com\/es\/producto\/herramientas\/herramientas-sector-pavimentos\/concreta-6\/concreta-dia-abrax-6-800-o-340-mm\/#primaryimage"},"thumbnailUrl":"https:\/\/www.lupatomeccanica.com\/wp-content\/uploads\/lupato-meccanica-concreta-6-dia-abrax-800.jpg","datePublished":"2021-09-14T16:09:43+00:00","dateModified":"2023-05-29T13:31:21+00:00","description":"La Concreta Dia-Abrax 6\/800 \u00f8340 es una herramienta de 340 mm de di\u00e1metro para pulidoras de pisos formada por 6 rodillos con grano de diamante de 800 cada uno, para el arenado de pavimentos de hormig\u00f3n, aglomerado y piedra. El arenado realizado con la Dia-Abrax 6\/800 permite satisfacer los m\u00e1s estrictos requisitos de seguridad contra el deslizamiento y resistencia al resbalamiento incluso en condiciones clim\u00e1ticas adversas. Est\u00e1 disponible con diversos tipos de conexiones, seg\u00fan la pulidora en la que se debe montar.","breadcrumb":{"@id":"https:\/\/www.lupatomeccanica.com\/es\/producto\/herramientas\/herramientas-sector-pavimentos\/concreta-6\/concreta-dia-abrax-6-800-o-340-mm\/#breadcrumb"},"inLanguage":"es","potentialAction":[{"@type":"ReadAction","target":["https:\/\/www.lupatomeccanica.com\/es\/producto\/herramientas\/herramientas-sector-pavimentos\/concreta-6\/concreta-dia-abrax-6-800-o-340-mm\/"]}]},{"@type":"ImageObject","inLanguage":"es","@id":"https:\/\/www.lupatomeccanica.com\/es\/producto\/herramientas\/herramientas-sector-pavimentos\/concreta-6\/concreta-dia-abrax-6-800-o-340-mm\/#primaryimage","url":"https:\/\/www.lupatomeccanica.com\/wp-content\/uploads\/lupato-meccanica-concreta-6-dia-abrax-800.jpg","contentUrl":"https:\/\/www.lupatomeccanica.com\/wp-content\/uploads\/lupato-meccanica-concreta-6-dia-abrax-800.jpg","width":1000,"height":860},{"@type":"BreadcrumbList","@id":"https:\/\/www.lupatomeccanica.com\/es\/producto\/herramientas\/herramientas-sector-pavimentos\/concreta-6\/concreta-dia-abrax-6-800-o-340-mm\/#breadcrumb","itemListElement":[{"@type":"ListItem","position":1,"name":"Home","item":"https:\/\/www.lupatomeccanica.com\/es\/lupato-meccanica-2\/"},{"@type":"ListItem","position":2,"name":"Tienda","item":"https:\/\/www.lupatomeccanica.com\/es\/tienda\/"},{"@type":"ListItem","position":3,"name":"Concreta Dia-Abrax 6\/800 \u00f8 340 mm"}]},{"@type":"WebSite","@id":"https:\/\/www.lupatomeccanica.com\/es\/#website","url":"https:\/\/www.lupatomeccanica.com\/es\/","name":"Lupato Meccanica","description":"Utensili per finiture grezze su pietra e calcestruzzo","publisher":{"@id":"https:\/\/www.lupatomeccanica.com\/es\/#organization"},"potentialAction":[{"@type":"SearchAction","target":{"@type":"EntryPoint","urlTemplate":"https:\/\/www.lupatomeccanica.com\/es\/?s={search_term_string}"},"query-input":{"@type":"PropertyValueSpecification","valueRequired":true,"valueName":"search_term_string"}}],"inLanguage":"es"},{"@type":"Organization","@id":"https:\/\/www.lupatomeccanica.com\/es\/#organization","name":"Lupato Meccanica","url":"https:\/\/www.lupatomeccanica.com\/es\/","logo":{"@type":"ImageObject","inLanguage":"es","@id":"https:\/\/www.lupatomeccanica.com\/es\/#\/schema\/logo\/image\/","url":"https:\/\/lupatomeccanica.com\/wp-content\/uploads\/logo-admin.png","contentUrl":"https:\/\/lupatomeccanica.com\/wp-content\/uploads\/logo-admin.png","width":300,"height":59,"caption":"Lupato Meccanica"},"image":{"@id":"https:\/\/www.lupatomeccanica.com\/es\/#\/schema\/logo\/image\/"},"sameAs":["https:\/\/www.linkedin.com\/company\/26996783\/","https:\/\/www.youtube.com\/user\/LupatoMeccanica"]}]}},"_links":{"self":[{"href":"https:\/\/www.lupatomeccanica.com\/es\/wp-json\/wp\/v2\/product\/10766","targetHints":{"allow":["GET"]}}],"collection":[{"href":"https:\/\/www.lupatomeccanica.com\/es\/wp-json\/wp\/v2\/product"}],"about":[{"href":"https:\/\/www.lupatomeccanica.com\/es\/wp-json\/wp\/v2\/types\/product"}],"wp:featuredmedia":[{"embeddable":true,"href":"https:\/\/www.lupatomeccanica.com\/es\/wp-json\/wp\/v2\/media\/10457"}],"wp:attachment":[{"href":"https:\/\/www.lupatomeccanica.com\/es\/wp-json\/wp\/v2\/media?parent=10766"}],"wp:term":[{"taxonomy":"product_brand","embeddable":true,"href":"https:\/\/www.lupatomeccanica.com\/es\/wp-json\/wp\/v2\/product_brand?post=10766"},{"taxonomy":"product_cat","embeddable":true,"href":"https:\/\/www.lupatomeccanica.com\/es\/wp-json\/wp\/v2\/product_cat?post=10766"},{"taxonomy":"product_tag","embeddable":true,"href":"https:\/\/www.lupatomeccanica.com\/es\/wp-json\/wp\/v2\/product_tag?post=10766"}],"curies":[{"name":"wp","href":"https:\/\/api.w.org\/{rel}","templated":true}]}}