{"id":11196,"date":"2021-09-23T15:24:33","date_gmt":"2021-09-23T15:24:33","guid":{"rendered":"https:\/\/lupatomeccanica.com\/catalogo-finiture\/"},"modified":"2025-08-06T12:58:30","modified_gmt":"2025-08-06T12:58:30","slug":"catalogo-acabados","status":"publish","type":"page","link":"https:\/\/www.lupatomeccanica.com\/es\/catalogo-acabados\/","title":{"rendered":"Cat\u00e1logo acabados"},"content":{"rendered":"<div class=\"wpb-content-wrapper\"><p>[vc_row full_width=\u00bbstretch_row_content_no_spaces\u00bb css=\u00bb.vc_custom_1632409342279{margin-top: 0px !important;background-image: url(http:\/\/lupatomeccanica.com\/wp-content\/uploads\/lupato-meccanica-download.jpg?id=2593) !important;background-position: center !important;background-repeat: no-repeat !important;background-size: cover !important;}\u00bb el_id=\u00bblupato-catalog-row-1&#8243;][vc_column][\/vc_column][\/vc_row][vc_row el_id=\u00bblupato-catalog-row-2&#8243;][vc_column width=\u00bb5\/6&#8243; offset=\u00bbvc_col-lg-offset-2 vc_col-lg-8 vc_col-md-offset-2 vc_col-md-8 vc_col-sm-offset-1&#8243; css=\u00bb.vc_custom_1632410417614{padding-top: 0px !important;}\u00bb][vc_column_text]<\/p>\n<h1>Cat\u00e1logo acabados<\/h1>\n<p>[\/vc_column_text][vc_column_text]Usa los botones de abajo para descargar el cat\u00e1logo de acabados en versi\u00f3n PDF en el idioma que desees.[\/vc_column_text][vc_separator][vc_column_text el_class=\u00bbcatalog-sing-down\u00bb]<a href=\"\/wp-content\/uploads\/LupatoMeccanica-catalogo-finiture-IT-EN.pdf\" target=\"_blank\" rel=\"noopener\"><strong>Catalogo Finiture \/ Catalogue finishes<\/strong><br \/>\nITALIANO \/ ENGLISH<\/a>[\/vc_column_text][vc_separator][vc_column_text css=\u00bb\u00bb el_class=\u00bbcatalog-sing-down\u00bb]<a href=\"\/wp-content\/uploads\/LupatoMeccanica-catalogo-finiture-IT-FR.pdf\" target=\"_blank\" rel=\"noopener\"><strong>Catalogo Finiture \/ Catalogue des finitions<\/strong><br \/>\nITALIANO \/ FRAN\u00c7AIS<\/a>[\/vc_column_text][vc_separator][vc_column_text el_class=\u00bbcatalog-sing-down\u00bb]<\/p>\n<p><a href=\"\/wp-content\/uploads\/LupatoMeccanica-catalogo-acabados-ES-PT.pdf\" target=\"_blank\" rel=\"noopener\"><strong>Cat\u00e1logo acabados \/ Cat\u00e1logo acabamentos<\/strong><br \/>\nESPA\u00d1OL \/ PORTUGU\u00caS<\/a><\/p>\n<p>[\/vc_column_text][vc_separator][\/vc_column][\/vc_row][vc_row el_id=\u00bbhp-contattaci\u00bb el_class=\u00bbpage-contact page-down\u00bb][vc_column width=\u00bb5\/6&#8243; offset=\u00bbvc_col-lg-offset-2 vc_col-lg-8 vc_col-md-offset-2 vc_col-md-8 vc_col-sm-offset-1&#8243;][vc_column_text]<\/p>\n<h3 style=\"text-align: center;\">CONT\u00c1CTANOS<\/h3>\n<p style=\"text-align: center;\">Para cualquier informaci\u00f3n sobre nuestras herramientas, sobre los puntos de venta en los que las encontrar\u00e1s y sobre nuestros servicios, incluido el de asistencia, puedes contactarnos en cualquier momento cubriendo este formulario y envi\u00e1ndonoslo.<\/p>\n<p>[\/vc_column_text]\n<div class=\"wpcf7 no-js\" id=\"wpcf7-f11163-o1\" lang=\"es-ES\" dir=\"ltr\" data-wpcf7-id=\"11163\">\n<div class=\"screen-reader-response\"><p role=\"status\" aria-live=\"polite\" aria-atomic=\"true\"><\/p> <ul><\/ul><\/div>\n<form action=\"\/es\/wp-json\/wp\/v2\/pages\/11196#wpcf7-f11163-o1\" method=\"post\" class=\"wpcf7-form init\" aria-label=\"Formulario de contacto\" novalidate=\"novalidate\" data-status=\"init\">\n<fieldset class=\"hidden-fields-container\"><input type=\"hidden\" name=\"_wpcf7\" value=\"11163\" \/><input type=\"hidden\" name=\"_wpcf7_version\" value=\"6.1.5\" \/><input type=\"hidden\" name=\"_wpcf7_locale\" value=\"es_ES\" \/><input type=\"hidden\" name=\"_wpcf7_unit_tag\" value=\"wpcf7-f11163-o1\" \/><input type=\"hidden\" name=\"_wpcf7_container_post\" value=\"0\" \/><input type=\"hidden\" name=\"_wpcf7_posted_data_hash\" value=\"\" \/><input type=\"hidden\" name=\"_wpcf7_recaptcha_response\" value=\"\" \/>\n<\/fieldset>\n<div class=\"form-hp\">\n\t<div class=\"row\">\n\t\t<div class=\"col-2\">\n\t\t\t<p><span class=\"wpcf7-form-control-wrap\" data-name=\"form-name\"><input size=\"40\" maxlength=\"400\" class=\"wpcf7-form-control wpcf7-text wpcf7-validates-as-required\" aria-required=\"true\" aria-invalid=\"false\" placeholder=\"Nombre *\" value=\"\" type=\"text\" name=\"form-name\" \/><\/span>\n\t\t\t<\/p>\n\t\t<\/div>\n\t\t<div class=\"col-2\">\n\t\t\t<p><span class=\"wpcf7-form-control-wrap\" data-name=\"form-surname\"><input size=\"40\" maxlength=\"400\" class=\"wpcf7-form-control wpcf7-text wpcf7-validates-as-required\" aria-required=\"true\" aria-invalid=\"false\" placeholder=\"Apellidos *\" value=\"\" type=\"text\" name=\"form-surname\" \/><\/span>\n\t\t\t<\/p>\n\t\t<\/div>\n\t<\/div>\n\t<div class=\"row\">\n\t\t<div class=\"col-2\">\n\t\t\t<p><span class=\"wpcf7-form-control-wrap\" data-name=\"form-email\"><input size=\"40\" maxlength=\"400\" class=\"wpcf7-form-control wpcf7-email wpcf7-validates-as-required wpcf7-text wpcf7-validates-as-email\" aria-required=\"true\" aria-invalid=\"false\" placeholder=\"Direcci\u00f3n de correo electr\u00f3nico  *\" value=\"\" type=\"email\" name=\"form-email\" \/><\/span>\n\t\t\t<\/p>\n\t\t<\/div>\n\t\t<div class=\"col-2\">\n\t\t\t<p><span class=\"wpcf7-form-control-wrap\" data-name=\"form-phone\"><input size=\"40\" maxlength=\"400\" class=\"wpcf7-form-control wpcf7-text\" aria-invalid=\"false\" placeholder=\"N\u00famero de tel\u00e9fono\" value=\"\" type=\"text\" name=\"form-phone\" \/><\/span>\n\t\t\t<\/p>\n\t\t<\/div>\n\t<\/div>\n\t<div class=\"row\">\n\t\t<div class=\"col-1\">\n\t\t\t<p><span class=\"wpcf7-form-control-wrap\" data-name=\"form-country\"><input size=\"40\" maxlength=\"400\" class=\"wpcf7-form-control wpcf7-text wpcf7-validates-as-required\" aria-required=\"true\" aria-invalid=\"false\" placeholder=\"Pais *\" value=\"\" type=\"text\" name=\"form-country\" \/><\/span>\n\t\t\t<\/p>\n\t\t<\/div>\n\t<\/div>\n\t<div class=\"row\">\n\t\t<div class=\"col-1\">\n\t\t\t<p><span class=\"wpcf7-form-control-wrap\" data-name=\"form-message\"><textarea cols=\"40\" rows=\"10\" maxlength=\"2000\" class=\"wpcf7-form-control wpcf7-textarea wpcf7-validates-as-required\" aria-required=\"true\" aria-invalid=\"false\" placeholder=\"\u00bfC\u00f3mo podemos ayudarte?\" name=\"form-message\"><\/textarea><\/span>\n\t\t\t<\/p>\n\t\t<\/div>\n\t<\/div>\n\t<div class=\"row\">\n\t\t<div class=\"col-1 privacy\">\n\t\t\t<p><span class=\"wpcf7-form-control-wrap\" data-name=\"form-privacy\"><span class=\"wpcf7-form-control wpcf7-acceptance\"><span class=\"wpcf7-list-item\"><label><input type=\"checkbox\" name=\"form-privacy\" value=\"1\" aria-invalid=\"false\" \/><span class=\"wpcf7-list-item-label\">Autorizo el tratamiento de mis datos tal y como se define en el documento <a href=\"\/es\/privacy-policy\/\" target=\"_blank\">aqu\u00ed expuesto<\/a>.<\/span><\/label><\/span><\/span><\/span>\n\t\t\t<\/p>\n\t\t<\/div>\n\t<\/div>\n\t<div class=\"row avviso\">\n\t\t<p>Este sitio web est\u00e1 protegido por reCAPTCHA y se aplican las normas sobre <a href=\"https:\/\/policies.google.com\/privacy\" target=\"_blank\">privacidad<\/a> y los <a href=\"https:\/\/policies.google.com\/terms\" target=\"_blank\">t\u00e9rminos de servicio<\/a> de Google.\n\t\t<\/p>\n\t<\/div>\n\t<div class=\"row\">\n\t\t<div class=\"col-1 btn-submit\">\n\t\t\t<p><input class=\"wpcf7-form-control wpcf7-submit has-spinner\" type=\"submit\" value=\"Enviar\" \/>\n\t\t\t<\/p>\n\t\t<\/div>\n\t<\/div>\n<\/div><div class=\"wpcf7-response-output\" aria-hidden=\"true\"><\/div>\n<\/form>\n<\/div>\n[\/vc_column][\/vc_row]<\/p>\n<\/div>","protected":false},"excerpt":{"rendered":"<p>[vc_row full_width=\u00bbstretch_row_content_no_spaces\u00bb css=\u00bb.vc_custom_1632409342279{margin-top: 0px !important;background-image: url(http:\/\/lupatomeccanica.com\/wp-content\/uploads\/lupato-meccanica-download.jpg?id=2593) !important;background-position: center !important;background-repeat: no-repeat !important;background-size: cover !important;}\u00bb el_id=\u00bblupato-catalog-row-1&#8243;][vc_column][\/vc_column][\/vc_row][vc_row el_id=\u00bblupato-catalog-row-2&#8243;][vc_column width=\u00bb5\/6&#8243; offset=\u00bbvc_col-lg-offset-2 vc_col-lg-8 vc_col-md-offset-2 vc_col-md-8 vc_col-sm-offset-1&#8243; css=\u00bb.vc_custom_1632410417614{padding-top: 0px !important;}\u00bb][vc_column_text] Cat\u00e1logo acabados [\/vc_column_text][vc_column_text]Usa los botones de abajo para descargar el cat\u00e1logo de acabados en versi\u00f3n PDF en el idioma que desees.[\/vc_column_text][vc_separator][vc_column_text el_class=\u00bbcatalog-sing-down\u00bb]Catalogo Finiture \/ Catalogue finishes ITALIANO \/ ENGLISH[\/vc_column_text][vc_separator][vc_column_text css=\u00bb\u00bb el_class=\u00bbcatalog-sing-down\u00bb]Catalogo [&hellip;]<\/p>\n","protected":false},"author":1,"featured_media":0,"parent":0,"menu_order":0,"comment_status":"closed","ping_status":"closed","template":"template-fullwidth2.php","meta":{"_acf_changed":false,"inline_featured_image":false,"footnotes":""},"class_list":["post-11196","page","type-page","status-publish","hentry"],"acf":[],"yoast_head":"<!-- This site is optimized with the Yoast SEO plugin v27.3 - https:\/\/yoast.com\/product\/yoast-seo-wordpress\/ -->\n<title>Cat\u00e1logo acabados - Lupato Meccanica<\/title>\n<meta name=\"description\" content=\"Cat\u00e1logo de acabados rugosos en piedra, m\u00e1rmol, hormig\u00f3n y arenisca ofrecidos por Lupato Meccanica, empresa l\u00edder en martilleo.\" \/>\n<meta name=\"robots\" content=\"index, follow, max-snippet:-1, max-image-preview:large, max-video-preview:-1\" \/>\n<link rel=\"canonical\" href=\"https:\/\/www.lupatomeccanica.com\/es\/catalogo-acabados\/\" \/>\n<meta property=\"og:locale\" content=\"es_ES\" \/>\n<meta property=\"og:type\" content=\"article\" \/>\n<meta property=\"og:title\" content=\"Cat\u00e1logo acabados - Lupato Meccanica\" \/>\n<meta property=\"og:description\" content=\"Cat\u00e1logo de acabados rugosos en piedra, m\u00e1rmol, hormig\u00f3n y arenisca ofrecidos por Lupato Meccanica, empresa l\u00edder en martilleo.\" \/>\n<meta property=\"og:url\" content=\"https:\/\/www.lupatomeccanica.com\/es\/catalogo-acabados\/\" \/>\n<meta property=\"og:site_name\" content=\"Lupato Meccanica\" \/>\n<meta property=\"article:modified_time\" content=\"2025-08-06T12:58:30+00:00\" \/>\n<meta name=\"twitter:card\" content=\"summary_large_image\" \/>\n<meta name=\"twitter:label1\" content=\"Tiempo de lectura\" \/>\n\t<meta name=\"twitter:data1\" content=\"1 minuto\" \/>\n<script type=\"application\/ld+json\" class=\"yoast-schema-graph\">{\"@context\":\"https:\\\/\\\/schema.org\",\"@graph\":[{\"@type\":\"WebPage\",\"@id\":\"https:\\\/\\\/www.lupatomeccanica.com\\\/es\\\/catalogo-acabados\\\/\",\"url\":\"https:\\\/\\\/www.lupatomeccanica.com\\\/es\\\/catalogo-acabados\\\/\",\"name\":\"Cat\u00e1logo acabados - Lupato Meccanica\",\"isPartOf\":{\"@id\":\"https:\\\/\\\/www.lupatomeccanica.com\\\/es\\\/#website\"},\"datePublished\":\"2021-09-23T15:24:33+00:00\",\"dateModified\":\"2025-08-06T12:58:30+00:00\",\"description\":\"Cat\u00e1logo de acabados rugosos en piedra, m\u00e1rmol, hormig\u00f3n y arenisca ofrecidos por Lupato Meccanica, empresa l\u00edder en martilleo.\",\"breadcrumb\":{\"@id\":\"https:\\\/\\\/www.lupatomeccanica.com\\\/es\\\/catalogo-acabados\\\/#breadcrumb\"},\"inLanguage\":\"es\",\"potentialAction\":[{\"@type\":\"ReadAction\",\"target\":[\"https:\\\/\\\/www.lupatomeccanica.com\\\/es\\\/catalogo-acabados\\\/\"]}]},{\"@type\":\"BreadcrumbList\",\"@id\":\"https:\\\/\\\/www.lupatomeccanica.com\\\/es\\\/catalogo-acabados\\\/#breadcrumb\",\"itemListElement\":[{\"@type\":\"ListItem\",\"position\":1,\"name\":\"Home\",\"item\":\"https:\\\/\\\/www.lupatomeccanica.com\\\/es\\\/lupato-meccanica-2\\\/\"},{\"@type\":\"ListItem\",\"position\":2,\"name\":\"Cat\u00e1logo acabados\"}]},{\"@type\":\"WebSite\",\"@id\":\"https:\\\/\\\/www.lupatomeccanica.com\\\/es\\\/#website\",\"url\":\"https:\\\/\\\/www.lupatomeccanica.com\\\/es\\\/\",\"name\":\"Lupato Meccanica\",\"description\":\"Utensili per finiture grezze su pietra e calcestruzzo\",\"publisher\":{\"@id\":\"https:\\\/\\\/www.lupatomeccanica.com\\\/es\\\/#organization\"},\"potentialAction\":[{\"@type\":\"SearchAction\",\"target\":{\"@type\":\"EntryPoint\",\"urlTemplate\":\"https:\\\/\\\/www.lupatomeccanica.com\\\/es\\\/?s={search_term_string}\"},\"query-input\":{\"@type\":\"PropertyValueSpecification\",\"valueRequired\":true,\"valueName\":\"search_term_string\"}}],\"inLanguage\":\"es\"},{\"@type\":\"Organization\",\"@id\":\"https:\\\/\\\/www.lupatomeccanica.com\\\/es\\\/#organization\",\"name\":\"Lupato Meccanica\",\"url\":\"https:\\\/\\\/www.lupatomeccanica.com\\\/es\\\/\",\"logo\":{\"@type\":\"ImageObject\",\"inLanguage\":\"es\",\"@id\":\"https:\\\/\\\/www.lupatomeccanica.com\\\/es\\\/#\\\/schema\\\/logo\\\/image\\\/\",\"url\":\"https:\\\/\\\/lupatomeccanica.com\\\/wp-content\\\/uploads\\\/logo-admin.png\",\"contentUrl\":\"https:\\\/\\\/lupatomeccanica.com\\\/wp-content\\\/uploads\\\/logo-admin.png\",\"width\":300,\"height\":59,\"caption\":\"Lupato Meccanica\"},\"image\":{\"@id\":\"https:\\\/\\\/www.lupatomeccanica.com\\\/es\\\/#\\\/schema\\\/logo\\\/image\\\/\"},\"sameAs\":[\"https:\\\/\\\/www.linkedin.com\\\/company\\\/26996783\\\/\",\"https:\\\/\\\/www.youtube.com\\\/user\\\/LupatoMeccanica\"]}]}<\/script>\n<!-- \/ Yoast SEO plugin. -->","yoast_head_json":{"title":"Cat\u00e1logo acabados - Lupato Meccanica","description":"Cat\u00e1logo de acabados rugosos en piedra, m\u00e1rmol, hormig\u00f3n y arenisca ofrecidos por Lupato Meccanica, empresa l\u00edder en martilleo.","robots":{"index":"index","follow":"follow","max-snippet":"max-snippet:-1","max-image-preview":"max-image-preview:large","max-video-preview":"max-video-preview:-1"},"canonical":"https:\/\/www.lupatomeccanica.com\/es\/catalogo-acabados\/","og_locale":"es_ES","og_type":"article","og_title":"Cat\u00e1logo acabados - Lupato Meccanica","og_description":"Cat\u00e1logo de acabados rugosos en piedra, m\u00e1rmol, hormig\u00f3n y arenisca ofrecidos por Lupato Meccanica, empresa l\u00edder en martilleo.","og_url":"https:\/\/www.lupatomeccanica.com\/es\/catalogo-acabados\/","og_site_name":"Lupato Meccanica","article_modified_time":"2025-08-06T12:58:30+00:00","twitter_card":"summary_large_image","twitter_misc":{"Tiempo de lectura":"1 minuto"},"schema":{"@context":"https:\/\/schema.org","@graph":[{"@type":"WebPage","@id":"https:\/\/www.lupatomeccanica.com\/es\/catalogo-acabados\/","url":"https:\/\/www.lupatomeccanica.com\/es\/catalogo-acabados\/","name":"Cat\u00e1logo acabados - Lupato Meccanica","isPartOf":{"@id":"https:\/\/www.lupatomeccanica.com\/es\/#website"},"datePublished":"2021-09-23T15:24:33+00:00","dateModified":"2025-08-06T12:58:30+00:00","description":"Cat\u00e1logo de acabados rugosos en piedra, m\u00e1rmol, hormig\u00f3n y arenisca ofrecidos por Lupato Meccanica, empresa l\u00edder en martilleo.","breadcrumb":{"@id":"https:\/\/www.lupatomeccanica.com\/es\/catalogo-acabados\/#breadcrumb"},"inLanguage":"es","potentialAction":[{"@type":"ReadAction","target":["https:\/\/www.lupatomeccanica.com\/es\/catalogo-acabados\/"]}]},{"@type":"BreadcrumbList","@id":"https:\/\/www.lupatomeccanica.com\/es\/catalogo-acabados\/#breadcrumb","itemListElement":[{"@type":"ListItem","position":1,"name":"Home","item":"https:\/\/www.lupatomeccanica.com\/es\/lupato-meccanica-2\/"},{"@type":"ListItem","position":2,"name":"Cat\u00e1logo acabados"}]},{"@type":"WebSite","@id":"https:\/\/www.lupatomeccanica.com\/es\/#website","url":"https:\/\/www.lupatomeccanica.com\/es\/","name":"Lupato Meccanica","description":"Utensili per finiture grezze su pietra e calcestruzzo","publisher":{"@id":"https:\/\/www.lupatomeccanica.com\/es\/#organization"},"potentialAction":[{"@type":"SearchAction","target":{"@type":"EntryPoint","urlTemplate":"https:\/\/www.lupatomeccanica.com\/es\/?s={search_term_string}"},"query-input":{"@type":"PropertyValueSpecification","valueRequired":true,"valueName":"search_term_string"}}],"inLanguage":"es"},{"@type":"Organization","@id":"https:\/\/www.lupatomeccanica.com\/es\/#organization","name":"Lupato Meccanica","url":"https:\/\/www.lupatomeccanica.com\/es\/","logo":{"@type":"ImageObject","inLanguage":"es","@id":"https:\/\/www.lupatomeccanica.com\/es\/#\/schema\/logo\/image\/","url":"https:\/\/lupatomeccanica.com\/wp-content\/uploads\/logo-admin.png","contentUrl":"https:\/\/lupatomeccanica.com\/wp-content\/uploads\/logo-admin.png","width":300,"height":59,"caption":"Lupato Meccanica"},"image":{"@id":"https:\/\/www.lupatomeccanica.com\/es\/#\/schema\/logo\/image\/"},"sameAs":["https:\/\/www.linkedin.com\/company\/26996783\/","https:\/\/www.youtube.com\/user\/LupatoMeccanica"]}]}},"_links":{"self":[{"href":"https:\/\/www.lupatomeccanica.com\/es\/wp-json\/wp\/v2\/pages\/11196","targetHints":{"allow":["GET"]}}],"collection":[{"href":"https:\/\/www.lupatomeccanica.com\/es\/wp-json\/wp\/v2\/pages"}],"about":[{"href":"https:\/\/www.lupatomeccanica.com\/es\/wp-json\/wp\/v2\/types\/page"}],"author":[{"embeddable":true,"href":"https:\/\/www.lupatomeccanica.com\/es\/wp-json\/wp\/v2\/users\/1"}],"replies":[{"embeddable":true,"href":"https:\/\/www.lupatomeccanica.com\/es\/wp-json\/wp\/v2\/comments?post=11196"}],"version-history":[{"count":8,"href":"https:\/\/www.lupatomeccanica.com\/es\/wp-json\/wp\/v2\/pages\/11196\/revisions"}],"predecessor-version":[{"id":16679,"href":"https:\/\/www.lupatomeccanica.com\/es\/wp-json\/wp\/v2\/pages\/11196\/revisions\/16679"}],"wp:attachment":[{"href":"https:\/\/www.lupatomeccanica.com\/es\/wp-json\/wp\/v2\/media?parent=11196"}],"curies":[{"name":"wp","href":"https:\/\/api.w.org\/{rel}","templated":true}]}}