{"id":11160,"date":"2021-09-23T13:19:24","date_gmt":"2021-09-23T13:19:24","guid":{"rendered":"https:\/\/lupatomeccanica.com\/chi-siamo\/"},"modified":"2024-11-26T17:02:07","modified_gmt":"2024-11-26T17:02:07","slug":"quienes-somos","status":"publish","type":"page","link":"https:\/\/www.lupatomeccanica.com\/es\/quienes-somos\/","title":{"rendered":"Qui\u00e9nes somos"},"content":{"rendered":"<div class=\"wpb-content-wrapper\"><p>[vc_row full_width=\u00bbstretch_row_content_no_spaces\u00bb][vc_column][vc_row_inner equal_height=\u00bbyes\u00bb content_placement=\u00bbmiddle\u00bb el_id=\u00bblupato-how-row-1&#8243;][vc_column_inner offset=\u00bbvc_col-lg-6 vc_col-md-6&#8243;][vc_column_text el_class=\u00bbforce-right\u00bb]<\/p>\n<h1><strong>Innovaci\u00f3n<\/strong> y <strong>oferta completa<\/strong> profundamente arraigadas en la <strong>experiencia<\/strong> y en el <strong>conocimiento<\/strong> del sector.<\/h1>\n<p>[\/vc_column_text][\/vc_column_inner][vc_column_inner offset=\u00bbvc_col-lg-6 vc_col-md-6&#8243;][vc_column_text]Ideamos, dise\u00f1ados y producimos, desde 1989, herramientas para m\u00e1quinas fijas y port\u00e1tiles para la realizaci\u00f3n de acabados rugosos en m\u00e1rmol, granito, piedra caliza y arenisca, piedra sinterizada y hormig\u00f3n.<\/p>\n<p>El nacimiento de la empresa es fruto del ingenio de su fundador, <strong>Gian Siro Lupato, inventor de la abujardadora<\/strong>, herramienta que revolucion\u00f3 el sector (gracias a ella, la productividad del abujardado pas\u00f3 de los 3 m<sup>2<\/sup>\/h de 1988 a los actuales 100 m<sup>2<\/sup>\/h con una sola herramienta) y supuso el punto de partida de un intenso proceso de desarrollo t\u00e9cnico que nos ha llevado a registrar posteriormente muchas otras patentes igualmente innovadoras.[\/vc_column_text][\/vc_column_inner][\/vc_row_inner][\/vc_column][\/vc_row][vc_row full_width=\u00bbstretch_row_content_no_spaces\u00bb][vc_column css=\u00bb.vc_custom_1632412651814{padding-top: 0px !important;background-position: center !important;background-repeat: no-repeat !important;background-size: cover !important;}\u00bb][vc_row_inner equal_height=\u00bbyes\u00bb content_placement=\u00bbmiddle\u00bb el_id=\u00bblupato-how-row-2&#8243;][vc_column_inner el_class=\u00bbforce-right\u00bb offset=\u00bbvc_col-lg-6 vc_col-md-6&#8243;][vc_column_text]Detr\u00e1s de este \u00e9xito se esconden tambi\u00e9n el know-how y el <strong>profundo conocimiento de los materiales<\/strong> de Lupato Marmi, empresa familiar especializada desde hace cinco generaciones en el trabajo del m\u00e1rmol, gracias a la cual podemos probar nuestros productos y experimentar \u00absobre el terreno\u00bb cualquier posible mejora.<\/p>\n<p>Nuestra empresa se distingue por el<strong> deseo constante de evolucionar<\/strong>, marcarnos siempre nuevas metas y aceptar retos cada vez m\u00e1s dif\u00edciles que los anteriores, encomendando a nuestro departamento de I+D el cometido de transformarlos en productos espec\u00edficos. A esto se suma la colaboraci\u00f3n con arquitectos y marmolistas, respaldando sus proyectos con la creaci\u00f3n de herramientas para acabados de nueva concepci\u00f3n y realizadas a medida a todos los efectos.[\/vc_column_text][\/vc_column_inner][vc_column_inner offset=\u00bbvc_col-lg-6 vc_col-md-6&#8243;][vc_single_image image=\u00bb2551&#8243; img_size=\u00bbFULL\u00bb css=\u00bb.vc_custom_1632401286688{margin-top: 0px !important;margin-bottom: 0px !important;}\u00bb][\/vc_column_inner][\/vc_row_inner][\/vc_column][\/vc_row][vc_row el_id=\u00bblupato-how-row-3&#8243;][vc_column width=\u00bb2\/3&#8243; offset=\u00bbvc_col-sm-offset-2&#8243;][vc_column_text]<\/p>\n<p style=\"text-align: center;\"><strong>307 art\u00edculos de cat\u00e1logo para m\u00e1s de 60 tipos de acabado en materiales lap\u00eddeos y hormig\u00f3n<\/strong>, como abujardado, apiconado, arenado, \u00e1ngulo, rayado, labrado y estriado nos convierten en la empresa m\u00e1s representativa del sector en t\u00e9rminos de amplitud de oferta. Nuestra competencia est\u00e1 reconocida por un nicho de mercado muy exigente, que abastecemos ampliamente con una red de importadores y distribuidores que se extiende a los cinco continentes.<\/p>\n<p style=\"text-align: center;\">Nuestro servicio incluye, adem\u00e1s de una asistencia inmediata, el asesoramiento, que en el caso de los estudios de proyecto y de arquitectura, va acompa\u00f1ado de recomendaciones \u00fatiles a la hora de elegir el acabado m\u00e1s adecuado para la obra planificada.<\/p>\n<p>[\/vc_column_text][\/vc_column][\/vc_row][vc_row el_id=\u00bbhp-contattaci\u00bb][vc_column width=\u00bb5\/6&#8243; offset=\u00bbvc_col-lg-offset-2 vc_col-lg-8 vc_col-md-offset-2 vc_col-md-8 vc_col-sm-offset-1&#8243;][vc_column_text]<\/p>\n<h3 style=\"text-align: center;\">CONT\u00c1CTANOS<\/h3>\n<p style=\"text-align: center;\">Para cualquier informaci\u00f3n sobre nuestras herramientas, sobre los puntos de venta en los que las encontrar\u00e1s y sobre nuestros servicios, incluido el de asistencia, puedes contactarnos en cualquier momento cubriendo este formulario y envi\u00e1ndonoslo.<\/p>\n<p>[\/vc_column_text]\n<div class=\"wpcf7 no-js\" id=\"wpcf7-f11163-o1\" lang=\"es-ES\" dir=\"ltr\" data-wpcf7-id=\"11163\">\n<div class=\"screen-reader-response\"><p role=\"status\" aria-live=\"polite\" aria-atomic=\"true\"><\/p> <ul><\/ul><\/div>\n<form action=\"\/es\/wp-json\/wp\/v2\/pages\/11160#wpcf7-f11163-o1\" method=\"post\" class=\"wpcf7-form init\" aria-label=\"Formulario de contacto\" novalidate=\"novalidate\" data-status=\"init\">\n<fieldset class=\"hidden-fields-container\"><input type=\"hidden\" name=\"_wpcf7\" value=\"11163\" \/><input type=\"hidden\" name=\"_wpcf7_version\" value=\"6.1.5\" \/><input type=\"hidden\" name=\"_wpcf7_locale\" value=\"es_ES\" \/><input type=\"hidden\" name=\"_wpcf7_unit_tag\" value=\"wpcf7-f11163-o1\" \/><input type=\"hidden\" name=\"_wpcf7_container_post\" value=\"0\" \/><input type=\"hidden\" name=\"_wpcf7_posted_data_hash\" value=\"\" \/><input type=\"hidden\" name=\"_wpcf7_recaptcha_response\" value=\"\" \/>\n<\/fieldset>\n<div class=\"form-hp\">\n\t<div class=\"row\">\n\t\t<div class=\"col-2\">\n\t\t\t<p><span class=\"wpcf7-form-control-wrap\" data-name=\"form-name\"><input size=\"40\" maxlength=\"400\" class=\"wpcf7-form-control wpcf7-text wpcf7-validates-as-required\" aria-required=\"true\" aria-invalid=\"false\" placeholder=\"Nombre *\" value=\"\" type=\"text\" name=\"form-name\" \/><\/span>\n\t\t\t<\/p>\n\t\t<\/div>\n\t\t<div class=\"col-2\">\n\t\t\t<p><span class=\"wpcf7-form-control-wrap\" data-name=\"form-surname\"><input size=\"40\" maxlength=\"400\" class=\"wpcf7-form-control wpcf7-text wpcf7-validates-as-required\" aria-required=\"true\" aria-invalid=\"false\" placeholder=\"Apellidos *\" value=\"\" type=\"text\" name=\"form-surname\" \/><\/span>\n\t\t\t<\/p>\n\t\t<\/div>\n\t<\/div>\n\t<div class=\"row\">\n\t\t<div class=\"col-2\">\n\t\t\t<p><span class=\"wpcf7-form-control-wrap\" data-name=\"form-email\"><input size=\"40\" maxlength=\"400\" class=\"wpcf7-form-control wpcf7-email wpcf7-validates-as-required wpcf7-text wpcf7-validates-as-email\" aria-required=\"true\" aria-invalid=\"false\" placeholder=\"Direcci\u00f3n de correo electr\u00f3nico  *\" value=\"\" type=\"email\" name=\"form-email\" \/><\/span>\n\t\t\t<\/p>\n\t\t<\/div>\n\t\t<div class=\"col-2\">\n\t\t\t<p><span class=\"wpcf7-form-control-wrap\" data-name=\"form-phone\"><input size=\"40\" maxlength=\"400\" class=\"wpcf7-form-control wpcf7-text\" aria-invalid=\"false\" placeholder=\"N\u00famero de tel\u00e9fono\" value=\"\" type=\"text\" name=\"form-phone\" \/><\/span>\n\t\t\t<\/p>\n\t\t<\/div>\n\t<\/div>\n\t<div class=\"row\">\n\t\t<div class=\"col-1\">\n\t\t\t<p><span class=\"wpcf7-form-control-wrap\" data-name=\"form-country\"><input size=\"40\" maxlength=\"400\" class=\"wpcf7-form-control wpcf7-text wpcf7-validates-as-required\" aria-required=\"true\" aria-invalid=\"false\" placeholder=\"Pais *\" value=\"\" type=\"text\" name=\"form-country\" \/><\/span>\n\t\t\t<\/p>\n\t\t<\/div>\n\t<\/div>\n\t<div class=\"row\">\n\t\t<div class=\"col-1\">\n\t\t\t<p><span class=\"wpcf7-form-control-wrap\" data-name=\"form-message\"><textarea cols=\"40\" rows=\"10\" maxlength=\"2000\" class=\"wpcf7-form-control wpcf7-textarea wpcf7-validates-as-required\" aria-required=\"true\" aria-invalid=\"false\" placeholder=\"\u00bfC\u00f3mo podemos ayudarte?\" name=\"form-message\"><\/textarea><\/span>\n\t\t\t<\/p>\n\t\t<\/div>\n\t<\/div>\n\t<div class=\"row\">\n\t\t<div class=\"col-1 privacy\">\n\t\t\t<p><span class=\"wpcf7-form-control-wrap\" data-name=\"form-privacy\"><span class=\"wpcf7-form-control wpcf7-acceptance\"><span class=\"wpcf7-list-item\"><label><input type=\"checkbox\" name=\"form-privacy\" value=\"1\" aria-invalid=\"false\" \/><span class=\"wpcf7-list-item-label\">Autorizo el tratamiento de mis datos tal y como se define en el documento <a href=\"\/es\/privacy-policy\/\" target=\"_blank\">aqu\u00ed expuesto<\/a>.<\/span><\/label><\/span><\/span><\/span>\n\t\t\t<\/p>\n\t\t<\/div>\n\t<\/div>\n\t<div class=\"row avviso\">\n\t\t<p>Este sitio web est\u00e1 protegido por reCAPTCHA y se aplican las normas sobre <a href=\"https:\/\/policies.google.com\/privacy\" target=\"_blank\">privacidad<\/a> y los <a href=\"https:\/\/policies.google.com\/terms\" target=\"_blank\">t\u00e9rminos de servicio<\/a> de Google.\n\t\t<\/p>\n\t<\/div>\n\t<div class=\"row\">\n\t\t<div class=\"col-1 btn-submit\">\n\t\t\t<p><input class=\"wpcf7-form-control wpcf7-submit has-spinner\" type=\"submit\" value=\"Enviar\" \/>\n\t\t\t<\/p>\n\t\t<\/div>\n\t<\/div>\n<\/div><div class=\"wpcf7-response-output\" aria-hidden=\"true\"><\/div>\n<\/form>\n<\/div>\n[\/vc_column][\/vc_row]<\/p>\n<\/div>","protected":false},"excerpt":{"rendered":"<p>[vc_row full_width=\u00bbstretch_row_content_no_spaces\u00bb][vc_column][vc_row_inner equal_height=\u00bbyes\u00bb content_placement=\u00bbmiddle\u00bb el_id=\u00bblupato-how-row-1&#8243;][vc_column_inner offset=\u00bbvc_col-lg-6 vc_col-md-6&#8243;][vc_column_text el_class=\u00bbforce-right\u00bb] Innovaci\u00f3n y oferta completa profundamente arraigadas en la experiencia y en el conocimiento del sector. [\/vc_column_text][\/vc_column_inner][vc_column_inner offset=\u00bbvc_col-lg-6 vc_col-md-6&#8243;][vc_column_text]Ideamos, dise\u00f1ados y producimos, desde 1989, herramientas para m\u00e1quinas fijas y port\u00e1tiles para la realizaci\u00f3n de acabados rugosos en m\u00e1rmol, granito, piedra caliza y arenisca, piedra sinterizada y hormig\u00f3n. El [&hellip;]<\/p>\n","protected":false},"author":1,"featured_media":0,"parent":0,"menu_order":0,"comment_status":"closed","ping_status":"closed","template":"template-fullwidth2.php","meta":{"_acf_changed":false,"inline_featured_image":false,"footnotes":""},"class_list":["post-11160","page","type-page","status-publish","hentry"],"acf":[],"yoast_head":"<!-- This site is optimized with the Yoast SEO plugin v27.3 - https:\/\/yoast.com\/product\/yoast-seo-wordpress\/ -->\n<title>Acabados rugosos en m\u00e1rmol y granito - Lupato Meccanica<\/title>\n<meta name=\"description\" content=\"Operamos en el sector del acabado de la piedra desde 1989, especializ\u00e1ndonos en abujardado con m\u00e1s de 300 art\u00edculos en nuestro cat\u00e1logo.\" \/>\n<meta name=\"robots\" content=\"index, follow, max-snippet:-1, max-image-preview:large, max-video-preview:-1\" \/>\n<link rel=\"canonical\" href=\"https:\/\/www.lupatomeccanica.com\/es\/quienes-somos\/\" \/>\n<meta property=\"og:locale\" content=\"es_ES\" \/>\n<meta property=\"og:type\" content=\"article\" \/>\n<meta property=\"og:title\" content=\"Acabados rugosos en m\u00e1rmol y granito - Lupato Meccanica\" \/>\n<meta property=\"og:description\" content=\"Operamos en el sector del acabado de la piedra desde 1989, especializ\u00e1ndonos en abujardado con m\u00e1s de 300 art\u00edculos en nuestro cat\u00e1logo.\" \/>\n<meta property=\"og:url\" content=\"https:\/\/www.lupatomeccanica.com\/es\/quienes-somos\/\" \/>\n<meta property=\"og:site_name\" content=\"Lupato Meccanica\" \/>\n<meta property=\"article:modified_time\" content=\"2024-11-26T17:02:07+00:00\" \/>\n<meta name=\"twitter:card\" content=\"summary_large_image\" \/>\n<meta name=\"twitter:label1\" content=\"Tiempo de lectura\" \/>\n\t<meta name=\"twitter:data1\" content=\"2 minuto\" \/>\n<script type=\"application\/ld+json\" class=\"yoast-schema-graph\">{\"@context\":\"https:\\\/\\\/schema.org\",\"@graph\":[{\"@type\":\"WebPage\",\"@id\":\"https:\\\/\\\/www.lupatomeccanica.com\\\/es\\\/quienes-somos\\\/\",\"url\":\"https:\\\/\\\/www.lupatomeccanica.com\\\/es\\\/quienes-somos\\\/\",\"name\":\"Acabados rugosos en m\u00e1rmol y granito - Lupato Meccanica\",\"isPartOf\":{\"@id\":\"https:\\\/\\\/www.lupatomeccanica.com\\\/es\\\/#website\"},\"datePublished\":\"2021-09-23T13:19:24+00:00\",\"dateModified\":\"2024-11-26T17:02:07+00:00\",\"description\":\"Operamos en el sector del acabado de la piedra desde 1989, especializ\u00e1ndonos en abujardado con m\u00e1s de 300 art\u00edculos en nuestro cat\u00e1logo.\",\"breadcrumb\":{\"@id\":\"https:\\\/\\\/www.lupatomeccanica.com\\\/es\\\/quienes-somos\\\/#breadcrumb\"},\"inLanguage\":\"es\",\"potentialAction\":[{\"@type\":\"ReadAction\",\"target\":[\"https:\\\/\\\/www.lupatomeccanica.com\\\/es\\\/quienes-somos\\\/\"]}]},{\"@type\":\"BreadcrumbList\",\"@id\":\"https:\\\/\\\/www.lupatomeccanica.com\\\/es\\\/quienes-somos\\\/#breadcrumb\",\"itemListElement\":[{\"@type\":\"ListItem\",\"position\":1,\"name\":\"Home\",\"item\":\"https:\\\/\\\/www.lupatomeccanica.com\\\/es\\\/lupato-meccanica-2\\\/\"},{\"@type\":\"ListItem\",\"position\":2,\"name\":\"Qui\u00e9nes somos\"}]},{\"@type\":\"WebSite\",\"@id\":\"https:\\\/\\\/www.lupatomeccanica.com\\\/es\\\/#website\",\"url\":\"https:\\\/\\\/www.lupatomeccanica.com\\\/es\\\/\",\"name\":\"Lupato Meccanica\",\"description\":\"Utensili per finiture grezze su pietra e calcestruzzo\",\"publisher\":{\"@id\":\"https:\\\/\\\/www.lupatomeccanica.com\\\/es\\\/#organization\"},\"potentialAction\":[{\"@type\":\"SearchAction\",\"target\":{\"@type\":\"EntryPoint\",\"urlTemplate\":\"https:\\\/\\\/www.lupatomeccanica.com\\\/es\\\/?s={search_term_string}\"},\"query-input\":{\"@type\":\"PropertyValueSpecification\",\"valueRequired\":true,\"valueName\":\"search_term_string\"}}],\"inLanguage\":\"es\"},{\"@type\":\"Organization\",\"@id\":\"https:\\\/\\\/www.lupatomeccanica.com\\\/es\\\/#organization\",\"name\":\"Lupato Meccanica\",\"url\":\"https:\\\/\\\/www.lupatomeccanica.com\\\/es\\\/\",\"logo\":{\"@type\":\"ImageObject\",\"inLanguage\":\"es\",\"@id\":\"https:\\\/\\\/www.lupatomeccanica.com\\\/es\\\/#\\\/schema\\\/logo\\\/image\\\/\",\"url\":\"https:\\\/\\\/lupatomeccanica.com\\\/wp-content\\\/uploads\\\/logo-admin.png\",\"contentUrl\":\"https:\\\/\\\/lupatomeccanica.com\\\/wp-content\\\/uploads\\\/logo-admin.png\",\"width\":300,\"height\":59,\"caption\":\"Lupato Meccanica\"},\"image\":{\"@id\":\"https:\\\/\\\/www.lupatomeccanica.com\\\/es\\\/#\\\/schema\\\/logo\\\/image\\\/\"},\"sameAs\":[\"https:\\\/\\\/www.linkedin.com\\\/company\\\/26996783\\\/\",\"https:\\\/\\\/www.youtube.com\\\/user\\\/LupatoMeccanica\"]}]}<\/script>\n<!-- \/ Yoast SEO plugin. -->","yoast_head_json":{"title":"Acabados rugosos en m\u00e1rmol y granito - Lupato Meccanica","description":"Operamos en el sector del acabado de la piedra desde 1989, especializ\u00e1ndonos en abujardado con m\u00e1s de 300 art\u00edculos en nuestro cat\u00e1logo.","robots":{"index":"index","follow":"follow","max-snippet":"max-snippet:-1","max-image-preview":"max-image-preview:large","max-video-preview":"max-video-preview:-1"},"canonical":"https:\/\/www.lupatomeccanica.com\/es\/quienes-somos\/","og_locale":"es_ES","og_type":"article","og_title":"Acabados rugosos en m\u00e1rmol y granito - Lupato Meccanica","og_description":"Operamos en el sector del acabado de la piedra desde 1989, especializ\u00e1ndonos en abujardado con m\u00e1s de 300 art\u00edculos en nuestro cat\u00e1logo.","og_url":"https:\/\/www.lupatomeccanica.com\/es\/quienes-somos\/","og_site_name":"Lupato Meccanica","article_modified_time":"2024-11-26T17:02:07+00:00","twitter_card":"summary_large_image","twitter_misc":{"Tiempo de lectura":"2 minuto"},"schema":{"@context":"https:\/\/schema.org","@graph":[{"@type":"WebPage","@id":"https:\/\/www.lupatomeccanica.com\/es\/quienes-somos\/","url":"https:\/\/www.lupatomeccanica.com\/es\/quienes-somos\/","name":"Acabados rugosos en m\u00e1rmol y granito - Lupato Meccanica","isPartOf":{"@id":"https:\/\/www.lupatomeccanica.com\/es\/#website"},"datePublished":"2021-09-23T13:19:24+00:00","dateModified":"2024-11-26T17:02:07+00:00","description":"Operamos en el sector del acabado de la piedra desde 1989, especializ\u00e1ndonos en abujardado con m\u00e1s de 300 art\u00edculos en nuestro cat\u00e1logo.","breadcrumb":{"@id":"https:\/\/www.lupatomeccanica.com\/es\/quienes-somos\/#breadcrumb"},"inLanguage":"es","potentialAction":[{"@type":"ReadAction","target":["https:\/\/www.lupatomeccanica.com\/es\/quienes-somos\/"]}]},{"@type":"BreadcrumbList","@id":"https:\/\/www.lupatomeccanica.com\/es\/quienes-somos\/#breadcrumb","itemListElement":[{"@type":"ListItem","position":1,"name":"Home","item":"https:\/\/www.lupatomeccanica.com\/es\/lupato-meccanica-2\/"},{"@type":"ListItem","position":2,"name":"Qui\u00e9nes somos"}]},{"@type":"WebSite","@id":"https:\/\/www.lupatomeccanica.com\/es\/#website","url":"https:\/\/www.lupatomeccanica.com\/es\/","name":"Lupato Meccanica","description":"Utensili per finiture grezze su pietra e calcestruzzo","publisher":{"@id":"https:\/\/www.lupatomeccanica.com\/es\/#organization"},"potentialAction":[{"@type":"SearchAction","target":{"@type":"EntryPoint","urlTemplate":"https:\/\/www.lupatomeccanica.com\/es\/?s={search_term_string}"},"query-input":{"@type":"PropertyValueSpecification","valueRequired":true,"valueName":"search_term_string"}}],"inLanguage":"es"},{"@type":"Organization","@id":"https:\/\/www.lupatomeccanica.com\/es\/#organization","name":"Lupato Meccanica","url":"https:\/\/www.lupatomeccanica.com\/es\/","logo":{"@type":"ImageObject","inLanguage":"es","@id":"https:\/\/www.lupatomeccanica.com\/es\/#\/schema\/logo\/image\/","url":"https:\/\/lupatomeccanica.com\/wp-content\/uploads\/logo-admin.png","contentUrl":"https:\/\/lupatomeccanica.com\/wp-content\/uploads\/logo-admin.png","width":300,"height":59,"caption":"Lupato Meccanica"},"image":{"@id":"https:\/\/www.lupatomeccanica.com\/es\/#\/schema\/logo\/image\/"},"sameAs":["https:\/\/www.linkedin.com\/company\/26996783\/","https:\/\/www.youtube.com\/user\/LupatoMeccanica"]}]}},"_links":{"self":[{"href":"https:\/\/www.lupatomeccanica.com\/es\/wp-json\/wp\/v2\/pages\/11160","targetHints":{"allow":["GET"]}}],"collection":[{"href":"https:\/\/www.lupatomeccanica.com\/es\/wp-json\/wp\/v2\/pages"}],"about":[{"href":"https:\/\/www.lupatomeccanica.com\/es\/wp-json\/wp\/v2\/types\/page"}],"author":[{"embeddable":true,"href":"https:\/\/www.lupatomeccanica.com\/es\/wp-json\/wp\/v2\/users\/1"}],"replies":[{"embeddable":true,"href":"https:\/\/www.lupatomeccanica.com\/es\/wp-json\/wp\/v2\/comments?post=11160"}],"version-history":[{"count":6,"href":"https:\/\/www.lupatomeccanica.com\/es\/wp-json\/wp\/v2\/pages\/11160\/revisions"}],"predecessor-version":[{"id":14249,"href":"https:\/\/www.lupatomeccanica.com\/es\/wp-json\/wp\/v2\/pages\/11160\/revisions\/14249"}],"wp:attachment":[{"href":"https:\/\/www.lupatomeccanica.com\/es\/wp-json\/wp\/v2\/media?parent=11160"}],"curies":[{"name":"wp","href":"https:\/\/api.w.org\/{rel}","templated":true}]}}